{"id":489,"date":"2010-12-01T14:12:53","date_gmt":"2010-12-01T18:12:53","guid":{"rendered":"http:\/\/carleton.ca\/panorama\/"},"modified":"2014-05-20T11:51:18","modified_gmt":"2014-05-20T15:51:18","slug":"changing-places","status":"publish","type":"page","link":"https:\/\/carleton.ca\/panorama\/archives\/winter-2009\/changing-places\/","title":{"rendered":"Changing places"},"content":{"rendered":"<p>Two grants from Human Resources and Social Development Canada will fund student exchanges in Europe, Mexico and the United States over the next five years, providing valuable opportunities for students to expand their international experience and study at international institutions, with most of their expenses covered. The programs will also promote ties between faculty at these universities.<\/p>\n<p>CELAB\u2013Consortium on Regional and Global Governance: Canada and the EU as Laboratories will send a total of 12 students to study at the University of Trento, Italy, and Warsaw University in Poland. Based in the department of political science and the institute of European, Russian and Eurasian studies, the exchange is part of the Canada-European Union Program for Cooperation in Higher Education, Training and Youth.<\/p>\n<p>The second program, part of the Program for North American Mobility in Higher Education, will send a total of 12 Carleton students to study in the U.S. or Mexico. Beyond Borders: Regionalism, Migration and Security in North America involves the partnership of the department of political science and the Centre for North American Politics and Society at Carleton and the University of Alberta in Canada; the Centro de Investigaci\u00f3n y Docencia Econ\u00f3micas and the Universidad Aut\u00f3noma de Nuevo Le\u00f3n in Mexico; and the University of Texas at El Paso and the Florida International University in the U.S.<\/p>\n<hr \/>\n<p><em><strong>Next &#8230;<\/strong><\/em><\/p>\n<p><a href=\"https:\/\/carleton.ca\/panorama\/archives\/winter-2009\/fulbright-visiting-research-chair-announced\/\">In brief: Fulbright Visiting Research Chair announced<\/a><\/p>\n","protected":false},"excerpt":{"rendered":"<p>Two grants from Human Resources and Social Development Canada will fund student exchanges in Europe, Mexico and the United States over the next five years, providing valuable opportunities for students to expand their international experience and study at international institutions, with most of their expenses covered. The programs will also promote ties between faculty at [&hellip;]<\/p>\n","protected":false},"author":3,"featured_media":0,"parent":423,"menu_order":0,"comment_status":"open","ping_status":"open","template":"","meta":{"_relevanssi_hide_post":"","_relevanssi_hide_content":"","_relevanssi_pin_for_all":"","_relevanssi_pin_keywords":"","_relevanssi_unpin_keywords":"","_relevanssi_related_keywords":"","_relevanssi_related_include_ids":"","_relevanssi_related_exclude_ids":"","_relevanssi_related_no_append":"","_relevanssi_related_not_related":"","_relevanssi_related_posts":"","_relevanssi_noindex_reason":"","_mi_skip_tracking":false,"_exactmetrics_sitenote_active":false,"_exactmetrics_sitenote_note":"","_exactmetrics_sitenote_category":0,"footnotes":"","_links_to":"","_links_to_target":""},"yoast_head":"<!-- This site is optimized with the Yoast SEO plugin v21.2 - https:\/\/yoast.com\/wordpress\/plugins\/seo\/ -->\n<title>Changing places - PAnorama<\/title>\n<meta name=\"description\" content=\"Two grants from Human Resources and Social Development Canada will fund student exchanges in Europe, Mexico and the United States over the next five\" \/>\n<meta name=\"robots\" content=\"index, follow, max-snippet:-1, max-image-preview:large, max-video-preview:-1\" \/>\n<link rel=\"canonical\" href=\"https:\/\/carleton.ca\/panorama\/archives\/winter-2009\/changing-places\/\" \/>\n<meta name=\"twitter:label1\" content=\"Est. reading time\" \/>\n\t<meta name=\"twitter:data1\" content=\"1 minute\" \/>\n<script type=\"application\/ld+json\" class=\"yoast-schema-graph\">{\"@context\":\"https:\/\/schema.org\",\"@graph\":[{\"@type\":\"WebPage\",\"@id\":\"https:\/\/carleton.ca\/panorama\/archives\/winter-2009\/changing-places\/\",\"url\":\"https:\/\/carleton.ca\/panorama\/archives\/winter-2009\/changing-places\/\",\"name\":\"Changing places - PAnorama\",\"isPartOf\":{\"@id\":\"https:\/\/carleton.ca\/panorama\/#website\"},\"datePublished\":\"2010-12-01T18:12:53+00:00\",\"dateModified\":\"2014-05-20T15:51:18+00:00\",\"description\":\"Two grants from Human Resources and Social Development Canada will fund student exchanges in Europe, Mexico and the United States over the next five\",\"breadcrumb\":{\"@id\":\"https:\/\/carleton.ca\/panorama\/archives\/winter-2009\/changing-places\/#breadcrumb\"},\"inLanguage\":\"en-US\",\"potentialAction\":[{\"@type\":\"ReadAction\",\"target\":[\"https:\/\/carleton.ca\/panorama\/archives\/winter-2009\/changing-places\/\"]}]},{\"@type\":\"BreadcrumbList\",\"@id\":\"https:\/\/carleton.ca\/panorama\/archives\/winter-2009\/changing-places\/#breadcrumb\",\"itemListElement\":[{\"@type\":\"ListItem\",\"position\":1,\"name\":\"Home\",\"item\":\"https:\/\/carleton.ca\/panorama\/\"},{\"@type\":\"ListItem\",\"position\":2,\"name\":\"Archives\",\"item\":\"https:\/\/carleton.ca\/panorama\/archives\/\"},{\"@type\":\"ListItem\",\"position\":3,\"name\":\"Winter 2009\",\"item\":\"https:\/\/carleton.ca\/panorama\/archives\/winter-2009\/\"},{\"@type\":\"ListItem\",\"position\":4,\"name\":\"Changing places\"}]},{\"@type\":\"WebSite\",\"@id\":\"https:\/\/carleton.ca\/panorama\/#website\",\"url\":\"https:\/\/carleton.ca\/panorama\/\",\"name\":\"PAnorama\",\"description\":\"Carleton University\",\"potentialAction\":[{\"@type\":\"SearchAction\",\"target\":{\"@type\":\"EntryPoint\",\"urlTemplate\":\"https:\/\/carleton.ca\/panorama\/?s={search_term_string}\"},\"query-input\":\"required name=search_term_string\"}],\"inLanguage\":\"en-US\"}]}<\/script>\n<!-- \/ Yoast SEO plugin. -->","yoast_head_json":{"title":"Changing places - PAnorama","description":"Two grants from Human Resources and Social Development Canada will fund student exchanges in Europe, Mexico and the United States over the next five","robots":{"index":"index","follow":"follow","max-snippet":"max-snippet:-1","max-image-preview":"max-image-preview:large","max-video-preview":"max-video-preview:-1"},"canonical":"https:\/\/carleton.ca\/panorama\/archives\/winter-2009\/changing-places\/","twitter_misc":{"Est. reading time":"1 minute"},"schema":{"@context":"https:\/\/schema.org","@graph":[{"@type":"WebPage","@id":"https:\/\/carleton.ca\/panorama\/archives\/winter-2009\/changing-places\/","url":"https:\/\/carleton.ca\/panorama\/archives\/winter-2009\/changing-places\/","name":"Changing places - PAnorama","isPartOf":{"@id":"https:\/\/carleton.ca\/panorama\/#website"},"datePublished":"2010-12-01T18:12:53+00:00","dateModified":"2014-05-20T15:51:18+00:00","description":"Two grants from Human Resources and Social Development Canada will fund student exchanges in Europe, Mexico and the United States over the next five","breadcrumb":{"@id":"https:\/\/carleton.ca\/panorama\/archives\/winter-2009\/changing-places\/#breadcrumb"},"inLanguage":"en-US","potentialAction":[{"@type":"ReadAction","target":["https:\/\/carleton.ca\/panorama\/archives\/winter-2009\/changing-places\/"]}]},{"@type":"BreadcrumbList","@id":"https:\/\/carleton.ca\/panorama\/archives\/winter-2009\/changing-places\/#breadcrumb","itemListElement":[{"@type":"ListItem","position":1,"name":"Home","item":"https:\/\/carleton.ca\/panorama\/"},{"@type":"ListItem","position":2,"name":"Archives","item":"https:\/\/carleton.ca\/panorama\/archives\/"},{"@type":"ListItem","position":3,"name":"Winter 2009","item":"https:\/\/carleton.ca\/panorama\/archives\/winter-2009\/"},{"@type":"ListItem","position":4,"name":"Changing places"}]},{"@type":"WebSite","@id":"https:\/\/carleton.ca\/panorama\/#website","url":"https:\/\/carleton.ca\/panorama\/","name":"PAnorama","description":"Carleton University","potentialAction":[{"@type":"SearchAction","target":{"@type":"EntryPoint","urlTemplate":"https:\/\/carleton.ca\/panorama\/?s={search_term_string}"},"query-input":"required name=search_term_string"}],"inLanguage":"en-US"}]}},"acf":{"banner_image_type":null,"banner_uploaded_image":null,"banner_hosted_image":null,"banner_opacity":null,"banner_button":null,"banner_buttons":null},"_links":{"self":[{"href":"https:\/\/carleton.ca\/panorama\/wp-json\/wp\/v2\/pages\/489"}],"collection":[{"href":"https:\/\/carleton.ca\/panorama\/wp-json\/wp\/v2\/pages"}],"about":[{"href":"https:\/\/carleton.ca\/panorama\/wp-json\/wp\/v2\/types\/page"}],"author":[{"embeddable":true,"href":"https:\/\/carleton.ca\/panorama\/wp-json\/wp\/v2\/users\/3"}],"replies":[{"embeddable":true,"href":"https:\/\/carleton.ca\/panorama\/wp-json\/wp\/v2\/comments?post=489"}],"version-history":[{"count":3,"href":"https:\/\/carleton.ca\/panorama\/wp-json\/wp\/v2\/pages\/489\/revisions"}],"predecessor-version":[{"id":1680,"href":"https:\/\/carleton.ca\/panorama\/wp-json\/wp\/v2\/pages\/489\/revisions\/1680"}],"up":[{"embeddable":true,"href":"https:\/\/carleton.ca\/panorama\/wp-json\/wp\/v2\/pages\/423"}],"wp:attachment":[{"href":"https:\/\/carleton.ca\/panorama\/wp-json\/wp\/v2\/media?parent=489"}],"curies":[{"name":"wp","href":"https:\/\/api.w.org\/{rel}","templated":true}]}}