{"id":8940,"date":"2022-06-24T17:05:01","date_gmt":"2022-06-24T21:05:01","guid":{"rendered":"https:\/\/carleton.ca\/philosophy\/?page_id=8940"},"modified":"2026-02-06T13:08:10","modified_gmt":"2026-02-06T18:08:10","slug":"research-2019","status":"publish","type":"page","link":"https:\/\/carleton.ca\/philosophy\/research-2019\/","title":{"rendered":"Research in 2019"},"content":{"rendered":"\n<section class=\"w-screen px-6 cu-section cu-section--white ml-offset-center md:px-8 lg:px-14\">\n    <div class=\"space-y-6 cu-max-w-child-5xl  md:space-y-10 cu-prose-first-last\">\n\n            <div class=\"cu-textmedia flex flex-col lg:flex-row mx-auto gap-6 md:gap-10 my-6 md:my-12 first:mt-0 max-w-5xl\">\n        <div class=\"justify-start cu-textmedia-content cu-prose-first-last\" style=\"flex: 0 0 100%;\">\n            <header class=\"font-light prose-xl cu-pageheader md:prose-2xl cu-component-updated cu-prose-first-last\">\n                                    <h1 class=\"cu-prose-first-last font-semibold !mt-2 mb-4 md:mb-6 relative after:absolute after:h-px after:bottom-0 after:bg-cu-red after:left-px text-3xl md:text-4xl lg:text-5xl lg:leading-[3.5rem] pb-5 after:w-10 text-cu-black-700 not-prose\">\n                        Research in 2019\n                    <\/h1>\n                \n                                \n                            <\/header>\n\n                    <\/div>\n\n            <\/div>\n\n    <\/div>\n<\/section>\n\n<p>The Philosophy Department at Carleton University is home to an active research community. Members of the department publish in various subdisciplines of philosophy, including philosophy of mind and language, theoretical and practical ethics, feminist philosophy, the history of philosophy, philosophy of science, aesthetics, and other areas. Over half of our permanent faculty members hold external research grants. In the last couple of years, department members have published books with Oxford University Press, Cambridge University Press, Rowman and Littlefield, and MIT Press. Philosophy students at Carleton often have the opportunity to engage in advanced research, in collaboration with and under the mentorship of faculty members.<\/p>\n\n\n\n<p>Many department members are involved in interdisciplinary and collaborative research; we have close working relationships with colleagues in Cognitive Science, English, the School for Studies in Art and Culture, the College of the Humanities, Sociology\/Anthropology, and Political Science, among other units. The department is also home to Carleton University&#8217;s Centre on Ethics and Values, an interdisciplinary research centre that takes advantage of Carleton&#8217;s location in the national capital by fostering conversations about issues in ethics and public policy between academics and members of the public sector.<\/p>\n\n\n\n<h2 id=\"achieved-in-2019\" class=\"wp-block-heading\">Achieved in 2019<\/h2>\n\n\n\n<h3 id=\"research-grants-awarded-beginning-2019\" class=\"wp-block-heading\">Research Grants (awarded beginning 2019):<\/h3>\n\n\n\n<p><span style=\"text-decoration: underline;\">Joshua Shepherd<\/span><\/p>\n\n\n\n<p><span class=\"fontstyle0\">1,064,071 EUR for \u2018Rethinking Conscious Agency,\u2019 funded by the European Research Council<\/span><\/p>\n\n\n\n<p><span style=\"text-decoration: underline;\">Gabriele Contessa<\/span><\/p>\n\n\n\n<p>$33,010 CAD for &#8216;The Responsibilities of Economists as Public Experts&#8217; funded by SSHRC<\/p>\n\n\n\n<h3 id=\"articles-book-chapters-and-reviews\" class=\"wp-block-heading\">Articles, Book Chapters, and Reviews<\/h3>\n\n\n\n<p><span style=\"text-decoration: underline;\">Annie Lariv\u00e9e<\/span><\/p>\n\n\n\n<p>Book review of <em>The Tomb of the Artisan God: On Plato&#8217;s Timaeus. <\/em>University of Minnesota Press, 2019, pp. 146.&nbsp;<a href=\"https:\/\/ndpr.nd.edu\/news\/the-tomb-of-the-artisan-god-on-platos-timaeus\/\">https:\/\/ndpr.nd.edu\/news\/the-tomb-of-the-artisan-god-on-platos-timaeus\/<\/a><\/p>\n\n\n\n<p>&#8220;Becoming Socrates. Socrates&#8217; Philosophical Education as Hermeneutic Key to Plato\u2019s <em>Parmenides,&#8221; <\/em>IXth Symposium Platonicum, International Plato Society, Paris, July 2019.<\/p>\n\n\n\n<p><span style=\"text-decoration: underline;\">Christine Koggel<\/span><\/p>\n\n\n\n<p><span class=\"fontstyle0\">\u201cExpanding Agency: Conceptual, Explanatory, and Normative Implications\u201d in <\/span><span class=\"fontstyle2\">Agency, Democracy, and Participation in Global Development<\/span><span class=\"fontstyle0\">, edited by Lori Keleher and Stacy Kosko. Cambridge University Press, 2019: 155-177.<\/span><\/p>\n\n\n\n<p>Book review of <em>Wellbeing, Freedom and Social Justice: The Capability Approach Re-examined<\/em>, Ingrid Robeyns. Cambridge, 2017. Volume 35, Issue 3, November 2019, pp. 573-578.<\/p>\n\n\n\n<p>\u201cAgency, Participation, and Self-Determination for Indigenous Peoples in Canada: Foundational, Structural, and Epistemic Injustices\u201d in <em>Ethics and Economics<\/em>, Volume 16, Issue 1 (Special issue from the joint Conference GREThA-International Development Ethics Association, A World United: Alliance and Collective Action for an Ethical Development, Bordeaux, June 25-27, 2018). Published October 2019. <a href=\"https:\/\/ethique-economique.net\/Volume-16-Issue-1.html\">https:\/\/ethique-economique.net\/Volume-16-Issue-1.html<\/a><\/p>\n\n\n\n<p><span style=\"text-decoration: underline;\">Gabriele Contessa<\/span><\/p>\n\n\n\n<p><span class=\"fontstyle2\">\u2018Powerful Qualities or Pure Powers?\u2019, <\/span><em><span class=\"fontstyle3\">Metaphysica<\/span><\/em><span class=\"fontstyle2\">, 20, 2019<\/span><span class=\"fontstyle4\">: <\/span><span class=\"fontstyle2\">5\u201333. [refereed]<\/span><\/p>\n\n\n\n<p><span style=\"text-decoration: underline;\">Myrto Mylopoulos<\/span><\/p>\n\n\n\n<p>&#8220;Opportunities and Challenges for a Maturing Science of Consciousness&#8221;,&nbsp;<em>Nature Human Behaviour 3(2),&nbsp;<\/em>104-107 (2019)<\/p>\n\n\n\n<p>&#8220;Intentions: The Dynamic Hierarchical Model Revisited&#8221;, <em>Wiley Interdisciplinary Reviews: Cognitive Science,&nbsp;<\/em>10(2), e1481 (2019)<\/p>\n\n\n\n<p>\u201cOn Skepticism About Unconscious Perception\u201d (with Jacob Berger), <em>Journal of Consciousness Studies<\/em>, 26(11-12), 8-32, 2019<\/p>\n\n\n\n<p><span style=\"text-decoration: underline;\">Vida Panitch<\/span><\/p>\n\n\n\n<p>&#8220;Canada\u2019s Assisted Human Reproduction Act and the Exploitation of Gendered Altruism,&#8221;&nbsp;<em>Health Law in Canada<\/em> 39(4) 2019: 52-60.<\/p>\n\n\n\n<p>&#8220;Liberalism, Commodification, and Justice,&#8221; forthcoming: <em>Journal of<\/em> <em>Politics, Philosophy, and Economics&nbsp;<\/em><\/p>\n\n\n\n<p><span class=\"fontstyle0\">\u201cBasic Income and Intimate Labor,\u201d in <\/span><span class=\"fontstyle2\">The Future of Work, Technology, and Basic Income<\/span><span class=\"fontstyle0\">, Michael Cholbi and Michael Weber eds. (New York: Routledge). June 2019.<\/span><\/p>\n\n\n\n<p><span class=\"fontstyle0\">\u201cLa Merchandisation, le Lib\u00e9ralism, et la Vente du Corps,\u201d in <\/span><span class=\"fontstyle2\">Les Limites du March\u00e9, <\/span><span class=\"fontstyle0\">Marie-Xavi\u00e8re Catto et Elodie Bertrand eds. (Paris: Mare &amp; Marin). September 2019<\/span><\/p>\n\n\n\n<p><span class=\"fontstyle0\">Panitch, Vida and L. Chad Horne (2019). Paying for Plasma: Commodification, Exploitation, and Canada\u2019s Plasma Shortage,\u201d <\/span><em><span class=\"fontstyle2\">Canadian Journal of Bioethics <\/span><\/em><span class=\"fontstyle0\">2(2):1-10.<\/span><\/p>\n\n\n\n<p><span style=\"text-decoration: underline;\">Joshua Shepherd<\/span><\/p>\n\n\n\n<p><span class=\"fontstyle0\">Knowledge-how, understanding-why, and epistemic luck: An experimental study, with Duncan Pritchard and J. Adam Carter. <\/span><span class=\"fontstyle2\">Review of Philosophy and Psychology<\/span><span class=\"fontstyle0\">&nbsp;(2019)<\/span><\/p>\n\n\n\n<p><span class=\"fontstyle0\">Self-association and attentional processing regarding salient items, with Alejandra Sel, Jie Sui, and Glyn Humphreys. <\/span><span class=\"fontstyle2\">Review of Philosophy and Psychology<\/span>&nbsp;(2019)<\/p>\n\n\n\n<p>Associated Editor:&nbsp;<em>Neuroethics<\/em>, from January 2019<\/p>\n\n\n\n<p>&nbsp;<\/p>\n\n\n\n<h3 id=\"presented-talks\" class=\"wp-block-heading\">Presented Talks:<\/h3>\n\n\n\n<p><span style=\"text-decoration: underline;\">Gabriele Contessa<\/span><\/p>\n\n\n\n<p><span class=\"fontstyle0\">\u2018Economics and Inductive Risk: The Case of Natural Rate Theory,\u2019 <\/span><span class=\"fontstyle2\">Philosophy of Social Sciences Roundtable<\/span><span class=\"fontstyle0\">, University of Vermont, April 2019<\/span><\/p>\n\n\n\n<p><span style=\"text-decoration: underline;\">Vida Panitch<\/span><\/p>\n\n\n\n<p><span class=\"fontstyle0\">\u201cPaying for Plasma: Exploitation, Commodification, and Profit,\u201d w. L. Chad Horne. Philosophy, Politics, and Economics Society Conference, New Orleans, March 30, 2019<\/span><\/p>\n\n\n\n<p><span class=\"fontstyle0\">\u201cDe-Commodification as Exploitation.\u201d Philosophy, Politics, and Economics Society Conference, New Orleans, March 28, 2019<\/span><\/p>\n\n\n\n<p><span style=\"text-decoration: underline;\">Joshua Shepherd<\/span><\/p>\n\n\n\n<p><span class=\"fontstyle0\">\u201cSkill and knowledge,\u201d Carleton University, Philosophy Department Colloquium Series, September 13, 2019. (invited)<\/span><\/p>\n\n\n\n<p><span class=\"fontstyle0\">\u201cSkill and knowledge,\u201d University of T\u00fcbingen, April 2019<\/span><\/p>\n\n\n\n<p><span class=\"fontstyle0\">\u201cSkill and knowledge,\u201d University of Duisberg-Essen, April 2019<\/span><\/p>\n\n\n\n<p><span class=\"fontstyle0\">\u201cSkill, reason, and the breadth of moral agency,\u201d Duke University, Workshop on Cognitive Control and Moral Responsibility, February 2019<\/span><\/p>\n\n\n\n<p><span class=\"fontstyle0\">\u201cThe moral status of conscious subjects,\u201d Colorado State University, February 2019<\/span><\/p>\n\n\n\n<p><span style=\"text-decoration: underline;\">Eros Corazza<\/span><\/p>\n\n\n\n<p><span class=\"fontstyle0\">\u201cIdentity, Co-Reference, and Co-Indexation\u201d. Carleton University, Ottawa ON, Canada (invited)&nbsp;<\/span><\/p>\n\n\n\n<p><span style=\"text-decoration: underline;\">Gordon Davis<\/span><\/p>\n\n\n\n<p><span class=\"fontstyle0\">\u201cPluralisme, r\u00e9ciprocit\u00e9 et d\u00e9lib\u00e9ration: Charles Taylor sur les limites de la d\u00e9lib\u00e9ration profonde dans les contextes transculturels\u201d, to be presented at ACFAS in a panel entitled <\/span><span class=\"fontstyle2\">La D\u00e9mocratie D\u00e9lib\u00e9rative: Habermas, Rawls, Taylor <\/span><span class=\"fontstyle0\">(conv. P. Hoyeck) in Gatineau, Quebec, May 2019 (invited)<\/span><\/p>\n\n\n\n<p><span class=\"fontstyle0\">\u201cTwo Kinds of Realism in Aesthetics and Two Kinds of Idealism in Ecology\u201d, presented to the Carleton University Philosophy Society, 21\/03\/19 (invited)<\/span><\/p>\n\n\n\n<p><span class=\"fontstyle0\">\u201cDoing Good while Counting Consequences: The Thought that Counts versus Thoughts that Count\u201d, presented to Carleton Spring Conference (Gananoque, ON), 13\/04\/19 (invited)<\/span><\/p>\n\n\n\n<p><span style=\"text-decoration: underline;\">Christine Koggel<\/span><\/p>\n\n\n\n<p><span class=\"fontstyle0\">\u201cSelf-determination and Indigenous Peoples in Canada: Foundational, Structural, and Epistemic Injustices.\u201d Carleton University, Philosophy Department Colloquium Series, March 1, 2019. (invited)<\/span><\/p>\n\n\n\n<p><span class=\"fontstyle0\">\u201cEpistemic Injustices in Settler Nations: Implications for Accounts of Agency, Participation, and Self-Determination.\u201d Bryn Mawr College, Philosophy Department Colloquium Series, April 11, 2019. (invited)&nbsp;<\/span><\/p>\n\n\n\n<p><span style=\"text-decoration: underline;\">Melissa Frankel<\/span><\/p>\n\n\n\n<p><span class=\"fontstyle0\">\u201cMaterialism, immaterialism, and scepticism about the external world,\u201d Carleton University, Philosophy Department Colloquium Series, November, 2019. (invited)<\/span><\/p>\n\n\n\n<p><span style=\"text-decoration: underline;\">Myrto Mylopoulos<\/span><\/p>\n\n\n\n<p>\u201cUnconscious Perception and the Problem of Attribution\u201d Philosophy Colloquium Series, Florida State University, December 2019 (invited)<\/p>\n\n\n\n<p>&#8220;On Skepticism About Unconscious Perception\u201d Cognitive Science Colloquium Series, York University, September 2019 (invited)<\/p>\n\n\n\n<p>\u201cThe Puzzle of Skilled Action\u201d Mental Faculties and their Metaphysics: An International Philosophy Conference, Shandong University, Jinan, China, May 2019 (invited)<\/p>\n\n\n\n<p>&#8220;The Role of Metacognition in Skilled Action\u201d Workshop on Metacognition, Consciousness, and Agency, University of Barcelona, Barcelona, Spain, May 2019 (invited)<\/p>\n\n\n\n<p>\u201cMetacognition and Motor Awareness\u201d as part of Symposium on Action Awareness and Metacognition, Association for the Scientific Study of Consciousness, London, Ontario, Canada, June 2019 (invited)<\/p>\n\n\n\n<p>\u201cFlexibility as a Marker of Agency\u201d (with Robert Foley) Association for the Scientific Study of Consciousness, London, Ontario, Canada, June 2019<\/p>\n\n\n\n<p>\u201cIntention, Flexibility, and the Vegetative State\u201d (with Robert Foley), Canadian Philosophical Association, Vancouver, Canada, June 2019<\/p>\n\n\n\n<p>&nbsp;<\/p>\n\n\n\n<p>&nbsp;<\/p>\n","protected":false},"excerpt":{"rendered":"<p>The Philosophy Department at Carleton University is home to an active research community. Members of the department publish in various subdisciplines of philosophy, including philosophy of mind and language, theoretical and practical ethics, feminist philosophy, the history of philosophy, philosophy of science, aesthetics, and other areas. Over half of our permanent faculty members hold external [&hellip;]<\/p>\n","protected":false},"author":2,"featured_media":0,"parent":0,"menu_order":13,"comment_status":"closed","ping_status":"closed","template":"","meta":{"_acf_changed":false,"_cu_dining_location_slug":"","footnotes":"","_links_to":"","_links_to_target":""},"cu_page_type":[],"class_list":["post-8940","page","type-page","status-publish","hentry"],"acf":{"cu_post_thumbnail":false},"_links":{"self":[{"href":"https:\/\/carleton.ca\/philosophy\/wp-json\/wp\/v2\/pages\/8940","targetHints":{"allow":["GET"]}}],"collection":[{"href":"https:\/\/carleton.ca\/philosophy\/wp-json\/wp\/v2\/pages"}],"about":[{"href":"https:\/\/carleton.ca\/philosophy\/wp-json\/wp\/v2\/types\/page"}],"author":[{"embeddable":true,"href":"https:\/\/carleton.ca\/philosophy\/wp-json\/wp\/v2\/users\/2"}],"replies":[{"embeddable":true,"href":"https:\/\/carleton.ca\/philosophy\/wp-json\/wp\/v2\/comments?post=8940"}],"version-history":[{"count":2,"href":"https:\/\/carleton.ca\/philosophy\/wp-json\/wp\/v2\/pages\/8940\/revisions"}],"predecessor-version":[{"id":8943,"href":"https:\/\/carleton.ca\/philosophy\/wp-json\/wp\/v2\/pages\/8940\/revisions\/8943"}],"wp:attachment":[{"href":"https:\/\/carleton.ca\/philosophy\/wp-json\/wp\/v2\/media?parent=8940"}],"wp:term":[{"taxonomy":"cu_page_type","embeddable":true,"href":"https:\/\/carleton.ca\/philosophy\/wp-json\/wp\/v2\/cu_page_type?post=8940"}],"curies":[{"name":"wp","href":"https:\/\/api.w.org\/{rel}","templated":true}]}}