{"id":249,"date":"2017-06-14T15:39:30","date_gmt":"2017-06-14T19:39:30","guid":{"rendered":"https:\/\/carleton.ca\/philryan\/?page_id=249"},"modified":"2024-06-02T12:44:59","modified_gmt":"2024-06-02T16:44:59","slug":"teaching","status":"publish","type":"page","link":"https:\/\/carleton.ca\/philryan\/teaching\/","title":{"rendered":"Teaching"},"content":{"rendered":"<h2 style=\"text-align: center;\">2023-24<\/h2>\n<h3><strong>Modern Challenges to Governance<\/strong><\/h3>\n<p>I gave this course for the first time in the winter of 2017. It covers a range of challenges, such as climate change, globalization, inequality, the influence of money on politics, and so on. Here\u2019s the introductory blurb from the course outline:<\/p>\n<p style=\"padding-left: 30px; padding-right: 30px;\">\u201cWhat is real is what you have to deal with, what won\u2019t go away just because it doesn\u2019t fit with your prejudices.\u201d<\/p>\n<p style=\"text-align: right;\">Charles Taylor (<em>Sources of the self<\/em>, 59).<\/p>\n<p style=\"padding-left: 30px; padding-right: 30px;\">\u201cNous courons sans souci dans le pr\u00e9cipice, apr\u00e8s que nous avons mis quelque chose devant nous pour nous emp\u00eacher de le voir.\u201d [\u201cWe run carefree into the precipice, having put something in front of us to hide it from sight.\u201d]<\/p>\n<p style=\"text-align: right;\">Blaise Pascal (Pens\u00e9es, \u00b6183.)<\/p>\n<p style=\"padding-left: 30px; padding-right: 30px;\">\u201cDon\u2019t it always seem to go, that you don\u2019t know what you\u2019ve got till it\u2019s gone.\u201d<\/p>\n<p style=\"text-align: right;\">Joni Mitchell (<em>Big Yellow Taxi<\/em>)<\/p>\n<p style=\"padding-left: 40px;\">\u201c\u2018I wish it need not have happened in my time,\u2019 said Frodo.<br \/>\n\u2018So do I,\u2019 said Gandalf, \u2018and so do all who live to see such times. But that is not for them to decide. All we have to decide is what to do with the time that is given us.\u201d<\/p>\n<p style=\"padding-left: 40px; text-align: right;\">\u00a0\u00a0\u00a0\u00a0\u00a0\u00a0\u00a0\u00a0\u00a0\u00a0\u00a0\u00a0\u00a0\u00a0\u00a0\u00a0\u00a0\u00a0\u00a0\u00a0\u00a0\u00a0\u00a0\u00a0\u00a0\u00a0\u00a0\u00a0\u00a0\u00a0\u00a0\u00a0\u00a0\u00a0\u00a0\u00a0\u00a0\u00a0\u00a0\u00a0\u00a0\u00a0\u00a0\u00a0\u00a0\u00a0\u00a0\u00a0\u00a0\u00a0\u00a0\u00a0\u00a0\u00a0\u00a0\u00a0\u00a0\u00a0\u00a0\u00a0\u00a0\u00a0\u00a0\u00a0\u00a0\u00a0\u00a0\u00a0\u00a0 J.R.R. Tolkien (<em>The fellowship of the ring<\/em>)<\/p>\n<p>\u201cExtend and pretend\u201d describes a behaviour frequently used in financial markets. What happens, for example, when a borrower cannot repay a bank loan? If the bank classifies the loan as a bad one, it takes a loss on its books, and the officials who agreed to the loan look bad. What to do? One can <em>extend<\/em>: extend to the borrower a new loan to pay back the old one. And <em>pretend<\/em>: pretend that somehow or other the causes of the borrower\u2019s failure will go away. And so the challenge of dealing with the problem is simply booted forward in time, for someone else to deal with, sometime or other.<\/p>\n<p>The broader political analogies of this behaviour are clear. In the world of politics and policy many actors have an interest in simply <em>extending<\/em> current practices, and <em>pretending<\/em> that serious challenges aren\u2019t real. And there are few incentives within the political and bureaucratic systems of modern democracies to encourage taking a long view, and building policy around that.<\/p>\n<p>So one of the personal challenges you will face should you dwell in the world of politics and policy is that you will find there\u2019s a \u201cwhole lot of pretendin\u2019 going on.\u201d You need to reflect upon how you will handle that. Much is at stake: the pretending can protect certain narrow personal goods: getting reelected, for the politician, staying out of trouble, for the civil servant. But it also threatens many things of great value. To counter this, you will need <em>critical<\/em> thinking, the ability to detect the many ways we refuse to engage with reality, and also <em>appreciative<\/em> thinking, the ability to identify those important goods that are worth defending.<\/p>\n<hr size=\"8\" width=\"90%\" \/>\n<h3>Current Issues in Public Policy (PhD class)<\/h3>\n<p>Course outline introduction:<\/p>\n<p>Think we must. Let us think in offices; in omnibuses; while we are standing in the crowd watching Coronations and Lord Mayor\u2019s Shows; let us think as we pass the Cenotaph; and in Whitehall; in the gallery of the House of Commons; in the Law Courts; let us think at baptisms and marriages and funerals. Let us never cease from thinking \u2013 what is this \u2018civilization\u2019 in which we find ourselves?<\/p>\n<p style=\"text-align: right;\">Virginia Woolf, <em>Three Guineas<\/em><\/p>\n<p>There was no sign in [Eichmann] of firm ideological convictions or of specific evil motives, and the only notable characteristic one could detect in his past behavior as well as in his behavior during the trial and throughout the pre-trail examination was something entirely negative: it was not stupidity but <em>thoughtlessness<\/em>&#8230;<br \/>\nClich\u00e9s, stock phrases, adherence to conventional, standardized codes of expression and conduct have the socially recognized function of protecting us against reality, that is, against the claim on our thinking attention that all events and facts make by virtue of their existence.<\/p>\n<p style=\"text-align: right;\">Hannah Arendt, <em>The life of the mind: Thinking<\/em><\/p>\n<p>A Ph.D. program involves writing a thesis, lots of studying and essays, a certain amount of stress and, hopefully, some fun and the forging of new and lasting friendships. Along with all that, it should also be a time for thinking, for pondering Virginia Woolf\u2019s durable question.<\/p>\n<p>In this course, the tools for thinking I offer you are mostly drawn from traditions of political economy, a family of approaches that view economy, polity and culture as intertwined systems that shape, and are shaped by, \u201cthis \u2018civilization\u2019 in which we find ourselves.\u201d The underlying claim that leads me to this angle is that we can\u2019t understand <em>any<\/em> \u201ccurrent issues in public policy\u201d \u2013we can only misunderstand them\u2013 without including a political economy approach in our toolkit of analysis.<\/p>\n<hr size=\"8\" width=\"90%\" \/>\n<h3>Qualitative Methods for Public Policy<\/h3>\n<p>Course outline introduction:<\/p>\n<p>Methods teaching is often carved into distinct quantitative and qualitative courses. This division is regrettable, primarily because it can lead to an overly narrow quantitative pedagogy, focussing on technique and neglecting judgment.<\/p>\n<p>This course aims to correct for that, examining the qualitative dimension of <em>all<\/em> research. Thus, we will be looking at traditional qualitative methods, such as interviews and observation. But we will also be considering the qualitative aspects of quantitative research. Even the most intimidating quantitative study involves vital qualitative judgments: What variable should be allowed to \u201cstand in\u201d for the phenomenon one really wants to measure, but cannot? How should survey questions be worded and sequenced?<\/p>\n<p>More generally, this course will consider questions such as: what kinds\u00a0of knowledge can be gained with different research strategies? What are the respective strengths and limitations of these strategies? What sorts of human judgments underlie any research work?<\/p>\n<p><strong>Updated: June 2024<\/strong><\/p>\n","protected":false},"excerpt":{"rendered":"<p>2023-24 Modern Challenges to Governance I gave this course for the first time in the winter of 2017. It covers a range of challenges, such as climate change, globalization, inequality, the influence of money on politics, and so on. Here\u2019s the introductory blurb from the course outline: \u201cWhat is real is what you have to [&hellip;]<\/p>\n","protected":false},"author":5,"featured_media":0,"parent":0,"menu_order":0,"comment_status":"closed","ping_status":"closed","template":"","meta":{"_relevanssi_hide_post":"","_relevanssi_hide_content":"","_relevanssi_pin_for_all":"","_relevanssi_pin_keywords":"","_relevanssi_unpin_keywords":"","_relevanssi_related_keywords":"","_relevanssi_related_include_ids":"","_relevanssi_related_exclude_ids":"","_relevanssi_related_no_append":"","_relevanssi_related_not_related":"","_relevanssi_related_posts":"","_relevanssi_noindex_reason":"","_mi_skip_tracking":false,"_exactmetrics_sitenote_active":false,"_exactmetrics_sitenote_note":"","_exactmetrics_sitenote_category":0,"footnotes":"","_links_to":"","_links_to_target":""},"yoast_head":"<!-- This site is optimized with the Yoast SEO plugin v21.2 - https:\/\/yoast.com\/wordpress\/plugins\/seo\/ -->\n<title>Teaching - Phil Ryan<\/title>\n<meta name=\"description\" content=\"2023-24 Modern Challenges to Governance I gave this course for the first time in the winter of 2017. It covers a range of challenges, such as climate\" \/>\n<meta name=\"robots\" content=\"index, follow, max-snippet:-1, max-image-preview:large, max-video-preview:-1\" \/>\n<link rel=\"canonical\" href=\"https:\/\/carleton.ca\/philryan\/teaching\/\" \/>\n<meta name=\"twitter:label1\" content=\"Est. reading time\" \/>\n\t<meta name=\"twitter:data1\" content=\"5 minutes\" \/>\n<script type=\"application\/ld+json\" class=\"yoast-schema-graph\">{\"@context\":\"https:\/\/schema.org\",\"@graph\":[{\"@type\":\"WebPage\",\"@id\":\"https:\/\/carleton.ca\/philryan\/teaching\/\",\"url\":\"https:\/\/carleton.ca\/philryan\/teaching\/\",\"name\":\"Teaching - Phil Ryan\",\"isPartOf\":{\"@id\":\"https:\/\/carleton.ca\/philryan\/#website\"},\"datePublished\":\"2017-06-14T19:39:30+00:00\",\"dateModified\":\"2024-06-02T16:44:59+00:00\",\"description\":\"2023-24 Modern Challenges to Governance I gave this course for the first time in the winter of 2017. It covers a range of challenges, such as climate\",\"breadcrumb\":{\"@id\":\"https:\/\/carleton.ca\/philryan\/teaching\/#breadcrumb\"},\"inLanguage\":\"en-US\",\"potentialAction\":[{\"@type\":\"ReadAction\",\"target\":[\"https:\/\/carleton.ca\/philryan\/teaching\/\"]}]},{\"@type\":\"BreadcrumbList\",\"@id\":\"https:\/\/carleton.ca\/philryan\/teaching\/#breadcrumb\",\"itemListElement\":[{\"@type\":\"ListItem\",\"position\":1,\"name\":\"Home\",\"item\":\"https:\/\/carleton.ca\/philryan\/\"},{\"@type\":\"ListItem\",\"position\":2,\"name\":\"Teaching\"}]},{\"@type\":\"WebSite\",\"@id\":\"https:\/\/carleton.ca\/philryan\/#website\",\"url\":\"https:\/\/carleton.ca\/philryan\/\",\"name\":\"Phil Ryan\",\"description\":\"Carleton University\",\"potentialAction\":[{\"@type\":\"SearchAction\",\"target\":{\"@type\":\"EntryPoint\",\"urlTemplate\":\"https:\/\/carleton.ca\/philryan\/?s={search_term_string}\"},\"query-input\":\"required name=search_term_string\"}],\"inLanguage\":\"en-US\"}]}<\/script>\n<!-- \/ Yoast SEO plugin. -->","yoast_head_json":{"title":"Teaching - Phil Ryan","description":"2023-24 Modern Challenges to Governance I gave this course for the first time in the winter of 2017. It covers a range of challenges, such as climate","robots":{"index":"index","follow":"follow","max-snippet":"max-snippet:-1","max-image-preview":"max-image-preview:large","max-video-preview":"max-video-preview:-1"},"canonical":"https:\/\/carleton.ca\/philryan\/teaching\/","twitter_misc":{"Est. reading time":"5 minutes"},"schema":{"@context":"https:\/\/schema.org","@graph":[{"@type":"WebPage","@id":"https:\/\/carleton.ca\/philryan\/teaching\/","url":"https:\/\/carleton.ca\/philryan\/teaching\/","name":"Teaching - Phil Ryan","isPartOf":{"@id":"https:\/\/carleton.ca\/philryan\/#website"},"datePublished":"2017-06-14T19:39:30+00:00","dateModified":"2024-06-02T16:44:59+00:00","description":"2023-24 Modern Challenges to Governance I gave this course for the first time in the winter of 2017. It covers a range of challenges, such as climate","breadcrumb":{"@id":"https:\/\/carleton.ca\/philryan\/teaching\/#breadcrumb"},"inLanguage":"en-US","potentialAction":[{"@type":"ReadAction","target":["https:\/\/carleton.ca\/philryan\/teaching\/"]}]},{"@type":"BreadcrumbList","@id":"https:\/\/carleton.ca\/philryan\/teaching\/#breadcrumb","itemListElement":[{"@type":"ListItem","position":1,"name":"Home","item":"https:\/\/carleton.ca\/philryan\/"},{"@type":"ListItem","position":2,"name":"Teaching"}]},{"@type":"WebSite","@id":"https:\/\/carleton.ca\/philryan\/#website","url":"https:\/\/carleton.ca\/philryan\/","name":"Phil Ryan","description":"Carleton University","potentialAction":[{"@type":"SearchAction","target":{"@type":"EntryPoint","urlTemplate":"https:\/\/carleton.ca\/philryan\/?s={search_term_string}"},"query-input":"required name=search_term_string"}],"inLanguage":"en-US"}]}},"acf":{"banner_image_type":"upload","banner_uploaded_image":{"ID":301,"id":301,"title":"Santiago.Barrio Santa Rosa","filename":"Santiago.Barrio-Santa-Rosa.jpg","filesize":298333,"url":"https:\/\/carleton.ca\/philryan\/wp-content\/uploads\/Santiago.Barrio-Santa-Rosa.jpg","link":"https:\/\/carleton.ca\/philryan\/?attachment_id=301","alt":"","author":"6","description":"","caption":"","name":"santiago-barrio-santa-rosa","status":"inherit","uploaded_to":258,"date":"2017-10-09 15:43:21","modified":"2017-10-09 16:07:13","menu_order":0,"mime_type":"image\/jpeg","type":"image","subtype":"jpeg","icon":"https:\/\/carleton.ca\/philryan\/wp\/wp-includes\/images\/media\/default.png","width":1600,"height":700,"sizes":{"thumbnail":"https:\/\/carleton.ca\/philryan\/wp-content\/uploads\/Santiago.Barrio-Santa-Rosa-160x70.jpg","thumbnail-width":160,"thumbnail-height":70,"medium":"https:\/\/carleton.ca\/philryan\/wp-content\/uploads\/Santiago.Barrio-Santa-Rosa-240x105.jpg","medium-width":240,"medium-height":105,"medium_large":"https:\/\/carleton.ca\/philryan\/wp-content\/uploads\/Santiago.Barrio-Santa-Rosa-768x336.jpg","medium_large-width":768,"medium_large-height":336,"large":"https:\/\/carleton.ca\/philryan\/wp-content\/uploads\/Santiago.Barrio-Santa-Rosa-400x175.jpg","large-width":400,"large-height":175,"gallery-thumb":"https:\/\/carleton.ca\/philryan\/wp-content\/uploads\/Santiago.Barrio-Santa-Rosa-300x230.jpg","gallery-thumb-width":300,"gallery-thumb-height":230,"1536x1536":"https:\/\/carleton.ca\/philryan\/wp-content\/uploads\/Santiago.Barrio-Santa-Rosa.jpg","1536x1536-width":1536,"1536x1536-height":672,"2048x2048":"https:\/\/carleton.ca\/philryan\/wp-content\/uploads\/Santiago.Barrio-Santa-Rosa.jpg","2048x2048-width":1600,"2048x2048-height":700,"banner":"https:\/\/carleton.ca\/philryan\/wp-content\/uploads\/Santiago.Barrio-Santa-Rosa.jpg","banner-width":1600,"banner-height":700,"people":"https:\/\/carleton.ca\/philryan\/wp-content\/uploads\/Santiago.Barrio-Santa-Rosa-200x200.jpg","people-width":200,"people-height":200,"post-thumb":"https:\/\/carleton.ca\/philryan\/wp-content\/uploads\/Santiago.Barrio-Santa-Rosa-300x230.jpg","post-thumb-width":300,"post-thumb-height":230,"rotator-image":"https:\/\/carleton.ca\/philryan\/wp-content\/uploads\/Santiago.Barrio-Santa-Rosa-800x600.jpg","rotator-image-width":800,"rotator-image-height":600,"video-thumb":"https:\/\/carleton.ca\/philryan\/wp-content\/uploads\/Santiago.Barrio-Santa-Rosa-360x158.jpg","video-thumb-width":360,"video-thumb-height":158}},"banner_opacity":"default","banner_button":"no"},"_links":{"self":[{"href":"https:\/\/carleton.ca\/philryan\/wp-json\/wp\/v2\/pages\/249"}],"collection":[{"href":"https:\/\/carleton.ca\/philryan\/wp-json\/wp\/v2\/pages"}],"about":[{"href":"https:\/\/carleton.ca\/philryan\/wp-json\/wp\/v2\/types\/page"}],"author":[{"embeddable":true,"href":"https:\/\/carleton.ca\/philryan\/wp-json\/wp\/v2\/users\/5"}],"replies":[{"embeddable":true,"href":"https:\/\/carleton.ca\/philryan\/wp-json\/wp\/v2\/comments?post=249"}],"version-history":[{"count":3,"href":"https:\/\/carleton.ca\/philryan\/wp-json\/wp\/v2\/pages\/249\/revisions"}],"predecessor-version":[{"id":371,"href":"https:\/\/carleton.ca\/philryan\/wp-json\/wp\/v2\/pages\/249\/revisions\/371"}],"wp:attachment":[{"href":"https:\/\/carleton.ca\/philryan\/wp-json\/wp\/v2\/media?parent=249"}],"curies":[{"name":"wp","href":"https:\/\/api.w.org\/{rel}","templated":true}]}}