{"id":128,"date":"2017-07-12T10:11:38","date_gmt":"2017-07-12T14:11:38","guid":{"rendered":"https:\/\/carleton.ca\/profbrouard\/?page_id=128"},"modified":"2025-10-28T14:36:16","modified_gmt":"2025-10-28T18:36:16","slug":"biography","status":"publish","type":"page","link":"https:\/\/carleton.ca\/profbrouard\/biography\/","title":{"rendered":"Biography \/ Biographie"},"content":{"rendered":"<h1>Fran\u00e7ois Brouard, DBA, FCPA, FCA<\/h1>\n<h2>BIOGRAPHICAL NOTE \/ NOTICE BIOGRAPHIQUE<\/h2>\n<p><a href=\"https:\/\/carleton.ca\/profbrouard\/wp-content\/uploads\/BionoteFBCUSCSEPARGGRIHnotebilingue202201.pdf\" target=\"_blank\" rel=\"noopener noreferrer\">Note EN\/FR (1p.)<\/a> \/ <a href=\"https:\/\/carleton.ca\/profbrouard\/wp-content\/uploads\/BionoteFBCUSCSEPARGGRIHwithphoto202201ENFR.pdf\" target=\"_blank\" rel=\"noopener noreferrer\">Note EN\/FR with\/avec photo (2p.)<\/a><br \/>\n<a href=\"https:\/\/carleton.ca\/profbrouard\/wp-content\/uploads\/BionoteFBCUSCSEPARGGRIHwithphoto202201EN.pdf\" target=\"_blank\" rel=\"noopener noreferrer\">Note EN with photo (1p.)<\/a> \/ <a href=\"https:\/\/carleton.ca\/profbrouard\/wp-content\/uploads\/BionoteFBCUSCSEPARGGRIHwithphoto202201FR.pdf\" target=\"_blank\" rel=\"noopener noreferrer\">Note FR avec photo (1p.)<\/a><\/p>\n<h2>EDUCATION<\/h2>\n<p>1999-2004: Universit\u00e9 du Qu\u00e9bec \u00e0 Trois-Rivi\u00e8res (<a href=\"http:\/\/www.uqtr.ca\/\" target=\"_blank\" rel=\"noopener noreferrer\">UQTR<\/a>) &#8211; Trois-Rivi\u00e8res <a href=\"https:\/\/oraprdnt.uqtr.uquebec.ca\/pls\/public\/gscw031?owa_no_site=2571\" target=\"_blank\" rel=\"noopener noreferrer\">EG<\/a><br \/>\n<strong>Doctorate in Business Administration (D.B.A.) <\/strong><br \/>\n<strong>\/ Doctorat en administration (D.B.A.)<\/strong> <a href=\"https:\/\/oraprdnt.uqtr.uquebec.ca\/pls\/apex\/f?p=106:10::::10:P10_CD_PGM,P10_RECH_CRITERE,P10_RECH_VALEUR,P10_RECH_DESC:3899,P2_CD_NIVEAU,DOCT,%5CDoctorats%5C\" target=\"_blank\" rel=\"noopener noreferrer\">Site Web UQTR DBA<\/a> \/ <a href=\"http:\/\/carleton.ca\/profbrouard\/DBA\" target=\"_blank\" rel=\"noopener noreferrer\">Web site Brouard DBA<\/a><br \/>\nunder the supervision of Professor Louis Raymond, Ph.D. <a href=\"https:\/\/oraprdnt.uqtr.uquebec.ca\/portail\/gscw031?owa_no_site=4766\" target=\"_blank\" rel=\"noopener noreferrer\">Web site<\/a><\/p>\n<p><i>D\u00e9veloppement d\u2019un outil diagnostique des pratiques existantes<br \/>\nde la veille strat\u00e9gique aupr\u00e8s des PME, Mai 2004, 420p.<br \/>\n\/ Development of a diagnostic tool on environmental scanning practices in SME<\/i> <a href=\"http:\/\/www.uqtr.ca\/biblio\/notice\/document\/18302456D.pdf\" target=\"_blank\" rel=\"noopener noreferrer\">PDF version<\/a><\/p>\n<p>1988-1993: Universit\u00e9 du Qu\u00e9bec \u00e0 Montr\u00e9al (<a href=\"http:\/\/www.uqam.ca\/\" target=\"_blank\" rel=\"noopener noreferrer\">UQAM<\/a>) &#8211; Montr\u00e9al <a href=\"http:\/\/dsc.esg.uqam.ca\/\" target=\"_blank\" rel=\"noopener noreferrer\">DSC ESG<\/a><br \/>\n<strong>Master in Accounting Sciences (Financial Accounting stream) (M.Sc.)<br \/>\n\/ Maitr\u00eese en sciences comptables (Concentration Comptabilit\u00e9 financi\u00e8re) (M.Sc.)<\/strong><br \/>\nunder the supervision of Professor Anne Fortin, Ph.D. <a href=\"http:\/\/professeurs.uqam.ca\/component\/savrepertoireprofesseurs\/ficheProfesseur?mId=tAZmNQfOfxc_\" target=\"_blank\" rel=\"noopener noreferrer\">Web site<\/a><\/p>\n<p><i>Le lien entre le sexe et le niveau hi\u00e9rarchique et les dimensions<br \/>\nde la satisfaction au travail des experts-comptables oeuvrant \u00e0 titre de<br \/>\nv\u00e9rificateur dans un organisme gouvernemental canadien : une \u00e9tude empirique, Juin 1993, 342p.<br \/>\n\/ Relationship between gender and hierarchical level and<br \/>\njob satisfaction of canadian governmental auditor accountants: an empirical study<\/i><\/p>\n<p>1985-1988: Canadian Institute of Chartered Accountants (CICA\/ICCA)<br \/>\n<strong>In-depth tax course \/ Cours de fiscalit\u00e9 approfondie)<\/strong><br \/>\nHomestudy Part I &amp; II, In-residence Part I, II &amp; III completed<\/p>\n<p>1979-1982: HEC Montr\u00e9al \/ \u00c9cole des Hautes \u00c9tudes Commerciales (<a href=\"http:\/\/www.hec.ca\/\" target=\"_blank\" rel=\"noopener noreferrer\">HEC<\/a>) &#8211; Montr\u00e9al <a href=\"http:\/\/www.hec.ca\/sco\" target=\"_blank\" rel=\"noopener noreferrer\">DSC<\/a><br \/>\n<strong>Bachelor of Business Administration (Public Accountancy stream) (B.A.A.) \/<br \/>\nBaccalaur\u00e9at en administration des affaires (concentration comptabilit\u00e9 publique) (B.A.A.)<\/strong><\/p>\n<h2>WORKING EXPERIENCE DE TRAVAIL<\/h2>\n<p>2002- : <a href=\"http:\/\/carleton.ca\/\" target=\"_blank\" rel=\"noopener noreferrer\">Carleton University<\/a>, <a href=\"http:\/\/sprott.carleton.ca\/\" target=\"_blank\" rel=\"noopener noreferrer\">Sprott School of Business<\/a><br \/>\n<i>Lecturer, Assistant Professor (tenured since 2005), Associate Professor, Full Professor\u00a0(since 2017)<\/i><\/p>\n<p>1997-1998 &amp; 1991-1994 : Universit\u00e9 du Qu\u00e9bec \u00e0 Hull (UQAH)<br \/>\n(now Universit\u00e9 du Qu\u00e9bec en Outaouais (<a href=\"http:\/\/www.uqo.ca\/\" target=\"_blank\" rel=\"noopener noreferrer\">UQO<\/a>) <a href=\"https:\/\/uqo.ca\/dep\/sciences-comptables\" target=\"_blank\" rel=\"noopener noreferrer\">DSC<\/a> \/ <a href=\"https:\/\/uqo.ca\/mod\/sciences-comptables\" target=\"_blank\" rel=\"noopener noreferrer\">moduleSC<\/a><br \/>\n<i>Assistant Professor (Term) \/ Professeur suppl\u00e9ant<\/i><\/p>\n<p>1994-1997 : Ordre des comptables agr\u00e9\u00e9s du Qu\u00e9bec <a href=\"http:\/\/www.cpaquebec.ca\" target=\"_blank\" rel=\"noopener noreferrer\">Web site<\/a><br \/>\n<i>Project Manager &#8211; Professional Education Program (PEP)<\/i><\/p>\n<p>1982-1990 : Deloitte Haskins &amp; Sells (Samson B\u00e9lair \/ Deloitte &amp; Touche) <a href=\"http:\/\/www.deloitte.ca\/\" target=\"_blank\" rel=\"noopener noreferrer\">Web site<\/a><br \/>\n<i>Auditor, Tax Specialist, Tax Manager &#8211; Clients, Tax Manager &#8211; National Research Tax Services<\/i><\/p>\n<h2>VOLUNTEER EXPERIENCE B\u00c9N\u00c9VOLAT (current \/ actuel)<\/h2>\n<p>Mouvement d&#8217;implication francophone d&#8217;Orl\u00e9ans (MIFO)\u00a0<a href=\"https:\/\/www.mifo.ca\/\" target=\"_blank\" rel=\"noopener noreferrer\">site web<\/a><br \/>\n<i>Membre du Conseil d&#8217;administration, tr\u00e9sorier, pr\u00e9sident du Comit\u00e9 des finances, membre du Comit\u00e9 ex\u00e9cutif, membre du Comit\u00e9 de pilotage du projet de construction (COPIL) (2025- ) <\/i><\/p>\n<p>H\u00f4pital Montfort <a href=\"https:\/\/hopitalmontfort.com\/\" target=\"_blank\" rel=\"noopener noreferrer\">site Web<\/a><br \/>\n<i>\u00c9lu membre du Conseil d&#8217;administration en juin 2017; Tr\u00e9sorier (2018-2020), membre du comit\u00e9 ex\u00e9cutif (2018-), membre du comit\u00e9 des projets de d\u00e9veloppement (2017-2021), membre (2015-2017; 2018-2020) et pr\u00e9sident (2018-2020) du comit\u00e9 de gestion, membre du comit\u00e9 de la d\u00e9marche qualit\u00e9 (2023), membre (2017-2020) du comit\u00e9 d&#8217;audit, membre (2012-2018, 2023-2024) et pr\u00e9sident (2017-2018) du comit\u00e9 de gouvernance, membre du comit\u00e9 directeur de la planification strat\u00e9gique (HM-SM-ISM) (2024).\u00a0<br \/>\nmembre du Conseil d&#8217;administration de Sant\u00e9 Montfort (SM) (2017-) et pr\u00e9sident (2020-)<\/i><\/p>\n<p>Soci\u00e9t\u00e9 Sant\u00e9 en fran\u00e7ais (SSF)\u00a0<a href=\"https:\/\/www.santefrancais.ca\/\" target=\"_blank\" rel=\"noopener noreferrer\">site web<\/a><br \/>\n<i>Membre du Comit\u00e9 sur la gouvernance (2016- ) <\/i><\/p>\n<p>Centre des arts Shenkman Arts Centre &#8211; Ville d&#8217;Ottawa\u00a0<a href=\"http:\/\/shenkmanarts.ca\/\" target=\"_blank\" rel=\"noopener noreferrer\">Web site<\/a><br \/>\n<i>Member of Stage crew \/ membre de l&#8217;\u00e9quipe de plateau (2014-) <\/i><\/p>\n<p>CUASA &#8211; Carleton University Academic Staff Association <a href=\"http:\/\/cuasa.ca\/\" target=\"_blank\" rel=\"noopener noreferrer\">Web site<\/a><br \/>\n<i>Member of Council &#8211; Sprott School of Business representative (2003-2025), Member of Salary Adjustment Commission (SAC) (2018-2024), Member of Collective Bargaining Committee (2019-2021)<\/i><\/p>\n<p>Syndicat des charg\u00e9s de cours de l&#8217;Universit\u00e9 du Qu\u00e9bec en Outaouais (SCCC-UQO) <a href=\"http:\/\/www.sccc-uqo.ca\/\" target=\"_blank\" rel=\"noopener noreferrer\">site Web<\/a><br \/>\n<i>Repr\u00e9sentant au Conseil de module (2004-2024), Repr\u00e9sentant \u00e0 l&#8217;Assembl\u00e9e d\u00e9partementale (2024-),Membre du Conseil syndical (2004-)<\/i><\/p>\n<h2>PROFESSIONAL HONOURS \/ PRIX<\/h2>\n<p>2023 Carleton University Teaching Achievement Award ($15,000) <a href=\"https:\/\/sprott.carleton.ca\/2023\/03\/sprott-professors-recognized-for-excellence-in-teaching-and-research\/\" target=\"_blank\" rel=\"noopener noreferrer\">Sprott description<\/a> \/ <a href=\"https:\/\/carleton.ca\/provost\/awards-funding\/achievement-awards\/2023-achievement-award-recipients\/\" target=\"_blank\" rel=\"noopener noreferrer\">CU description<\/a><\/p>\n<p>2022 L.S. Rosen Outstanding Educator Award \/ Prix d&#8217;excellence en enseignement L.S. Rosen<br \/>\nby the Canadian Academic Accounting Association \/ Association canadienne des professeurs de comptabilit\u00e9 <a href=\"https:\/\/www.caaa.ca\/en\/awards\/2022-caaa-award-winners\/\" target=\"_blank\" rel=\"noopener noreferrer\">CAAA Announcement<\/a> \/ <a href=\"https:\/\/www.caaa.ca\/fr\/prix\/laur%C3%A9ats-des-prix-de-lacpc-2022\/\" target=\"_blank\" rel=\"noopener noreferrer\">Annonce ACPC<\/a> \/ <a href=\"https:\/\/carleton.ca\/profbrouard\/wp-content\/uploads\/CAAAACPCPrixLSROSENawardBrouard2022.pdf\" target=\"_blank\" rel=\"noopener noreferrer\">Summary \/ Sommaire<\/a><\/p>\n<p>2021 Sprott Faculty Teaching Award ($1,500) <a href=\"https:\/\/carleton.ca\/profbrouard\/wp-content\/uploads\/2021SprottFacultyTeachingawrdFrancoisBrouardcertificate.pdf\" target=\"_blank\" rel=\"noopener noreferrer\">certificate<\/a><\/p>\n<p>2018 Rob Shea Research Award (with M. Bujaki, S. Durocher, L. Neilson, A. Allen) ($500) <a href=\"https:\/\/www.cacee.com\/_Library\/2017_18_Award_Winners\/RobShea_2018.pdf\" target=\"_blank\" rel=\"noopener noreferrer\">link<\/a> \/ <a href=\"https:\/\/www.cacee.com\/_Library\/Awards\/Rob_Shea_2018.pdf\" target=\"_blank\" rel=\"noopener noreferrer\">description<\/a><br \/>\n(offered by the CACEE &#8211; Canadian Association of Career Educators and Employers)<\/p>\n<p>2018 Sprott Faculty Research Award ($10,000) <a href=\"https:\/\/sprott.carleton.ca\/2018\/sprott-faculty-recognized-for-research-achievements\/\" target=\"_blank\" rel=\"noopener noreferrer\">link<\/a><br \/>\n(offered jointly by the Sprott School of Business and the Office of the Vice-President, Research and International)<\/p>\n<p>Fellow comptable professionnel agr\u00e9\u00e9 \/ Fellow Chartered Professional Accountant (FCPA)<br \/>\nsuite a l&#8217;unification des ordres comptables au Qu\u00e9bec (18 mai 2012)<\/p>\n<p>Fellow comptable agr\u00e9\u00e9 \/ Fellow Chartered Accountant (FCA)<br \/>\nd\u00e9cern\u00e9 le 9 f\u00e9vrier 2012 par l&#8217;Ordre des comptables agr\u00e9\u00e9s du Qu\u00e9bec<\/p>\n<p>Winner of 2011 Inukshuk Award for contributions to research at Sprott<br \/>\nby Sprott Research Committe (March 2011)<\/p>\n<p>R\u00e9cipiendaire du Prix Reconnaissance en enseignement 2010<br \/>\nd\u00e9cern\u00e9 par l&#8217;Ordre des comptables agr\u00e9\u00e9s du Qu\u00e9bec<\/p>\n<p>Winner of the 2009 Alan G. Ross Award for Writing Excellence<br \/>\n(Best article to the FMI\/IGF Journal<br \/>\n&#8211; Financial Management Institute of Canada \/ Institut de la gestion financi\u00e8re du Canada)<\/p>\n<p>Finaliste Prix Excelor 2004 Chambre de commerce de Gatineau<br \/>\n(Prix CA Emerite 2004 Outaouais)<\/p>\n<p>Canadian Academic Accounting Association<br \/>\n\/ Association canadienne des professeurs de comptabilit\u00e9 (CAAA\/ACPC)<br \/>\n&#8211; Best Case in French, Case Competition 2004, \u00abAGRI-Cultur\u00bb.<br \/>\n&#8211; Best Case in French, Case Competition 2003, \u00abGladiateurs d\u2019Hulawa\u00bb.<br \/>\n&#8211; Best Case in French, Case Competition 2002, \u00abUltra\/Braer\u00bb.<\/p>\n<p>Association Internationale de recherche en entrepreneuriat et PME (AIREPME)<br \/>\n\/ 6e Congr\u00e8s International Francophone sur la PME &#8211; CIFPME 2002.<br \/>\n&#8211; Best Paper award (1er Prix d\u2019excellence pour la meilleure communication<br \/>\noffrant un potentiel r\u00e9el pour l\u2019action des pouvoirs publics en vue de l\u2019\u00e9laboration<br \/>\nde politiques de soutien aux entrepreneurs et aux PME)<\/p>\n<h2>EDITORIAL ACTIVITIES<\/h2>\n<p><a href=\"https:\/\/observatoiredelhumour.org\/serieux\/\" target=\"_blank\" rel=\"noopener noreferrer\">S\u00c9RIEUX?<\/a> S\u00c9RIEUX! Humour: Savoirs et pratiques (<a href=\"https:\/\/observatoiredelhumour.org\/\" target=\"_blank\" rel=\"noopener noreferrer\">OH<\/a>), <i>R\u00e9dacteur en chef fondateur<\/i>, 2021-<br \/>\n<a href=\"https:\/\/www.tandfonline.com\/loi\/rjse20\" target=\"_blank\" rel=\"noopener noreferrer\">JSE<\/a> Journal of Social Entrepreneurship (Routledge), <i>Editorial Board Member<\/i>, 2009-<br \/>\n<a href=\"http:\/\/www.tandfonline.com\/rsbe\" target=\"_blank\" rel=\"noopener noreferrer\">JSBE<\/a> Journal of Small Business &amp; Entrepreneurship (Taylor &amp; Francis), <i>Editorial Board Member<\/i>, 2014-<br \/>\n<a href=\"https:\/\/revue-cossi.numerev.com\/\" target=\"_blank\" rel=\"noopener noreferrer\">COSSI<\/a> La Revue COSSI (Communication, Organisation, Soci\u00e9t\u00e9 du Savoir et Information), <i>Membre Comit\u00e9 scientifique \/ Scientific Committee Member<\/i>, 2016-<br \/>\n<a href=\"https:\/\/www.emeraldinsight.com\/journal\/sej\" target=\"_blank\" rel=\"noopener noreferrer\">SEJ<\/a> Social Enterprise Journal (Emerald), <i>Advisory Editorial Board Member<\/i>, 2018-<\/p>\n<p><a href=\"http:\/\/www.anserj.ca\/\" target=\"_blank\" rel=\"noopener noreferrer\">ANSERJ<\/a> Canadian Journal of Nonprofit and Social Economy Research \/ Revue canadienne de recherche sur les OSBL et l&#8217;\u00e9conomie sociale (ANSERJ) (<a href=\"http:\/\/www.anser-ares.ca\/\" target=\"_blank\" rel=\"noopener noreferrer\">ANSER\/ARES<\/a>)<br \/>\n<i>R\u00e9dacteur en chef francophone fondateur \/ Founding French Language Editor<\/i>, 2009-2015<br \/>\n<a href=\"http:\/\/aaahq.org\/Research\/Journals\/Section-Journal-Home-Pages\/The-ATA-Journal-of-Legal-Tax-Research\" target=\"_blank\" rel=\"noopener noreferrer\">JLTR<\/a> ATA Journal of Legal Tax Research (<a href=\"http:\/\/www.aaahq.org\/\" target=\"_blank\" rel=\"noopener noreferrer\">AAA<\/a>), <i>Editorial Board Member<\/i>, 2006-2019<br \/>\n<a href=\"http:\/\/revueinternationalepme.com\" target=\"_blank\" rel=\"noopener noreferrer\">RIPME<\/a> Revue internationale PME (<a href=\"http:\/\/www.hec.ca\/airepme\" target=\"_blank\" rel=\"noopener noreferrer\">AIREPME<\/a>)<br \/>\n<i>Membre du Comit\u00e9 scientifique \/ Member Scientific Committee<\/i>, 2005-2018<br \/>\n<a href=\"http:\/\/fmi.ca\/\" target=\"_blank\" rel=\"noopener noreferrer\">FMIJ\/IFFJ<\/a> FMI Journal \/ IGF Journal, <i>Editorial Board Member<\/i>, 2008-2019.<br \/>\n<a href=\"https:\/\/www.sbij.org\/\" target=\"_blank\" rel=\"noopener noreferrer\">SBIJ<\/a> Small Business Institute Journal, <i>Editorial Review Board Member<\/i>, 2008-2016<br \/>\n<a href=\"http:\/\/www.scip.org\/\" target=\"_blank\" rel=\"noopener noreferrer\">JCIM<\/a> Journal of Competitive Intelligence and Management (SCIP), <i>Editorial Board Member<\/i>, 2006-2009<\/p>\n<h2>ACADEMIC AND PROFESSIONAL ASSOCIATIONS<\/h2>\n<p>Chartered Professional Accountants of Canada <a href=\"http:\/\/www.cpacanada.ca\/en\/\" target=\"_blank\" rel=\"noopener noreferrer\">(CPA Canada EN)<\/a> <a href=\"https:\/\/www.cpacanada.ca\/fr\/\" target=\"_blank\" rel=\"noopener noreferrer\">(CPA Canada FR)<\/a><br \/>\nCanadian Institute of Chartered Accountants <a href=\"http:\/\/www.cica.ca\/\" target=\"_blank\" rel=\"noopener noreferrer\">(CICA)<\/a><br \/>\nOrdre des comptables professionnels agr\u00e9\u00e9s du Qu\u00e9bec <a href=\"http:\/\/cpaquebec.ca\/home.html\" target=\"_blank\" rel=\"noopener noreferrer\">(OCPAQ EN)<\/a> <a href=\"http:\/\/cpaquebec.ca\/page-daccueil.html\" target=\"_blank\" rel=\"noopener noreferrer\">(OCPAQ FR)<\/a><br \/>\nOrdre des comptables agr\u00e9\u00e9s du Qu\u00e9bec <a href=\"http:\/\/www.cpaquebec.ca\/\" target=\"_blank\" rel=\"noopener noreferrer\">(OCAQ)<\/a><br \/>\nChartered Professional Accountants of Ontario <a href=\"http:\/\/www.cpaontario.ca\/\" target=\"_blank\" rel=\"noopener noreferrer\">(CPA Ontario)<\/a><br \/>\nInstitute of Chartered Accountants of Ontario <a href=\"http:\/\/www.icao.on.ca\/\" target=\"_blank\" rel=\"noopener noreferrer\">(ICAO)<\/a><br \/>\nCanadian Tax Foundation \/ Association canadienne d\u2019\u00e9tudes fiscales <a href=\"http:\/\/www.ctf.ca\/\" target=\"_blank\" rel=\"noopener noreferrer\">(CTF\/ACEF)<\/a><br \/>\nAssociation de planification fiscale et financi\u00e8re <a href=\"http:\/\/www.apff.org\/\" target=\"_blank\" rel=\"noopener noreferrer\">(APFF)<\/a><br \/>\nAdministrative Sciences Association of Canada<br \/>\n\/ Association des Sciences Administratives du Canada <a href=\"http:\/\/www.asac.ca\/\" target=\"_blank\" rel=\"noopener noreferrer\">(ASAC)<\/a><br \/>\nCanadian Academic Accounting Association<br \/>\n\/ Association canadienne des professeurs de comptabilit\u00e9 <a href=\"http:\/\/www.caaa.ca\/\" target=\"_blank\" rel=\"noopener noreferrer\">(CAAA\/ACPC)<\/a><br \/>\nAmerican Accounting Association <a href=\"http:\/\/www.aaahq.org\/\" target=\"_blank\" rel=\"noopener noreferrer\">(AAA)<\/a><br \/>\nAssociation Internationale de recherche en entrepreneuriat et PME <a href=\"http:\/\/www.hec.ca\/airepme\" target=\"_blank\" rel=\"noopener noreferrer\">(AIREPME)<\/a><br \/>\nSociety of Competitive Intelligence Professionals <a href=\"http:\/\/www.scip.org\/\" target=\"_blank\" rel=\"noopener noreferrer\">(SCIP)<\/a><br \/>\nWorld Association for Case Method Research &amp; Application <a href=\"http:\/\/www.wacra.org\/\" target=\"_blank\" rel=\"noopener noreferrer\">(WACRA)<\/a><br \/>\nAssociation francophone pour le savoir <a href=\"http:\/\/www.acfas.ca\/\" target=\"_blank\" rel=\"noopener noreferrer\">(ACFAS)<\/a><\/p>\n<p><\/p>\n<table border=\"0\" width=\"800\" cellspacing=\"0\" cellpadding=\"2\">\n<tbody>\n<tr class=\"DecreaseFontMore\" bgcolor=\"#cccccc\">\n<td>\u00a9\u00a0Francois Brouard, Tous droits r\u00e9serv\u00e9s \/ All rights reserved<br \/>\nMise-\u00e0-jour \/ Updated June 21 juin 2025<\/td>\n<\/tr>\n<\/tbody>\n<\/table>\n","protected":false},"excerpt":{"rendered":"<p>Fran\u00e7ois Brouard, DBA, FCPA, FCA BIOGRAPHICAL NOTE \/ NOTICE BIOGRAPHIQUE Note EN\/FR (1p.) \/ Note EN\/FR with\/avec photo (2p.) Note EN with photo (1p.) \/ Note FR avec photo (1p.) EDUCATION 1999-2004: Universit\u00e9 du Qu\u00e9bec \u00e0 Trois-Rivi\u00e8res (UQTR) &#8211; Trois-Rivi\u00e8res EG Doctorate in Business Administration (D.B.A.) \/ Doctorat en administration (D.B.A.) Site Web UQTR DBA [&hellip;]<\/p>\n","protected":false},"author":5,"featured_media":0,"parent":0,"menu_order":0,"comment_status":"closed","ping_status":"closed","template":"","meta":{"_relevanssi_hide_post":"","_relevanssi_hide_content":"","_relevanssi_pin_for_all":"","_relevanssi_pin_keywords":"","_relevanssi_unpin_keywords":"","_relevanssi_related_keywords":"","_relevanssi_related_include_ids":"","_relevanssi_related_exclude_ids":"","_relevanssi_related_no_append":"","_relevanssi_related_not_related":"","_relevanssi_related_posts":"","_relevanssi_noindex_reason":"","_mi_skip_tracking":false,"_exactmetrics_sitenote_active":false,"_exactmetrics_sitenote_note":"","_exactmetrics_sitenote_category":0,"footnotes":"","_links_to":"","_links_to_target":""},"yoast_head":"<!-- This site is optimized with the Yoast SEO plugin v21.2 - https:\/\/yoast.com\/wordpress\/plugins\/seo\/ -->\n<title>Biography \/ Biographie - Professor Fran\u00e7ois Brouard<\/title>\n<meta name=\"description\" content=\"Fran\u00e7ois Brouard, DBA, FCPA, FCA BIOGRAPHICAL NOTE \/ NOTICE BIOGRAPHIQUE Note EN\/FR (1p.) \/ Note EN\/FR with\/avec photo (2p.) Note EN with photo (1p.) \/\" \/>\n<meta name=\"robots\" content=\"index, follow, max-snippet:-1, max-image-preview:large, max-video-preview:-1\" \/>\n<link rel=\"canonical\" href=\"https:\/\/carleton.ca\/profbrouard\/biography\/\" \/>\n<meta name=\"twitter:label1\" content=\"Est. reading time\" \/>\n\t<meta name=\"twitter:data1\" content=\"5 minutes\" \/>\n<script type=\"application\/ld+json\" class=\"yoast-schema-graph\">{\"@context\":\"https:\/\/schema.org\",\"@graph\":[{\"@type\":\"WebPage\",\"@id\":\"https:\/\/carleton.ca\/profbrouard\/biography\/\",\"url\":\"https:\/\/carleton.ca\/profbrouard\/biography\/\",\"name\":\"Biography \/ Biographie - Professor Fran\u00e7ois Brouard\",\"isPartOf\":{\"@id\":\"https:\/\/carleton.ca\/profbrouard\/#website\"},\"datePublished\":\"2017-07-12T14:11:38+00:00\",\"dateModified\":\"2025-10-28T18:36:16+00:00\",\"description\":\"Fran\u00e7ois Brouard, DBA, FCPA, FCA BIOGRAPHICAL NOTE \/ NOTICE BIOGRAPHIQUE Note EN\/FR (1p.) \/ Note EN\/FR with\/avec photo (2p.) Note EN with photo (1p.) \/\",\"breadcrumb\":{\"@id\":\"https:\/\/carleton.ca\/profbrouard\/biography\/#breadcrumb\"},\"inLanguage\":\"en-US\",\"potentialAction\":[{\"@type\":\"ReadAction\",\"target\":[\"https:\/\/carleton.ca\/profbrouard\/biography\/\"]}]},{\"@type\":\"BreadcrumbList\",\"@id\":\"https:\/\/carleton.ca\/profbrouard\/biography\/#breadcrumb\",\"itemListElement\":[{\"@type\":\"ListItem\",\"position\":1,\"name\":\"Home\",\"item\":\"https:\/\/carleton.ca\/profbrouard\/\"},{\"@type\":\"ListItem\",\"position\":2,\"name\":\"Biography \/ Biographie\"}]},{\"@type\":\"WebSite\",\"@id\":\"https:\/\/carleton.ca\/profbrouard\/#website\",\"url\":\"https:\/\/carleton.ca\/profbrouard\/\",\"name\":\"Professor Fran\u00e7ois Brouard\",\"description\":\"Carleton University\",\"potentialAction\":[{\"@type\":\"SearchAction\",\"target\":{\"@type\":\"EntryPoint\",\"urlTemplate\":\"https:\/\/carleton.ca\/profbrouard\/?s={search_term_string}\"},\"query-input\":\"required name=search_term_string\"}],\"inLanguage\":\"en-US\"}]}<\/script>\n<!-- \/ Yoast SEO plugin. -->","yoast_head_json":{"title":"Biography \/ Biographie - Professor Fran\u00e7ois Brouard","description":"Fran\u00e7ois Brouard, DBA, FCPA, FCA BIOGRAPHICAL NOTE \/ NOTICE BIOGRAPHIQUE Note EN\/FR (1p.) \/ Note EN\/FR with\/avec photo (2p.) Note EN with photo (1p.) \/","robots":{"index":"index","follow":"follow","max-snippet":"max-snippet:-1","max-image-preview":"max-image-preview:large","max-video-preview":"max-video-preview:-1"},"canonical":"https:\/\/carleton.ca\/profbrouard\/biography\/","twitter_misc":{"Est. reading time":"5 minutes"},"schema":{"@context":"https:\/\/schema.org","@graph":[{"@type":"WebPage","@id":"https:\/\/carleton.ca\/profbrouard\/biography\/","url":"https:\/\/carleton.ca\/profbrouard\/biography\/","name":"Biography \/ Biographie - Professor Fran\u00e7ois Brouard","isPartOf":{"@id":"https:\/\/carleton.ca\/profbrouard\/#website"},"datePublished":"2017-07-12T14:11:38+00:00","dateModified":"2025-10-28T18:36:16+00:00","description":"Fran\u00e7ois Brouard, DBA, FCPA, FCA BIOGRAPHICAL NOTE \/ NOTICE BIOGRAPHIQUE Note EN\/FR (1p.) \/ Note EN\/FR with\/avec photo (2p.) Note EN with photo (1p.) \/","breadcrumb":{"@id":"https:\/\/carleton.ca\/profbrouard\/biography\/#breadcrumb"},"inLanguage":"en-US","potentialAction":[{"@type":"ReadAction","target":["https:\/\/carleton.ca\/profbrouard\/biography\/"]}]},{"@type":"BreadcrumbList","@id":"https:\/\/carleton.ca\/profbrouard\/biography\/#breadcrumb","itemListElement":[{"@type":"ListItem","position":1,"name":"Home","item":"https:\/\/carleton.ca\/profbrouard\/"},{"@type":"ListItem","position":2,"name":"Biography \/ Biographie"}]},{"@type":"WebSite","@id":"https:\/\/carleton.ca\/profbrouard\/#website","url":"https:\/\/carleton.ca\/profbrouard\/","name":"Professor Fran\u00e7ois Brouard","description":"Carleton University","potentialAction":[{"@type":"SearchAction","target":{"@type":"EntryPoint","urlTemplate":"https:\/\/carleton.ca\/profbrouard\/?s={search_term_string}"},"query-input":"required name=search_term_string"}],"inLanguage":"en-US"}]}},"acf":{"banner_image_type":"none","banner_button":"no"},"_links":{"self":[{"href":"https:\/\/carleton.ca\/profbrouard\/wp-json\/wp\/v2\/pages\/128"}],"collection":[{"href":"https:\/\/carleton.ca\/profbrouard\/wp-json\/wp\/v2\/pages"}],"about":[{"href":"https:\/\/carleton.ca\/profbrouard\/wp-json\/wp\/v2\/types\/page"}],"author":[{"embeddable":true,"href":"https:\/\/carleton.ca\/profbrouard\/wp-json\/wp\/v2\/users\/5"}],"replies":[{"embeddable":true,"href":"https:\/\/carleton.ca\/profbrouard\/wp-json\/wp\/v2\/comments?post=128"}],"version-history":[{"count":4,"href":"https:\/\/carleton.ca\/profbrouard\/wp-json\/wp\/v2\/pages\/128\/revisions"}],"predecessor-version":[{"id":5565,"href":"https:\/\/carleton.ca\/profbrouard\/wp-json\/wp\/v2\/pages\/128\/revisions\/5565"}],"wp:attachment":[{"href":"https:\/\/carleton.ca\/profbrouard\/wp-json\/wp\/v2\/media?parent=128"}],"curies":[{"name":"wp","href":"https:\/\/api.w.org\/{rel}","templated":true}]}}