{"id":281,"date":"2017-07-12T14:11:21","date_gmt":"2017-07-12T18:11:21","guid":{"rendered":"https:\/\/carleton.ca\/profbrouard\/?page_id=281"},"modified":"2022-09-02T15:38:10","modified_gmt":"2022-09-02T19:38:10","slug":"financial-accounting-material","status":"publish","type":"page","link":"https:\/\/carleton.ca\/profbrouard\/teaching\/financial-accounting-material\/","title":{"rendered":"Financial Accounting Material"},"content":{"rendered":"<h1>Fran\u00e7ois Brouard, DBA, FCPA, FCA<\/h1>\n<h2>Notes<\/h2>\n<p>Example of Financial Statements (SME) &#8211; Sea Dog Kayak inc. (2003, 13p.)<br \/>\nExemple d\u2019\u00e9tats financiers (PME) &#8211; Sea Dog Kayak inc. (2005, 13p.)<br \/>\nNote on Financial Statement Analysis (2003, 3p.)<br \/>\nNote sur l\u2019analyse des \u00e9tats financiers (2005, 3p.)<br \/>\nNote on Main Ratios on Financial Statement Analysis (2005, 2p.)<br \/>\nNote sur les principaux ratios &#8211; analyse des \u00e9tats financiers (2005, 2p.)<br \/>\nNote on Financial Statement Analysis Methodology (2005, 2p.)<br \/>\nNote sur l\u2019analyse des \u00e9tats financiers &#8211; m\u00e9thodologie (2005, 2p.)<br \/>\nNote on Accountants\u2019 Reports (2005, 3p.)<br \/>\nNote sur les rapports de l\u2019expert-comptable (2005, 3p.)<br \/>\nNote on Note to the Financial Statement \/ Notes aux \u00e9tats financiers (2005, 3p.)<\/p>\n<h2>Cases \/ Cas<\/h2>\n<p>CFS inc. (2004)<br \/>\nBank Rec inc. (2004)<br \/>\nIvan Tory (2004)<br \/>\nSDK (A) (2003)<br \/>\nSDK (B) (2003)<br \/>\nSDK (C) (2003)<br \/>\nMichael Dundee (2003)<br \/>\nCognex inc. (2003)<br \/>\nCAPITAL inc. (2003)<br \/>\nCA8 inc. (2003)<br \/>\nSort the Accounts (2003)<br \/>\nNorthgate (2003)<br \/>\nYak Yak inc. (2003)<br \/>\nJack Barbershop (2002)<br \/>\nClaude Candide (1998)<br \/>\nContrat de performance des universit\u00e9s (1998)<br \/>\nD\u00e9fi \u00e0 un fr\u00e8re sur la performance (1998)<br \/>\nFondation du mill\u00e9naire (1998)<br \/>\nGladiateurs d\u2019Hulawa (1994)<br \/>\nContr\u00f4le interne (1994)<br \/>\nRapport annuel (1994)<br \/>\nTravail du comptable (1994)<br \/>\nL\u2019enfer du dictionnaire (1994)<br \/>\nQuel type de compte (1994)<br \/>\nGladiateurs d\u2019Hulawa (1994)<br \/>\nULTRA\/BRAER (1994)<br \/>\nSimulation Monopoly (1992)<br \/>\nEntreprise Alimentation Bouchard \/ Chr\u00e9tien (1992)<\/p>\n<p>contact the author for more details (for faculty) or consult CuLearn (for students)<\/p>\n<h2>Slides \/ Diapositives<\/h2>\n<p>ICCA (1992). L&#8217;information \u00e0 inclure dans le rapport annuel aux actionnaires, \u00e9tude de recherche <a href=\"https:\/\/carleton.ca\/profbrouard\/wp-content\/uploads\/etudeICCA1992rapportannuel.pdf\" target=\"_blank\" rel=\"noopener noreferrer\">PDF Diapositives<\/a><\/p>\n<p>All comments are welcome.<\/p>\n","protected":false},"excerpt":{"rendered":"<p>Fran\u00e7ois Brouard, DBA, FCPA, FCA Notes Example of Financial Statements (SME) &#8211; Sea Dog Kayak inc. (2003, 13p.) Exemple d\u2019\u00e9tats financiers (PME) &#8211; Sea Dog Kayak inc. (2005, 13p.) Note on Financial Statement Analysis (2003, 3p.) Note sur l\u2019analyse des \u00e9tats financiers (2005, 3p.) Note on Main Ratios on Financial Statement Analysis (2005, 2p.) Note [&hellip;]<\/p>\n","protected":false},"author":5,"featured_media":0,"parent":139,"menu_order":0,"comment_status":"closed","ping_status":"closed","template":"","meta":{"_relevanssi_hide_post":"","_relevanssi_hide_content":"","_relevanssi_pin_for_all":"","_relevanssi_pin_keywords":"","_relevanssi_unpin_keywords":"","_relevanssi_related_keywords":"","_relevanssi_related_include_ids":"","_relevanssi_related_exclude_ids":"","_relevanssi_related_no_append":"","_relevanssi_related_not_related":"","_relevanssi_related_posts":"","_relevanssi_noindex_reason":"","_mi_skip_tracking":false,"_exactmetrics_sitenote_active":false,"_exactmetrics_sitenote_note":"","_exactmetrics_sitenote_category":0,"footnotes":"","_links_to":"","_links_to_target":""},"yoast_head":"<!-- This site is optimized with the Yoast SEO plugin v21.2 - https:\/\/yoast.com\/wordpress\/plugins\/seo\/ -->\n<title>Financial Accounting Material - Professor Fran\u00e7ois Brouard<\/title>\n<meta name=\"description\" content=\"Fran\u00e7ois Brouard, DBA, FCPA, FCA Notes Example of Financial Statements (SME) - Sea Dog Kayak inc. (2003, 13p.) Exemple d\u2019\u00e9tats financiers (PME) - Sea Dog\" \/>\n<meta name=\"robots\" content=\"index, follow, max-snippet:-1, max-image-preview:large, max-video-preview:-1\" \/>\n<link rel=\"canonical\" href=\"https:\/\/carleton.ca\/profbrouard\/teaching\/financial-accounting-material\/\" \/>\n<meta name=\"twitter:label1\" content=\"Est. reading time\" \/>\n\t<meta name=\"twitter:data1\" content=\"1 minute\" \/>\n<script type=\"application\/ld+json\" class=\"yoast-schema-graph\">{\"@context\":\"https:\/\/schema.org\",\"@graph\":[{\"@type\":\"WebPage\",\"@id\":\"https:\/\/carleton.ca\/profbrouard\/teaching\/financial-accounting-material\/\",\"url\":\"https:\/\/carleton.ca\/profbrouard\/teaching\/financial-accounting-material\/\",\"name\":\"Financial Accounting Material - Professor Fran\u00e7ois Brouard\",\"isPartOf\":{\"@id\":\"https:\/\/carleton.ca\/profbrouard\/#website\"},\"datePublished\":\"2017-07-12T18:11:21+00:00\",\"dateModified\":\"2022-09-02T19:38:10+00:00\",\"description\":\"Fran\u00e7ois Brouard, DBA, FCPA, FCA Notes Example of Financial Statements (SME) - Sea Dog Kayak inc. (2003, 13p.) Exemple d\u2019\u00e9tats financiers (PME) - Sea Dog\",\"breadcrumb\":{\"@id\":\"https:\/\/carleton.ca\/profbrouard\/teaching\/financial-accounting-material\/#breadcrumb\"},\"inLanguage\":\"en-US\",\"potentialAction\":[{\"@type\":\"ReadAction\",\"target\":[\"https:\/\/carleton.ca\/profbrouard\/teaching\/financial-accounting-material\/\"]}]},{\"@type\":\"BreadcrumbList\",\"@id\":\"https:\/\/carleton.ca\/profbrouard\/teaching\/financial-accounting-material\/#breadcrumb\",\"itemListElement\":[{\"@type\":\"ListItem\",\"position\":1,\"name\":\"Home\",\"item\":\"https:\/\/carleton.ca\/profbrouard\/\"},{\"@type\":\"ListItem\",\"position\":2,\"name\":\"Teaching\",\"item\":\"https:\/\/carleton.ca\/profbrouard\/teaching\/\"},{\"@type\":\"ListItem\",\"position\":3,\"name\":\"Financial Accounting Material\"}]},{\"@type\":\"WebSite\",\"@id\":\"https:\/\/carleton.ca\/profbrouard\/#website\",\"url\":\"https:\/\/carleton.ca\/profbrouard\/\",\"name\":\"Professor Fran\u00e7ois Brouard\",\"description\":\"Carleton University\",\"potentialAction\":[{\"@type\":\"SearchAction\",\"target\":{\"@type\":\"EntryPoint\",\"urlTemplate\":\"https:\/\/carleton.ca\/profbrouard\/?s={search_term_string}\"},\"query-input\":\"required name=search_term_string\"}],\"inLanguage\":\"en-US\"}]}<\/script>\n<!-- \/ Yoast SEO plugin. -->","yoast_head_json":{"title":"Financial Accounting Material - Professor Fran\u00e7ois Brouard","description":"Fran\u00e7ois Brouard, DBA, FCPA, FCA Notes Example of Financial Statements (SME) - Sea Dog Kayak inc. (2003, 13p.) Exemple d\u2019\u00e9tats financiers (PME) - Sea Dog","robots":{"index":"index","follow":"follow","max-snippet":"max-snippet:-1","max-image-preview":"max-image-preview:large","max-video-preview":"max-video-preview:-1"},"canonical":"https:\/\/carleton.ca\/profbrouard\/teaching\/financial-accounting-material\/","twitter_misc":{"Est. reading time":"1 minute"},"schema":{"@context":"https:\/\/schema.org","@graph":[{"@type":"WebPage","@id":"https:\/\/carleton.ca\/profbrouard\/teaching\/financial-accounting-material\/","url":"https:\/\/carleton.ca\/profbrouard\/teaching\/financial-accounting-material\/","name":"Financial Accounting Material - Professor Fran\u00e7ois Brouard","isPartOf":{"@id":"https:\/\/carleton.ca\/profbrouard\/#website"},"datePublished":"2017-07-12T18:11:21+00:00","dateModified":"2022-09-02T19:38:10+00:00","description":"Fran\u00e7ois Brouard, DBA, FCPA, FCA Notes Example of Financial Statements (SME) - Sea Dog Kayak inc. (2003, 13p.) Exemple d\u2019\u00e9tats financiers (PME) - Sea Dog","breadcrumb":{"@id":"https:\/\/carleton.ca\/profbrouard\/teaching\/financial-accounting-material\/#breadcrumb"},"inLanguage":"en-US","potentialAction":[{"@type":"ReadAction","target":["https:\/\/carleton.ca\/profbrouard\/teaching\/financial-accounting-material\/"]}]},{"@type":"BreadcrumbList","@id":"https:\/\/carleton.ca\/profbrouard\/teaching\/financial-accounting-material\/#breadcrumb","itemListElement":[{"@type":"ListItem","position":1,"name":"Home","item":"https:\/\/carleton.ca\/profbrouard\/"},{"@type":"ListItem","position":2,"name":"Teaching","item":"https:\/\/carleton.ca\/profbrouard\/teaching\/"},{"@type":"ListItem","position":3,"name":"Financial Accounting Material"}]},{"@type":"WebSite","@id":"https:\/\/carleton.ca\/profbrouard\/#website","url":"https:\/\/carleton.ca\/profbrouard\/","name":"Professor Fran\u00e7ois Brouard","description":"Carleton University","potentialAction":[{"@type":"SearchAction","target":{"@type":"EntryPoint","urlTemplate":"https:\/\/carleton.ca\/profbrouard\/?s={search_term_string}"},"query-input":"required name=search_term_string"}],"inLanguage":"en-US"}]}},"acf":{"banner_image_type":"none","banner_button":"no"},"_links":{"self":[{"href":"https:\/\/carleton.ca\/profbrouard\/wp-json\/wp\/v2\/pages\/281"}],"collection":[{"href":"https:\/\/carleton.ca\/profbrouard\/wp-json\/wp\/v2\/pages"}],"about":[{"href":"https:\/\/carleton.ca\/profbrouard\/wp-json\/wp\/v2\/types\/page"}],"author":[{"embeddable":true,"href":"https:\/\/carleton.ca\/profbrouard\/wp-json\/wp\/v2\/users\/5"}],"replies":[{"embeddable":true,"href":"https:\/\/carleton.ca\/profbrouard\/wp-json\/wp\/v2\/comments?post=281"}],"version-history":[{"count":3,"href":"https:\/\/carleton.ca\/profbrouard\/wp-json\/wp\/v2\/pages\/281\/revisions"}],"predecessor-version":[{"id":4164,"href":"https:\/\/carleton.ca\/profbrouard\/wp-json\/wp\/v2\/pages\/281\/revisions\/4164"}],"up":[{"embeddable":true,"href":"https:\/\/carleton.ca\/profbrouard\/wp-json\/wp\/v2\/pages\/139"}],"wp:attachment":[{"href":"https:\/\/carleton.ca\/profbrouard\/wp-json\/wp\/v2\/media?parent=281"}],"curies":[{"name":"wp","href":"https:\/\/api.w.org\/{rel}","templated":true}]}}