{"id":3026,"date":"2020-11-12T09:25:55","date_gmt":"2020-11-12T14:25:55","guid":{"rendered":"https:\/\/carleton.ca\/profbrouard\/?page_id=3026"},"modified":"2020-12-14T12:00:42","modified_gmt":"2020-12-14T17:00:42","slug":"formationssf","status":"publish","type":"page","link":"https:\/\/carleton.ca\/profbrouard\/formationssf\/","title":{"rendered":"Formation SSF"},"content":{"rendered":"<h1>Fran\u00e7ois Brouard, DBA, FCPA, FCA<\/h1>\n<h1>FORMATION SOCI\u00c9T\u00c9 SANT\u00c9 EN FRAN\u00c7AIS (SSF)<\/h1>\n<h2>FORMATION GOUVERNANCE ET GESTION FINANCI\u00c8RE<br \/>\n15 d\u00e9cembre 2020<\/h2>\n<h3>DIAPOSITIVES<\/h3>\n<p>Diapositives session du 15 d\u00e9cembre 2020 &#8211; 14h00-15h30 <a href=\"https:\/\/carleton.ca\/profbrouard\/wp-content\/uploads\/SSFformationfinanciereBrouard20201215FR.pdf\" target=\"_blank\" rel=\"noopener noreferrer\">PDF 6\/page<\/a> \/ <a href=\"https:\/\/carleton.ca\/profbrouard\/wp-content\/uploads\/SSFformationfinanciereBrouard20201215FR2p.pdf\" target=\"_blank\" rel=\"noopener noreferrer\">PDF 2\/page<\/a> <\/p>\n<h3>DOCUMENTS DE LA SSF<\/h3>\n<p>SSF \u00c9tats financiers 31 mars 2020 <a href=\"https:\/\/carleton.ca\/profbrouard\/wp-content\/uploads\/SSFEtatsfinanciersaudites2020mars31.pdf\" target=\"_blank\" rel=\"noopener noreferrer\">PDF<\/a><br \/>\nSSF \u00c9tats financiers 31 mars 2019 <a href=\"https:\/\/carleton.ca\/profbrouard\/wp-content\/uploads\/SSFEtatsfinanciersaudites2019mars31.pdf\" target=\"_blank\" rel=\"noopener noreferrer\">PDF<\/a><br \/>\nSSF \u00c9tats financiers 31 mars 2018 <a href=\"https:\/\/carleton.ca\/profbrouard\/wp-content\/uploads\/SSFEtatsfinanciersaudites2018mars31.pdf\" target=\"_blank\" rel=\"noopener noreferrer\">PDF<\/a><br \/>\nSSF \u00c9tats financiers 31 mars 2017 <a href=\"https:\/\/carleton.ca\/profbrouard\/wp-content\/uploads\/SSFEtatsfinanciersaudites2017mars31.pdf\" target=\"_blank\" rel=\"noopener noreferrer\">PDF<\/a><br \/>\nSSF \u00c9tats financiers 31 mars 2016 <a href=\"https:\/\/carleton.ca\/profbrouard\/wp-content\/uploads\/SSFEtatsfinanciersaudites2016mars31.pdf\" target=\"_blank\" rel=\"noopener noreferrer\">PDF<\/a> <\/p>\n<h3>DOCUMENTS D&#8217;AUTRES ORGANISATIONS<\/h3>\n<p><strong>* R\u00e9seau des services de sant\u00e9 en fran\u00e7ais de l&#8217;Est de l&#8217;Ontario (RSSFEO)<\/strong><br \/>\nRSSFEO \u00c9tats financiers 31 mars 2020 <a href=\"https:\/\/carleton.ca\/profbrouard\/wp-content\/uploads\/RSSFEOEtatsfinanciersaudites2020mars31.pdf\" target=\"_blank\" rel=\"noopener noreferrer\">PDF<\/a><br \/>\n<strong>* H\u00f4pital Montfort<\/strong><br \/>\nH\u00f4pital Montfort \u00c9tats financiers 31 mars 2020 <a href=\"https:\/\/carleton.ca\/profbrouard\/wp-content\/uploads\/HMontfortEtatsfinanciersaudites2020mars31.pdf\" target=\"_blank\" rel=\"noopener noreferrer\">PDF<\/a><br \/>\nH\u00f4pital Montfort \u00c9tats financiers 31 mars 2019 <a href=\"https:\/\/carleton.ca\/profbrouard\/wp-content\/uploads\/HMontfortEtatsfinanciersaudites2019mars31.pdf\" target=\"_blank\" rel=\"noopener noreferrer\">PDF<\/a><br \/>\nH\u00f4pital Montfort Rapport \u00e0 la communaut\u00e9 2019-2020 <a href=\"https:\/\/hopitalmontfort.com\/fr\/rapport-la-communaute-2019-2020\" target=\"_blank\" rel=\"noopener noreferrer\">lien<\/a><br \/>\nH\u00f4pital Montfort Rapport annuel 2018-2019 <a href=\"https:\/\/carleton.ca\/profbrouard\/wp-content\/uploads\/HMontfortRapportannuel20172018FR.pdf\" target=\"_blank\" rel=\"noopener noreferrer\">PDF<\/a><br \/>\n<strong>* Fondation H\u00f4pital Montfort<\/strong><br \/>\nFondation H\u00f4pital Montfort \u00c9tats financiers 31 mars 2020 <a href=\"https:\/\/carleton.ca\/profbrouard\/wp-content\/uploads\/HMontfortFondationEtatsfinanciersaudites2020mars31.pdf\" target=\"_blank\" rel=\"noopener noreferrer\">PDF<\/a><br \/>\nFondation H\u00f4pital Montfort \u00c9tats financiers 31 mars 2019 <a href=\"https:\/\/carleton.ca\/profbrouard\/wp-content\/uploads\/HMontfortFondationEtatsfinanciersaudites2019mars31.pdf\" target=\"_blank\" rel=\"noopener noreferrer\">PDF<\/a><br \/>\nFondation H\u00f4pital Montfort \u00c9tats financiers 31 mars 2018 <a href=\"https:\/\/carleton.ca\/profbrouard\/wp-content\/uploads\/HMontfortFondationEtatsfinanciersaudites2018mars31.pdf\" target=\"_blank\" rel=\"noopener noreferrer\">PDF<\/a><br \/>\nFondation H\u00f4pital Montfort \u00c9tats financiers 31 mars 2017 <a href=\"https:\/\/carleton.ca\/profbrouard\/wp-content\/uploads\/HMontfortFondationEtatsfinanciersaudites2017mars31.pdf\" target=\"_blank\" rel=\"noopener noreferrer\">PDF<\/a><br \/>\nFondation H\u00f4pital Montfort \u00c9tats financiers 31 mars 2016 <a href=\"https:\/\/carleton.ca\/profbrouard\/wp-content\/uploads\/HMontfortFondationEtatsfinanciersaudites2016mars31.pdf\" target=\"_blank\" rel=\"noopener noreferrer\">PDF<\/a><br \/>\nFondation H\u00f4pital Montfort \u00c9tats financiers 31 mars 2015 <a href=\"https:\/\/carleton.ca\/profbrouard\/wp-content\/uploads\/HMontfortFondationEtatsfinanciersaudites2015mars31.pdf\" target=\"_blank\" rel=\"noopener noreferrer\">PDF<\/a> <\/p>\n<h3>NOTES<\/h3>\n<p>Note sur les notes aux \u00e9tats financiers \/ Note on Notes to the financial Statements (2005, 3p.) <a href=\"https:\/\/carleton.ca\/profbrouard\/wp-content\/uploads\/notenotesFSENFR.pdf\" target=\"_blank\" rel=\"noopener noreferrer\">PDF<\/a><br \/>\nNote on Financial statements for social enterprises (2014, 17p.). <a href=\"https:\/\/carleton.ca\/profbrouard\/wp-content\/uploads\/noteFMNPOfinancialstatementsSE201402.pdf\" target=\"_blank\" rel=\"noopener noreferrer\">PDF EN&#038;FR<\/a><br \/>\nExemple \u00c9tats financiers Sea Dog Kayak (2005, 13p.) <a href=\"https:\/\/carleton.ca\/profbrouard\/wp-content\/uploads\/FSseadogkayakfrancais.pdf\" target=\"_blank\" rel=\"noopener noreferrer\">PDF FR<\/a><br \/>\n\/ Example Financial statements Sea Dog Kayak (2003, 13p.) <a href=\"https:\/\/carleton.ca\/profbrouard\/wp-content\/uploads\/FSseadogkayakenglish.pdf\" target=\"_blank\" rel=\"noopener noreferrer\">PDF EN<\/a><br \/>\nExample Financial statements Sea Bird Kayak (IFRS) (2009, 13p.) <a href=\"https:\/\/carleton.ca\/profbrouard\/wp-content\/uploads\/FSseabirdkayakenglish.pdf\" target=\"_blank\" rel=\"noopener noreferrer\">PDF EN<\/a><br \/>\nNote on Annual Reports (2007, 6p.) <a href=\"https:\/\/carleton.ca\/profbrouard\/wp-content\/uploads\/noteannualreportEN.pdf\" target=\"_blank\" rel=\"noopener noreferrer\">PDF EN<\/a> <\/p>\n<h3>GUIDES<\/h3>\n<p>CPA Canada (2020). Comprendre les rapports et les \u00e9tats financiers, 36p. <a href=\"https:\/\/carleton.ca\/profbrouard\/wp-content\/uploads\/CPACanadaGuideComprendrerapportsetatsfinanciers202002.pdf\" target=\"_blank\" rel=\"noopener noreferrer\">PDF<\/a><br \/>\nCPA Canada (2012). Guide sur les \u00e9tats financiers des organismes sans butlucratif &#8211; Questions que les administrateurs devraient poser, 58p. <a href=\"https:\/\/carleton.ca\/profbrouard\/wp-content\/uploads\/CPACanadaGuideetatsfinanciersOSBLquestionsadminsitrateurs2012FR.pdf\" target=\"_blank\" rel=\"noopener noreferrer\">PDF<\/a><br \/>\nCPA Canada. Guides sur la gouvernance des OSBL <a href=\"https:\/\/www.cpacanada.ca\/fr\/ressources-en-comptabilite-et-en-affaires\/strategie-risque-et-gouvernance\/gouvernance-dosbl\" target=\"_blank\" rel=\"noopener noreferrer\">lien<\/a> <\/p>\n<p><\/p>\n<table border=\"0\" width=\"800\" cellspacing=\"0\" cellpadding=\"2\">\n<tbody>\n<tr class=\"DecreaseFontMore\" bgcolor=\"#cccccc\">\n<td>\u00a9\u00a0Francois Brouard, Tous droits r\u00e9serv\u00e9s \/ All rights reserved.<br \/>\nMise \u00e0 jour \/ Updated December 14 d\u00e9cembre 2020<\/td>\n<\/tr>\n<\/tbody>\n<\/table>\n","protected":false},"excerpt":{"rendered":"<p>Fran\u00e7ois Brouard, DBA, FCPA, FCA FORMATION SOCI\u00c9T\u00c9 SANT\u00c9 EN FRAN\u00c7AIS (SSF) FORMATION GOUVERNANCE ET GESTION FINANCI\u00c8RE 15 d\u00e9cembre 2020 DIAPOSITIVES Diapositives session du 15 d\u00e9cembre 2020 &#8211; 14h00-15h30 PDF 6\/page \/ PDF 2\/page DOCUMENTS DE LA SSF SSF \u00c9tats financiers 31 mars 2020 PDF SSF \u00c9tats financiers 31 mars 2019 PDF SSF \u00c9tats financiers 31 [&hellip;]<\/p>\n","protected":false},"author":6,"featured_media":0,"parent":0,"menu_order":0,"comment_status":"closed","ping_status":"closed","template":"","meta":{"_relevanssi_hide_post":"","_relevanssi_hide_content":"","_relevanssi_pin_for_all":"","_relevanssi_pin_keywords":"","_relevanssi_unpin_keywords":"","_relevanssi_related_keywords":"","_relevanssi_related_include_ids":"","_relevanssi_related_exclude_ids":"","_relevanssi_related_no_append":"","_relevanssi_related_not_related":"","_relevanssi_related_posts":"","_relevanssi_noindex_reason":"","_mi_skip_tracking":false,"_exactmetrics_sitenote_active":false,"_exactmetrics_sitenote_note":"","_exactmetrics_sitenote_category":0,"footnotes":"","_links_to":"","_links_to_target":""},"yoast_head":"<!-- This site is optimized with the Yoast SEO plugin v21.2 - https:\/\/yoast.com\/wordpress\/plugins\/seo\/ -->\n<title>Formation SSF - Professor Fran\u00e7ois Brouard<\/title>\n<meta name=\"description\" content=\"Fran\u00e7ois Brouard, DBA, FCPA, FCA FORMATION SOCI\u00c9T\u00c9 SANT\u00c9 EN FRAN\u00c7AIS (SSF) FORMATION GOUVERNANCE ET GESTION FINANCI\u00c8RE 15 d\u00e9cembre 2020 DIAPOSITIVES\" \/>\n<meta name=\"robots\" content=\"index, follow, max-snippet:-1, max-image-preview:large, max-video-preview:-1\" \/>\n<link rel=\"canonical\" href=\"https:\/\/carleton.ca\/profbrouard\/formationssf\/\" \/>\n<meta name=\"twitter:label1\" content=\"Est. reading time\" \/>\n\t<meta name=\"twitter:data1\" content=\"1 minute\" \/>\n<script type=\"application\/ld+json\" class=\"yoast-schema-graph\">{\"@context\":\"https:\/\/schema.org\",\"@graph\":[{\"@type\":\"WebPage\",\"@id\":\"https:\/\/carleton.ca\/profbrouard\/formationssf\/\",\"url\":\"https:\/\/carleton.ca\/profbrouard\/formationssf\/\",\"name\":\"Formation SSF - Professor Fran\u00e7ois Brouard\",\"isPartOf\":{\"@id\":\"https:\/\/carleton.ca\/profbrouard\/#website\"},\"datePublished\":\"2020-11-12T14:25:55+00:00\",\"dateModified\":\"2020-12-14T17:00:42+00:00\",\"description\":\"Fran\u00e7ois Brouard, DBA, FCPA, FCA FORMATION SOCI\u00c9T\u00c9 SANT\u00c9 EN FRAN\u00c7AIS (SSF) FORMATION GOUVERNANCE ET GESTION FINANCI\u00c8RE 15 d\u00e9cembre 2020 DIAPOSITIVES\",\"breadcrumb\":{\"@id\":\"https:\/\/carleton.ca\/profbrouard\/formationssf\/#breadcrumb\"},\"inLanguage\":\"en-US\",\"potentialAction\":[{\"@type\":\"ReadAction\",\"target\":[\"https:\/\/carleton.ca\/profbrouard\/formationssf\/\"]}]},{\"@type\":\"BreadcrumbList\",\"@id\":\"https:\/\/carleton.ca\/profbrouard\/formationssf\/#breadcrumb\",\"itemListElement\":[{\"@type\":\"ListItem\",\"position\":1,\"name\":\"Home\",\"item\":\"https:\/\/carleton.ca\/profbrouard\/\"},{\"@type\":\"ListItem\",\"position\":2,\"name\":\"Formation SSF\"}]},{\"@type\":\"WebSite\",\"@id\":\"https:\/\/carleton.ca\/profbrouard\/#website\",\"url\":\"https:\/\/carleton.ca\/profbrouard\/\",\"name\":\"Professor Fran\u00e7ois Brouard\",\"description\":\"Carleton University\",\"potentialAction\":[{\"@type\":\"SearchAction\",\"target\":{\"@type\":\"EntryPoint\",\"urlTemplate\":\"https:\/\/carleton.ca\/profbrouard\/?s={search_term_string}\"},\"query-input\":\"required name=search_term_string\"}],\"inLanguage\":\"en-US\"}]}<\/script>\n<!-- \/ Yoast SEO plugin. -->","yoast_head_json":{"title":"Formation SSF - Professor Fran\u00e7ois Brouard","description":"Fran\u00e7ois Brouard, DBA, FCPA, FCA FORMATION SOCI\u00c9T\u00c9 SANT\u00c9 EN FRAN\u00c7AIS (SSF) FORMATION GOUVERNANCE ET GESTION FINANCI\u00c8RE 15 d\u00e9cembre 2020 DIAPOSITIVES","robots":{"index":"index","follow":"follow","max-snippet":"max-snippet:-1","max-image-preview":"max-image-preview:large","max-video-preview":"max-video-preview:-1"},"canonical":"https:\/\/carleton.ca\/profbrouard\/formationssf\/","twitter_misc":{"Est. reading time":"1 minute"},"schema":{"@context":"https:\/\/schema.org","@graph":[{"@type":"WebPage","@id":"https:\/\/carleton.ca\/profbrouard\/formationssf\/","url":"https:\/\/carleton.ca\/profbrouard\/formationssf\/","name":"Formation SSF - Professor Fran\u00e7ois Brouard","isPartOf":{"@id":"https:\/\/carleton.ca\/profbrouard\/#website"},"datePublished":"2020-11-12T14:25:55+00:00","dateModified":"2020-12-14T17:00:42+00:00","description":"Fran\u00e7ois Brouard, DBA, FCPA, FCA FORMATION SOCI\u00c9T\u00c9 SANT\u00c9 EN FRAN\u00c7AIS (SSF) FORMATION GOUVERNANCE ET GESTION FINANCI\u00c8RE 15 d\u00e9cembre 2020 DIAPOSITIVES","breadcrumb":{"@id":"https:\/\/carleton.ca\/profbrouard\/formationssf\/#breadcrumb"},"inLanguage":"en-US","potentialAction":[{"@type":"ReadAction","target":["https:\/\/carleton.ca\/profbrouard\/formationssf\/"]}]},{"@type":"BreadcrumbList","@id":"https:\/\/carleton.ca\/profbrouard\/formationssf\/#breadcrumb","itemListElement":[{"@type":"ListItem","position":1,"name":"Home","item":"https:\/\/carleton.ca\/profbrouard\/"},{"@type":"ListItem","position":2,"name":"Formation SSF"}]},{"@type":"WebSite","@id":"https:\/\/carleton.ca\/profbrouard\/#website","url":"https:\/\/carleton.ca\/profbrouard\/","name":"Professor Fran\u00e7ois Brouard","description":"Carleton University","potentialAction":[{"@type":"SearchAction","target":{"@type":"EntryPoint","urlTemplate":"https:\/\/carleton.ca\/profbrouard\/?s={search_term_string}"},"query-input":"required name=search_term_string"}],"inLanguage":"en-US"}]}},"acf":{"banner_image_type":"none","banner_button":"no"},"_links":{"self":[{"href":"https:\/\/carleton.ca\/profbrouard\/wp-json\/wp\/v2\/pages\/3026"}],"collection":[{"href":"https:\/\/carleton.ca\/profbrouard\/wp-json\/wp\/v2\/pages"}],"about":[{"href":"https:\/\/carleton.ca\/profbrouard\/wp-json\/wp\/v2\/types\/page"}],"author":[{"embeddable":true,"href":"https:\/\/carleton.ca\/profbrouard\/wp-json\/wp\/v2\/users\/6"}],"replies":[{"embeddable":true,"href":"https:\/\/carleton.ca\/profbrouard\/wp-json\/wp\/v2\/comments?post=3026"}],"version-history":[{"count":4,"href":"https:\/\/carleton.ca\/profbrouard\/wp-json\/wp\/v2\/pages\/3026\/revisions"}],"predecessor-version":[{"id":3145,"href":"https:\/\/carleton.ca\/profbrouard\/wp-json\/wp\/v2\/pages\/3026\/revisions\/3145"}],"wp:attachment":[{"href":"https:\/\/carleton.ca\/profbrouard\/wp-json\/wp\/v2\/media?parent=3026"}],"curies":[{"name":"wp","href":"https:\/\/api.w.org\/{rel}","templated":true}]}}