{"id":426,"date":"2017-07-13T11:40:28","date_gmt":"2017-07-13T15:40:28","guid":{"rendered":"https:\/\/carleton.ca\/profbrouard\/?page_id=426"},"modified":"2017-12-06T19:17:19","modified_gmt":"2017-12-07T00:17:19","slug":"releve-transmission-dentreprises-business-transfers","status":"publish","type":"page","link":"https:\/\/carleton.ca\/profbrouard\/links\/releve-transmission-dentreprises-business-transfers\/","title":{"rendered":"Releve &#038; Transmission D&#8217;Entreprises \/ Business Transfers"},"content":{"rendered":"<p><strong>(under reconstruction)<\/strong><br \/>\nsite maintained by Fran\u00e7ois Brouard, DBA, FCPA, FCA; Professor and Director, SCSE-CSES<br \/>\nSprott School of Business, Carleton University \u2022 Ottawa, Ontario, Canada<\/p>\n<h2>Chercheurs \/ Researchers<\/h2>\n<p><a href=\"http:\/\/www.sprott.carleton.ca\/~fbrouard\/\">Francois Brouard, DBA, CA<\/a><br \/>\nSprott School of Business, Carleton University<br \/>\n<a href=\"http:\/\/www.uqtr.ca\/~cadieux\/\">Louise Cadieux, DBA<\/a><br \/>\nD\u00e9partement des sciences de la gestion, Universit\u00e9 du Qu\u00e9bec a Trois-Rivieres (UQTR)<br \/>\n<a href=\"http:\/\/www.iae-grenoble.fr\/cv-Deschamps-160.html\">Berangere Deschamps<\/a><br \/>\nUniversit\u00e9 Pierre Mendes France, Grenoble<br \/>\n<a href=\"http:\/\/www.ecole-management-normandie.fr\/\">Olivier Germain<\/a><br \/>\nEcole de management de Normandie<\/p>\n<h2>Research papers \/ Travaux de recherche<\/h2>\n<p>Doriot Mars 2006<br \/>\nEmploi-Qu\u00e9bec 30 mars 2006<br \/>\nASAC Juin 2006<\/p>\n<h2>Links &#8211; Family Business \/ Liens &#8211; Entreprises Familiales<\/h2>\n<p><a href=\"http:\/\/www.ffi.org\/\">Family Firm Institute (FFI)<\/a><br \/>\n<a href=\"http:\/\/www.cafecanada.ca\/ottawa\/\">CAFE Ottawa<\/a><br \/>\n<a href=\"http:\/\/www.familybizz.net\/\">Grant Thornton &#8211; FamilyBizz.net<\/a><br \/>\n<a href=\"http:\/\/www.isuma.net\/v02n04\/feltham\/feltham_e.pdf\">Feltham, Feltham, Barnett (2001)<\/a> <a href=\"http:\/\/www.isuma.net\/v02n04\/feltham\/feltham_f.pdf\">(version francaise)<\/a><br \/>\n<a href=\"http:\/\/www.cibc.com\/ca\/pdf\/retirement-05-en.pdf\">CIBC Study (2005) &#8211; Ready for Retirement?<\/a> <a href=\"http:\/\/www.cibc.com\/ca\/pdf\/retirement-05-fr.pdf\">(version francaise)<\/a><br \/>\n<a href=\"http:\/\/www.grantthornton.ca\/surveys\/FamBizz_Resrch-Study_.pdf\">Grant Thornton (2004) Study<\/a><br \/>\n<a href=\"http:\/\/www.oseo.fr\/IMG\/pdf\/Oseo_transmission.pdf\">OSEO (2005) &#8211; Transmission PME<\/a><br \/>\n<a href=\"http:\/\/www.cfib.ca\/researchf\/reports\/rr3007f.pdf\">FCEI (2005) Rel\u00e8ve : cl\u00e9 de la r\u00e9ussite<\/a><br \/>\n<a href=\"http:\/\/journeesdoriot.free.fr\/\">Journ\u00e9e George Doriot 2006<\/a><br \/>\n<a href=\"http:\/\/www.univ-pau.fr\/~bamann\/ef1.html\">Bruno Amann<\/a><\/p>\n<h2>Links &#8211; Publications \/ Liens &#8211; Publications<\/h2>\n<p><a href=\"http:\/\/http-server.carleton.ca\/~fbrouard\/releve.html\">Emploi Quebec (2006) Transmettre mon entreprise<\/a><\/p>\n<h2>Links &#8211; Financing \/ Liens &#8211; Financement<\/h2>\n<p><a href=\"http:\/\/http-server.carleton.ca\/lacaisse.com\/\">Caisse de depot et de placement du Quebec (CDPQ)<\/a><br \/>\n<a href=\"http:\/\/http-server.carleton.ca\/www.fondaction.com\/\">Fondaction CSN<\/a><br \/>\n<a href=\"http:\/\/http-server.carleton.ca\/www.fondsftq.com\/\">Fonds de solidarit\u00e9 FTQ<\/a><br \/>\n<a href=\"http:\/\/http-server.carleton.ca\/www.tsx.com\/\">Groupe TSX<\/a><\/p>\n","protected":false},"excerpt":{"rendered":"<p>(under reconstruction) site maintained by Fran\u00e7ois Brouard, DBA, FCPA, FCA; Professor and Director, SCSE-CSES Sprott School of Business, Carleton University \u2022 Ottawa, Ontario, Canada Chercheurs \/ Researchers Francois Brouard, DBA, CA Sprott School of Business, Carleton University Louise Cadieux, DBA D\u00e9partement des sciences de la gestion, Universit\u00e9 du Qu\u00e9bec a Trois-Rivieres (UQTR) Berangere Deschamps Universit\u00e9 [&hellip;]<\/p>\n","protected":false},"author":5,"featured_media":0,"parent":349,"menu_order":0,"comment_status":"closed","ping_status":"closed","template":"","meta":{"_relevanssi_hide_post":"","_relevanssi_hide_content":"","_relevanssi_pin_for_all":"","_relevanssi_pin_keywords":"","_relevanssi_unpin_keywords":"","_relevanssi_related_keywords":"","_relevanssi_related_include_ids":"","_relevanssi_related_exclude_ids":"","_relevanssi_related_no_append":"","_relevanssi_related_not_related":"","_relevanssi_related_posts":"","_relevanssi_noindex_reason":"","_mi_skip_tracking":false,"_exactmetrics_sitenote_active":false,"_exactmetrics_sitenote_note":"","_exactmetrics_sitenote_category":0,"footnotes":"","_links_to":"","_links_to_target":""},"yoast_head":"<!-- This site is optimized with the Yoast SEO plugin v21.2 - https:\/\/yoast.com\/wordpress\/plugins\/seo\/ -->\n<title>Releve &amp; Transmission D&#039;Entreprises \/ Business Transfers - Professor Fran\u00e7ois Brouard<\/title>\n<meta name=\"description\" content=\"(under reconstruction) site maintained by Fran\u00e7ois Brouard, DBA, FCPA, FCA; Professor and Director, SCSE-CSES Sprott School of Business, Carleton\" \/>\n<meta name=\"robots\" content=\"index, follow, max-snippet:-1, max-image-preview:large, max-video-preview:-1\" \/>\n<link rel=\"canonical\" href=\"https:\/\/carleton.ca\/profbrouard\/links\/releve-transmission-dentreprises-business-transfers\/\" \/>\n<meta name=\"twitter:label1\" content=\"Est. reading time\" \/>\n\t<meta name=\"twitter:data1\" content=\"1 minute\" \/>\n<script type=\"application\/ld+json\" class=\"yoast-schema-graph\">{\"@context\":\"https:\/\/schema.org\",\"@graph\":[{\"@type\":\"WebPage\",\"@id\":\"https:\/\/carleton.ca\/profbrouard\/links\/releve-transmission-dentreprises-business-transfers\/\",\"url\":\"https:\/\/carleton.ca\/profbrouard\/links\/releve-transmission-dentreprises-business-transfers\/\",\"name\":\"Releve & Transmission D'Entreprises \/ Business Transfers - Professor Fran\u00e7ois Brouard\",\"isPartOf\":{\"@id\":\"https:\/\/carleton.ca\/profbrouard\/#website\"},\"datePublished\":\"2017-07-13T15:40:28+00:00\",\"dateModified\":\"2017-12-07T00:17:19+00:00\",\"description\":\"(under reconstruction) site maintained by Fran\u00e7ois Brouard, DBA, FCPA, FCA; Professor and Director, SCSE-CSES Sprott School of Business, Carleton\",\"breadcrumb\":{\"@id\":\"https:\/\/carleton.ca\/profbrouard\/links\/releve-transmission-dentreprises-business-transfers\/#breadcrumb\"},\"inLanguage\":\"en-US\",\"potentialAction\":[{\"@type\":\"ReadAction\",\"target\":[\"https:\/\/carleton.ca\/profbrouard\/links\/releve-transmission-dentreprises-business-transfers\/\"]}]},{\"@type\":\"BreadcrumbList\",\"@id\":\"https:\/\/carleton.ca\/profbrouard\/links\/releve-transmission-dentreprises-business-transfers\/#breadcrumb\",\"itemListElement\":[{\"@type\":\"ListItem\",\"position\":1,\"name\":\"Home\",\"item\":\"https:\/\/carleton.ca\/profbrouard\/\"},{\"@type\":\"ListItem\",\"position\":2,\"name\":\"Links\",\"item\":\"https:\/\/carleton.ca\/profbrouard\/links\/\"},{\"@type\":\"ListItem\",\"position\":3,\"name\":\"Releve &#038; Transmission D&#8217;Entreprises \/ Business Transfers\"}]},{\"@type\":\"WebSite\",\"@id\":\"https:\/\/carleton.ca\/profbrouard\/#website\",\"url\":\"https:\/\/carleton.ca\/profbrouard\/\",\"name\":\"Professor Fran\u00e7ois Brouard\",\"description\":\"Carleton University\",\"potentialAction\":[{\"@type\":\"SearchAction\",\"target\":{\"@type\":\"EntryPoint\",\"urlTemplate\":\"https:\/\/carleton.ca\/profbrouard\/?s={search_term_string}\"},\"query-input\":\"required name=search_term_string\"}],\"inLanguage\":\"en-US\"}]}<\/script>\n<!-- \/ Yoast SEO plugin. -->","yoast_head_json":{"title":"Releve & Transmission D'Entreprises \/ Business Transfers - Professor Fran\u00e7ois Brouard","description":"(under reconstruction) site maintained by Fran\u00e7ois Brouard, DBA, FCPA, FCA; Professor and Director, SCSE-CSES Sprott School of Business, Carleton","robots":{"index":"index","follow":"follow","max-snippet":"max-snippet:-1","max-image-preview":"max-image-preview:large","max-video-preview":"max-video-preview:-1"},"canonical":"https:\/\/carleton.ca\/profbrouard\/links\/releve-transmission-dentreprises-business-transfers\/","twitter_misc":{"Est. reading time":"1 minute"},"schema":{"@context":"https:\/\/schema.org","@graph":[{"@type":"WebPage","@id":"https:\/\/carleton.ca\/profbrouard\/links\/releve-transmission-dentreprises-business-transfers\/","url":"https:\/\/carleton.ca\/profbrouard\/links\/releve-transmission-dentreprises-business-transfers\/","name":"Releve & Transmission D'Entreprises \/ Business Transfers - Professor Fran\u00e7ois Brouard","isPartOf":{"@id":"https:\/\/carleton.ca\/profbrouard\/#website"},"datePublished":"2017-07-13T15:40:28+00:00","dateModified":"2017-12-07T00:17:19+00:00","description":"(under reconstruction) site maintained by Fran\u00e7ois Brouard, DBA, FCPA, FCA; Professor and Director, SCSE-CSES Sprott School of Business, Carleton","breadcrumb":{"@id":"https:\/\/carleton.ca\/profbrouard\/links\/releve-transmission-dentreprises-business-transfers\/#breadcrumb"},"inLanguage":"en-US","potentialAction":[{"@type":"ReadAction","target":["https:\/\/carleton.ca\/profbrouard\/links\/releve-transmission-dentreprises-business-transfers\/"]}]},{"@type":"BreadcrumbList","@id":"https:\/\/carleton.ca\/profbrouard\/links\/releve-transmission-dentreprises-business-transfers\/#breadcrumb","itemListElement":[{"@type":"ListItem","position":1,"name":"Home","item":"https:\/\/carleton.ca\/profbrouard\/"},{"@type":"ListItem","position":2,"name":"Links","item":"https:\/\/carleton.ca\/profbrouard\/links\/"},{"@type":"ListItem","position":3,"name":"Releve &#038; Transmission D&#8217;Entreprises \/ Business Transfers"}]},{"@type":"WebSite","@id":"https:\/\/carleton.ca\/profbrouard\/#website","url":"https:\/\/carleton.ca\/profbrouard\/","name":"Professor Fran\u00e7ois Brouard","description":"Carleton University","potentialAction":[{"@type":"SearchAction","target":{"@type":"EntryPoint","urlTemplate":"https:\/\/carleton.ca\/profbrouard\/?s={search_term_string}"},"query-input":"required name=search_term_string"}],"inLanguage":"en-US"}]}},"acf":{"banner_image_type":"none"},"_links":{"self":[{"href":"https:\/\/carleton.ca\/profbrouard\/wp-json\/wp\/v2\/pages\/426"}],"collection":[{"href":"https:\/\/carleton.ca\/profbrouard\/wp-json\/wp\/v2\/pages"}],"about":[{"href":"https:\/\/carleton.ca\/profbrouard\/wp-json\/wp\/v2\/types\/page"}],"author":[{"embeddable":true,"href":"https:\/\/carleton.ca\/profbrouard\/wp-json\/wp\/v2\/users\/5"}],"replies":[{"embeddable":true,"href":"https:\/\/carleton.ca\/profbrouard\/wp-json\/wp\/v2\/comments?post=426"}],"version-history":[{"count":2,"href":"https:\/\/carleton.ca\/profbrouard\/wp-json\/wp\/v2\/pages\/426\/revisions"}],"predecessor-version":[{"id":1356,"href":"https:\/\/carleton.ca\/profbrouard\/wp-json\/wp\/v2\/pages\/426\/revisions\/1356"}],"up":[{"embeddable":true,"href":"https:\/\/carleton.ca\/profbrouard\/wp-json\/wp\/v2\/pages\/349"}],"wp:attachment":[{"href":"https:\/\/carleton.ca\/profbrouard\/wp-json\/wp\/v2\/media?parent=426"}],"curies":[{"name":"wp","href":"https:\/\/api.w.org\/{rel}","templated":true}]}}