{"id":429,"date":"2017-07-13T11:47:20","date_gmt":"2017-07-13T15:47:20","guid":{"rendered":"https:\/\/carleton.ca\/profbrouard\/?page_id=429"},"modified":"2018-06-30T10:49:08","modified_gmt":"2018-06-30T14:49:08","slug":"icsemcanadagroup","status":"publish","type":"page","link":"https:\/\/carleton.ca\/profbrouard\/icsemcanadagroup\/","title":{"rendered":"ICSEM Canada Group"},"content":{"rendered":"<p>site maintained by the Sprott Centre for Social Enterprises \/ Centre Sprott pour les entreprises sociales,<br \/>\n(Fran\u00e7ois Brouard, DBA, FCPA, FCA; Director, SCSE-CSES)<br \/>\nSprott School of Business, Carleton University \u2022 Ottawa, Ontario, Canada <a href=\"http:\/\/sprott.carleton.ca\/scse-cses\/\">(SCSE\/CSES) web site<\/a><\/p>\n<p>The <strong>ICSEM CANADA RESEARCH GROUP<\/strong> is a group of interested individuals in Canada who participate in the International Comparative Social Enterprise Models <a href=\"http:\/\/www.iap-socent.be\/icsem-project\">(ICSEM)<\/a> Project. The ICSEM Project is jointly coordinated by Jacques Defourny (CES &#8211; University of Liege) and Marthe Nyssens (CIRTES \u2013 Catholic University of Louvain) at the international level and by JJ McMurtry in Canada. It is operated on a voluntary basis. The main activities of the group were between 2012 and 2015.<\/p>\n<h2>Participants in Canada<\/h2>\n<p>Marie J. BOUCHARD, Ecole des sciences de gestion, Universit\u00e9 du Qu\u00e9bec \u00e0 Montr\u00e9al (UQAM)<br \/>\nFran\u00e7ois BROUARD, SCSE-CSES, Sprott School of Business, Carleton University<br \/>\nM\u00e9lanie CLAUDE, Sociologie, Universit\u00e9 d&#8217;Ottawa<br \/>\nPaulo CRUZ FILHO, Ecole des sciences de gestion, Universit\u00e9 du Qu\u00e9bec \u00e0 Montr\u00e9al (UQAM)<br \/>\nPeter ELSON, Institute of Nonprofit Studies, Mount Royal University \/ University of Victoria<br \/>\nPeter HALL, Simon Fraser University<br \/>\nDoug LIONAIS, School of Business, Cape Breton University<br \/>\nJJ MCMURTRY, Social Science, York University (Canadian coordinator)<br \/>\nMarcelo VIETA, OISE, University of Toronto<br \/>\nTassadit ZERDANI, Ecole des sciences de gestion, Universit\u00e9 du Qu\u00e9bec \u00e0 Montr\u00e9al (UQAM)<\/p>\n<h2>Publications related to ICSEM Canada Project<\/h2>\n<ul>\n<li>Brouard, F. (2014). Note on Financial Statements for Social Enterprises, February, 17p. <a href=\"http:\/\/www.iap-socent.be\/sites\/default\/files\/Brouard%20Note%20on%20Financial%20Statements%20SE%20201402.pdf\">PDF<\/a><\/li>\n<li>Brouard, F., Elson, P. (2014). Editorial &#8211; ICSEM, ANSERJ &#8211; Canadian Journal of nonprofits and social economy research \/ Revue canadienne de recherche sur les OSBL et l&#8217;\u00e9conomie sociale, vol. 5, no 1, Spring \/ Printemps, p.3-5.<a href=\"http:\/\/anserj.ca\/anser\/index.php\/cjnser\/article\/view\/172\/107\">PDF<\/a><\/li>\n<li>ANSERJ (2015). Special issue in Social Enterprises in Canada, ANSERJ &#8211; Canadian Journal of nonprofits and social economy research \/ Revue canadienne de recherche sur les OSBL et l&#8217;\u00e9conomie sociale, vol. 6, no 1 <a href=\"http:\/\/anserj.ca\/index.php\/cjnser\/issue\/view\/10\">link <\/a><\/li>\n<\/ul>\n<h2>Reports by ICSEM Canada Group<\/h2>\n<ul>\n<li>Bouchard, M.J., Cruz Filho, P., Zerdani, T., Claude, M. (2013).<br \/>\nReport on social enterprises in Qu\u00e9bec, Report ICSEM project, December, 24p.<\/li>\n<li>Bouchard, M.J., Cruz Filho, P., Zerdani, T., Claude, M. (2014).<br \/>\nProposed cases of social enterprises in Qu\u00e9bec, Report ICSEM project, January, 6p.<\/li>\n<li>Brouard, F., McMurtry, J.J., Vieta, M. (2014).<br \/>\nSocial Enterprises Models in Canada &#8211; Ontario, Report ICSEM project, June, 52p.<\/li>\n<li>Elson, P.R., Hall, P. (2014).<br \/>\nICSEM \u2013 A case profile for British Columbia and Alberta, Report ICSEM project, May, 21p.<\/li>\n<li>Lionais, D. (2014).<br \/>\nSocial Enterprises in Atlantic Canada, Report ICSEM project, May, 18p.<\/li>\n<li>Brouard, F. (2014).<br \/>\nmapping of Social Enterprises Models in Different Countries, Report ICSEM project, October, 19p.<\/li>\n<li>Brouard, F., McMurtry, J.J., Vieta, M. (2014).<br \/>\nSocial Enterprises Models in Canada &#8211; Ontario, Report ICSEM project, June, 52p.<\/li>\n<\/ul>\n<h2>Presentations by ICSEM Canada Group<\/h2>\n<ul>\n<li>Brouard, F., Elson, P., Lionais, D., McMurtry, J.J., Vieta, M. (2014).<br \/>\nRoundtable: ICSEM Project &#8211; Canada, 2014 ANSER-ARES Annual Conference, Association of nonprofits and social economy research \/ Association de recherche sur les OSBL et l&#8217;\u00e9conomie sociale (ANSER\/ARES), Brock University, St. Catherines, May 28-30.<\/li>\n<li>Brouard, F., Lionais, D., McMurtry, J.J. (2014).<br \/>\nTypologies of SE Models from the Anglosphere &#8211; Canada, 2014 ICSEM Western Symposium, La Roche-en-Ardenne, Belgium, October 8-10. <a href=\"https:\/\/carleton.ca\/profbrouard\/wp-content\/uploads\/ICSEM2014WesternSymposiumCanadaFBDLJJM.pdf\">Slides PDF<\/a><\/li>\n<li>Cruz Filho, P. (2014).<br \/>\nSocial Enterprises and the Social and Solidarity Economy &#8211; Qu\u00e9bec, 2014 ICSEM Western Symposium, La Roche-en-Ardenne, Belgium, October 8-10. <a href=\"https:\/\/carleton.ca\/profbrouard\/wp-content\/uploads\/ICSEM2014WesternSymposiumQuebecPCF.pdf\">Slides PDF<\/a><\/li>\n<\/ul>\n<h2>Links<\/h2>\n<p>See links on social enterprises at another page <a href=\"https:\/\/carleton.ca\/profbrouard\/socialenterprises\/\">LINKS\/a><\/p>\n","protected":false},"excerpt":{"rendered":"<p>site maintained by the Sprott Centre for Social Enterprises \/ Centre Sprott pour les entreprises sociales, (Fran\u00e7ois Brouard, DBA, FCPA, FCA; Director, SCSE-CSES) Sprott School of Business, Carleton University \u2022 Ottawa, Ontario, Canada (SCSE\/CSES) web site The ICSEM CANADA RESEARCH GROUP is a group of interested individuals in Canada who participate in the International Comparative [&hellip;]<\/p>\n","protected":false},"author":5,"featured_media":0,"parent":0,"menu_order":0,"comment_status":"closed","ping_status":"closed","template":"","meta":{"_relevanssi_hide_post":"","_relevanssi_hide_content":"","_relevanssi_pin_for_all":"","_relevanssi_pin_keywords":"","_relevanssi_unpin_keywords":"","_relevanssi_related_keywords":"","_relevanssi_related_include_ids":"","_relevanssi_related_exclude_ids":"","_relevanssi_related_no_append":"","_relevanssi_related_not_related":"","_relevanssi_related_posts":"","_relevanssi_noindex_reason":"","_mi_skip_tracking":false,"_exactmetrics_sitenote_active":false,"_exactmetrics_sitenote_note":"","_exactmetrics_sitenote_category":0,"footnotes":"","_links_to":"","_links_to_target":""},"yoast_head":"<!-- This site is optimized with the Yoast SEO plugin v21.2 - https:\/\/yoast.com\/wordpress\/plugins\/seo\/ -->\n<title>ICSEM Canada Group - Professor Fran\u00e7ois Brouard<\/title>\n<meta name=\"description\" content=\"site maintained by the Sprott Centre for Social Enterprises \/ Centre Sprott pour les entreprises sociales, (Fran\u00e7ois Brouard, DBA, FCPA, FCA; Director,\" \/>\n<meta name=\"robots\" content=\"index, follow, max-snippet:-1, max-image-preview:large, max-video-preview:-1\" \/>\n<link rel=\"canonical\" href=\"https:\/\/carleton.ca\/profbrouard\/icsemcanadagroup\/\" \/>\n<meta name=\"twitter:label1\" content=\"Est. reading time\" \/>\n\t<meta name=\"twitter:data1\" content=\"3 minutes\" \/>\n<script type=\"application\/ld+json\" class=\"yoast-schema-graph\">{\"@context\":\"https:\/\/schema.org\",\"@graph\":[{\"@type\":\"WebPage\",\"@id\":\"https:\/\/carleton.ca\/profbrouard\/icsemcanadagroup\/\",\"url\":\"https:\/\/carleton.ca\/profbrouard\/icsemcanadagroup\/\",\"name\":\"ICSEM Canada Group - Professor Fran\u00e7ois Brouard\",\"isPartOf\":{\"@id\":\"https:\/\/carleton.ca\/profbrouard\/#website\"},\"datePublished\":\"2017-07-13T15:47:20+00:00\",\"dateModified\":\"2018-06-30T14:49:08+00:00\",\"description\":\"site maintained by the Sprott Centre for Social Enterprises \/ Centre Sprott pour les entreprises sociales, (Fran\u00e7ois Brouard, DBA, FCPA, FCA; Director,\",\"breadcrumb\":{\"@id\":\"https:\/\/carleton.ca\/profbrouard\/icsemcanadagroup\/#breadcrumb\"},\"inLanguage\":\"en-US\",\"potentialAction\":[{\"@type\":\"ReadAction\",\"target\":[\"https:\/\/carleton.ca\/profbrouard\/icsemcanadagroup\/\"]}]},{\"@type\":\"BreadcrumbList\",\"@id\":\"https:\/\/carleton.ca\/profbrouard\/icsemcanadagroup\/#breadcrumb\",\"itemListElement\":[{\"@type\":\"ListItem\",\"position\":1,\"name\":\"Home\",\"item\":\"https:\/\/carleton.ca\/profbrouard\/\"},{\"@type\":\"ListItem\",\"position\":2,\"name\":\"ICSEM Canada Group\"}]},{\"@type\":\"WebSite\",\"@id\":\"https:\/\/carleton.ca\/profbrouard\/#website\",\"url\":\"https:\/\/carleton.ca\/profbrouard\/\",\"name\":\"Professor Fran\u00e7ois Brouard\",\"description\":\"Carleton University\",\"potentialAction\":[{\"@type\":\"SearchAction\",\"target\":{\"@type\":\"EntryPoint\",\"urlTemplate\":\"https:\/\/carleton.ca\/profbrouard\/?s={search_term_string}\"},\"query-input\":\"required name=search_term_string\"}],\"inLanguage\":\"en-US\"}]}<\/script>\n<!-- \/ Yoast SEO plugin. -->","yoast_head_json":{"title":"ICSEM Canada Group - Professor Fran\u00e7ois Brouard","description":"site maintained by the Sprott Centre for Social Enterprises \/ Centre Sprott pour les entreprises sociales, (Fran\u00e7ois Brouard, DBA, FCPA, FCA; Director,","robots":{"index":"index","follow":"follow","max-snippet":"max-snippet:-1","max-image-preview":"max-image-preview:large","max-video-preview":"max-video-preview:-1"},"canonical":"https:\/\/carleton.ca\/profbrouard\/icsemcanadagroup\/","twitter_misc":{"Est. reading time":"3 minutes"},"schema":{"@context":"https:\/\/schema.org","@graph":[{"@type":"WebPage","@id":"https:\/\/carleton.ca\/profbrouard\/icsemcanadagroup\/","url":"https:\/\/carleton.ca\/profbrouard\/icsemcanadagroup\/","name":"ICSEM Canada Group - Professor Fran\u00e7ois Brouard","isPartOf":{"@id":"https:\/\/carleton.ca\/profbrouard\/#website"},"datePublished":"2017-07-13T15:47:20+00:00","dateModified":"2018-06-30T14:49:08+00:00","description":"site maintained by the Sprott Centre for Social Enterprises \/ Centre Sprott pour les entreprises sociales, (Fran\u00e7ois Brouard, DBA, FCPA, FCA; Director,","breadcrumb":{"@id":"https:\/\/carleton.ca\/profbrouard\/icsemcanadagroup\/#breadcrumb"},"inLanguage":"en-US","potentialAction":[{"@type":"ReadAction","target":["https:\/\/carleton.ca\/profbrouard\/icsemcanadagroup\/"]}]},{"@type":"BreadcrumbList","@id":"https:\/\/carleton.ca\/profbrouard\/icsemcanadagroup\/#breadcrumb","itemListElement":[{"@type":"ListItem","position":1,"name":"Home","item":"https:\/\/carleton.ca\/profbrouard\/"},{"@type":"ListItem","position":2,"name":"ICSEM Canada Group"}]},{"@type":"WebSite","@id":"https:\/\/carleton.ca\/profbrouard\/#website","url":"https:\/\/carleton.ca\/profbrouard\/","name":"Professor Fran\u00e7ois Brouard","description":"Carleton University","potentialAction":[{"@type":"SearchAction","target":{"@type":"EntryPoint","urlTemplate":"https:\/\/carleton.ca\/profbrouard\/?s={search_term_string}"},"query-input":"required name=search_term_string"}],"inLanguage":"en-US"}]}},"acf":{"banner_image_type":"none"},"_links":{"self":[{"href":"https:\/\/carleton.ca\/profbrouard\/wp-json\/wp\/v2\/pages\/429"}],"collection":[{"href":"https:\/\/carleton.ca\/profbrouard\/wp-json\/wp\/v2\/pages"}],"about":[{"href":"https:\/\/carleton.ca\/profbrouard\/wp-json\/wp\/v2\/types\/page"}],"author":[{"embeddable":true,"href":"https:\/\/carleton.ca\/profbrouard\/wp-json\/wp\/v2\/users\/5"}],"replies":[{"embeddable":true,"href":"https:\/\/carleton.ca\/profbrouard\/wp-json\/wp\/v2\/comments?post=429"}],"version-history":[{"count":3,"href":"https:\/\/carleton.ca\/profbrouard\/wp-json\/wp\/v2\/pages\/429\/revisions"}],"predecessor-version":[{"id":1977,"href":"https:\/\/carleton.ca\/profbrouard\/wp-json\/wp\/v2\/pages\/429\/revisions\/1977"}],"wp:attachment":[{"href":"https:\/\/carleton.ca\/profbrouard\/wp-json\/wp\/v2\/media?parent=429"}],"curies":[{"name":"wp","href":"https:\/\/api.w.org\/{rel}","templated":true}]}}