{"id":637,"date":"2017-10-07T08:20:01","date_gmt":"2017-10-07T12:20:01","guid":{"rendered":"https:\/\/carleton.ca\/profbrouard\/?page_id=637"},"modified":"2021-12-14T16:05:05","modified_gmt":"2021-12-14T21:05:05","slug":"blog","status":"publish","type":"page","link":"https:\/\/carleton.ca\/profbrouard\/blog\/","title":{"rendered":"Blog \/ Commentaires"},"content":{"rendered":"<h1>Fran\u00e7ois Brouard, DBA, FCPA, FCA<\/h1>\n<h2>BLOG \/ COMMENTAIRES<\/h2>\n<p>Brouard, F., Litalien, M. Commentaires au Minist\u00e8re des Finances Canada &#8211; Consultation sur les organismes de bienfaisance: Stimuler les d\u00e9penses de bienfaisance dans nos communaut\u00e9s, 30 septembre 2021, 8p. <a href=\"https:\/\/carleton.ca\/profbrouard\/wp-content\/uploads\/lettreFinanceCanadaconsultationdepensesbienfaisance20210930FB.pdf\" target=\"_blank\" rel=\"noopener noreferrer\">PDF<\/a> <\/p>\n<p>Brouard, F. \u00abFiscalit\u00e9, avez-vous pens\u00e9 \u00e0 tout pour votre transfert?\u00bb, Centre de Transfert d\u2019entreprise du Qu\u00e9bec (CTEQ), 23 mars \/ 16 avril 2018 (2 min.).  <a href=\"https:\/\/m.youtube.com\/watch?v=5WEYiiQd4CQ\" target=\"_blank\" rel=\"noopener noreferrer\">vid\u00e9o YouTube<\/a> \/ <a href=\"https:\/\/www.bloguecteq.com\/single-post\/2018\/04\/16\/fiscalite-en-transfert\" target=\"_blank\" rel=\"noopener noreferrer\">vid\u00e9o CTEQ<\/a><\/p>\n<p>Brouard, F. \u00abL\u2019entreprise sociale, vous nous expliquez?\u00bb, Centre de Transfert d\u2019entreprise du Qu\u00e9bec (CTEQ), 23 mars 2018 (2 min.). <a href=\"https:\/\/m.youtube.com\/watch?v=m6oDtEfSGk0\" target=\"_blank\" rel=\"noopener noreferrer\">vid\u00e9o YouTube<\/a><\/p>\n<p>Brouard, F., Gaudet, E., L\u00e9vesque, G., Paulhus Gosselin, M., Turcot, G. (2018). \u00abAtelier 2 &#8211; Rendez-vous d&#8217;experts: Comment bien s&#8217;entourer pour r\u00e9ussir son transfert?\u00bb, Sommet r\u00e9gional du repreneuriat de Gatineau, Gatineau, 23 f\u00e9vrier 2018. (Pan\u00e9liste) <a href=\"https:\/\/carleton.ca\/profbrouard\/wp-content\/uploads\/SommetrepreneuriatGatineauModeletransmission201802Brouard.pdf\" target=\"_blank\" rel=\"noopener noreferrer\">PDF mod\u00e8les de transmission (2p.)<\/a><\/p>\n<p>Brouard, F. (Compte-rendu de lecture). Sylvie Ouellette et Christiane Vien (2017). <i>\u00c9crire l&#8217;humour, C&#8217;est pas des farces!<\/i>, Montr\u00e9al: \u00c9ditions Druide. <a href=\"https:\/\/carleton.ca\/profbrouard\/wp-content\/uploads\/CompterenduLivreOuelletteVienEcrirelhumourBrouard20180107.pdf\" target=\"_blank\" rel=\"noopener noreferrer\">PDF 7 janvier 2018 (4p.)<\/a><\/p>\n<p>Brouard, F. (Compte-rendu de lecture). Isabelle M\u00e9nard (dir.) (2017). <i>Tomber en humour<\/i>, Montr\u00e9al: \u00c9ditions Somme Toute. <a href=\"https:\/\/carleton.ca\/profbrouard\/wp-content\/uploads\/CompterenduLivreMenardTomberenhumourBrouard20171204.pdf\" target=\"_blank\" rel=\"noopener noreferrer\">PDF 4 d\u00e9cembre 2017 (3p.)<\/a><\/p>\n<p>Brouard, F. Comments to Department of Finance &#8211; Tax measures on CCPC, 30 September 2017, 15p. <a href=\"https:\/\/carleton.ca\/profbrouard\/wp-content\/uploads\/memoBrouardTaxmeasuresCCPC201709.pdf\" target=\"_blank\" rel=\"noopener noreferrer\">PDF<\/a> <\/p>\n<p>SAVINGS WITHOUT TAXES &#8211; TFSA \/ EPARGNER A L&#8217;ABRI DE L&#8217;IMPOT &#8211; CELI<br \/>\nArticle on Tax-Free Savings Account (TFSA) <a href=\"http:\/\/http-server.carleton.ca\/~fbrouard\/documents\/CELITFSAarticleENBrouard.pdf\" target=\"_blank\" rel=\"noopener noreferrer\">2009 EN (3p.)<\/a><br \/>\nArticle sur le Compte d&#8217;epargne libre d&#8217;impot (CELI) <a href=\"http:\/\/http-server.carleton.ca\/~fbrouard\/documents\/CELITFSAarticleFRBrouard.pdf\" target=\"_blank\" rel=\"noopener noreferrer\">2009 FR (3p.)<\/a><\/p>\n<p><\/p>\n<table border=\"0\" width=\"800\" cellspacing=\"0\" cellpadding=\"2\">\n<tbody>\n<tr class=\"DecreaseFontMore\" bgcolor=\"#cccccc\">\n<td>\u00a9\u00a0Francois Brouard, Tous droits r\u00e9serv\u00e9s \/ All rights reserved<br \/>\nMise-\u00e0-jour \/ Updated December 14 d\u00e9cembre 2021<\/td>\n<\/tr>\n<\/tbody>\n<\/table>\n","protected":false},"excerpt":{"rendered":"<p>Fran\u00e7ois Brouard, DBA, FCPA, FCA BLOG \/ COMMENTAIRES Brouard, F., Litalien, M. Commentaires au Minist\u00e8re des Finances Canada &#8211; Consultation sur les organismes de bienfaisance: Stimuler les d\u00e9penses de bienfaisance dans nos communaut\u00e9s, 30 septembre 2021, 8p. PDF Brouard, F. \u00abFiscalit\u00e9, avez-vous pens\u00e9 \u00e0 tout pour votre transfert?\u00bb, Centre de Transfert d\u2019entreprise du Qu\u00e9bec (CTEQ), [&hellip;]<\/p>\n","protected":false},"author":6,"featured_media":0,"parent":0,"menu_order":0,"comment_status":"closed","ping_status":"closed","template":"","meta":{"_relevanssi_hide_post":"","_relevanssi_hide_content":"","_relevanssi_pin_for_all":"","_relevanssi_pin_keywords":"","_relevanssi_unpin_keywords":"","_relevanssi_related_keywords":"","_relevanssi_related_include_ids":"","_relevanssi_related_exclude_ids":"","_relevanssi_related_no_append":"","_relevanssi_related_not_related":"","_relevanssi_related_posts":"","_relevanssi_noindex_reason":"","_mi_skip_tracking":false,"_exactmetrics_sitenote_active":false,"_exactmetrics_sitenote_note":"","_exactmetrics_sitenote_category":0,"footnotes":"","_links_to":"","_links_to_target":""},"yoast_head":"<!-- This site is optimized with the Yoast SEO plugin v21.2 - https:\/\/yoast.com\/wordpress\/plugins\/seo\/ -->\n<title>Blog \/ Commentaires - Professor Fran\u00e7ois Brouard<\/title>\n<meta name=\"description\" content=\"Fran\u00e7ois Brouard, DBA, FCPA, FCA BLOG \/ COMMENTAIRES Brouard, F., Litalien, M. Commentaires au Minist\u00e8re des Finances Canada - Consultation sur les\" \/>\n<meta name=\"robots\" content=\"index, follow, max-snippet:-1, max-image-preview:large, max-video-preview:-1\" \/>\n<link rel=\"canonical\" href=\"https:\/\/carleton.ca\/profbrouard\/blog\/\" \/>\n<meta name=\"twitter:label1\" content=\"Est. reading time\" \/>\n\t<meta name=\"twitter:data1\" content=\"1 minute\" \/>\n<script type=\"application\/ld+json\" class=\"yoast-schema-graph\">{\"@context\":\"https:\/\/schema.org\",\"@graph\":[{\"@type\":\"WebPage\",\"@id\":\"https:\/\/carleton.ca\/profbrouard\/blog\/\",\"url\":\"https:\/\/carleton.ca\/profbrouard\/blog\/\",\"name\":\"Blog \/ Commentaires - Professor Fran\u00e7ois Brouard\",\"isPartOf\":{\"@id\":\"https:\/\/carleton.ca\/profbrouard\/#website\"},\"datePublished\":\"2017-10-07T12:20:01+00:00\",\"dateModified\":\"2021-12-14T21:05:05+00:00\",\"description\":\"Fran\u00e7ois Brouard, DBA, FCPA, FCA BLOG \/ COMMENTAIRES Brouard, F., Litalien, M. Commentaires au Minist\u00e8re des Finances Canada - Consultation sur les\",\"breadcrumb\":{\"@id\":\"https:\/\/carleton.ca\/profbrouard\/blog\/#breadcrumb\"},\"inLanguage\":\"en-US\",\"potentialAction\":[{\"@type\":\"ReadAction\",\"target\":[\"https:\/\/carleton.ca\/profbrouard\/blog\/\"]}]},{\"@type\":\"BreadcrumbList\",\"@id\":\"https:\/\/carleton.ca\/profbrouard\/blog\/#breadcrumb\",\"itemListElement\":[{\"@type\":\"ListItem\",\"position\":1,\"name\":\"Home\",\"item\":\"https:\/\/carleton.ca\/profbrouard\/\"},{\"@type\":\"ListItem\",\"position\":2,\"name\":\"Blog \/ Commentaires\"}]},{\"@type\":\"WebSite\",\"@id\":\"https:\/\/carleton.ca\/profbrouard\/#website\",\"url\":\"https:\/\/carleton.ca\/profbrouard\/\",\"name\":\"Professor Fran\u00e7ois Brouard\",\"description\":\"Carleton University\",\"potentialAction\":[{\"@type\":\"SearchAction\",\"target\":{\"@type\":\"EntryPoint\",\"urlTemplate\":\"https:\/\/carleton.ca\/profbrouard\/?s={search_term_string}\"},\"query-input\":\"required name=search_term_string\"}],\"inLanguage\":\"en-US\"}]}<\/script>\n<!-- \/ Yoast SEO plugin. -->","yoast_head_json":{"title":"Blog \/ Commentaires - Professor Fran\u00e7ois Brouard","description":"Fran\u00e7ois Brouard, DBA, FCPA, FCA BLOG \/ COMMENTAIRES Brouard, F., Litalien, M. Commentaires au Minist\u00e8re des Finances Canada - Consultation sur les","robots":{"index":"index","follow":"follow","max-snippet":"max-snippet:-1","max-image-preview":"max-image-preview:large","max-video-preview":"max-video-preview:-1"},"canonical":"https:\/\/carleton.ca\/profbrouard\/blog\/","twitter_misc":{"Est. reading time":"1 minute"},"schema":{"@context":"https:\/\/schema.org","@graph":[{"@type":"WebPage","@id":"https:\/\/carleton.ca\/profbrouard\/blog\/","url":"https:\/\/carleton.ca\/profbrouard\/blog\/","name":"Blog \/ Commentaires - Professor Fran\u00e7ois Brouard","isPartOf":{"@id":"https:\/\/carleton.ca\/profbrouard\/#website"},"datePublished":"2017-10-07T12:20:01+00:00","dateModified":"2021-12-14T21:05:05+00:00","description":"Fran\u00e7ois Brouard, DBA, FCPA, FCA BLOG \/ COMMENTAIRES Brouard, F., Litalien, M. Commentaires au Minist\u00e8re des Finances Canada - Consultation sur les","breadcrumb":{"@id":"https:\/\/carleton.ca\/profbrouard\/blog\/#breadcrumb"},"inLanguage":"en-US","potentialAction":[{"@type":"ReadAction","target":["https:\/\/carleton.ca\/profbrouard\/blog\/"]}]},{"@type":"BreadcrumbList","@id":"https:\/\/carleton.ca\/profbrouard\/blog\/#breadcrumb","itemListElement":[{"@type":"ListItem","position":1,"name":"Home","item":"https:\/\/carleton.ca\/profbrouard\/"},{"@type":"ListItem","position":2,"name":"Blog \/ Commentaires"}]},{"@type":"WebSite","@id":"https:\/\/carleton.ca\/profbrouard\/#website","url":"https:\/\/carleton.ca\/profbrouard\/","name":"Professor Fran\u00e7ois Brouard","description":"Carleton University","potentialAction":[{"@type":"SearchAction","target":{"@type":"EntryPoint","urlTemplate":"https:\/\/carleton.ca\/profbrouard\/?s={search_term_string}"},"query-input":"required name=search_term_string"}],"inLanguage":"en-US"}]}},"acf":{"banner_image_type":"none","banner_button":"no"},"_links":{"self":[{"href":"https:\/\/carleton.ca\/profbrouard\/wp-json\/wp\/v2\/pages\/637"}],"collection":[{"href":"https:\/\/carleton.ca\/profbrouard\/wp-json\/wp\/v2\/pages"}],"about":[{"href":"https:\/\/carleton.ca\/profbrouard\/wp-json\/wp\/v2\/types\/page"}],"author":[{"embeddable":true,"href":"https:\/\/carleton.ca\/profbrouard\/wp-json\/wp\/v2\/users\/6"}],"replies":[{"embeddable":true,"href":"https:\/\/carleton.ca\/profbrouard\/wp-json\/wp\/v2\/comments?post=637"}],"version-history":[{"count":3,"href":"https:\/\/carleton.ca\/profbrouard\/wp-json\/wp\/v2\/pages\/637\/revisions"}],"predecessor-version":[{"id":3942,"href":"https:\/\/carleton.ca\/profbrouard\/wp-json\/wp\/v2\/pages\/637\/revisions\/3942"}],"wp:attachment":[{"href":"https:\/\/carleton.ca\/profbrouard\/wp-json\/wp\/v2\/media?parent=637"}],"curies":[{"name":"wp","href":"https:\/\/api.w.org\/{rel}","templated":true}]}}