{"id":725,"date":"2017-10-22T19:17:51","date_gmt":"2017-10-22T23:17:51","guid":{"rendered":"https:\/\/carleton.ca\/profbrouard\/?page_id=725"},"modified":"2017-10-30T22:42:16","modified_gmt":"2017-10-31T02:42:16","slug":"enquetehumour","status":"publish","type":"page","link":"https:\/\/carleton.ca\/profbrouard\/enquetehumour\/","title":{"rendered":"Enquetehumour"},"content":{"rendered":"<h2>Enqu\u00eate sur le portrait sociod\u00e9mographique et l&#8217;\u00e9galit\u00e9 homme-femme chez les cr\u00e9atrices et cr\u00e9ateurs d&#8217;humour au Qu\u00e9bec<\/h2>\n<h3>Chercheurs(es)<\/h3>\n<p>Christelle PAR\u00c9, M.A., Ph.D., Centre for Comedy Studies Research, Brunel University, London<br \/>\nFran\u00e7ois BROUARD, DBA, FCPA, FCA, Sprott School of Business, Carleton University, Ottawa<\/p>\n<h3>Promoteurs<\/h3>\n<p>Groupe de recherche sur l&#8217;industrie de l&#8217;humour (GRIH) <a href=\"http:\/\/carleton.ca\/profbrouard\/humour\" target=\"_blank\" rel=\"noopener\">site GRIH<\/a><br \/>\nCoalition des femmes en humour (Coalition FH)<br \/>\nAssociation des professionnels de l\u2019industrie de l\u2019humour (APIH) <a href=\"http:\/\/www.apih.ca\/\" target=\"_blank\" rel=\"noopener\">site APIH<\/a><br \/>\n\u00c9cole nationale de l&#8217;humour (ENH) <a href=\"http:\/\/www.enh.qc.ca\" target=\"_blank\" rel=\"noopener\">site ENH<\/a><\/p>\n<h3>Lettre d&#8217;information et de consentement<\/h3>\n<p>\u00c0 tous les humoristes, auteurs(es) et metteurs(es) en sc\u00e8ne de l&#8217;industrie de l&#8217;humour francophone qu\u00e9b\u00e9coise<\/p>\n<p><em>Invitation \u00e0 participer<\/em><br \/>\n\u00c0 l\u2019image d\u2019une mouvance dans le milieu artistique qu\u00e9b\u00e9cois sur l\u2019\u00e9galit\u00e9 homme-femme, un groupe de cr\u00e9atrices de l\u2019industrie de l\u2019humour, la Coalition des femmes en humour (Coalition FH), a voulu r\u00e9fl\u00e9chir \u00e0 la question. Afin de bien saisir le r\u00e9el portrait de la situation, et de transmettre ce portrait aux d\u00e9cideurs de l\u2019industrie et au public, la Coalition FH vous invite aujourd\u2019hui \u00e0 remplir ce sondage. En effet, \u00e0 ce jour, il est impossible de comparer la situation de nos cr\u00e9ateurs avec ceux d\u2019autres disciplines artistiques, telles que la litt\u00e9rature, la danse, le th\u00e9\u00e2tre ou le cin\u00e9ma. Afin que les institutions culturelles comprennent davantage qui sont nos cr\u00e9ateurs, cette enqu\u00eate vise \u00e0 obtenir un portrait de la population des artistes de l\u2019humour sur le territoire qu\u00e9b\u00e9cois.<\/p>\n<p>Dans la foul\u00e9e de son implication au sein de la Coalition pour l\u2019\u00e9galit\u00e9 homme-femme en culture, l\u2019Association des professionnels de l\u2019industrie de l\u2018humour (APIH) appuie cette recherche et invite ses membres cr\u00e9ateurs et tous les membres cr\u00e9ateurs de l\u2019industrie \u00e0 remplir le questionnaire. L\u2019enqu\u00eate s\u2019ins\u00e8re dans un projet financ\u00e9 par le Centre for Research and Education on Women and Work (CREWW) \u00e0 l\u2019Universit\u00e9 Carleton.<\/p>\n<p><em>But de l\u2019\u00e9tude<\/em><br \/>\nCe sondage s\u2019adresse aux cr\u00e9atrices et aux cr\u00e9ateurs du milieu de l\u2019humour. L\u2019enqu\u00eate pr\u00e9sente deux objectifs :<br \/>\n1) Rendre compte de la r\u00e9alit\u00e9 socio-\u00e9conomique des cr\u00e9ateurs d\u2019humour, hommes et femmes, dans l\u2019industrie francophone qu\u00e9b\u00e9coise.<br \/>\n2) Regrouper le plus de donn\u00e9es probantes possibles pour illustrer de mani\u00e8re concr\u00e8te la r\u00e9alit\u00e9 des femmes cr\u00e9atrices en humour (humoristes, auteures et metteures en sc\u00e8ne) et tenter de la comprendre.<\/p>\n<p><em>Participation volontaire<\/em><br \/>\nSi vous acceptez de participer \u00e0 ce projet, nous vous demandons de remplir le questionnaire ci-joint.<br \/>\nLe temps estim\u00e9 pour r\u00e9pondre aux questions divis\u00e9es en deux parties est de 20 minutes. La premi\u00e8re partie compte des questions sur la r\u00e9alit\u00e9 d\u00e9mographique et socio-\u00e9conomique. La deuxi\u00e8me partie pose des questions portant sur le d\u00e9veloppement de l\u2019\u00e9galit\u00e9 entre les hommes et les femmes en humour au Qu\u00e9bec. Si une question vous met mal \u00e0 l\u2019aise, vous n\u2019\u00eates pas oblig\u00e9(e) d\u2019y r\u00e9pondre. Vous n\u2019avez qu\u2019\u00e0 s\u00e9lectionner \u00ab Refus de r\u00e9pondre \u00bb \u00e0 la fin de la question. De plus, vous pouvez vous retirer du sondage en tout temps.<\/p>\n<p><em>Confidentialit\u00e9 et anonymat<\/em><br \/>\nL\u2019information que vous partagerez restera strictement confidentielle. Les donn\u00e9es seront compil\u00e9es et analys\u00e9es par l\u2019\u00e9quipe de recherche dirig\u00e9e par Christelle Par\u00e9, chercheure postdoctorale au Centre for Comedy Studies Research de l\u2019Universit\u00e9 Brunel de Londres (Angleterre), et Fran\u00e7ois Brouard, professeur titulaire \u00e0 la Sprott School of Business de l\u2019Universit\u00e9 Carleton. En tant que chercheurs externes, les sondages leur seront transf\u00e9r\u00e9s \u00e0 eux seulement. Afin de minimiser les risques d\u2019atteinte \u00e0 votre s\u00e9curit\u00e9 et pour assurer votre confidentialit\u00e9 nous vous recommandons d\u2019utiliser des mesures de s\u00e9curit\u00e9 standard, telles que mettre fin \u00e0 la session, fermer votre navigateur Internet et verrouiller votre \u00e9cran ou appareil lorsque vous avez termin\u00e9 l\u2019\u00e9tude. Votre anonymat est garanti car nous ne vous demandons pas votre nom ou autre information permettant de vous identifier.<\/p>\n<p><em>Conservation des donn\u00e9es<\/em><br \/>\nLes donn\u00e9es recueillies seront conserv\u00e9es de fa\u00e7on s\u00e9curitaire dans leurs bureaux (barr\u00e9s sous cl\u00e9) et les fichiers \u00e9lectroniques seront prot\u00e9g\u00e9s par des mots de passe. Tous les questionnaires seront d\u00e9truits une fois leur exploitation termin\u00e9e.<\/p>\n<p><em>Diffusion des r\u00e9sultats<\/em><br \/>\nLes possibilit\u00e9s de diffusion comprennent notamment des articles scientifiques et professionnels, des conf\u00e9rences universitaires, des rapports de recherche, des communications aupr\u00e8s de repr\u00e9sentants de l\u2019industrie de l\u2019humour et d\u2019institutions culturelles et des rencontres avec des membres des m\u00e9dias. Si vous le d\u00e9sirez, les r\u00e9sultats de l\u2019enqu\u00eate pourront vous \u00eatre transmis. Il s\u2019agit de nous exp\u00e9dier un courriel avec votre demande.<\/p>\n<p>Si vous avez des questions, n&#8217;h\u00e9sitez pas \u00e0 nous contacter aux coordonn\u00e9es ci-dessous. Nous nous ferons un plaisir de vous aider.<br \/>\nChristelle PAR\u00c9, M.A., Ph.D.<br \/>\n&#99;&#x68;&#114;&#x69;&#115;&#x74;&#101;&#x6c;&#108;&#x65;&#46;&#x70;a&#x72;e&#x40;u&#x63;s&#x2e;i&#x6e;r&#115;&#x2e;&#99;&#x61;<br \/>\nTel: (514) 561-6533<br \/>\nCentre for Comedy Studies Research, Brunel University, London<\/p>\n<p>Fran\u00e7ois BROUARD, DBA, FCPA, FCA<br \/>\n&#x66;&#114;a&#x6e;&#99;&#111;&#x69;&#x73;&#46;b&#x72;&#111;u&#x61;&#x72;&#100;&#64;&#x63;&#97;r&#x6c;&#x65;&#116;o&#x6e;&#46;c&#x61;<br \/>\nTel: (514) 520-2600, poste 2213<br \/>\nSprott School of Business, Carleton University<\/p>\n<p>Ce projet de recherche a re\u00e7u l\u2019approbation du comit\u00e9 d\u2019\u00e9thique \u00e0 la recherche de l\u2019Universit\u00e9 Carleton (no.106253). Pour tout renseignement sur les aspects \u00e9thiques de cette recherche, veuillez contacter Dr Andy Adler, pr\u00e9sident, Carleton University Research Ethics Board-A (via t\u00e9l\u00e9phone 613-520-2600, poste 2517 ou par courriel &#x65;&#116;h&#x69;&#99;s&#x40;&#99;a&#x72;&#108;e&#x74;&#111;n&#x2e;&#99;a).<\/p>\n<p>Cliquez ici (<a href=\"https:\/\/carleton.ca\/profbrouard\/wp-content\/uploads\/EnquetehumourLettreinformationBrouard-Pare20171023.pdf\" target=\"_blank\" rel=\"noopener\">lien vers PDF de la lettre d\u2019information et de consentement<\/a> \u00e0 http:\/\/carleton.ca\/profbrouard\/enquetehumour\/) pour conserver et imprimer une copie de la pr\u00e9sente lettre.<\/p>\n<p>Nous vous remercions \u00e0 l\u2019avance pour votre pr\u00e9cieuse participation,<\/p>\n<h3>Liens vers le questionnaire de l&#8217;enqu\u00eate<\/h3>\n<p>Choisir le questionnaire appropri\u00e9 \u00e0 votre situation.<br \/>\n<a href=\"https:\/\/fr.surveymonkey.com\/r\/creatriceshumourfemmes\" target=\"_blank\" rel=\"noopener\"> Acc\u00e8s au questionnaire pour les femmes<\/a><br \/>\n<a href=\"https:\/\/fr.surveymonkey.com\/r\/createurshumourhommes\" target=\"_blank\" rel=\"noopener\"> Acc\u00e8s au questionnaire pour les hommes<\/a><\/p>\n","protected":false},"excerpt":{"rendered":"<p>Enqu\u00eate sur le portrait sociod\u00e9mographique et l&#8217;\u00e9galit\u00e9 homme-femme chez les cr\u00e9atrices et cr\u00e9ateurs d&#8217;humour au Qu\u00e9bec Chercheurs(es) Christelle PAR\u00c9, M.A., Ph.D., Centre for Comedy Studies Research, Brunel University, London Fran\u00e7ois BROUARD, DBA, FCPA, FCA, Sprott School of Business, Carleton University, Ottawa Promoteurs Groupe de recherche sur l&#8217;industrie de l&#8217;humour (GRIH) site GRIH Coalition des femmes [&hellip;]<\/p>\n","protected":false},"author":6,"featured_media":0,"parent":0,"menu_order":0,"comment_status":"closed","ping_status":"closed","template":"","meta":{"_relevanssi_hide_post":"","_relevanssi_hide_content":"","_relevanssi_pin_for_all":"","_relevanssi_pin_keywords":"","_relevanssi_unpin_keywords":"","_relevanssi_related_keywords":"","_relevanssi_related_include_ids":"","_relevanssi_related_exclude_ids":"","_relevanssi_related_no_append":"","_relevanssi_related_not_related":"","_relevanssi_related_posts":"","_relevanssi_noindex_reason":"","_mi_skip_tracking":false,"_exactmetrics_sitenote_active":false,"_exactmetrics_sitenote_note":"","_exactmetrics_sitenote_category":0,"footnotes":"","_links_to":"","_links_to_target":""},"yoast_head":"<!-- This site is optimized with the Yoast SEO plugin v21.2 - https:\/\/yoast.com\/wordpress\/plugins\/seo\/ -->\n<title>Enquetehumour - Professor Fran\u00e7ois Brouard<\/title>\n<meta name=\"description\" content=\"Enqu\u00eate sur le portrait sociod\u00e9mographique et l&#039;\u00e9galit\u00e9 homme-femme chez les cr\u00e9atrices et cr\u00e9ateurs d&#039;humour au Qu\u00e9bec Chercheurs(es) Christelle PAR\u00c9,\" \/>\n<meta name=\"robots\" content=\"index, follow, max-snippet:-1, max-image-preview:large, max-video-preview:-1\" \/>\n<link rel=\"canonical\" href=\"https:\/\/carleton.ca\/profbrouard\/enquetehumour\/\" \/>\n<meta name=\"twitter:label1\" content=\"Est. reading time\" \/>\n\t<meta name=\"twitter:data1\" content=\"5 minutes\" \/>\n<script type=\"application\/ld+json\" class=\"yoast-schema-graph\">{\"@context\":\"https:\/\/schema.org\",\"@graph\":[{\"@type\":\"WebPage\",\"@id\":\"https:\/\/carleton.ca\/profbrouard\/enquetehumour\/\",\"url\":\"https:\/\/carleton.ca\/profbrouard\/enquetehumour\/\",\"name\":\"Enquetehumour - Professor Fran\u00e7ois Brouard\",\"isPartOf\":{\"@id\":\"https:\/\/carleton.ca\/profbrouard\/#website\"},\"datePublished\":\"2017-10-22T23:17:51+00:00\",\"dateModified\":\"2017-10-31T02:42:16+00:00\",\"description\":\"Enqu\u00eate sur le portrait sociod\u00e9mographique et l'\u00e9galit\u00e9 homme-femme chez les cr\u00e9atrices et cr\u00e9ateurs d'humour au Qu\u00e9bec Chercheurs(es) Christelle PAR\u00c9,\",\"breadcrumb\":{\"@id\":\"https:\/\/carleton.ca\/profbrouard\/enquetehumour\/#breadcrumb\"},\"inLanguage\":\"en-US\",\"potentialAction\":[{\"@type\":\"ReadAction\",\"target\":[\"https:\/\/carleton.ca\/profbrouard\/enquetehumour\/\"]}]},{\"@type\":\"BreadcrumbList\",\"@id\":\"https:\/\/carleton.ca\/profbrouard\/enquetehumour\/#breadcrumb\",\"itemListElement\":[{\"@type\":\"ListItem\",\"position\":1,\"name\":\"Home\",\"item\":\"https:\/\/carleton.ca\/profbrouard\/\"},{\"@type\":\"ListItem\",\"position\":2,\"name\":\"Enquetehumour\"}]},{\"@type\":\"WebSite\",\"@id\":\"https:\/\/carleton.ca\/profbrouard\/#website\",\"url\":\"https:\/\/carleton.ca\/profbrouard\/\",\"name\":\"Professor Fran\u00e7ois Brouard\",\"description\":\"Carleton University\",\"potentialAction\":[{\"@type\":\"SearchAction\",\"target\":{\"@type\":\"EntryPoint\",\"urlTemplate\":\"https:\/\/carleton.ca\/profbrouard\/?s={search_term_string}\"},\"query-input\":\"required name=search_term_string\"}],\"inLanguage\":\"en-US\"}]}<\/script>\n<!-- \/ Yoast SEO plugin. -->","yoast_head_json":{"title":"Enquetehumour - Professor Fran\u00e7ois Brouard","description":"Enqu\u00eate sur le portrait sociod\u00e9mographique et l'\u00e9galit\u00e9 homme-femme chez les cr\u00e9atrices et cr\u00e9ateurs d'humour au Qu\u00e9bec Chercheurs(es) Christelle PAR\u00c9,","robots":{"index":"index","follow":"follow","max-snippet":"max-snippet:-1","max-image-preview":"max-image-preview:large","max-video-preview":"max-video-preview:-1"},"canonical":"https:\/\/carleton.ca\/profbrouard\/enquetehumour\/","twitter_misc":{"Est. reading time":"5 minutes"},"schema":{"@context":"https:\/\/schema.org","@graph":[{"@type":"WebPage","@id":"https:\/\/carleton.ca\/profbrouard\/enquetehumour\/","url":"https:\/\/carleton.ca\/profbrouard\/enquetehumour\/","name":"Enquetehumour - Professor Fran\u00e7ois Brouard","isPartOf":{"@id":"https:\/\/carleton.ca\/profbrouard\/#website"},"datePublished":"2017-10-22T23:17:51+00:00","dateModified":"2017-10-31T02:42:16+00:00","description":"Enqu\u00eate sur le portrait sociod\u00e9mographique et l'\u00e9galit\u00e9 homme-femme chez les cr\u00e9atrices et cr\u00e9ateurs d'humour au Qu\u00e9bec Chercheurs(es) Christelle PAR\u00c9,","breadcrumb":{"@id":"https:\/\/carleton.ca\/profbrouard\/enquetehumour\/#breadcrumb"},"inLanguage":"en-US","potentialAction":[{"@type":"ReadAction","target":["https:\/\/carleton.ca\/profbrouard\/enquetehumour\/"]}]},{"@type":"BreadcrumbList","@id":"https:\/\/carleton.ca\/profbrouard\/enquetehumour\/#breadcrumb","itemListElement":[{"@type":"ListItem","position":1,"name":"Home","item":"https:\/\/carleton.ca\/profbrouard\/"},{"@type":"ListItem","position":2,"name":"Enquetehumour"}]},{"@type":"WebSite","@id":"https:\/\/carleton.ca\/profbrouard\/#website","url":"https:\/\/carleton.ca\/profbrouard\/","name":"Professor Fran\u00e7ois Brouard","description":"Carleton University","potentialAction":[{"@type":"SearchAction","target":{"@type":"EntryPoint","urlTemplate":"https:\/\/carleton.ca\/profbrouard\/?s={search_term_string}"},"query-input":"required name=search_term_string"}],"inLanguage":"en-US"}]}},"acf":{"banner_image_type":"none"},"_links":{"self":[{"href":"https:\/\/carleton.ca\/profbrouard\/wp-json\/wp\/v2\/pages\/725"}],"collection":[{"href":"https:\/\/carleton.ca\/profbrouard\/wp-json\/wp\/v2\/pages"}],"about":[{"href":"https:\/\/carleton.ca\/profbrouard\/wp-json\/wp\/v2\/types\/page"}],"author":[{"embeddable":true,"href":"https:\/\/carleton.ca\/profbrouard\/wp-json\/wp\/v2\/users\/6"}],"replies":[{"embeddable":true,"href":"https:\/\/carleton.ca\/profbrouard\/wp-json\/wp\/v2\/comments?post=725"}],"version-history":[{"count":3,"href":"https:\/\/carleton.ca\/profbrouard\/wp-json\/wp\/v2\/pages\/725\/revisions"}],"predecessor-version":[{"id":858,"href":"https:\/\/carleton.ca\/profbrouard\/wp-json\/wp\/v2\/pages\/725\/revisions\/858"}],"wp:attachment":[{"href":"https:\/\/carleton.ca\/profbrouard\/wp-json\/wp\/v2\/media?parent=725"}],"curies":[{"name":"wp","href":"https:\/\/api.w.org\/{rel}","templated":true}]}}