{"id":1228,"date":"2021-09-27T15:19:40","date_gmt":"2021-09-27T19:19:40","guid":{"rendered":"https:\/\/carleton.ca\/qes\/?page_id=1228"},"modified":"2023-06-29T14:20:19","modified_gmt":"2023-06-29T18:20:19","slug":"faq","status":"publish","type":"page","link":"https:\/\/carleton.ca\/qes\/qes-as-wa-2021-2024-2\/faq\/","title":{"rendered":"FAQ"},"content":{"rendered":"<div class=\"slideme\"><dl class=\"slideme__list\"><dt class=\"slideme__term\"><a href=\"#slideme-what-are-eligible-expenses\" aria-expanded=\"false\" aria-controls=\"slideme-what-are-eligible-expenses\" class=\"slideme__heading slideme__trigger\">What are eligible expenses?<\/a><\/dt><dd class=\"slideme__description\" id=\"slideme-what-are-eligible-expenses\" aria-hidden=\"true\"><p><\/p>\n<p>Eligible expenses include:<\/p>\n<ul>\n<li>Travel expenses: International airfare (the most direct and economical routing), airport taxes, visas, medical insurance, immunization, and ground transportation.<\/li>\n<li>Any registration\/tuition fees required by the Canadian university.<\/li>\n<li>Living allowance: which include accommodation, local transportation, food and communications and all other personal expenses.<\/li>\n<li>Research expenses: remuneration for research assistants, resources for the research (e.g., journals, data) as well as computer and laboratory services. This is not a procurement project, but reasonable equipment purchases may be allowed.<\/li>\n<li>Subsidies to support teaching replacements at the West African partner institution.<\/li>\n<li>Costs association with conference participation.<\/li>\n<\/ul>\n<p>Please note &#8211; Health and travel insurance are mandatory expenses and must be included in the proposed budget.<\/p>\n<p><\/p><\/dd><dl><\/div>\n<div class=\"slideme\"><dl class=\"slideme__list\"><dt class=\"slideme__term\"><a href=\"#slideme-what-is-the-minimum-duration-of-the-scholarship-is-there-an-upper-limit-to-the-duration-and-funding-per-scholar\" aria-expanded=\"false\" aria-controls=\"slideme-what-is-the-minimum-duration-of-the-scholarship-is-there-an-upper-limit-to-the-duration-and-funding-per-scholar\" class=\"slideme__heading slideme__trigger\">What is the minimum duration of the scholarship? Is there an upper limit to the duration and funding per scholar?<\/a><\/dt><dd class=\"slideme__description\" id=\"slideme-what-is-the-minimum-duration-of-the-scholarship-is-there-an-upper-limit-to-the-duration-and-funding-per-scholar\" aria-hidden=\"true\"><p><\/p>\n<ul>\n<li>The minimum duration of a scholarship is 35 days. If travel is permissible, it will be expected that the scholar will be abroad for the duration of their respective awards. Travel dates are not to be counted in the required duration. Individuals that do not meet the minimum duration are not eligible for funding.<\/li>\n<\/ul>\n<p>Carleton University is offering awards based on two different time intervals.<\/p>\n<ul>\n<li style=\"list-style-type: none;\">\n<ul>\n<li>Short-term: 35-60 days with a maximum award of $9,700 CAD<\/li>\n<li>Mid-term: 61-180 days with a maximum award of $24,400 CAD<\/li>\n<\/ul>\n<\/li>\n<\/ul>\n<p><\/p><\/dd><dl><\/div>\n<div class=\"slideme\"><dl class=\"slideme__list\"><dt class=\"slideme__term\"><a href=\"#slideme-through-the-scholarship-can-i-travel-to-a-country-outside-of-the-list-of-eligible-countries\" aria-expanded=\"false\" aria-controls=\"slideme-through-the-scholarship-can-i-travel-to-a-country-outside-of-the-list-of-eligible-countries\" class=\"slideme__heading slideme__trigger\">Through the scholarship, can I travel to a country outside of the list of eligible countries?<\/a><\/dt><dd class=\"slideme__description\" id=\"slideme-through-the-scholarship-can-i-travel-to-a-country-outside-of-the-list-of-eligible-countries\" aria-hidden=\"true\"><p><\/p>\n<ul>\n<li>All activities are limited to the countries on the list of eligible countries and Canada.<\/li>\n<\/ul>\n<p><\/p><\/dd><dl><\/div>\n<div class=\"slideme\"><dl class=\"slideme__list\"><dt class=\"slideme__term\"><a href=\"#slideme-can-i-participate-if-i-am-a-permanent-resident-or-a-citizen-through-naturalization-of-one-of-the-eligible-countries\" aria-expanded=\"false\" aria-controls=\"slideme-can-i-participate-if-i-am-a-permanent-resident-or-a-citizen-through-naturalization-of-one-of-the-eligible-countries\" class=\"slideme__heading slideme__trigger\">Can I participate if I am a permanent resident or a citizen through naturalization of one of the eligible countries?<\/a><\/dt><dd class=\"slideme__description\" id=\"slideme-can-i-participate-if-i-am-a-permanent-resident-or-a-citizen-through-naturalization-of-one-of-the-eligible-countries\" aria-hidden=\"true\"><p><\/p>\n<ul>\n<li>Citizens by birth or naturalization and permanent residents of a participating country are eligible <strong><em><u>if<\/u><\/em><\/strong> they do not also hold citizenship or permanent residency in a country other than those on the list of eligible countries. For example, a US or French or Australian citizen who also has citizenship in one of the eligible countries, would <strong><u>not<\/u><\/strong> be eligible.<\/li>\n<\/ul>\n<p><\/p><\/dd><dl><\/div>\n<div class=\"slideme\"><dl class=\"slideme__list\"><dt class=\"slideme__term\"><a href=\"#slideme-i-am-a-citizen-of-one-of-the-eligible-countries-however-i-am-currently-working-outside-of-west-africa-can-i-still-apply\" aria-expanded=\"false\" aria-controls=\"slideme-i-am-a-citizen-of-one-of-the-eligible-countries-however-i-am-currently-working-outside-of-west-africa-can-i-still-apply\" class=\"slideme__heading slideme__trigger\">I am a citizen of one of the eligible countries, however I am currently working outside of West Africa.  Can I still apply?<\/a><\/dt><dd class=\"slideme__description\" id=\"slideme-i-am-a-citizen-of-one-of-the-eligible-countries-however-i-am-currently-working-outside-of-west-africa-can-i-still-apply\" aria-hidden=\"true\"><p><\/p>\n<ul>\n<li>A candidate is still eligible to participate even if they are currently not in their home country or another eligible country.\u00a0 For example, the candidate can be currently working at an institution outside of West Africa and still participate if they meet the citizenship eligibility criteria.<\/li>\n<\/ul>\n<p><\/p><\/dd><dl><\/div>\n<div class=\"slideme\"><dl class=\"slideme__list\"><dt class=\"slideme__term\"><a href=\"#slideme-what-are-the-current-travel-restrictions-requirements\" aria-expanded=\"false\" aria-controls=\"slideme-what-are-the-current-travel-restrictions-requirements\" class=\"slideme__heading slideme__trigger\">What are the current travel restrictions\/requirements?<\/a><\/dt><dd class=\"slideme__description\" id=\"slideme-what-are-the-current-travel-restrictions-requirements\" aria-hidden=\"true\"><p><\/p>\n<ul>\n<li>Given the evolving nature with regards to the response to COVID-19, it is recommended all scholars verify the travel restrictions and requirements with their local embassy and the embassy of the country in which they plan to travel.<\/li>\n<li>Current information regarding travel requirements to Canada can be found here: <a href=\"https:\/\/travel.gc.ca\/travel-covid\">Global Affairs Canada Travel Advisory<\/a><\/li>\n<li>Information specific to Carleton can be found here:\n<ul>\n<li><a href=\"https:\/\/carleton.ca\/covid19\/policies-and-protocols\/travel-advisories\/\">Travel Advisories<\/a><\/li>\n<li><a href=\"https:\/\/carleton.ca\/isso\/coronavirus-covid-19\/#incoming\">International Student Services Office \u2013 COVID-19 FAQ<\/a><\/li>\n<li><a href=\"https:\/\/carleton.ca\/covid19\/faq\/\">Carleton COVID-19 FAQ<\/a><\/li>\n<\/ul>\n<\/li>\n<\/ul>\n<p><\/p><\/dd><dl><\/div>\n<div class=\"slideme\"><dl class=\"slideme__list\"><dt class=\"slideme__term\"><a href=\"#slideme-the-qescholars-must-participate-in-a-research-placement-for-at-least-30-of-the-total-research-award-time-does-the-researcher-have-to-be-there-on-consecutive-days-can-the-placement-be-at-any-given-ti\" aria-expanded=\"false\" aria-controls=\"slideme-the-qescholars-must-participate-in-a-research-placement-for-at-least-30-of-the-total-research-award-time-does-the-researcher-have-to-be-there-on-consecutive-days-can-the-placement-be-at-any-given-ti\" class=\"slideme__heading slideme__trigger\">The QEScholars must participate in a research placement for at least 30% of the total research award time. Does the researcher have to be there on consecutive days? Can the placement be at any given time during the award?<\/a><\/dt><dd class=\"slideme__description\" id=\"slideme-the-qescholars-must-participate-in-a-research-placement-for-at-least-30-of-the-total-research-award-time-does-the-researcher-have-to-be-there-on-consecutive-days-can-the-placement-be-at-any-given-ti\" aria-hidden=\"true\"><p><\/p>\n<ul>\n<li>It would be up to the university, QEScholars, and the non-academic research placement partner to agree on what this would look like \u2013 it could be full days, half days, consecutive days or spread out during the award, etc. The placement can be at any point during the award.<\/li>\n<\/ul>\n<p><\/p><\/dd><dl><\/div>\n<p><\/p>\n","protected":false},"excerpt":{"rendered":"","protected":false},"author":11,"featured_media":0,"parent":859,"menu_order":6,"comment_status":"closed","ping_status":"closed","template":"","meta":{"_relevanssi_hide_post":"","_relevanssi_hide_content":"","_relevanssi_pin_for_all":"","_relevanssi_pin_keywords":"","_relevanssi_unpin_keywords":"","_relevanssi_related_keywords":"","_relevanssi_related_include_ids":"","_relevanssi_related_exclude_ids":"","_relevanssi_related_no_append":"","_relevanssi_related_not_related":"","_relevanssi_related_posts":"","_relevanssi_noindex_reason":"","_mi_skip_tracking":false,"_exactmetrics_sitenote_active":false,"_exactmetrics_sitenote_note":"","_exactmetrics_sitenote_category":0,"footnotes":"","_links_to":"","_links_to_target":""},"yoast_head":"<!-- This site is optimized with the Yoast SEO plugin v21.2 - https:\/\/yoast.com\/wordpress\/plugins\/seo\/ -->\n<title>FAQ - Queen Elizabeth Scholarship-Advanced Scholars Program<\/title>\n<meta name=\"description\" content=\"&nbsp;\" \/>\n<meta name=\"robots\" content=\"index, follow, max-snippet:-1, max-image-preview:large, max-video-preview:-1\" \/>\n<link rel=\"canonical\" href=\"https:\/\/carleton.ca\/qes\/qes-as-wa-2021-2024-2\/faq\/\" \/>\n<meta name=\"twitter:label1\" content=\"Est. reading time\" \/>\n\t<meta name=\"twitter:data1\" content=\"3 minutes\" \/>\n<script type=\"application\/ld+json\" class=\"yoast-schema-graph\">{\"@context\":\"https:\/\/schema.org\",\"@graph\":[{\"@type\":\"WebPage\",\"@id\":\"https:\/\/carleton.ca\/qes\/qes-as-wa-2021-2024-2\/faq\/\",\"url\":\"https:\/\/carleton.ca\/qes\/qes-as-wa-2021-2024-2\/faq\/\",\"name\":\"FAQ - Queen Elizabeth Scholarship-Advanced Scholars Program\",\"isPartOf\":{\"@id\":\"https:\/\/carleton.ca\/qes\/#website\"},\"datePublished\":\"2021-09-27T19:19:40+00:00\",\"dateModified\":\"2023-06-29T18:20:19+00:00\",\"description\":\"&nbsp;\",\"breadcrumb\":{\"@id\":\"https:\/\/carleton.ca\/qes\/qes-as-wa-2021-2024-2\/faq\/#breadcrumb\"},\"inLanguage\":\"en-US\",\"potentialAction\":[{\"@type\":\"ReadAction\",\"target\":[\"https:\/\/carleton.ca\/qes\/qes-as-wa-2021-2024-2\/faq\/\"]}]},{\"@type\":\"BreadcrumbList\",\"@id\":\"https:\/\/carleton.ca\/qes\/qes-as-wa-2021-2024-2\/faq\/#breadcrumb\",\"itemListElement\":[{\"@type\":\"ListItem\",\"position\":1,\"name\":\"Home\",\"item\":\"https:\/\/carleton.ca\/qes\/\"},{\"@type\":\"ListItem\",\"position\":2,\"name\":\"Wurin ta na yin rubutu QES-AS-WA (2021-2024)\",\"item\":\"https:\/\/carleton.ca\/qes\/qes-as-wa-2021-2024-2\/\"},{\"@type\":\"ListItem\",\"position\":3,\"name\":\"FAQ\"}]},{\"@type\":\"WebSite\",\"@id\":\"https:\/\/carleton.ca\/qes\/#website\",\"url\":\"https:\/\/carleton.ca\/qes\/\",\"name\":\"Queen Elizabeth Scholarship-Advanced Scholars Program\",\"description\":\"Carleton University\",\"potentialAction\":[{\"@type\":\"SearchAction\",\"target\":{\"@type\":\"EntryPoint\",\"urlTemplate\":\"https:\/\/carleton.ca\/qes\/?s={search_term_string}\"},\"query-input\":\"required name=search_term_string\"}],\"inLanguage\":\"en-US\"}]}<\/script>\n<!-- \/ Yoast SEO plugin. -->","yoast_head_json":{"title":"FAQ - Queen Elizabeth Scholarship-Advanced Scholars Program","description":"&nbsp;","robots":{"index":"index","follow":"follow","max-snippet":"max-snippet:-1","max-image-preview":"max-image-preview:large","max-video-preview":"max-video-preview:-1"},"canonical":"https:\/\/carleton.ca\/qes\/qes-as-wa-2021-2024-2\/faq\/","twitter_misc":{"Est. reading time":"3 minutes"},"schema":{"@context":"https:\/\/schema.org","@graph":[{"@type":"WebPage","@id":"https:\/\/carleton.ca\/qes\/qes-as-wa-2021-2024-2\/faq\/","url":"https:\/\/carleton.ca\/qes\/qes-as-wa-2021-2024-2\/faq\/","name":"FAQ - Queen Elizabeth Scholarship-Advanced Scholars Program","isPartOf":{"@id":"https:\/\/carleton.ca\/qes\/#website"},"datePublished":"2021-09-27T19:19:40+00:00","dateModified":"2023-06-29T18:20:19+00:00","description":"&nbsp;","breadcrumb":{"@id":"https:\/\/carleton.ca\/qes\/qes-as-wa-2021-2024-2\/faq\/#breadcrumb"},"inLanguage":"en-US","potentialAction":[{"@type":"ReadAction","target":["https:\/\/carleton.ca\/qes\/qes-as-wa-2021-2024-2\/faq\/"]}]},{"@type":"BreadcrumbList","@id":"https:\/\/carleton.ca\/qes\/qes-as-wa-2021-2024-2\/faq\/#breadcrumb","itemListElement":[{"@type":"ListItem","position":1,"name":"Home","item":"https:\/\/carleton.ca\/qes\/"},{"@type":"ListItem","position":2,"name":"Wurin ta na yin rubutu QES-AS-WA (2021-2024)","item":"https:\/\/carleton.ca\/qes\/qes-as-wa-2021-2024-2\/"},{"@type":"ListItem","position":3,"name":"FAQ"}]},{"@type":"WebSite","@id":"https:\/\/carleton.ca\/qes\/#website","url":"https:\/\/carleton.ca\/qes\/","name":"Queen Elizabeth Scholarship-Advanced Scholars Program","description":"Carleton University","potentialAction":[{"@type":"SearchAction","target":{"@type":"EntryPoint","urlTemplate":"https:\/\/carleton.ca\/qes\/?s={search_term_string}"},"query-input":"required name=search_term_string"}],"inLanguage":"en-US"}]}},"acf":{"banner_image_type":"upload","banner_button":"yes","banner_buttons":[{"button_text":"Fran\u00e7ais","button_link_type":"page","button_page_link":{"ID":1335,"post_author":"11","post_date":"2021-10-13 11:46:49","post_date_gmt":"2021-10-13 15:46:49","post_content":"[slideme title=\"Quelles d\u00e9penses sont admissibles?\"]\r\n<ul>\r\n \t<li>D\u00e9placements\u00a0: vols internationaux (itin\u00e9raire le plus direct et \u00e9conomique), taxes a\u00e9roportuaires, visas, assurance m\u00e9dicale, immunisations, transports terrestres.<\/li>\r\n \t<li>Frais d\u2019inscription et de scolarit\u00e9 per\u00e7us par l\u2019universit\u00e9 canadienne.<\/li>\r\n \t<li>Allocation de subsistence, dont\u00a0: logement, transport local, nourriture, communications et autres d\u00e9penses personnelles.<\/li>\r\n \t<li>D\u00e9penses de recherches\u00a0: r\u00e9mun\u00e9ration des assistants de recherche, ressources de recherche (p. ex., revues, donn\u00e9es), services informatiques et de laboratoire. S\u2019il ne s\u2019agit pas d\u2019un projet d\u2019approvisionnement, les frais d\u2019achat d\u2019\u00e9quipement raisonnables pourront \u00eatre admissibles.<\/li>\r\n \t<li>Subventions pour remplacement de l\u2019enseignant \u00e0 l\u2019institution partenaire en Afrique de l\u2019Ouest.<\/li>\r\n \t<li>Co\u00fbts li\u00e9s \u00e0 la participation aux conf\u00e9rences.<\/li>\r\n<\/ul>\r\n[\/slideme]\r\n\r\n[slideme title=\"Quelle est la dur\u00e9e minimum du programme de bourse? La dur\u00e9e maximum? Le montant maximum de subvention?\"]\r\n<ul>\r\n \t<li>La dur\u00e9e minimum du programme de bourse est de 35 jours. Si les voyages sont permis, les boursi\u00e8res devont passer la dur\u00e9e de leur placement \u00e0 l\u2019\u00e9tranger. Les dates de d\u00e9placement sont exclues du calcul de la dur\u00e9e du programme de bourse. Les boursi\u00e8res dont le placement ne respecte pas la dur\u00e9e minimum sont inadmissibles au financement.<\/li>\r\n<\/ul>\r\nL\u2019Universit\u00e9 Carleton offre des subventions en fonction de deux d\u00e9lais de placement diff\u00e9rents\u00a0:\r\n<ul>\r\n \t<li style=\"list-style-type: none;\">\r\n<ul>\r\n \t<li>Court terme\u00a0: 35-60\u00a0jours, maximum de $9\u00a0700 CAD<\/li>\r\n \t<li>Long terme\u00a0: 61-180\u00a0jours, maximum de $24\u00a0400 CAD<\/li>\r\n<\/ul>\r\n<\/li>\r\n<\/ul>\r\n[\/slideme]\r\n\r\n[slideme title=\"Cette bourse me permet-elle de voyager \u00e0 un pays qui ne se trouve pas dans la liste des pays admissibles?\"]\r\n<ul>\r\n \t<li>Toutes les activit\u00e9s se cantonnent aux pays dans la liste des pays admissibles, ainsi qu\u2019au Canada.<\/li>\r\n<\/ul>\r\n[\/slideme]\r\n\r\n[slideme title=\"Les citoyennes par naturalisation ou r\u00e9sidentes permanentes des pays admissibles peuvent-elles participer au programme?\"]\r\n<ul>\r\n \t<li>Les citoyennes de naissance ou par naturalisation, ainsi que les r\u00e9sidentes permanentes d\u2019un pays admissible, peuvent participer au programme <strong><em><u>pourvu<\/u><\/em><\/strong> qu\u2019elles ne sont pas \u00e9galement citoyennes ou r\u00e9sidentes permanentes d\u2019un autre pays qui ne se trouve pas dans la liste des pays admissibles. Par exemple, une citoyenne des \u00c9tats-Unis, de la France ou de l\u2019Australie qui est \u00e9galement citoyenne de l\u2019un des pays admissibles, ne peut <strong><u>pas<\/u><\/strong> participer.<\/li>\r\n<\/ul>\r\n[\/slideme]\r\n\r\n[slideme title=\"Je suis citoyenne de l\u2019un des pays admissibles, mais je travaille actuellement ailleurs qu\u2019en Afrique de l\u2019Ouest.\u00a0 Puis-je pr\u00e9senter ma candidature?\"]\r\n<ul>\r\n \t<li>Les candidates peuvent participer au programme m\u00eame si elles ne se trouvent pas actuellement dans leur pays d\u2019origine ou dans un autre pays admissible.\u00a0 Par exemple, une candidate peut travailler actuellement au sein d\u2019une institution qui ne se trouve pas en Afrique de l\u2019Ouest et participer au programme pour peu qu\u2019elle r\u00e9pond au crit\u00e8re d\u2019admissibilit\u00e9 de citoyennet\u00e9.<\/li>\r\n<\/ul>\r\n[\/slideme]\r\n\r\n[slideme title=\"Quelles sont les restrictions et exigences actuelles en mati\u00e8re de voyages?\"]\r\n<ul>\r\n \t<li>\u00c9tant donn\u00e9 la nature \u00e9volutive des r\u00e9ponses \u00e0 la COVID-19, nous recommandons que toutes les boursi\u00e8res v\u00e9rifient les restrictions et exigences actuelles en mati\u00e8re de voyages aupr\u00e8s des ambassades de leur pays d\u2019origine et de leur pays de destination.<\/li>\r\n \t<li>L\u2019information \u00e0 jour sur les exigences pour les voyages au Canada se trouve ici\u00a0: <a href=\"https:\/\/voyage.gc.ca\/voyage-covid?_ga=2.146139324.948779864.1634139587-1108879591.1631110824\" target=\"_blank\" rel=\"noopener noreferrer\">COVID-19 : voyage, d\u00e9pistage, quarantaine et fronti\u00e8res<\/a><\/li>\r\n \t<li>L\u2019information sur les exigences de l\u2019Universit\u00e9 Carleton se trouve ici:\r\n<ul>\r\n \t<li><a href=\"https:\/\/carleton.ca\/covid19\/policies-and-protocols\/travel-advisories\/\">Travel Advisories<\/a><\/li>\r\n \t<li><a href=\"https:\/\/carleton.ca\/isso\/coronavirus-covid-19\/#incoming\">International Student Services Office \u2013 COVID-19 FAQ<\/a><\/li>\r\n \t<li><a href=\"https:\/\/carleton.ca\/covid19\/faq\/\">Carleton COVID-19 FAQ<\/a><\/li>\r\n<\/ul>\r\n<\/li>\r\n<\/ul>\r\n[\/slideme]\r\n\r\n[slideme title=\"Les boursi\u00e8res QES doivent passer au moins 30 % de la dur\u00e9e du programme de bourse au sein de leur placement de recherche.\u00a0 Les jours de placement de recherche doivent-ils \u00eatre cons\u00e9cutifs? Le placement peut-il se faire n\u2019importe quand pendant le programme?\"]\r\n<ul>\r\n \t<li>Il revient \u00e0 l\u2019universit\u00e9, \u00e0 la boursi\u00e8re QES, et au partenaire de placement de recherche d\u2019arr\u00eater les modalit\u00e9s du programme de bourse\u00a0\u2013 il peut s\u2019agir de journ\u00e9es compl\u00e8tes, de demi-journ\u00e9es, de jours cons\u00e9cutifs ou r\u00e9partis sur la dur\u00e9e du programme, etc. Le placement peut se faire \u00e0 n\u2019importe quel moment pendant le programme.<\/li>\r\n<\/ul>\r\n[\/slideme]\r\n\r\n&nbsp;","post_title":"FAQ fr","post_excerpt":"","post_status":"publish","comment_status":"closed","ping_status":"closed","post_password":"","post_name":"faq-fr","to_ping":"","pinged":"","post_modified":"2021-11-13 07:34:15","post_modified_gmt":"2021-11-13 12:34:15","post_content_filtered":"","post_parent":859,"guid":"https:\/\/carleton.ca\/qes\/?page_id=1335","menu_order":9,"post_type":"page","post_mime_type":"","comment_count":"0","filter":"raw"},"button_post_link":false,"button_event_link":false,"button_video_link":false,"button_external_link":""},{"button_text":"Apply","button_link_type":"page","button_page_link":{"ID":1348,"post_author":"11","post_date":"2021-11-13 07:38:17","post_date_gmt":"2021-11-13 12:38:17","post_content":"<h2>Apply Now<\/h2>\r\n&nbsp;\r\n\r\nWe are no longer accepting applications for the\u00a02023-2024 Queen Elizabeth Scholarship \u2013 Advanced Scholars West Africa\r\n\r\n&nbsp;","post_title":"Apply","post_excerpt":"","post_status":"publish","comment_status":"closed","ping_status":"closed","post_password":"","post_name":"apply-2","to_ping":"","pinged":"","post_modified":"2023-09-21 09:28:00","post_modified_gmt":"2023-09-21 13:28:00","post_content_filtered":"","post_parent":859,"guid":"https:\/\/carleton.ca\/qes\/?page_id=1348","menu_order":6,"post_type":"page","post_mime_type":"","comment_count":"0","filter":"raw"},"button_post_link":false,"button_event_link":false,"button_video_link":false,"button_external_link":""}],"banner_uploaded_image":{"ID":1658,"id":1658,"title":"Website_FAQ_Banner","filename":"Website_FAQ_Banner-scaled-e1688062523275.jpg","filesize":190348,"url":"https:\/\/carleton.ca\/qes\/wp-content\/uploads\/Website_FAQ_Banner-scaled-e1688062523275.jpg","link":"https:\/\/carleton.ca\/qes\/qes-as-wa-2021-2024-2\/faq\/website_faq_banner\/","alt":"","author":"23","description":"","caption":"","name":"website_faq_banner","status":"inherit","uploaded_to":1228,"date":"2023-06-29 18:14:44","modified":"2023-06-29 18:20:19","menu_order":0,"mime_type":"image\/jpeg","type":"image","subtype":"jpeg","icon":"https:\/\/carleton.ca\/qes\/wp\/wp-includes\/images\/media\/default.png","width":1600,"height":700,"sizes":{"thumbnail":"https:\/\/carleton.ca\/qes\/wp-content\/uploads\/Website_FAQ_Banner-160x70.jpg","thumbnail-width":160,"thumbnail-height":70,"medium":"https:\/\/carleton.ca\/qes\/wp-content\/uploads\/Website_FAQ_Banner-240x105.jpg","medium-width":240,"medium-height":105,"medium_large":"https:\/\/carleton.ca\/qes\/wp-content\/uploads\/Website_FAQ_Banner-768x336.jpg","medium_large-width":768,"medium_large-height":336,"large":"https:\/\/carleton.ca\/qes\/wp-content\/uploads\/Website_FAQ_Banner-400x175.jpg","large-width":400,"large-height":175,"gallery-thumb":"https:\/\/carleton.ca\/qes\/wp-content\/uploads\/Website_FAQ_Banner-300x230.jpg","gallery-thumb-width":300,"gallery-thumb-height":230,"1536x1536":"https:\/\/carleton.ca\/qes\/wp-content\/uploads\/Website_FAQ_Banner-1536x672.jpg","1536x1536-width":1536,"1536x1536-height":672,"2048x2048":"https:\/\/carleton.ca\/qes\/wp-content\/uploads\/Website_FAQ_Banner-2048x896.jpg","2048x2048-width":2048,"2048x2048-height":896,"banner":"https:\/\/carleton.ca\/qes\/wp-content\/uploads\/Website_FAQ_Banner-1600x700.jpg","banner-width":1600,"banner-height":700,"people":"https:\/\/carleton.ca\/qes\/wp-content\/uploads\/Website_FAQ_Banner-200x200.jpg","people-width":200,"people-height":200,"post-thumb":"https:\/\/carleton.ca\/qes\/wp-content\/uploads\/Website_FAQ_Banner-300x230.jpg","post-thumb-width":300,"post-thumb-height":230,"rotator-image":"https:\/\/carleton.ca\/qes\/wp-content\/uploads\/Website_FAQ_Banner-800x600.jpg","rotator-image-width":800,"rotator-image-height":600,"video-thumb":"https:\/\/carleton.ca\/qes\/wp-content\/uploads\/Website_FAQ_Banner-360x158.jpg","video-thumb-width":360,"video-thumb-height":158}},"banner_opacity":"dark"},"_links":{"self":[{"href":"https:\/\/carleton.ca\/qes\/wp-json\/wp\/v2\/pages\/1228"}],"collection":[{"href":"https:\/\/carleton.ca\/qes\/wp-json\/wp\/v2\/pages"}],"about":[{"href":"https:\/\/carleton.ca\/qes\/wp-json\/wp\/v2\/types\/page"}],"author":[{"embeddable":true,"href":"https:\/\/carleton.ca\/qes\/wp-json\/wp\/v2\/users\/11"}],"replies":[{"embeddable":true,"href":"https:\/\/carleton.ca\/qes\/wp-json\/wp\/v2\/comments?post=1228"}],"version-history":[{"count":4,"href":"https:\/\/carleton.ca\/qes\/wp-json\/wp\/v2\/pages\/1228\/revisions"}],"predecessor-version":[{"id":1666,"href":"https:\/\/carleton.ca\/qes\/wp-json\/wp\/v2\/pages\/1228\/revisions\/1666"}],"up":[{"embeddable":true,"href":"https:\/\/carleton.ca\/qes\/wp-json\/wp\/v2\/pages\/859"}],"wp:attachment":[{"href":"https:\/\/carleton.ca\/qes\/wp-json\/wp\/v2\/media?parent=1228"}],"curies":[{"name":"wp","href":"https:\/\/api.w.org\/{rel}","templated":true}]}}