{"id":1270,"date":"2021-09-30T13:33:10","date_gmt":"2021-09-30T17:33:10","guid":{"rendered":"https:\/\/carleton.ca\/qes\/?page_id=1270"},"modified":"2023-08-16T18:32:37","modified_gmt":"2023-08-16T22:32:37","slug":"wurin-ta-na-yin-rubutu-qes-as-wa-2021-2024-fr","status":"publish","type":"page","link":"https:\/\/carleton.ca\/qes\/qes-as-wa-2021-2024-2\/wurin-ta-na-yin-rubutu-qes-as-wa-2021-2024-fr\/","title":{"rendered":"Application_fr"},"content":{"rendered":"<h2 style=\"text-align: center;\"><strong>APPEL \u00c0 CANDIDATURES<\/strong><\/h2>\n<p style=\"text-align: left;\"><a href=\"https:\/\/carleton.ca\/\">L\u2019Universit\u00e9 Carleton<\/a>\u00a0invite les candidatures de femmes doctorantes d\u2019Afrique de l\u2019Ouest et de PhD en d\u00e9but de carri\u00e8re pour participer \u00e0 une exp\u00e9rience d\u2019acc\u00e9l\u00e9ration de recherche. Le programme\u00a0<a href=\"https:\/\/carleton.ca\/qes\/qes-as-wa-2021-2024\/about\/\">Wurin ta na yin rubutu \u2013 Her own room to write<\/a>,\u00a0appuy\u00e9 par le programme <a href=\"https:\/\/www.univcan.ca\/fr\/programmes-et-bourses-detudes\/boursiers-de-la-reine-elizabeth\/bre-chercheurs-de-niveaux-superieurs-afrique-de-louest\/\" target=\"_blank\" rel=\"noopener noreferrer\">Bourses de la Reine \u00c9lizabeth \u2013 Chercheurs de niveau sup\u00e9rieur \u2013 Afrique de l\u2019Ouest<\/a>, vise \u00e0 fournir des occasions de gagner de l\u2019exp\u00e9rience par un s\u00e9jour \u00e0 l\u2019Universit\u00e9 Carleton ou en Afrique de l\u2019Ouest, aupr\u00e8s de l\u2019un de nos partenaires de placement pour les recherches.\u00a0 La bourse inclut une supervision de recherche, des s\u00e9minaires cibl\u00e9s, un apprentissage fond\u00e9 sur l\u2019exp\u00e9rience gr\u00e2ce \u00e0 l\u2019amarrage de votre projet de recherche et d\u2019occasions de placement pour les recherches (voir \u201c<a href=\"https:\/\/carleton.ca\/qes\/qes-as-wa-2021-2024-2\/partners\/\">Placement Partners<\/a>\u201d), et des occasions de leadership et de r\u00e9seautage.<\/p>\n<h3 dir=\"ltr\" data-placeholder=\"Translation\">Temps, dur\u00e9e et financement<\/h3>\n<p class=\"tw-data-text tw-text-large tw-ta\" dir=\"ltr\" data-placeholder=\"Translation\"><span class=\"Y2IQFc\" lang=\"fr\">Cette prochaine s\u00e9rie de prix se d\u00e9roulera entre Avril 2024 et Octobre 2024. Le calendrier sera d\u00e9termin\u00e9 par l&#8217;acquisition de visas par les laur\u00e9ats et des consid\u00e9rations logistiques. <\/span><\/p>\n<p class=\"tw-data-text tw-text-large tw-ta\" dir=\"ltr\" data-placeholder=\"Translation\"><span class=\"Y2IQFc\" lang=\"fr\">Vous avez le choix entre deux dur\u00e9es de r\u00e9compense <\/span><\/p>\n<ul>\n<li class=\"tw-data-text tw-text-large tw-ta\" dir=\"ltr\" data-placeholder=\"Translation\"><span class=\"Y2IQFc\" lang=\"fr\">Court terme \u2013 35-60 jours\u00a0; jusqu&#8217;\u00e0 un maximum de 13 000 $ CA <\/span><\/li>\n<li class=\"tw-data-text tw-text-large tw-ta\" dir=\"ltr\" data-placeholder=\"Translation\"><span class=\"Y2IQFc\" lang=\"fr\">Moyen terme &#8211; 61-180 jours\u00a0; jusqu&#8217;\u00e0 un maximum de 30 000 $ CA <\/span><\/li>\n<\/ul>\n<p class=\"tw-data-text tw-text-large tw-ta\" dir=\"ltr\" data-placeholder=\"Translation\"><span class=\"Y2IQFc\" lang=\"fr\">(Remarque : Les activit\u00e9s au Canada ne peuvent durer que jusqu&#8217;\u00e0 120 jours en vertu d&#8217;une politique publique facilitant l&#8217;entr\u00e9e au Canada pour un travail \u00e0 court terme (120 jours) pour les chercheurs en vertu de l&#8217;article A25.5 de la Loi sur l&#8217;immigration et la protection des r\u00e9fugi\u00e9s (LIPR). Pour plus d&#8217;informations, veuillez consulter\u00a0<a href=\"https:\/\/www.canada.ca\/en\/immigration-refugees-citizenship\/corporate\/publications-manuals\/operational-bulletins-manuals\/temporary-residents\/foreign-workers\/researcher-exemption.html\">Exemption de permis de travail \u00e0 court terme (120\u00a0jours) pour les chercheurs &#8211; Canada.ca<\/a>) <\/span><\/p>\n<h2 id=\"tw-target-text\" class=\"tw-data-text tw-text-large tw-ta\" dir=\"ltr\" data-placeholder=\"Translation\"><span class=\"Y2IQFc\" lang=\"fr\">Stages de recherche <\/span><\/h2>\n<p class=\"tw-data-text tw-text-large tw-ta\" dir=\"ltr\" data-placeholder=\"Translation\"><span class=\"Y2IQFc\" lang=\"fr\">Chaque boursier travaillera avec l&#8217;un de nos <a href=\"https:\/\/carleton.ca\/qes\/qes-as-wa-2021-2024-2\/partners\/\">partenaires de placement<\/a> pendant au moins 30\u00a0% de la dur\u00e9e<br \/>\nde sa bourse. Cela donnera au candidat l&#8217;exp\u00e9rience d&#8217;appliquer ses comp\u00e9tences en recherche dans le<br \/>\ncontexte de nos organisations partenaires. Chaque proposition doit indiquer clairement comment la<br \/>\nrecherche est align\u00e9e sur le stage de recherche et comment la p\u00e9riode de service de recherche renforcera<br \/>\nle chercheur et les organisations partenaires.<\/span><\/p>\n<h3 id=\"tw-target-text\" class=\"tw-data-text tw-text-large tw-ta\" dir=\"ltr\" data-placeholder=\"Translation\"><span class=\"Y2IQFc\" lang=\"fr\">Mentorat de recherche <\/span><\/h3>\n<p class=\"tw-data-text tw-text-large tw-ta\" dir=\"ltr\" data-placeholder=\"Translation\"><span class=\"Y2IQFc\" lang=\"fr\">Les membres du corps professoral de Carleton impliqu\u00e9s dans cette bourse ont une expertise dans toutes les disciplines et un acc\u00e8s \u00e0 des r\u00e9seaux professionnels, ce qui nous permet de r\u00e9pondre aux besoins de recherche du candidat en mati\u00e8re de supervision en tirant parti d&#8217;autres experts. Apprenez-en plus \u00e0 leur sujet\u00a0<a href=\"https:\/\/carleton.ca\/qes\/qes-as-wa-2021-2024-2\/mentors-2\/\">ici<\/a> et s\u00e9lectionnez un mentor potentiel.<\/span><\/p>\n<p><strong>Leadership, apprentissage et r\u00e9seautage<\/strong><\/p>\n<ul>\n<li>Dans le cadre des activit\u00e9s de bourse, l\u2019Universit\u00e9 Carleton offrira aux candidates choisies plusieurs ateliers visant \u00e0 rehausser leurs comp\u00e9tences li\u00e9es \u00e0 la recherche, par exemple en r\u00e9daction, publication, \u00e9laboration de cursus, analyse de donn\u00e9es, r\u00e9daction de demandes de subventions et bourses, ainsi que l\u2019acc\u00e8s aux ressources biblioth\u00e9caires de l\u2019Universit\u00e9 Carleton. Ces ateliers seront offerts en personne lorsque cela est permis, ou bien virtuellement dans le cas contraire.<\/li>\n<li>Le corps professoral de l\u2019Universit\u00e9 Carleton donne de nombreuses conf\u00e9rences et d\u00e9bats tout au long de l\u2019ann\u00e9e scolaire, auxquels vous serez encourag\u00e9es \u00e0 assister, dont une s\u00e9rie de d\u00eeners-causeries de l\u2019<em>Institute of African Studies<\/em> (IAS), la s\u00e9rie de s\u00e9minaires <em>Knowing Africa<\/em>, et diverses conf\u00e9rences publiques.<\/li>\n<li>\u00c0 titre de boursi\u00e8re <em>QEScholar<\/em>, vous devrez transmettre les connaissances que vous aurez acquises au sein de votre institution et milieu d\u2019origine.\u00a0Nous vous demanderons \u00e9galement de garder le contact avec l\u2019Universit\u00e9 Carleton afin de nous aider \u00e0 d\u00e9velopper notre r\u00e9seau de boursi\u00e8res <em>QEScholars<\/em>.<\/li>\n<\/ul>\n<div id=\"tw-container\" class=\"\" data-cp=\"1\" data-is-ver=\"false\" data-nnttsvi=\"1\" data-sbsl=\".*\" data-sm=\"1\" data-ssbp=\"false\" data-sugg-time=\"500\" data-sugg-url=\"https:\/\/clients1.google.com\/complete\/search\" data-uilc=\"en\" data-vil=\",af,af-ZA,am,am-ET,ar-EG,ar-AE,ar-KW,ar-QA,ar,ar-IL,ar-JO,ar-LB,ar-PS,az,az-AZ,bg,bg-BG,bn,bn-BD,bn-IN,ca,ca-es,cs,cs-CZ,de,de-DE,de-CH,de-AT,de-LI,en,en-US,en-CA,en-AU,en-NZ,en-GB,en-IN,en-KE,en-TZ,en-NG,en-GH,en-PH,en-ZA,es,es-ES,es-AR,es-UY,es-419,es-BO,es-CL,es-CR,es-CO,es-DO,es-EC,es-GT,es-HN,es-NI,es-PA,es-PE,es-PR,es-PY,es-SV,es-VE,es-MX,es-US,eu,eu-ES,fi,fi-FI,fr,fr-FR,fr-CH,fr-BE,gl,gl-ES,gu,gu-IN,he,he-IL,iw,iw-IL,hu,hu-HU,hy,hy-AM,id,id-ID,is,is-IS,it,it-IT,it-CH,ja,ja-JP,jv,jv-ID,ka,ka-GE,km,km-KH,kn,kn-IN,ko,ko-KR,la,lo,lo-LA,lv,lv-LV,ml,ml-IN,mr,mr-IN,ms,ms-MY,nl,nl-NL,nb,nb-NO,ne,ne-NP,pl,pl-PL,pt,pt-BR,pt-PT,ro,ro-RO,ru,ru-RU,si-LK,sk,sk-SK,sr,sr-RS,su,su-ID,sv,sv-SE,sw,sw-TZ,sw-KE,ta,ta-IN,ta-SG,ta-LK,ta-MY,te,te-IN,tr,tr-TR,ur,ur-PK,ur-IN,yue,yue-HK,yue-Hant-HK,zh-HK,zh,zh-CN,zh-cmn,zh-cmn-CN,zh-Hans,zh-Hans-CN,zh-cmn-Hans,zh-cmn-Hans-CN,cmn-CN,cmn-Hans,cmn-Hans-CN,zh-TW,zh-Hant-TW,cmn-TW,cmn-Hant-TW,zh-cmn-TW,zh-cmn-Hant-TW,zu,zu-ZA\">\n<div id=\"tw-ob\" class=\"tw-src-ltr\">\n<div class=\"oSioSc\">\n<div id=\"tw-target\">\n<div id=\"kAz1tf\" class=\"g9WsWb\">\n<div id=\"tw-target-text-container\" class=\"tw-ta-container F0azHf tw-nfl\" tabindex=\"0\">\n<h2 id=\"tw-target-text\" class=\"tw-data-text tw-text-large tw-ta\" dir=\"ltr\" data-placeholder=\"Translation\"><span class=\"Y2IQFc\" lang=\"fr\">Langue<\/span><\/h2>\n<ul>\n<li>Toutes les candidates doivent pouvoir communiquer en anglais ou en fran\u00e7ais.<\/li>\n<li>Il existe quelques occasions de placements et de mentorat en fran\u00e7ais. Consultez les pages <a href=\"https:\/\/carleton.ca\/qes\/qes-as-wa-2021-2024-2\/mentors-2\/\">Research Mentors<\/a> and <a href=\"https:\/\/carleton.ca\/qes\/qes-as-wa-2021-2024-2\/partners\/\">Research Placement Partners<\/a> pour les d\u00e9tails.<\/li>\n<li>L\u2019Universit\u00e9 Carleton \u00e9tant une universit\u00e9 de langue anglaise, les communications et la programmation se d\u00e9rouleront essentiellement en anglais.<\/li>\n<\/ul>\n<p>Le financement de ces bourses a \u00e9t\u00e9 assur\u00e9 par<\/p>\n<ul>\n<li><a href=\"https:\/\/idrc-crdi.ca\/en\">Centre international de d\u00e9veloppement de la recherche<\/a> (CRDI),<\/li>\n<li>Fondation Rideau Hall via <a href=\"https:\/\/www.univcan.ca\/programs-and-scholarships\/queen-elizabeth-scholars\/qes-advanced-scholars--west-africa--university-projects\/\">le programme Advanced Scholars West Africa (QES-AS-WA) des Queen Elizabeth Scholars (QES)<\/a> et<\/li>\n<li>Universit\u00e9 Carleton.<\/li>\n<\/ul>\n<\/div>\n<div class=\"iYB33c\">\n<div class=\"dlJLJe\">\n<div data-cviv=\"false\" data-ved=\"2ahUKEwiLmLHdqt-AAxWKjYkEHSfNDZQQz_AEegQIBhAP\">\n<div class=\"U9URNb\"><img decoding=\"async\" loading=\"lazy\" id=\"dimg_3\" class=\"YQ4gaf zr758c wA1Bge\" src=\"data:image\/png;base64,iVBORw0KGgoAAAANSUhEUgAAABQAAAAUCAQAAAAngNWGAAAA\/0lEQVR4AYXNMSiEcRyA4cfmGHQbCZIipkuxnJgMStlMNmeyD2dwmc8+sZgxYJd9ErIZFHUyYYD7fkr6l4\/rnvmtl7+KitrqV\/fq2Y5eLY3Z9S48eRLe7BmVZ9qhTLhQ0algzZWQOVKSsCF8OjAnwbxDTWFDUhPK\/jMr1H6HE\/IqRky2DyvCefuwItwZzodVoYRiLqMkVCXrwpJ9twZ+sgfDYEFYl8wIWxZ9uFf7zkallxlJh4YrLGsKjZRx7VGHhLqwgFUN45DGdb8MeXGpgB4ABZdeDcpZEY51A+hyLKz4S1W4MQWm3AibWtgWmk6dyISa1pSdyWTOlLXVp0+eL9D\/ZPfBTNanAAAAAElFTkSuQmCC\" alt=\"Community Verified icon\" width=\"16\" height=\"16\" data-atf=\"0\" data-frt=\"0\" \/><\/div>\n<\/div>\n<\/div>\n<div id=\"tw-tmenu\" class=\"tw-menu\"><\/div>\n<\/div>\n<\/div>\n<\/div>\n<\/div>\n<\/div>\n<div id=\"tw-images\"><\/div>\n<div class=\"dURPtb\"><\/div>\n<div>\n<div><\/div>\n<\/div>\n<\/div>\n<div class=\"KFFQ0c xKf9F\"><\/div>\n","protected":false},"excerpt":{"rendered":"<p>APPEL \u00c0 CANDIDATURES L\u2019Universit\u00e9 Carleton\u00a0invite les candidatures de femmes doctorantes d\u2019Afrique de l\u2019Ouest et de PhD en d\u00e9but de carri\u00e8re pour participer \u00e0 une exp\u00e9rience d\u2019acc\u00e9l\u00e9ration de recherche. Le programme\u00a0Wurin ta na yin rubutu \u2013 Her own room to write,\u00a0appuy\u00e9 par le programme Bourses de la Reine \u00c9lizabeth \u2013 Chercheurs de niveau sup\u00e9rieur \u2013 Afrique [&hellip;]<\/p>\n","protected":false},"author":11,"featured_media":0,"parent":859,"menu_order":1,"comment_status":"closed","ping_status":"closed","template":"","meta":{"_relevanssi_hide_post":"","_relevanssi_hide_content":"","_relevanssi_pin_for_all":"","_relevanssi_pin_keywords":"","_relevanssi_unpin_keywords":"","_relevanssi_related_keywords":"","_relevanssi_related_include_ids":"","_relevanssi_related_exclude_ids":"","_relevanssi_related_no_append":"","_relevanssi_related_not_related":"","_relevanssi_related_posts":"","_relevanssi_noindex_reason":"","_mi_skip_tracking":false,"_exactmetrics_sitenote_active":false,"_exactmetrics_sitenote_note":"","_exactmetrics_sitenote_category":0,"footnotes":"","_links_to":"","_links_to_target":""},"yoast_head":"<!-- This site is optimized with the Yoast SEO plugin v21.2 - https:\/\/yoast.com\/wordpress\/plugins\/seo\/ -->\n<title>Application_fr - Queen Elizabeth Scholarship-Advanced Scholars Program<\/title>\n<meta name=\"description\" content=\"APPEL \u00c0 CANDIDATURES L\u2019Universit\u00e9 Carleton\u00a0invite les candidatures de femmes doctorantes d\u2019Afrique de l\u2019Ouest et de PhD en d\u00e9but de carri\u00e8re pour\" \/>\n<meta name=\"robots\" content=\"index, follow, max-snippet:-1, max-image-preview:large, max-video-preview:-1\" \/>\n<link rel=\"canonical\" href=\"https:\/\/carleton.ca\/qes\/qes-as-wa-2021-2024-2\/wurin-ta-na-yin-rubutu-qes-as-wa-2021-2024-fr\/\" \/>\n<meta name=\"twitter:label1\" content=\"Est. reading time\" \/>\n\t<meta name=\"twitter:data1\" content=\"4 minutes\" \/>\n<script type=\"application\/ld+json\" class=\"yoast-schema-graph\">{\"@context\":\"https:\/\/schema.org\",\"@graph\":[{\"@type\":\"WebPage\",\"@id\":\"https:\/\/carleton.ca\/qes\/qes-as-wa-2021-2024-2\/wurin-ta-na-yin-rubutu-qes-as-wa-2021-2024-fr\/\",\"url\":\"https:\/\/carleton.ca\/qes\/qes-as-wa-2021-2024-2\/wurin-ta-na-yin-rubutu-qes-as-wa-2021-2024-fr\/\",\"name\":\"Application_fr - Queen Elizabeth Scholarship-Advanced Scholars Program\",\"isPartOf\":{\"@id\":\"https:\/\/carleton.ca\/qes\/#website\"},\"datePublished\":\"2021-09-30T17:33:10+00:00\",\"dateModified\":\"2023-08-16T22:32:37+00:00\",\"description\":\"APPEL \u00c0 CANDIDATURES L\u2019Universit\u00e9 Carleton\u00a0invite les candidatures de femmes doctorantes d\u2019Afrique de l\u2019Ouest et de PhD en d\u00e9but de carri\u00e8re pour\",\"breadcrumb\":{\"@id\":\"https:\/\/carleton.ca\/qes\/qes-as-wa-2021-2024-2\/wurin-ta-na-yin-rubutu-qes-as-wa-2021-2024-fr\/#breadcrumb\"},\"inLanguage\":\"en-US\",\"potentialAction\":[{\"@type\":\"ReadAction\",\"target\":[\"https:\/\/carleton.ca\/qes\/qes-as-wa-2021-2024-2\/wurin-ta-na-yin-rubutu-qes-as-wa-2021-2024-fr\/\"]}]},{\"@type\":\"BreadcrumbList\",\"@id\":\"https:\/\/carleton.ca\/qes\/qes-as-wa-2021-2024-2\/wurin-ta-na-yin-rubutu-qes-as-wa-2021-2024-fr\/#breadcrumb\",\"itemListElement\":[{\"@type\":\"ListItem\",\"position\":1,\"name\":\"Home\",\"item\":\"https:\/\/carleton.ca\/qes\/\"},{\"@type\":\"ListItem\",\"position\":2,\"name\":\"Wurin ta na yin rubutu QES-AS-WA (2021-2024)\",\"item\":\"https:\/\/carleton.ca\/qes\/qes-as-wa-2021-2024-2\/\"},{\"@type\":\"ListItem\",\"position\":3,\"name\":\"Application_fr\"}]},{\"@type\":\"WebSite\",\"@id\":\"https:\/\/carleton.ca\/qes\/#website\",\"url\":\"https:\/\/carleton.ca\/qes\/\",\"name\":\"Queen Elizabeth Scholarship-Advanced Scholars Program\",\"description\":\"Carleton University\",\"potentialAction\":[{\"@type\":\"SearchAction\",\"target\":{\"@type\":\"EntryPoint\",\"urlTemplate\":\"https:\/\/carleton.ca\/qes\/?s={search_term_string}\"},\"query-input\":\"required name=search_term_string\"}],\"inLanguage\":\"en-US\"}]}<\/script>\n<!-- \/ Yoast SEO plugin. -->","yoast_head_json":{"title":"Application_fr - Queen Elizabeth Scholarship-Advanced Scholars Program","description":"APPEL \u00c0 CANDIDATURES L\u2019Universit\u00e9 Carleton\u00a0invite les candidatures de femmes doctorantes d\u2019Afrique de l\u2019Ouest et de PhD en d\u00e9but de carri\u00e8re pour","robots":{"index":"index","follow":"follow","max-snippet":"max-snippet:-1","max-image-preview":"max-image-preview:large","max-video-preview":"max-video-preview:-1"},"canonical":"https:\/\/carleton.ca\/qes\/qes-as-wa-2021-2024-2\/wurin-ta-na-yin-rubutu-qes-as-wa-2021-2024-fr\/","twitter_misc":{"Est. reading time":"4 minutes"},"schema":{"@context":"https:\/\/schema.org","@graph":[{"@type":"WebPage","@id":"https:\/\/carleton.ca\/qes\/qes-as-wa-2021-2024-2\/wurin-ta-na-yin-rubutu-qes-as-wa-2021-2024-fr\/","url":"https:\/\/carleton.ca\/qes\/qes-as-wa-2021-2024-2\/wurin-ta-na-yin-rubutu-qes-as-wa-2021-2024-fr\/","name":"Application_fr - Queen Elizabeth Scholarship-Advanced Scholars Program","isPartOf":{"@id":"https:\/\/carleton.ca\/qes\/#website"},"datePublished":"2021-09-30T17:33:10+00:00","dateModified":"2023-08-16T22:32:37+00:00","description":"APPEL \u00c0 CANDIDATURES L\u2019Universit\u00e9 Carleton\u00a0invite les candidatures de femmes doctorantes d\u2019Afrique de l\u2019Ouest et de PhD en d\u00e9but de carri\u00e8re pour","breadcrumb":{"@id":"https:\/\/carleton.ca\/qes\/qes-as-wa-2021-2024-2\/wurin-ta-na-yin-rubutu-qes-as-wa-2021-2024-fr\/#breadcrumb"},"inLanguage":"en-US","potentialAction":[{"@type":"ReadAction","target":["https:\/\/carleton.ca\/qes\/qes-as-wa-2021-2024-2\/wurin-ta-na-yin-rubutu-qes-as-wa-2021-2024-fr\/"]}]},{"@type":"BreadcrumbList","@id":"https:\/\/carleton.ca\/qes\/qes-as-wa-2021-2024-2\/wurin-ta-na-yin-rubutu-qes-as-wa-2021-2024-fr\/#breadcrumb","itemListElement":[{"@type":"ListItem","position":1,"name":"Home","item":"https:\/\/carleton.ca\/qes\/"},{"@type":"ListItem","position":2,"name":"Wurin ta na yin rubutu QES-AS-WA (2021-2024)","item":"https:\/\/carleton.ca\/qes\/qes-as-wa-2021-2024-2\/"},{"@type":"ListItem","position":3,"name":"Application_fr"}]},{"@type":"WebSite","@id":"https:\/\/carleton.ca\/qes\/#website","url":"https:\/\/carleton.ca\/qes\/","name":"Queen Elizabeth Scholarship-Advanced Scholars Program","description":"Carleton University","potentialAction":[{"@type":"SearchAction","target":{"@type":"EntryPoint","urlTemplate":"https:\/\/carleton.ca\/qes\/?s={search_term_string}"},"query-input":"required name=search_term_string"}],"inLanguage":"en-US"}]}},"acf":{"banner_image_type":"upload","banner_button":"no","banner_uploaded_image":{"ID":1657,"id":1657,"title":"Website_Application_banner","filename":"Website_Application_banner-scaled-e1688062513944.jpg","filesize":249728,"url":"https:\/\/carleton.ca\/qes\/wp-content\/uploads\/Website_Application_banner-scaled-e1688062513944.jpg","link":"https:\/\/carleton.ca\/qes\/qes-as-wa-2021-2024-2\/callforapplications\/website_application_banner\/","alt":"","author":"23","description":"","caption":"","name":"website_application_banner","status":"inherit","uploaded_to":1493,"date":"2023-06-29 18:14:36","modified":"2023-06-29 18:19:00","menu_order":0,"mime_type":"image\/jpeg","type":"image","subtype":"jpeg","icon":"https:\/\/carleton.ca\/qes\/wp\/wp-includes\/images\/media\/default.png","width":1600,"height":700,"sizes":{"thumbnail":"https:\/\/carleton.ca\/qes\/wp-content\/uploads\/Website_Application_banner-160x70.jpg","thumbnail-width":160,"thumbnail-height":70,"medium":"https:\/\/carleton.ca\/qes\/wp-content\/uploads\/Website_Application_banner-240x105.jpg","medium-width":240,"medium-height":105,"medium_large":"https:\/\/carleton.ca\/qes\/wp-content\/uploads\/Website_Application_banner-768x336.jpg","medium_large-width":768,"medium_large-height":336,"large":"https:\/\/carleton.ca\/qes\/wp-content\/uploads\/Website_Application_banner-400x175.jpg","large-width":400,"large-height":175,"gallery-thumb":"https:\/\/carleton.ca\/qes\/wp-content\/uploads\/Website_Application_banner-300x230.jpg","gallery-thumb-width":300,"gallery-thumb-height":230,"1536x1536":"https:\/\/carleton.ca\/qes\/wp-content\/uploads\/Website_Application_banner-1536x672.jpg","1536x1536-width":1536,"1536x1536-height":672,"2048x2048":"https:\/\/carleton.ca\/qes\/wp-content\/uploads\/Website_Application_banner-2048x896.jpg","2048x2048-width":2048,"2048x2048-height":896,"banner":"https:\/\/carleton.ca\/qes\/wp-content\/uploads\/Website_Application_banner-1600x700.jpg","banner-width":1600,"banner-height":700,"people":"https:\/\/carleton.ca\/qes\/wp-content\/uploads\/Website_Application_banner-200x200.jpg","people-width":200,"people-height":200,"post-thumb":"https:\/\/carleton.ca\/qes\/wp-content\/uploads\/Website_Application_banner-300x230.jpg","post-thumb-width":300,"post-thumb-height":230,"rotator-image":"https:\/\/carleton.ca\/qes\/wp-content\/uploads\/Website_Application_banner-800x600.jpg","rotator-image-width":800,"rotator-image-height":600,"video-thumb":"https:\/\/carleton.ca\/qes\/wp-content\/uploads\/Website_Application_banner-360x158.jpg","video-thumb-width":360,"video-thumb-height":158}},"banner_opacity":"dark","banner_buttons":[{"button_text":"Postuler \u00e0 la bourse","button_link_type":"page","button_page_link":{"ID":1295,"post_author":"11","post_date":"2021-10-01 19:59:55","post_date_gmt":"2021-10-01 23:59:55","post_content":"Merci de votre int\u00e9r\u00eat pour le programme QES-AS-WA de l\u2019Universit\u00e9 Carleton.\r\n\r\n<strong>La date butoir de pr\u00e9sentation de candidature est le 12 novembre 2021, \u00e0 23\u00a0h\u00a059 HAE<\/strong>\r\n\r\nVeuillez suivre les \u00e9tapes suivantes avant de remplir le formulaire de candidature ci-dessous.\r\n<ol>\r\n \t<li>Examinez les <a href=\"https:\/\/carleton.ca\/qes\/qes-as-wa-2021-2024\/criteres-dadmissibilite\/\" target=\"_blank\" rel=\"noopener noreferrer\">Crit\u00e8res d\u2019admissibilit\u00e9<\/a><\/li>\r\n \t<li>Selon les int\u00e9r\u00eats th\u00e9matiques d\u00e9clin\u00e9s \u00e0 la page de recherche de programme\u00a0(<a href=\"https:\/\/carleton.ca\/qes\/qes-as-wa-2021-2024\/mentors\/\">Program Research<\/a>), s\u00e9lectionnez votre mentor et partenaire de placement souhait\u00e9s.<\/li>\r\n \t<li>Examinez l\u2019information \u00e0 la page des partenaires de placement pour les recherches\u00a0(<a href=\"https:\/\/carleton.ca\/qes\/qes-as-wa-2021-2024\/partners\/\">Research Placement Partners<\/a>)\u00a0pour vous assurer que vos recherches rev\u00eatent un int\u00e9r\u00eat pour votre partenaire de placement souhait\u00e9.\u00a0Dans le formulaire de candidature, vous devrez expliquer comment votre recherche cadre avec celle du placement pour les recherches.<\/li>\r\n \t<li>T\u00e9l\u00e9chargez et remplissez le formulaire <a href=\"https:\/\/carleton.ca\/qes\/wp-content\/uploads\/Wurin-ta-na-yin-rubutu-application-09-29-2021-f.docx\" target=\"_blank\" rel=\"noopener noreferrer\">Wurin ta na yin rubutu \u2013 Candidature<\/a>.\u00a0Une fois rempli, vous devrez le t\u00e9l\u00e9verser en mode remplissage.<\/li>\r\n \t<li>Examinez le document de foire aux questions\u00a0(<a href=\"https:\/\/carleton.ca\/qes\/qes-as-wa-2021-2024\/faq\/\">FAQ<\/a>)\u00a0et envoyez toute question subsistante \u00e0\u00a0<a href=\"https:\/\/carleton.ca\/qes\/qes-as-wa-2021-2024\/apply\/qe.scholars@carleton.ca\">qe.scholars@carleton.ca.<\/a><\/li>\r\n \t<li>Remplissez le formulaire de candidature ci-dessous.\u00a0Assurez-vous d\u2019avoir inclus la liste de vos publications dans votre CV, et d\u2019avoir bien rempli tous les champs du formulaire \u00ab\u00a0Wurin ta na yin rubutu \u2013 Candidature\u00a0\u00bb.<\/li>\r\n<\/ol>\r\nNota\u00a0:\u00a0 Les candidatures incompl\u00e8tes pourront \u00eatre \u00e9limin\u00e9es.\r\n\r\n[gravityform id=\"3\" title=\"true\" description=\"true\"]","post_title":"Pr\u00e9sentation de Candidature - old","post_excerpt":"","post_status":"draft","comment_status":"closed","ping_status":"closed","post_password":"","post_name":"presentation-de-candidature","to_ping":"","pinged":"","post_modified":"2021-11-13 07:36:04","post_modified_gmt":"2021-11-13 12:36:04","post_content_filtered":"","post_parent":859,"guid":"https:\/\/carleton.ca\/qes\/?page_id=1295","menu_order":7,"post_type":"page","post_mime_type":"","comment_count":"0","filter":"raw"},"button_post_link":false,"button_event_link":false,"button_video_link":false,"button_external_link":""}]},"_links":{"self":[{"href":"https:\/\/carleton.ca\/qes\/wp-json\/wp\/v2\/pages\/1270"}],"collection":[{"href":"https:\/\/carleton.ca\/qes\/wp-json\/wp\/v2\/pages"}],"about":[{"href":"https:\/\/carleton.ca\/qes\/wp-json\/wp\/v2\/types\/page"}],"author":[{"embeddable":true,"href":"https:\/\/carleton.ca\/qes\/wp-json\/wp\/v2\/users\/11"}],"replies":[{"embeddable":true,"href":"https:\/\/carleton.ca\/qes\/wp-json\/wp\/v2\/comments?post=1270"}],"version-history":[{"count":5,"href":"https:\/\/carleton.ca\/qes\/wp-json\/wp\/v2\/pages\/1270\/revisions"}],"predecessor-version":[{"id":1824,"href":"https:\/\/carleton.ca\/qes\/wp-json\/wp\/v2\/pages\/1270\/revisions\/1824"}],"up":[{"embeddable":true,"href":"https:\/\/carleton.ca\/qes\/wp-json\/wp\/v2\/pages\/859"}],"wp:attachment":[{"href":"https:\/\/carleton.ca\/qes\/wp-json\/wp\/v2\/media?parent=1270"}],"curies":[{"name":"wp","href":"https:\/\/api.w.org\/{rel}","templated":true}]}}