{"id":1288,"date":"2021-10-01T18:52:04","date_gmt":"2021-10-01T22:52:04","guid":{"rendered":"https:\/\/carleton.ca\/qes\/?page_id=1288"},"modified":"2021-11-13T07:30:02","modified_gmt":"2021-11-13T12:30:02","slug":"criteres-dadmissibilite","status":"publish","type":"page","link":"https:\/\/carleton.ca\/qes\/qes-as-wa-2021-2024-2\/criteres-dadmissibilite\/","title":{"rendered":"Crit\u00e8res d\u2019admissibilit\u00e9"},"content":{"rendered":"<p><strong>Crit\u00e8res d\u2019admissibilit\u00e9<\/strong><\/p>\n<p>Ce projet s\u2019adresse aux femmes.<\/p>\n<p><strong>Niveau<\/strong><br \/>\nLes candidates retenues tomberont dans l\u2019une des cat\u00e9gories suivantes\u00a0:<\/p>\n<ul>\n<li><strong>Chercheuse doctorante\u00a0<\/strong>\u2013 Toute candidate qui aura termin\u00e9 tous les travaux de cours et en sera \u00e0 l\u2019\u00e9tape de dissertation de son PhD.<\/li>\n<li><strong>Chercheuse post-doctorante<\/strong>\u00a0\u2013 Toute candidate qui m\u00e8ne des recherches apr\u00e8s la conclusion de son PhD et qui travaille habituellement sous le mentorat d\u2019un chercheur en chef ou d\u2019un enqu\u00eateur principal.<\/li>\n<li><strong>Chercheuse en d\u00e9but de carri\u00e8re\u00a0<\/strong>\u2013\u00a0Toute candidate titulaire d\u2019un PhD qui fait \u00e9tat d\u2019un bilan de travaux comme chercheuse ind\u00e9pendante, qui a \u00e9t\u00e9 cheffe d\u2019un laboratoire ou d\u2019un projet de recherche pendant 4 \u00e0 6\u00a0ans ou qui est titulaire d\u2019un premier poste conduisant \u00e0 la permanence au sein d\u2019une institution d\u00e9cernant des grades.<\/li>\n<\/ul>\n<p><strong>Pays<\/strong><br \/>\nLes candidates doivent \u00eatre citoyennes de l\u2019un des pays suivants d\u2019<strong>Afrique de l\u2019Ouest<\/strong>\u00a0:<\/p>\n<p>B\u00e9nin, Burkina Faso, Cap Vert, Cameroun, R\u00e9publique centrafricaine, Chad, Congo, C\u00f4te d\u2019Ivoire, R\u00e9publique d\u00e9mocratique du Congo, Guin\u00e9e \u00e9quatoriale, Gabon, Gambie, Ghana, Guin\u00e9e, Guin\u00e9e-Bissau, Liberia, Mali, Mauritanie, Niger, Nig\u00e9ria, Sao Tom\u00e9-et-Principe, S\u00e9n\u00e9gal, Sierra Leone, Togo<\/p>\n<p><strong>Domaine de recherche<\/strong><\/p>\n<p>Le domaine de recherche des candidates retenues tombera sous l\u2019un des th\u00e8mes suivants\u00a0:<\/p>\n<ul>\n<li><a href=\"https:\/\/idrc.ca\/en\/program\/climate-resilient-food-systems\">Syst\u00e8mes alimentaires r\u00e9silients au climat<\/a><\/li>\n<li><a href=\"https:\/\/idrc.ca\/fr\/program\/education-et-sciences\" target=\"_blank\" rel=\"noopener noreferrer\">\u00c9ducation et sciences<\/a><\/li>\n<li><a href=\"https:\/\/idrc.ca\/fr\/program\/gouvernance-democratique-et-inclusive\" target=\"_blank\" rel=\"noopener noreferrer\">Gouvernance d\u00e9mocratique et inclusive<\/a><\/li>\n<li><a href=\"https:\/\/idrc.ca\/fr\/program\/sante-mondiale\" target=\"_blank\" rel=\"noopener noreferrer\">Sant\u00e9 mondiale<\/a><\/li>\n<li><a href=\"https:\/\/www.idrc.ca\/fr\/bourse-de-recherche-2021-ethique-de-la-recherche-pour-le-developpement\" target=\"_blank\" rel=\"noopener noreferrer\">\u00c9thique de la recherche pour le d\u00e9veloppement<\/a><\/li>\n<li><a href=\"https:\/\/idrc.ca\/fr\/program\/economies-durables-et-inclusives\" target=\"_blank\" rel=\"noopener noreferrer\">\u00c9conomies durables et inclusives<\/a><\/li>\n<\/ul>\n<p><strong>D\u00e9placements<\/strong><\/p>\n<p>Toutes les boursi\u00e8res doivent \u00eatre dispos\u00e9es \u00e0 se d\u00e9placer et en mesure de le faire.\u00a0Les d\u00e9placements pourront les emmener ailleurs en Afrique de l\u2019Ouest ou au Canada, ou les deux, dans la mesure du possible et du permis.\u00a0Veuillez noter que, malheureusement, nous ne pouvons offrir de services li\u00e9s \u00e0 la garde d\u2019enfants.<\/p>\n","protected":false},"excerpt":{"rendered":"<p>Crit\u00e8res d\u2019admissibilit\u00e9 Ce projet s\u2019adresse aux femmes. Niveau Les candidates retenues tomberont dans l\u2019une des cat\u00e9gories suivantes\u00a0: Chercheuse doctorante\u00a0\u2013 Toute candidate qui aura termin\u00e9 tous les travaux de cours et en sera \u00e0 l\u2019\u00e9tape de dissertation de son PhD. Chercheuse post-doctorante\u00a0\u2013 Toute candidate qui m\u00e8ne des recherches apr\u00e8s la conclusion de son PhD et qui [&hellip;]<\/p>\n","protected":false},"author":11,"featured_media":0,"parent":859,"menu_order":6,"comment_status":"closed","ping_status":"closed","template":"","meta":{"_relevanssi_hide_post":"","_relevanssi_hide_content":"","_relevanssi_pin_for_all":"","_relevanssi_pin_keywords":"","_relevanssi_unpin_keywords":"","_relevanssi_related_keywords":"","_relevanssi_related_include_ids":"","_relevanssi_related_exclude_ids":"","_relevanssi_related_no_append":"","_relevanssi_related_not_related":"","_relevanssi_related_posts":"","_relevanssi_noindex_reason":"","_mi_skip_tracking":false,"_exactmetrics_sitenote_active":false,"_exactmetrics_sitenote_note":"","_exactmetrics_sitenote_category":0,"footnotes":"","_links_to":"","_links_to_target":""},"yoast_head":"<!-- This site is optimized with the Yoast SEO plugin v21.2 - https:\/\/yoast.com\/wordpress\/plugins\/seo\/ -->\n<title>Crit\u00e8res d\u2019admissibilit\u00e9 - Queen Elizabeth Scholarship-Advanced Scholars Program<\/title>\n<meta name=\"description\" content=\"Crit\u00e8res d\u2019admissibilit\u00e9 Ce projet s\u2019adresse aux femmes. Niveau Les candidates retenues tomberont dans l\u2019une des cat\u00e9gories suivantes\u00a0: Chercheuse\" \/>\n<meta name=\"robots\" content=\"index, follow, max-snippet:-1, max-image-preview:large, max-video-preview:-1\" \/>\n<link rel=\"canonical\" href=\"https:\/\/carleton.ca\/qes\/qes-as-wa-2021-2024-2\/criteres-dadmissibilite\/\" \/>\n<meta name=\"twitter:label1\" content=\"Est. reading time\" \/>\n\t<meta name=\"twitter:data1\" content=\"2 minutes\" \/>\n<script type=\"application\/ld+json\" class=\"yoast-schema-graph\">{\"@context\":\"https:\/\/schema.org\",\"@graph\":[{\"@type\":\"WebPage\",\"@id\":\"https:\/\/carleton.ca\/qes\/qes-as-wa-2021-2024-2\/criteres-dadmissibilite\/\",\"url\":\"https:\/\/carleton.ca\/qes\/qes-as-wa-2021-2024-2\/criteres-dadmissibilite\/\",\"name\":\"Crit\u00e8res d\u2019admissibilit\u00e9 - Queen Elizabeth Scholarship-Advanced Scholars Program\",\"isPartOf\":{\"@id\":\"https:\/\/carleton.ca\/qes\/#website\"},\"datePublished\":\"2021-10-01T22:52:04+00:00\",\"dateModified\":\"2021-11-13T12:30:02+00:00\",\"description\":\"Crit\u00e8res d\u2019admissibilit\u00e9 Ce projet s\u2019adresse aux femmes. Niveau Les candidates retenues tomberont dans l\u2019une des cat\u00e9gories suivantes\u00a0: Chercheuse\",\"breadcrumb\":{\"@id\":\"https:\/\/carleton.ca\/qes\/qes-as-wa-2021-2024-2\/criteres-dadmissibilite\/#breadcrumb\"},\"inLanguage\":\"en-US\",\"potentialAction\":[{\"@type\":\"ReadAction\",\"target\":[\"https:\/\/carleton.ca\/qes\/qes-as-wa-2021-2024-2\/criteres-dadmissibilite\/\"]}]},{\"@type\":\"BreadcrumbList\",\"@id\":\"https:\/\/carleton.ca\/qes\/qes-as-wa-2021-2024-2\/criteres-dadmissibilite\/#breadcrumb\",\"itemListElement\":[{\"@type\":\"ListItem\",\"position\":1,\"name\":\"Home\",\"item\":\"https:\/\/carleton.ca\/qes\/\"},{\"@type\":\"ListItem\",\"position\":2,\"name\":\"Wurin ta na yin rubutu QES-AS-WA (2021-2024)\",\"item\":\"https:\/\/carleton.ca\/qes\/qes-as-wa-2021-2024-2\/\"},{\"@type\":\"ListItem\",\"position\":3,\"name\":\"Crit\u00e8res d\u2019admissibilit\u00e9\"}]},{\"@type\":\"WebSite\",\"@id\":\"https:\/\/carleton.ca\/qes\/#website\",\"url\":\"https:\/\/carleton.ca\/qes\/\",\"name\":\"Queen Elizabeth Scholarship-Advanced Scholars Program\",\"description\":\"Carleton University\",\"potentialAction\":[{\"@type\":\"SearchAction\",\"target\":{\"@type\":\"EntryPoint\",\"urlTemplate\":\"https:\/\/carleton.ca\/qes\/?s={search_term_string}\"},\"query-input\":\"required name=search_term_string\"}],\"inLanguage\":\"en-US\"}]}<\/script>\n<!-- \/ Yoast SEO plugin. -->","yoast_head_json":{"title":"Crit\u00e8res d\u2019admissibilit\u00e9 - Queen Elizabeth Scholarship-Advanced Scholars Program","description":"Crit\u00e8res d\u2019admissibilit\u00e9 Ce projet s\u2019adresse aux femmes. Niveau Les candidates retenues tomberont dans l\u2019une des cat\u00e9gories suivantes\u00a0: Chercheuse","robots":{"index":"index","follow":"follow","max-snippet":"max-snippet:-1","max-image-preview":"max-image-preview:large","max-video-preview":"max-video-preview:-1"},"canonical":"https:\/\/carleton.ca\/qes\/qes-as-wa-2021-2024-2\/criteres-dadmissibilite\/","twitter_misc":{"Est. reading time":"2 minutes"},"schema":{"@context":"https:\/\/schema.org","@graph":[{"@type":"WebPage","@id":"https:\/\/carleton.ca\/qes\/qes-as-wa-2021-2024-2\/criteres-dadmissibilite\/","url":"https:\/\/carleton.ca\/qes\/qes-as-wa-2021-2024-2\/criteres-dadmissibilite\/","name":"Crit\u00e8res d\u2019admissibilit\u00e9 - Queen Elizabeth Scholarship-Advanced Scholars Program","isPartOf":{"@id":"https:\/\/carleton.ca\/qes\/#website"},"datePublished":"2021-10-01T22:52:04+00:00","dateModified":"2021-11-13T12:30:02+00:00","description":"Crit\u00e8res d\u2019admissibilit\u00e9 Ce projet s\u2019adresse aux femmes. Niveau Les candidates retenues tomberont dans l\u2019une des cat\u00e9gories suivantes\u00a0: Chercheuse","breadcrumb":{"@id":"https:\/\/carleton.ca\/qes\/qes-as-wa-2021-2024-2\/criteres-dadmissibilite\/#breadcrumb"},"inLanguage":"en-US","potentialAction":[{"@type":"ReadAction","target":["https:\/\/carleton.ca\/qes\/qes-as-wa-2021-2024-2\/criteres-dadmissibilite\/"]}]},{"@type":"BreadcrumbList","@id":"https:\/\/carleton.ca\/qes\/qes-as-wa-2021-2024-2\/criteres-dadmissibilite\/#breadcrumb","itemListElement":[{"@type":"ListItem","position":1,"name":"Home","item":"https:\/\/carleton.ca\/qes\/"},{"@type":"ListItem","position":2,"name":"Wurin ta na yin rubutu QES-AS-WA (2021-2024)","item":"https:\/\/carleton.ca\/qes\/qes-as-wa-2021-2024-2\/"},{"@type":"ListItem","position":3,"name":"Crit\u00e8res d\u2019admissibilit\u00e9"}]},{"@type":"WebSite","@id":"https:\/\/carleton.ca\/qes\/#website","url":"https:\/\/carleton.ca\/qes\/","name":"Queen Elizabeth Scholarship-Advanced Scholars Program","description":"Carleton University","potentialAction":[{"@type":"SearchAction","target":{"@type":"EntryPoint","urlTemplate":"https:\/\/carleton.ca\/qes\/?s={search_term_string}"},"query-input":"required name=search_term_string"}],"inLanguage":"en-US"}]}},"acf":{"banner_image_type":"none","banner_button":"no","banner_buttons":[{"button_text":"Postuler \u00e0 la bourse","button_link_type":"page","button_page_link":{"ID":1295,"post_author":"11","post_date":"2021-10-01 19:59:55","post_date_gmt":"2021-10-01 23:59:55","post_content":"Merci de votre int\u00e9r\u00eat pour le programme QES-AS-WA de l\u2019Universit\u00e9 Carleton.\r\n\r\n<strong>La date butoir de pr\u00e9sentation de candidature est le 12 novembre 2021, \u00e0 23\u00a0h\u00a059 HAE<\/strong>\r\n\r\nVeuillez suivre les \u00e9tapes suivantes avant de remplir le formulaire de candidature ci-dessous.\r\n<ol>\r\n \t<li>Examinez les <a href=\"https:\/\/carleton.ca\/qes\/qes-as-wa-2021-2024\/criteres-dadmissibilite\/\" target=\"_blank\" rel=\"noopener noreferrer\">Crit\u00e8res d\u2019admissibilit\u00e9<\/a><\/li>\r\n \t<li>Selon les int\u00e9r\u00eats th\u00e9matiques d\u00e9clin\u00e9s \u00e0 la page de recherche de programme\u00a0(<a href=\"https:\/\/carleton.ca\/qes\/qes-as-wa-2021-2024\/mentors\/\">Program Research<\/a>), s\u00e9lectionnez votre mentor et partenaire de placement souhait\u00e9s.<\/li>\r\n \t<li>Examinez l\u2019information \u00e0 la page des partenaires de placement pour les recherches\u00a0(<a href=\"https:\/\/carleton.ca\/qes\/qes-as-wa-2021-2024\/partners\/\">Research Placement Partners<\/a>)\u00a0pour vous assurer que vos recherches rev\u00eatent un int\u00e9r\u00eat pour votre partenaire de placement souhait\u00e9.\u00a0Dans le formulaire de candidature, vous devrez expliquer comment votre recherche cadre avec celle du placement pour les recherches.<\/li>\r\n \t<li>T\u00e9l\u00e9chargez et remplissez le formulaire <a href=\"https:\/\/carleton.ca\/qes\/wp-content\/uploads\/Wurin-ta-na-yin-rubutu-application-09-29-2021-f.docx\" target=\"_blank\" rel=\"noopener noreferrer\">Wurin ta na yin rubutu \u2013 Candidature<\/a>.\u00a0Une fois rempli, vous devrez le t\u00e9l\u00e9verser en mode remplissage.<\/li>\r\n \t<li>Examinez le document de foire aux questions\u00a0(<a href=\"https:\/\/carleton.ca\/qes\/qes-as-wa-2021-2024\/faq\/\">FAQ<\/a>)\u00a0et envoyez toute question subsistante \u00e0\u00a0<a href=\"https:\/\/carleton.ca\/qes\/qes-as-wa-2021-2024\/apply\/qe.scholars@carleton.ca\">qe.scholars@carleton.ca.<\/a><\/li>\r\n \t<li>Remplissez le formulaire de candidature ci-dessous.\u00a0Assurez-vous d\u2019avoir inclus la liste de vos publications dans votre CV, et d\u2019avoir bien rempli tous les champs du formulaire \u00ab\u00a0Wurin ta na yin rubutu \u2013 Candidature\u00a0\u00bb.<\/li>\r\n<\/ol>\r\nNota\u00a0:\u00a0 Les candidatures incompl\u00e8tes pourront \u00eatre \u00e9limin\u00e9es.\r\n\r\n[gravityform id=\"3\" title=\"true\" description=\"true\"]","post_title":"Pr\u00e9sentation de Candidature - old","post_excerpt":"","post_status":"draft","comment_status":"closed","ping_status":"closed","post_password":"","post_name":"presentation-de-candidature","to_ping":"","pinged":"","post_modified":"2021-11-13 07:36:04","post_modified_gmt":"2021-11-13 12:36:04","post_content_filtered":"","post_parent":859,"guid":"https:\/\/carleton.ca\/qes\/?page_id=1295","menu_order":7,"post_type":"page","post_mime_type":"","comment_count":"0","filter":"raw"},"button_post_link":false,"button_event_link":false,"button_video_link":false,"button_external_link":""}]},"_links":{"self":[{"href":"https:\/\/carleton.ca\/qes\/wp-json\/wp\/v2\/pages\/1288"}],"collection":[{"href":"https:\/\/carleton.ca\/qes\/wp-json\/wp\/v2\/pages"}],"about":[{"href":"https:\/\/carleton.ca\/qes\/wp-json\/wp\/v2\/types\/page"}],"author":[{"embeddable":true,"href":"https:\/\/carleton.ca\/qes\/wp-json\/wp\/v2\/users\/11"}],"replies":[{"embeddable":true,"href":"https:\/\/carleton.ca\/qes\/wp-json\/wp\/v2\/comments?post=1288"}],"version-history":[{"count":4,"href":"https:\/\/carleton.ca\/qes\/wp-json\/wp\/v2\/pages\/1288\/revisions"}],"predecessor-version":[{"id":1356,"href":"https:\/\/carleton.ca\/qes\/wp-json\/wp\/v2\/pages\/1288\/revisions\/1356"}],"up":[{"embeddable":true,"href":"https:\/\/carleton.ca\/qes\/wp-json\/wp\/v2\/pages\/859"}],"wp:attachment":[{"href":"https:\/\/carleton.ca\/qes\/wp-json\/wp\/v2\/media?parent=1288"}],"curies":[{"name":"wp","href":"https:\/\/api.w.org\/{rel}","templated":true}]}}