{"id":1829,"date":"2023-09-22T10:17:02","date_gmt":"2023-09-22T14:17:02","guid":{"rendered":"https:\/\/carleton.ca\/qes\/?page_id=1829"},"modified":"2023-10-07T10:34:33","modified_gmt":"2023-10-07T14:34:33","slug":"blogs","status":"publish","type":"page","link":"https:\/\/carleton.ca\/qes\/qes-as-wa-2021-2024-2\/blogs\/","title":{"rendered":"QES-AS-WA Scholar Blogs"},"content":{"rendered":"<section class=\"content-wrapper content-wrapper--shortcode\"><div class=\"u-post-reload\"><div class=\"news news--archive u-width-limited\"><a class=\"news__link  news__link--archive\" href=\"https:\/\/carleton.ca\/qes\/2025\/ijeomas-reflection-on-qes-as-wa-scholarship\/\"><p class=\"news__date news__date--archive\">Sunday, May 25, 2025<\/p><h3 class=\"news__heading u-hide-in-toc news__heading--archive\" rel=\"bookmark\">Ijeoma&#8217;s reflection on QES-AS-WA scholarship<\/h3><p class=\"news__excerpt news__excerpt--archive\">As I reflect on my time as a Queen Elizabeth Scholar, I am filled with immense gratitude for the journey that has unfolded before me. This experience has not only shaped my academic and professional aspirations but also profoundly impacted my personal growth and worldview. I embarked on this program with a desire to... <span class=\"news__more-link\">More<\/span><\/p><\/a><\/div><div class=\"news news--archive u-width-limited\"><a class=\"news__link  news__link--archive\" href=\"https:\/\/carleton.ca\/qes\/2024\/canada-nigeria-trade-and-investment-business-forum-october-7th-and-8th-2024\/\"><p class=\"news__date news__date--archive\">Monday, October 21, 2024<\/p><h3 class=\"news__heading u-hide-in-toc news__heading--archive\" rel=\"bookmark\">The Canadian African Diaspora in Trade and Foreign Policy by Canadian International Council (CIC) Ottawa&#8217;s Africa Study Group October 5th, 2024<\/h3><p class=\"news__excerpt news__excerpt--archive\">Expanding Horizons: A Tough Decision with a Positive Outlook Carleton\u2019s QES-AS-WA project warehoused at the Institute of African Studies, offers her QES scholars an array of learning opportunities: multiple capacity-building workshops by Carleton staff and faculty, obtaining support through a faculty research mentor, access to Carleton\u2019s... <span class=\"news__more-link\">More<\/span><\/p><\/a><\/div><div class=\"news news--archive u-width-limited\"><a class=\"news__link  news__link--archive\" href=\"https:\/\/carleton.ca\/qes\/2024\/gloria-boko-epse-agbo\/\"><p class=\"news__date news__date--archive\">Sunday, September 15, 2024<\/p><h3 class=\"news__heading u-hide-in-toc news__heading--archive\" rel=\"bookmark\">Gloria Boko Epse Agbo<\/h3><p class=\"news__excerpt news__excerpt--archive\">My selection When I first received the selection mail for the QES - AS - WA program, I thought it was a hoax. I had absolutely no idea. I checked the email address that had acknowledged receipt of my application to reassure myself. The kindness and availability of the entire IAS team during the... <span class=\"news__more-link\">More<\/span><\/p><\/a><\/div><div class=\"news news--archive u-width-limited\"><a class=\"news__link  news__link--archive\" href=\"https:\/\/carleton.ca\/qes\/2024\/zainab-musa-shallangwa\/\"><p class=\"news__date news__date--archive\">Wednesday, September 4, 2024<\/p><h3 class=\"news__heading u-hide-in-toc news__heading--archive\" rel=\"bookmark\">Zainab Musa Shallangwa<\/h3><p class=\"news__excerpt news__excerpt--archive\">Reflections on my QES Experience I applied for the QES program because of the unique project title - Wurin ta na yin rubutu - rendered in Hausa, a language widely spoken in Northern Nigeria. I connected with the title on two levels: first, as a Hausa speaker, and second, as a northern Nigerian female... <span class=\"news__more-link\">More<\/span><\/p><\/a><\/div><div class=\"news news--archive u-width-limited\"><a class=\"news__link  news__link--archive\" href=\"https:\/\/carleton.ca\/qes\/2024\/adwoa-owusuaa-bobie\/\"><p class=\"news__date news__date--archive\">Tuesday, July 30, 2024<\/p><h3 class=\"news__heading u-hide-in-toc news__heading--archive\" rel=\"bookmark\">Adwoa Owusuaa Bobie<\/h3><p class=\"news__excerpt news__excerpt--archive\">First Impressions I arrived in Ottawa on the 31st of April to the colder-than-usual (based on my experience in Europe) Spring season of Canada. There is a popular saying I came to relate to, that in Canada, conversations are mostly about \u201cweather and construction\u201d. The weather is extreme in every season and there is... <span class=\"news__more-link\">More<\/span><\/p><\/a><\/div><div class=\"news news--archive u-width-limited\"><a class=\"news__link  news__link--archive\" href=\"https:\/\/carleton.ca\/qes\/2024\/jane-ezirigwe\/\"><p class=\"news__date news__date--archive\">Thursday, May 9, 2024<\/p><h3 class=\"news__heading u-hide-in-toc news__heading--archive\" rel=\"bookmark\">Jane Ezirigwe<\/h3><p class=\"news__excerpt news__excerpt--archive\">Empowering Women for Professional Advancement: Reflections on my QES Program at Carleton University The Warmth My journey with the QES program at Carleton University began with an incredibly warm welcome that set the stage for success. The nurturing environment at Carleton, particularly within the Institute of African Studies, was palpable and... <span class=\"news__more-link\">More<\/span><\/p><\/a><\/div><div class=\"news news--archive u-width-limited\"><a class=\"news__link  news__link--archive\" href=\"https:\/\/carleton.ca\/qes\/2023\/ngueda-djeuta-odile-raphaelle\/\"><p class=\"news__date news__date--archive\">Friday, October 6, 2023<\/p><h3 class=\"news__heading u-hide-in-toc news__heading--archive\" rel=\"bookmark\">Odile Raphaelle Ngueda Djeuta<\/h3><p class=\"news__excerpt news__excerpt--archive\">&nbsp; Boursiere selected in the first cohort of the programme, Queen Elizabeth Scholarships \u2013 Advanced Scholars \u2013 West Africa (QES-AS-WA) Placement Partner Black entrepreneur hip knowledge hub Research theme An Exploratory study on Black entrepreneurs in the city of Ottawa, Canada Main objective Explore public and private support measures for... <span class=\"news__more-link\">More<\/span><\/p><\/a><\/div><div class=\"news news--archive u-width-limited\"><a class=\"news__link  news__link--archive\" href=\"https:\/\/carleton.ca\/qes\/2023\/mawuenyega-makafui-butu-2\/\"><p class=\"news__date news__date--archive\">Friday, October 6, 2023<\/p><h3 class=\"news__heading u-hide-in-toc news__heading--archive\" rel=\"bookmark\">Mawuenyega Makafui Butu<\/h3><p class=\"news__excerpt news__excerpt--archive\">As the theme for this fellowship connotes, \u201cWurin ta na yin rubutu,\u201d I had my own room to write and work on my PhD thesis during the QES program. The fellowship offered me the space, resources, and serene environment to concentrate and work on my PhD thesis. My research skills and writing ability improved... <span class=\"news__more-link\">More<\/span><\/p><\/a><\/div><div class=\"news news--archive u-width-limited\"><a class=\"news__link  news__link--archive\" href=\"https:\/\/carleton.ca\/qes\/2023\/helena-osei-egyir\/\"><p class=\"news__date news__date--archive\">Friday, October 6, 2023<\/p><h3 class=\"news__heading u-hide-in-toc news__heading--archive\" rel=\"bookmark\">Helena Osei-Egyir<\/h3><p class=\"news__excerpt news__excerpt--archive\">In writing this piece, I found myself wondering whether I could truly quantify the value of the experiences the Queen Elizabeth Scholarship has given me. Well, let me attempt to recount a few moments. All too quickly, the journey which began in November 2021 concluded after a six-week stay at Carleton University between June... <span class=\"news__more-link\">More<\/span><\/p><\/a><\/div><div class=\"news news--archive u-width-limited\"><a class=\"news__link  news__link--archive\" href=\"https:\/\/carleton.ca\/qes\/2023\/claude-winnie-pefole-fotsing\/\"><p class=\"news__date news__date--archive\">Friday, October 6, 2023<\/p><h3 class=\"news__heading u-hide-in-toc news__heading--archive\" rel=\"bookmark\">Claude Winnie Pefol\u00e9 Fotsing<\/h3><p class=\"news__excerpt news__excerpt--archive\">ARTICLE DE BLOG SUR MON EXPERIENCE QESAS &nbsp; &nbsp; L\u2019exp\u00e9rience du QES fait partie de celles qui n\u2019arrivent qu\u2019une fois dans une vie, et je r\u00e9alise aujourd\u2019hui \u00e0 cet instant pr\u00e9cis combien il m\u2019a \u00e9t\u00e9 pr\u00e9cieux et b\u00e9n\u00e9fique d\u2019en faire partie. Le premier challenge que cette exp\u00e9rience a r\u00e9ussi \u00e0 relever chez moi, \u00e9tait... <span class=\"news__more-link\">More<\/span><\/p><\/a><\/div><div class=\"news news--archive u-width-limited\"><a class=\"news__link  news__link--archive\" href=\"https:\/\/carleton.ca\/qes\/2023\/rashidat-sumbola-akande\/\"><p class=\"news__date news__date--archive\">Friday, October 6, 2023<\/p><h3 class=\"news__heading u-hide-in-toc news__heading--archive\" rel=\"bookmark\">Rashidat Sumbola Akande<\/h3><p class=\"news__excerpt news__excerpt--archive\">My QES Experience I am Rashidat Sumbola Akande from Nigeria, currently serving as an economics lecturer at Kwara State University, Malete, Nigeria. My primary area of research interest centers on economic development, with a specific focus on the informal sector and sustainable development. Additionally, I am passionate about other aspects of... <span class=\"news__more-link\">More<\/span><\/p><\/a><\/div><div class=\"news news--archive u-width-limited\"><a class=\"news__link  news__link--archive\" href=\"https:\/\/carleton.ca\/qes\/2023\/sophia-abiri-franklin\/\"><p class=\"news__date news__date--archive\">Tuesday, October 3, 2023<\/p><h3 class=\"news__heading u-hide-in-toc news__heading--archive\" rel=\"bookmark\">Sophia Abiri-Franklin<\/h3><p class=\"news__excerpt news__excerpt--archive\">Unveiling the Impact: My QES Experience by Dr. Sophia Abiri-Franklin I begin this journey of reflection by extending my heartfelt gratitude to Carleton University and the generous sponsors of the award. Recounting my time at Carleton, the rewards far exceeded my initial expectations. Even now, as I look back, the echoes of that experience... <span class=\"news__more-link\">More<\/span><\/p><\/a><\/div><\/div><div class=\"pagination u-clearfix\"><\/div><\/section>\n","protected":false},"excerpt":{"rendered":"","protected":false},"author":25,"featured_media":0,"parent":859,"menu_order":0,"comment_status":"closed","ping_status":"closed","template":"","meta":{"_relevanssi_hide_post":"","_relevanssi_hide_content":"","_relevanssi_pin_for_all":"","_relevanssi_pin_keywords":"","_relevanssi_unpin_keywords":"","_relevanssi_related_keywords":"","_relevanssi_related_include_ids":"","_relevanssi_related_exclude_ids":"","_relevanssi_related_no_append":"","_relevanssi_related_not_related":"","_relevanssi_related_posts":"","_relevanssi_noindex_reason":"","_mi_skip_tracking":false,"_exactmetrics_sitenote_active":false,"_exactmetrics_sitenote_note":"","_exactmetrics_sitenote_category":0,"footnotes":"","_links_to":"","_links_to_target":""},"yoast_head":"<!-- This site is optimized with the Yoast SEO plugin v21.2 - https:\/\/yoast.com\/wordpress\/plugins\/seo\/ -->\n<title>QES-AS-WA Scholar Blogs - Queen Elizabeth Scholarship-Advanced Scholars Program<\/title>\n<meta name=\"robots\" content=\"index, follow, max-snippet:-1, max-image-preview:large, max-video-preview:-1\" \/>\n<link rel=\"canonical\" href=\"https:\/\/carleton.ca\/qes\/qes-as-wa-2021-2024-2\/blogs\/\" \/>\n<meta name=\"twitter:label1\" content=\"Est. reading time\" \/>\n\t<meta name=\"twitter:data1\" content=\"1 minute\" \/>\n<script type=\"application\/ld+json\" class=\"yoast-schema-graph\">{\"@context\":\"https:\/\/schema.org\",\"@graph\":[{\"@type\":\"WebPage\",\"@id\":\"https:\/\/carleton.ca\/qes\/qes-as-wa-2021-2024-2\/blogs\/\",\"url\":\"https:\/\/carleton.ca\/qes\/qes-as-wa-2021-2024-2\/blogs\/\",\"name\":\"QES-AS-WA Scholar Blogs - Queen Elizabeth Scholarship-Advanced Scholars Program\",\"isPartOf\":{\"@id\":\"https:\/\/carleton.ca\/qes\/#website\"},\"datePublished\":\"2023-09-22T14:17:02+00:00\",\"dateModified\":\"2023-10-07T14:34:33+00:00\",\"breadcrumb\":{\"@id\":\"https:\/\/carleton.ca\/qes\/qes-as-wa-2021-2024-2\/blogs\/#breadcrumb\"},\"inLanguage\":\"en-US\",\"potentialAction\":[{\"@type\":\"ReadAction\",\"target\":[\"https:\/\/carleton.ca\/qes\/qes-as-wa-2021-2024-2\/blogs\/\"]}]},{\"@type\":\"BreadcrumbList\",\"@id\":\"https:\/\/carleton.ca\/qes\/qes-as-wa-2021-2024-2\/blogs\/#breadcrumb\",\"itemListElement\":[{\"@type\":\"ListItem\",\"position\":1,\"name\":\"Home\",\"item\":\"https:\/\/carleton.ca\/qes\/\"},{\"@type\":\"ListItem\",\"position\":2,\"name\":\"Wurin ta na yin rubutu QES-AS-WA (2021-2024)\",\"item\":\"https:\/\/carleton.ca\/qes\/qes-as-wa-2021-2024-2\/\"},{\"@type\":\"ListItem\",\"position\":3,\"name\":\"QES-AS-WA Scholar Blogs\"}]},{\"@type\":\"WebSite\",\"@id\":\"https:\/\/carleton.ca\/qes\/#website\",\"url\":\"https:\/\/carleton.ca\/qes\/\",\"name\":\"Queen Elizabeth Scholarship-Advanced Scholars Program\",\"description\":\"Carleton University\",\"potentialAction\":[{\"@type\":\"SearchAction\",\"target\":{\"@type\":\"EntryPoint\",\"urlTemplate\":\"https:\/\/carleton.ca\/qes\/?s={search_term_string}\"},\"query-input\":\"required name=search_term_string\"}],\"inLanguage\":\"en-US\"}]}<\/script>\n<!-- \/ Yoast SEO plugin. -->","yoast_head_json":{"title":"QES-AS-WA Scholar Blogs - Queen Elizabeth Scholarship-Advanced Scholars Program","robots":{"index":"index","follow":"follow","max-snippet":"max-snippet:-1","max-image-preview":"max-image-preview:large","max-video-preview":"max-video-preview:-1"},"canonical":"https:\/\/carleton.ca\/qes\/qes-as-wa-2021-2024-2\/blogs\/","twitter_misc":{"Est. reading time":"1 minute"},"schema":{"@context":"https:\/\/schema.org","@graph":[{"@type":"WebPage","@id":"https:\/\/carleton.ca\/qes\/qes-as-wa-2021-2024-2\/blogs\/","url":"https:\/\/carleton.ca\/qes\/qes-as-wa-2021-2024-2\/blogs\/","name":"QES-AS-WA Scholar Blogs - Queen Elizabeth Scholarship-Advanced Scholars Program","isPartOf":{"@id":"https:\/\/carleton.ca\/qes\/#website"},"datePublished":"2023-09-22T14:17:02+00:00","dateModified":"2023-10-07T14:34:33+00:00","breadcrumb":{"@id":"https:\/\/carleton.ca\/qes\/qes-as-wa-2021-2024-2\/blogs\/#breadcrumb"},"inLanguage":"en-US","potentialAction":[{"@type":"ReadAction","target":["https:\/\/carleton.ca\/qes\/qes-as-wa-2021-2024-2\/blogs\/"]}]},{"@type":"BreadcrumbList","@id":"https:\/\/carleton.ca\/qes\/qes-as-wa-2021-2024-2\/blogs\/#breadcrumb","itemListElement":[{"@type":"ListItem","position":1,"name":"Home","item":"https:\/\/carleton.ca\/qes\/"},{"@type":"ListItem","position":2,"name":"Wurin ta na yin rubutu QES-AS-WA (2021-2024)","item":"https:\/\/carleton.ca\/qes\/qes-as-wa-2021-2024-2\/"},{"@type":"ListItem","position":3,"name":"QES-AS-WA Scholar Blogs"}]},{"@type":"WebSite","@id":"https:\/\/carleton.ca\/qes\/#website","url":"https:\/\/carleton.ca\/qes\/","name":"Queen Elizabeth Scholarship-Advanced Scholars Program","description":"Carleton University","potentialAction":[{"@type":"SearchAction","target":{"@type":"EntryPoint","urlTemplate":"https:\/\/carleton.ca\/qes\/?s={search_term_string}"},"query-input":"required name=search_term_string"}],"inLanguage":"en-US"}]}},"acf":{"banner_image_type":"upload","banner_button":"no","banner_uploaded_image":{"ID":1872,"id":1872,"title":"Pius Adesanmi African Studies RC-2","filename":"Pius-Adesanmi-African-Studies-RC-2-1.jpg","filesize":299629,"url":"https:\/\/carleton.ca\/qes\/wp-content\/uploads\/Pius-Adesanmi-African-Studies-RC-2-1.jpg","link":"https:\/\/carleton.ca\/qes\/qes-as-wa-2021-2024-2\/blogs\/pius-adesanmi-african-studies-rc-2-2\/","alt":"","author":"25","description":"","caption":"","name":"pius-adesanmi-african-studies-rc-2-2","status":"inherit","uploaded_to":1829,"date":"2023-10-03 18:04:25","modified":"2023-10-03 18:05:11","menu_order":0,"mime_type":"image\/jpeg","type":"image","subtype":"jpeg","icon":"https:\/\/carleton.ca\/qes\/wp\/wp-includes\/images\/media\/default.png","width":1600,"height":700,"sizes":{"thumbnail":"https:\/\/carleton.ca\/qes\/wp-content\/uploads\/Pius-Adesanmi-African-Studies-RC-2-1-160x70.jpg","thumbnail-width":160,"thumbnail-height":70,"medium":"https:\/\/carleton.ca\/qes\/wp-content\/uploads\/Pius-Adesanmi-African-Studies-RC-2-1-240x105.jpg","medium-width":240,"medium-height":105,"medium_large":"https:\/\/carleton.ca\/qes\/wp-content\/uploads\/Pius-Adesanmi-African-Studies-RC-2-1-768x336.jpg","medium_large-width":768,"medium_large-height":336,"large":"https:\/\/carleton.ca\/qes\/wp-content\/uploads\/Pius-Adesanmi-African-Studies-RC-2-1-400x175.jpg","large-width":400,"large-height":175,"gallery-thumb":"https:\/\/carleton.ca\/qes\/wp-content\/uploads\/Pius-Adesanmi-African-Studies-RC-2-1-300x230.jpg","gallery-thumb-width":300,"gallery-thumb-height":230,"1536x1536":"https:\/\/carleton.ca\/qes\/wp-content\/uploads\/Pius-Adesanmi-African-Studies-RC-2-1-1536x672.jpg","1536x1536-width":1536,"1536x1536-height":672,"2048x2048":"https:\/\/carleton.ca\/qes\/wp-content\/uploads\/Pius-Adesanmi-African-Studies-RC-2-1.jpg","2048x2048-width":1600,"2048x2048-height":700,"banner":"https:\/\/carleton.ca\/qes\/wp-content\/uploads\/Pius-Adesanmi-African-Studies-RC-2-1.jpg","banner-width":1600,"banner-height":700,"people":"https:\/\/carleton.ca\/qes\/wp-content\/uploads\/Pius-Adesanmi-African-Studies-RC-2-1-200x200.jpg","people-width":200,"people-height":200,"post-thumb":"https:\/\/carleton.ca\/qes\/wp-content\/uploads\/Pius-Adesanmi-African-Studies-RC-2-1-300x230.jpg","post-thumb-width":300,"post-thumb-height":230,"rotator-image":"https:\/\/carleton.ca\/qes\/wp-content\/uploads\/Pius-Adesanmi-African-Studies-RC-2-1-800x600.jpg","rotator-image-width":800,"rotator-image-height":600,"video-thumb":"https:\/\/carleton.ca\/qes\/wp-content\/uploads\/Pius-Adesanmi-African-Studies-RC-2-1-360x158.jpg","video-thumb-width":360,"video-thumb-height":158}},"banner_opacity":"dark"},"_links":{"self":[{"href":"https:\/\/carleton.ca\/qes\/wp-json\/wp\/v2\/pages\/1829"}],"collection":[{"href":"https:\/\/carleton.ca\/qes\/wp-json\/wp\/v2\/pages"}],"about":[{"href":"https:\/\/carleton.ca\/qes\/wp-json\/wp\/v2\/types\/page"}],"author":[{"embeddable":true,"href":"https:\/\/carleton.ca\/qes\/wp-json\/wp\/v2\/users\/25"}],"replies":[{"embeddable":true,"href":"https:\/\/carleton.ca\/qes\/wp-json\/wp\/v2\/comments?post=1829"}],"version-history":[{"count":3,"href":"https:\/\/carleton.ca\/qes\/wp-json\/wp\/v2\/pages\/1829\/revisions"}],"predecessor-version":[{"id":1970,"href":"https:\/\/carleton.ca\/qes\/wp-json\/wp\/v2\/pages\/1829\/revisions\/1970"}],"up":[{"embeddable":true,"href":"https:\/\/carleton.ca\/qes\/wp-json\/wp\/v2\/pages\/859"}],"wp:attachment":[{"href":"https:\/\/carleton.ca\/qes\/wp-json\/wp\/v2\/media?parent=1829"}],"curies":[{"name":"wp","href":"https:\/\/api.w.org\/{rel}","templated":true}]}}