{"id":877,"date":"2021-06-01T16:39:40","date_gmt":"2021-06-01T20:39:40","guid":{"rendered":"https:\/\/carleton.ca\/qes\/?page_id=877"},"modified":"2023-06-29T14:25:02","modified_gmt":"2023-06-29T18:25:02","slug":"eligibility","status":"publish","type":"page","link":"https:\/\/carleton.ca\/qes\/qes-as-wa-2021-2024-2\/eligibility\/","title":{"rendered":"Eligibility"},"content":{"rendered":"<p><strong>Eligibility Criteria<\/strong><\/p>\n<p>This project is only open to women applicants.<\/p>\n<p><strong>Career Level<\/strong><br \/>\nSuccessful applicants will fit into one of the following defining categories:<\/p>\n<ul>\n<li><strong>Doctoral Researcher<\/strong> &#8211; An i<span class=\"fontstyle0\">ndividual who has completed all course work and is at the dissertation stage of their PhD<\/span><span class=\"fontstyle2\">.<\/span><\/li>\n<li><strong>Post-doctoral Researcher<\/strong> &#8211; An i<span class=\"fontstyle0\">ndividual, who is conducting research after the completion of their PhD, who usually works under the mentorship of a lead researcher or a principal investigator.<\/span><\/li>\n<li><strong>Early Career Researcher<\/strong> &#8211; <span class=\"fontstyle0\">An individual with a PhD, who has demonstrated strong evidence of work as an independent researcher, has led his\/her own laboratory or research project for 4-6 years or is in a tenure-track position at a degree-granting institution.<\/span><\/li>\n<\/ul>\n<p><strong>Countries<\/strong><br \/>\nThe applicants must be a citizen from one of the following <strong>West African<\/strong> countries:<\/p>\n<p>Benin, Burkina Faso, Cabo Verde, Cameroon, Central African Republic, Chad, Congo, Cote d&#8217;Ivoire, Democratic Republic of the Congo, Equatorial Guinea, Gabon, Gambia, Ghana, Guinea, Guinea-Bissau, Liberia, Mali, Mauritania, Niger, Nigeria, Sao Tome and Principe, Senegal, Sierra Leone, Togo<\/p>\n<p><strong>Area of Research<\/strong><br \/>\nThe research of successful applicants will fall into one of the following areas:<\/p>\n<ul>\n<li><a href=\"https:\/\/idrc.ca\/en\/program\/climate-resilient-food-systems\" target=\"_blank\" rel=\"noopener noreferrer\">Climate-Resilient Food Systems<\/a><\/li>\n<li><a href=\"https:\/\/idrc.ca\/en\/program\/education-and-science\" target=\"_blank\" rel=\"noopener noreferrer\">Education and Science<\/a><\/li>\n<li><a href=\"https:\/\/www.idrc.ca\/en\/research-award-2021-ethics-development-research\" target=\"_blank\" rel=\"noopener noreferrer\">Ethics in Development Research<\/a><\/li>\n<li><a href=\"https:\/\/idrc.ca\/en\/program\/global-health\" target=\"_blank\" rel=\"noopener noreferrer\">Global Health<\/a><\/li>\n<li><a href=\"https:\/\/idrc.ca\/en\/program\/global-health\" target=\"_blank\" rel=\"noopener noreferrer\">Democratic and Inclusive Governance<\/a><\/li>\n<li><a href=\"https:\/\/idrc.ca\/en\/program\/sustainable-inclusive-economies\" target=\"_blank\" rel=\"noopener noreferrer\">Sustainable Inclusive Economies<\/a><\/li>\n<\/ul>\n<p><strong>Travel<\/strong><br \/>\nAll scholars must be mobile and willing to travel.\u00a0 Travel may occur across West Africa and\/or to Canada where feasible and permissible.\u00a0 Please note, we are unfortunately unable to support childcare.<\/p>\n","protected":false},"excerpt":{"rendered":"<p>Eligibility Criteria This project is only open to women applicants. Career Level Successful applicants will fit into one of the following defining categories: Doctoral Researcher &#8211; An individual who has completed all course work and is at the dissertation stage of their PhD. Post-doctoral Researcher &#8211; An individual, who is conducting research after the completion [&hellip;]<\/p>\n","protected":false},"author":11,"featured_media":0,"parent":859,"menu_order":3,"comment_status":"closed","ping_status":"closed","template":"","meta":{"_relevanssi_hide_post":"","_relevanssi_hide_content":"","_relevanssi_pin_for_all":"","_relevanssi_pin_keywords":"","_relevanssi_unpin_keywords":"","_relevanssi_related_keywords":"","_relevanssi_related_include_ids":"","_relevanssi_related_exclude_ids":"","_relevanssi_related_no_append":"","_relevanssi_related_not_related":"","_relevanssi_related_posts":"","_relevanssi_noindex_reason":"","_mi_skip_tracking":false,"_exactmetrics_sitenote_active":false,"_exactmetrics_sitenote_note":"","_exactmetrics_sitenote_category":0,"footnotes":"","_links_to":"","_links_to_target":""},"yoast_head":"<!-- This site is optimized with the Yoast SEO plugin v21.2 - https:\/\/yoast.com\/wordpress\/plugins\/seo\/ -->\n<title>Eligibility - Queen Elizabeth Scholarship-Advanced Scholars Program<\/title>\n<meta name=\"description\" content=\"Eligibility Criteria This project is only open to women applicants. Career Level Successful applicants will fit into one of the following defining\" \/>\n<meta name=\"robots\" content=\"index, follow, max-snippet:-1, max-image-preview:large, max-video-preview:-1\" \/>\n<link rel=\"canonical\" href=\"https:\/\/carleton.ca\/qes\/qes-as-wa-2021-2024-2\/eligibility\/\" \/>\n<meta name=\"twitter:label1\" content=\"Est. reading time\" \/>\n\t<meta name=\"twitter:data1\" content=\"1 minute\" \/>\n<script type=\"application\/ld+json\" class=\"yoast-schema-graph\">{\"@context\":\"https:\/\/schema.org\",\"@graph\":[{\"@type\":\"WebPage\",\"@id\":\"https:\/\/carleton.ca\/qes\/qes-as-wa-2021-2024-2\/eligibility\/\",\"url\":\"https:\/\/carleton.ca\/qes\/qes-as-wa-2021-2024-2\/eligibility\/\",\"name\":\"Eligibility - Queen Elizabeth Scholarship-Advanced Scholars Program\",\"isPartOf\":{\"@id\":\"https:\/\/carleton.ca\/qes\/#website\"},\"datePublished\":\"2021-06-01T20:39:40+00:00\",\"dateModified\":\"2023-06-29T18:25:02+00:00\",\"description\":\"Eligibility Criteria This project is only open to women applicants. Career Level Successful applicants will fit into one of the following defining\",\"breadcrumb\":{\"@id\":\"https:\/\/carleton.ca\/qes\/qes-as-wa-2021-2024-2\/eligibility\/#breadcrumb\"},\"inLanguage\":\"en-US\",\"potentialAction\":[{\"@type\":\"ReadAction\",\"target\":[\"https:\/\/carleton.ca\/qes\/qes-as-wa-2021-2024-2\/eligibility\/\"]}]},{\"@type\":\"BreadcrumbList\",\"@id\":\"https:\/\/carleton.ca\/qes\/qes-as-wa-2021-2024-2\/eligibility\/#breadcrumb\",\"itemListElement\":[{\"@type\":\"ListItem\",\"position\":1,\"name\":\"Home\",\"item\":\"https:\/\/carleton.ca\/qes\/\"},{\"@type\":\"ListItem\",\"position\":2,\"name\":\"Wurin ta na yin rubutu QES-AS-WA (2021-2024)\",\"item\":\"https:\/\/carleton.ca\/qes\/qes-as-wa-2021-2024-2\/\"},{\"@type\":\"ListItem\",\"position\":3,\"name\":\"Eligibility\"}]},{\"@type\":\"WebSite\",\"@id\":\"https:\/\/carleton.ca\/qes\/#website\",\"url\":\"https:\/\/carleton.ca\/qes\/\",\"name\":\"Queen Elizabeth Scholarship-Advanced Scholars Program\",\"description\":\"Carleton University\",\"potentialAction\":[{\"@type\":\"SearchAction\",\"target\":{\"@type\":\"EntryPoint\",\"urlTemplate\":\"https:\/\/carleton.ca\/qes\/?s={search_term_string}\"},\"query-input\":\"required name=search_term_string\"}],\"inLanguage\":\"en-US\"}]}<\/script>\n<!-- \/ Yoast SEO plugin. -->","yoast_head_json":{"title":"Eligibility - Queen Elizabeth Scholarship-Advanced Scholars Program","description":"Eligibility Criteria This project is only open to women applicants. Career Level Successful applicants will fit into one of the following defining","robots":{"index":"index","follow":"follow","max-snippet":"max-snippet:-1","max-image-preview":"max-image-preview:large","max-video-preview":"max-video-preview:-1"},"canonical":"https:\/\/carleton.ca\/qes\/qes-as-wa-2021-2024-2\/eligibility\/","twitter_misc":{"Est. reading time":"1 minute"},"schema":{"@context":"https:\/\/schema.org","@graph":[{"@type":"WebPage","@id":"https:\/\/carleton.ca\/qes\/qes-as-wa-2021-2024-2\/eligibility\/","url":"https:\/\/carleton.ca\/qes\/qes-as-wa-2021-2024-2\/eligibility\/","name":"Eligibility - Queen Elizabeth Scholarship-Advanced Scholars Program","isPartOf":{"@id":"https:\/\/carleton.ca\/qes\/#website"},"datePublished":"2021-06-01T20:39:40+00:00","dateModified":"2023-06-29T18:25:02+00:00","description":"Eligibility Criteria This project is only open to women applicants. Career Level Successful applicants will fit into one of the following defining","breadcrumb":{"@id":"https:\/\/carleton.ca\/qes\/qes-as-wa-2021-2024-2\/eligibility\/#breadcrumb"},"inLanguage":"en-US","potentialAction":[{"@type":"ReadAction","target":["https:\/\/carleton.ca\/qes\/qes-as-wa-2021-2024-2\/eligibility\/"]}]},{"@type":"BreadcrumbList","@id":"https:\/\/carleton.ca\/qes\/qes-as-wa-2021-2024-2\/eligibility\/#breadcrumb","itemListElement":[{"@type":"ListItem","position":1,"name":"Home","item":"https:\/\/carleton.ca\/qes\/"},{"@type":"ListItem","position":2,"name":"Wurin ta na yin rubutu QES-AS-WA (2021-2024)","item":"https:\/\/carleton.ca\/qes\/qes-as-wa-2021-2024-2\/"},{"@type":"ListItem","position":3,"name":"Eligibility"}]},{"@type":"WebSite","@id":"https:\/\/carleton.ca\/qes\/#website","url":"https:\/\/carleton.ca\/qes\/","name":"Queen Elizabeth Scholarship-Advanced Scholars Program","description":"Carleton University","potentialAction":[{"@type":"SearchAction","target":{"@type":"EntryPoint","urlTemplate":"https:\/\/carleton.ca\/qes\/?s={search_term_string}"},"query-input":"required name=search_term_string"}],"inLanguage":"en-US"}]}},"acf":{"banner_image_type":"upload","banner_button":"yes","banner_buttons":[{"button_text":"Crit\u00e8res d\u2019admissibilit\u00e9","button_link_type":"page","button_page_link":{"ID":1288,"post_author":"11","post_date":"2021-10-01 18:52:04","post_date_gmt":"2021-10-01 22:52:04","post_content":"<strong>Crit\u00e8res d\u2019admissibilit\u00e9<\/strong>\r\n\r\nCe projet s\u2019adresse aux femmes.\r\n\r\n<strong>Niveau<\/strong>\r\nLes candidates retenues tomberont dans l\u2019une des cat\u00e9gories suivantes\u00a0:\r\n<ul>\r\n \t<li><strong>Chercheuse doctorante\u00a0<\/strong>\u2013 Toute candidate qui aura termin\u00e9 tous les travaux de cours et en sera \u00e0 l\u2019\u00e9tape de dissertation de son PhD.<\/li>\r\n \t<li><strong>Chercheuse post-doctorante<\/strong>\u00a0\u2013 Toute candidate qui m\u00e8ne des recherches apr\u00e8s la conclusion de son PhD et qui travaille habituellement sous le mentorat d\u2019un chercheur en chef ou d\u2019un enqu\u00eateur principal.<\/li>\r\n \t<li><strong>Chercheuse en d\u00e9but de carri\u00e8re\u00a0<\/strong>\u2013\u00a0Toute candidate titulaire d\u2019un PhD qui fait \u00e9tat d\u2019un bilan de travaux comme chercheuse ind\u00e9pendante, qui a \u00e9t\u00e9 cheffe d\u2019un laboratoire ou d\u2019un projet de recherche pendant 4 \u00e0 6\u00a0ans ou qui est titulaire d\u2019un premier poste conduisant \u00e0 la permanence au sein d\u2019une institution d\u00e9cernant des grades.<\/li>\r\n<\/ul>\r\n<strong>Pays<\/strong>\r\nLes candidates doivent \u00eatre citoyennes de l\u2019un des pays suivants d\u2019<strong>Afrique de l\u2019Ouest<\/strong>\u00a0:\r\n\r\nB\u00e9nin, Burkina Faso, Cap Vert, Cameroun, R\u00e9publique centrafricaine, Chad, Congo, C\u00f4te d\u2019Ivoire, R\u00e9publique d\u00e9mocratique du Congo, Guin\u00e9e \u00e9quatoriale, Gabon, Gambie, Ghana, Guin\u00e9e, Guin\u00e9e-Bissau, Liberia, Mali, Mauritanie, Niger, Nig\u00e9ria, Sao Tom\u00e9-et-Principe, S\u00e9n\u00e9gal, Sierra Leone, Togo\r\n\r\n<strong>Domaine de recherche<\/strong>\r\n\r\nLe domaine de recherche des candidates retenues tombera sous l\u2019un des th\u00e8mes suivants\u00a0:\r\n<ul>\r\n \t<li><a href=\"https:\/\/idrc.ca\/en\/program\/climate-resilient-food-systems\">Syst\u00e8mes alimentaires r\u00e9silients au climat<\/a><\/li>\r\n \t<li><a href=\"https:\/\/idrc.ca\/fr\/program\/education-et-sciences\" target=\"_blank\" rel=\"noopener noreferrer\">\u00c9ducation et sciences<\/a><\/li>\r\n \t<li><a href=\"https:\/\/idrc.ca\/fr\/program\/gouvernance-democratique-et-inclusive\" target=\"_blank\" rel=\"noopener noreferrer\">Gouvernance d\u00e9mocratique et inclusive<\/a><\/li>\r\n \t<li><a href=\"https:\/\/idrc.ca\/fr\/program\/sante-mondiale\" target=\"_blank\" rel=\"noopener noreferrer\">Sant\u00e9 mondiale<\/a><\/li>\r\n \t<li><a href=\"https:\/\/www.idrc.ca\/fr\/bourse-de-recherche-2021-ethique-de-la-recherche-pour-le-developpement\" target=\"_blank\" rel=\"noopener noreferrer\">\u00c9thique de la recherche pour le d\u00e9veloppement<\/a><\/li>\r\n \t<li><a href=\"https:\/\/idrc.ca\/fr\/program\/economies-durables-et-inclusives\" target=\"_blank\" rel=\"noopener noreferrer\">\u00c9conomies durables et inclusives<\/a><\/li>\r\n<\/ul>\r\n<strong>D\u00e9placements<\/strong>\r\n\r\nToutes les boursi\u00e8res doivent \u00eatre dispos\u00e9es \u00e0 se d\u00e9placer et en mesure de le faire.\u00a0Les d\u00e9placements pourront les emmener ailleurs en Afrique de l\u2019Ouest ou au Canada, ou les deux, dans la mesure du possible et du permis.\u00a0Veuillez noter que, malheureusement, nous ne pouvons offrir de services li\u00e9s \u00e0 la garde d\u2019enfants.","post_title":"Crit\u00e8res d\u2019admissibilit\u00e9","post_excerpt":"","post_status":"publish","comment_status":"closed","ping_status":"closed","post_password":"","post_name":"criteres-dadmissibilite","to_ping":"","pinged":"","post_modified":"2021-11-13 07:30:02","post_modified_gmt":"2021-11-13 12:30:02","post_content_filtered":"","post_parent":859,"guid":"https:\/\/carleton.ca\/qes\/?page_id=1288","menu_order":6,"post_type":"page","post_mime_type":"","comment_count":"0","filter":"raw"},"button_post_link":false,"button_event_link":false,"button_video_link":false,"button_external_link":""}],"banner_uploaded_image":{"ID":1657,"id":1657,"title":"Website_Application_banner","filename":"Website_Application_banner-scaled-e1688062513944.jpg","filesize":249728,"url":"https:\/\/carleton.ca\/qes\/wp-content\/uploads\/Website_Application_banner-scaled-e1688062513944.jpg","link":"https:\/\/carleton.ca\/qes\/qes-as-wa-2021-2024-2\/callforapplications\/website_application_banner\/","alt":"","author":"23","description":"","caption":"","name":"website_application_banner","status":"inherit","uploaded_to":1493,"date":"2023-06-29 18:14:36","modified":"2023-06-29 18:19:00","menu_order":0,"mime_type":"image\/jpeg","type":"image","subtype":"jpeg","icon":"https:\/\/carleton.ca\/qes\/wp\/wp-includes\/images\/media\/default.png","width":1600,"height":700,"sizes":{"thumbnail":"https:\/\/carleton.ca\/qes\/wp-content\/uploads\/Website_Application_banner-160x70.jpg","thumbnail-width":160,"thumbnail-height":70,"medium":"https:\/\/carleton.ca\/qes\/wp-content\/uploads\/Website_Application_banner-240x105.jpg","medium-width":240,"medium-height":105,"medium_large":"https:\/\/carleton.ca\/qes\/wp-content\/uploads\/Website_Application_banner-768x336.jpg","medium_large-width":768,"medium_large-height":336,"large":"https:\/\/carleton.ca\/qes\/wp-content\/uploads\/Website_Application_banner-400x175.jpg","large-width":400,"large-height":175,"gallery-thumb":"https:\/\/carleton.ca\/qes\/wp-content\/uploads\/Website_Application_banner-300x230.jpg","gallery-thumb-width":300,"gallery-thumb-height":230,"1536x1536":"https:\/\/carleton.ca\/qes\/wp-content\/uploads\/Website_Application_banner-1536x672.jpg","1536x1536-width":1536,"1536x1536-height":672,"2048x2048":"https:\/\/carleton.ca\/qes\/wp-content\/uploads\/Website_Application_banner-2048x896.jpg","2048x2048-width":2048,"2048x2048-height":896,"banner":"https:\/\/carleton.ca\/qes\/wp-content\/uploads\/Website_Application_banner-1600x700.jpg","banner-width":1600,"banner-height":700,"people":"https:\/\/carleton.ca\/qes\/wp-content\/uploads\/Website_Application_banner-200x200.jpg","people-width":200,"people-height":200,"post-thumb":"https:\/\/carleton.ca\/qes\/wp-content\/uploads\/Website_Application_banner-300x230.jpg","post-thumb-width":300,"post-thumb-height":230,"rotator-image":"https:\/\/carleton.ca\/qes\/wp-content\/uploads\/Website_Application_banner-800x600.jpg","rotator-image-width":800,"rotator-image-height":600,"video-thumb":"https:\/\/carleton.ca\/qes\/wp-content\/uploads\/Website_Application_banner-360x158.jpg","video-thumb-width":360,"video-thumb-height":158}},"banner_opacity":"dark"},"_links":{"self":[{"href":"https:\/\/carleton.ca\/qes\/wp-json\/wp\/v2\/pages\/877"}],"collection":[{"href":"https:\/\/carleton.ca\/qes\/wp-json\/wp\/v2\/pages"}],"about":[{"href":"https:\/\/carleton.ca\/qes\/wp-json\/wp\/v2\/types\/page"}],"author":[{"embeddable":true,"href":"https:\/\/carleton.ca\/qes\/wp-json\/wp\/v2\/users\/11"}],"replies":[{"embeddable":true,"href":"https:\/\/carleton.ca\/qes\/wp-json\/wp\/v2\/comments?post=877"}],"version-history":[{"count":4,"href":"https:\/\/carleton.ca\/qes\/wp-json\/wp\/v2\/pages\/877\/revisions"}],"predecessor-version":[{"id":1671,"href":"https:\/\/carleton.ca\/qes\/wp-json\/wp\/v2\/pages\/877\/revisions\/1671"}],"up":[{"embeddable":true,"href":"https:\/\/carleton.ca\/qes\/wp-json\/wp\/v2\/pages\/859"}],"wp:attachment":[{"href":"https:\/\/carleton.ca\/qes\/wp-json\/wp\/v2\/media?parent=877"}],"curies":[{"name":"wp","href":"https:\/\/api.w.org\/{rel}","templated":true}]}}