{"id":662,"date":"2017-06-30T16:19:13","date_gmt":"2017-06-30T20:19:13","guid":{"rendered":"https:\/\/carleton.ca\/rangifercentral\/?page_id=662"},"modified":"2017-07-23T09:26:44","modified_gmt":"2017-07-23T13:26:44","slug":"bibliography-links","status":"publish","type":"page","link":"https:\/\/carleton.ca\/rangifercentral\/barrenlands-prehistory\/references\/bibliography-links\/","title":{"rendered":"Bibliography &#038; Links"},"content":{"rendered":"<p><img decoding=\"async\" loading=\"lazy\" class=\"size-full wp-image-663 alignleft\" src=\"https:\/\/carleton.ca\/rangifercentral\/wp-content\/uploads\/PeopleCover_30.png\" alt=\"\" width=\"210\" height=\"284\" srcset=\"https:\/\/carleton.ca\/rangifercentral\/wp-content\/uploads\/PeopleCover_30.png 210w, https:\/\/carleton.ca\/rangifercentral\/wp-content\/uploads\/PeopleCover_30-160x216.png 160w\" sizes=\"(max-width: 210px) 100vw, 210px\" \/>Gordon, Bryan C.<\/p>\n<p>1996 <i>People of Sunlight; People of Starlight: Barrenland Archaeology in the Northwest Territories of Canada.<\/i> Archaeological Survey of Canada, Mercury Series Paper 154. Canadian Museum of Civilization<\/p>\n<div class=\"hlite\">\n<p>This study of the effect of herd following on culture reflects over twenty years of field and laboratory research. The author analyzes and compares some 13,000 artifacts from 1,002 hunting camps of the Northern Plano, Shield Archaic, Pre-Dorset and Taltheilei traditions. Exploring reasons for seasonal tool variation and similarity, he considers geological, biological and historical influences on caribou hunters.<\/p>\n<p>Gordon, Bryan C.<\/p>\n<p>1975 <i>Of Men &amp; Herds in Barrenland Prehistory<\/i>. Archaeological Survey of Canada, Mercury Series Paper 28. National Museums of Canada.<\/p>\n<div class=\"hlite\">\n<p>This study attempts to elucidate the temporal and spatial interrelationships between the barrenland Pre-Dorset peoples, climates and caribou herds in the period 1500-700 B.C. Items such as discreteness of herds and human bands, band movements and communication and differing cultural patterns as evidenced in artifacts, are discussed. All are used in the formulation of the discrete band \/ discrete herd relationship.<\/p>\n<\/div>\n<p>1978 <i>Migod &#8211; 8000 Years of Barrenland Prehistory.<\/i> Archaeological Survey of Canada, Mercury Series Paper 56. National Museums of Canada.<\/p>\n<div class=\"hlite\">\n<p>The discrete band \/ discrete herd association is used to explore 8,000 years of barrenland prehistory at the Migod site, west-central Keewatin District, Northwest Territories The association appears applicable in the four traditions represented \u2500 Agate Basin, Shield Archaic, Pre-Dorset and Taltheilei.<\/p>\n<\/div>\n<p>1979. <i>Of Men and Herds in Canadian Plains Prehistory.<\/i> Archaeological Survey of Canada, Mercury Series Paper 84. National Museums of Canada.<\/p>\n<div class=\"hlite\">\n<p>This is a preliminary study of temporal and spatial relationships between Canadian Plains peoples, climates and bison populations over the past 10,000 years. Discreteness of two bison populations, hunting and band movements and communication are discussed together with the probable role of grassland faciation as a control on bison migration.<\/p>\n<\/div>\n<p>2005 <i>8000 Years of Caribou and Human Seasonal Migration in the Canadian Barrenlands<\/i>. Proceedings of the Tenth North American Caribou Workshop, 4-6 May, 2004. Rangifer, Special Issue No. 16, 2005.<\/p>\n<p>2006 <i>Deciphering archaeological palimpsests \u2013 an example from a Canadian Barrenland Rangifer hunting camp<\/i>. Proceedings of the Meso2005 Archaeological Conference, Queen\u2019s University, Belfast, Ireland. Oxbow Press (in press).<\/p>\n<p><img decoding=\"async\" loading=\"lazy\" class=\"size-full wp-image-664 alignleft\" src=\"https:\/\/carleton.ca\/rangifercentral\/wp-content\/uploads\/HearneCover.jpg\" alt=\"\" width=\"210\" height=\"265\" srcset=\"https:\/\/carleton.ca\/rangifercentral\/wp-content\/uploads\/HearneCover.jpg 210w, https:\/\/carleton.ca\/rangifercentral\/wp-content\/uploads\/HearneCover-160x202.jpg 160w\" sizes=\"(max-width: 210px) 100vw, 210px\" \/>Hearne, Samuel<\/p>\n<p>1958 A Journey from Prince of Wales\u2019s Fort in Hudson\u2019s Bay to the Northern Ocean 1769, 1770, 1771, 1772 (ed. by R. Glover). Reprinted Toronto: Macmillan 1958.<\/p>\n<div class=\"hlite\">\n<p>The first avocational Barrenland ethnologist, Samuel Hearne was a keen observer of the Chipewyan lifeways, adopting a functional approach to everyday tasks that we examine in our Website.<\/p>\n<\/div>\n<p><\/p>\n<\/div>\n<p><\/p>\n<p>Burch, Ernest S., Jr.<\/p>\n<p>1972 <i>The caribou\/wild reindeer as a human resource.<\/i> American Antiquity 37:339-68.<\/p>\n<p>1991 <i>Herd following reconsidered.<\/i> Current Anthropology 32:4:439-444.<\/p>\n<p><\/p>\n<p>Cook, Frederick<\/p>\n<p>1894a <i>Dr. Cook among the Esquimaux: Editorial<\/i> New York Journal of Gynecology and Obstetrics IV:287.<\/p>\n<p>1894b <i>Gynecology and obstetrics among the Ekimos.<\/i> Brooklyn Medical Journal 8:154.<\/p>\n<p>1897 <i>Some physical effects of arctic cold, darkness and light.<\/i> Medical Record 51:833-836.<\/p>\n<p><\/p>\n<p>Parker, Gerry R.<\/p>\n<p>1972 <i>Biology of the Kaminuriak population of barren-ground caribou, Part 1. <\/i>Canadian Wildlife Service Report Series 20, Ottawa. 95 pp.<\/p>\n<p>1972 <i>Distribution of Barren-Ground caribou harvest in north-central Canada from ear-tag returns.<\/i> Canadian Wildlife Service, Occasional paper 15, Ottawa. 20 pp.<\/p>\n<p><\/p>\n<p>Smith, J.G.E.<\/p>\n<p>1978 <i>Economic uncertainty in an &#8220;Original Affluent Society&#8221;: Caribou and Caribou-Eater Chipewyan adaptive strategies.<\/i>Arctic\u00a0Anthropology 15:68-88.<\/p>\n<p><\/p>\n<p>1982 Tooth sectioning as an archaeological tool (ed. by Faye Kert), Canadian Studies Report 14e, Archaeological Survey of Canada, National Museum of Man, Ottawa, 4 pp.<\/p>\n<p>Le sectionnement des dents: moyen de recherche arch\u00e9ologique(R\u00e9vision: Gilles Dansereau), Rapport no 14f sur les Etudes Canadiennes, Comm. arche\u00e9ologique du Canada, Muse\u00e9e national de l&#8217;Homme, Ottawa, 4 pp.<\/p>\n<p>1984 Selected bibliography of dental annular studies on various mammals. Zooarchaeological Research News, Supplement 2, August, pp. 1-24.<\/p>\n<p>1992 Archaeological Seasonality using Incremental Structures in Teeth: An Annotated Bibliography. Zooarchaeological Research News, Special Publication. Spirally bound laboratory reference.<\/p>\n<div class=\"hlite\">A 180 pp. single-spaced annotated bibliography of use to archaeologists and biologists assessing seasonality of animal kills and ancient camps (cross-indexed by author, subject and Linnaean species).<\/div>\n<p>1993 Archaeological tooth and bone seasonal increments: the need for standardized terms and techniques. Archaeolozoologica Vol. V\/2,pp.9-16(La Pens\u00e9e Sauvage: Incremental growth structures in zooarchaeological seasonality).<\/p>\n<h3>For more information on publications by the <b>Canadian Museum of History<\/b>:<\/h3>\n<table style=\"width: 552px; height: 359px;\">\n<tbody>\n<tr style=\"height: 256.531px;\">\n<td style=\"width: 262px; height: 256.531px;\"><b>Mailing Address:<\/b><br \/>\n100 Laurier Street<br \/>\nP.O. Box 3100, Station B<br \/>\nGatineau, Quebec J8X 4H2<\/p>\n<p><b>Fax orders:<\/b><br \/>\n(819) 776-8535<\/td>\n<td style=\"width: 274px; height: 256.531px;\"><b>Phone orders:<\/b><br \/>\n1 800 555-5621 (North America only)<br \/>\n(819) 776-8387 (National Capital Region)<\/p>\n<p><b>E-mail<\/b>:\u00a0\u00a0 <a class=\"menu\" href=\"&#109;&#x61;&#x69;&#108;&#x74;&#x6f;:&#x62;&#x6f;u&#116;&#x69;q&#117;&#x65;&#64;&#104;&#x69;s&#116;&#x6f;r&#121;&#x6d;&#x75;&#115;&#x65;&#x75;&#109;&#x2e;&#x63;a\">boutique&#64;his&#116;&#111;&#114;&#121;&#109;&#117;&#115;&#101;&#117;&#109;&#46;&#99;&#97;<\/a><br \/>\n<b>Website<\/b>: <a class=\"menu\" href=\"https:\/\/www.historymuseum.ca\/boutique\/category-categorie\/all-books\/museum-publications\/\" target=\"_blank\" rel=\"noopener noreferrer\">historymuseum.ca\/boutique<\/a><\/td>\n<\/tr>\n<\/tbody>\n<\/table>\n<h3>Links:<\/h3>\n<p><a href=\"http:\/\/www.publications.gc.ca\/site\/eng\/114632\/publication.html\">Archaeological Survey of Canada<\/a><\/p>\n<p><a href=\"http:\/\/www.historymuseum.ca\/cmc\/exhibitions\/archeo\/nadlok\/nglos21e.shtml\">Tooth Sectioning as an Archaeological Tool<\/a><\/p>\n<p><a href=\"http:\/\/rangifer.net\/rangifer\/index.cfm\">Human Role in Reindeer\/Caribou Systems<\/a><\/p>\n<p><a href=\"https:\/\/en.wikipedia.org\/wiki\/Borden_System\">The Borden System of Site Identification<\/a><\/p>\n<p><a href=\"http:\/\/pwnhc.learnnet.nt.ca\/research\/archreports\/index.htm\">Prince of Wales Northern Heritage Centre<\/a><\/p>\n<p><a href=\"http:\/\/denenation.com\/photos.html\">Dene Nation Online Photo Collection<\/a><\/p>\n<p><a href=\"http:\/\/www.umanitoba.ca\/faculties\/arts\/anthropology\/manarchnet\/appendices\/glossary.html\">A Glossary of Manitoba Prehistoric Archaeology<\/a><\/p>\n<p><a href=\"http:\/\/link.library.utoronto.ca\/tyrrell\/index.cfm\">Tyrrell Surveys of the Barren Lands &#8211; U of T Libraries<\/a><\/p>\n<p>More References and Links to come . . .<\/p>\n","protected":false},"excerpt":{"rendered":"<p>Gordon, Bryan C. 1996 People of Sunlight; People of Starlight: Barrenland Archaeology in the Northwest Territories of Canada. Archaeological Survey of Canada, Mercury Series Paper 154. Canadian Museum of Civilization This study of the effect of herd following on culture reflects over twenty years of field and laboratory research. The author analyzes and compares some [&hellip;]<\/p>\n","protected":false},"author":5,"featured_media":0,"parent":653,"menu_order":0,"comment_status":"closed","ping_status":"closed","template":"","meta":{"_relevanssi_hide_post":"","_relevanssi_hide_content":"","_relevanssi_pin_for_all":"","_relevanssi_pin_keywords":"","_relevanssi_unpin_keywords":"","_relevanssi_related_keywords":"","_relevanssi_related_include_ids":"","_relevanssi_related_exclude_ids":"","_relevanssi_related_no_append":"","_relevanssi_related_not_related":"","_relevanssi_related_posts":"","_relevanssi_noindex_reason":"","_mi_skip_tracking":false,"_exactmetrics_sitenote_active":false,"_exactmetrics_sitenote_note":"","_exactmetrics_sitenote_category":0,"footnotes":"","_links_to":"","_links_to_target":""},"yoast_head":"<!-- This site is optimized with the Yoast SEO plugin v21.2 - https:\/\/yoast.com\/wordpress\/plugins\/seo\/ -->\n<title>Bibliography &amp; Links - Rangifer Central<\/title>\n<meta name=\"description\" content=\"Gordon, Bryan C. 1996 People of Sunlight; People of Starlight: Barrenland Archaeology in the Northwest Territories of Canada. Archaeological Survey of\" \/>\n<meta name=\"robots\" content=\"index, follow, max-snippet:-1, max-image-preview:large, max-video-preview:-1\" \/>\n<link rel=\"canonical\" href=\"https:\/\/carleton.ca\/rangifercentral\/barrenlands-prehistory\/references\/bibliography-links\/\" \/>\n<meta name=\"twitter:label1\" content=\"Est. reading time\" \/>\n\t<meta name=\"twitter:data1\" content=\"4 minutes\" \/>\n<script type=\"application\/ld+json\" class=\"yoast-schema-graph\">{\"@context\":\"https:\/\/schema.org\",\"@graph\":[{\"@type\":\"WebPage\",\"@id\":\"https:\/\/carleton.ca\/rangifercentral\/barrenlands-prehistory\/references\/bibliography-links\/\",\"url\":\"https:\/\/carleton.ca\/rangifercentral\/barrenlands-prehistory\/references\/bibliography-links\/\",\"name\":\"Bibliography & Links - Rangifer Central\",\"isPartOf\":{\"@id\":\"https:\/\/carleton.ca\/rangifercentral\/#website\"},\"datePublished\":\"2017-06-30T20:19:13+00:00\",\"dateModified\":\"2017-07-23T13:26:44+00:00\",\"description\":\"Gordon, Bryan C. 1996 People of Sunlight; People of Starlight: Barrenland Archaeology in the Northwest Territories of Canada. Archaeological Survey of\",\"breadcrumb\":{\"@id\":\"https:\/\/carleton.ca\/rangifercentral\/barrenlands-prehistory\/references\/bibliography-links\/#breadcrumb\"},\"inLanguage\":\"en-US\",\"potentialAction\":[{\"@type\":\"ReadAction\",\"target\":[\"https:\/\/carleton.ca\/rangifercentral\/barrenlands-prehistory\/references\/bibliography-links\/\"]}]},{\"@type\":\"BreadcrumbList\",\"@id\":\"https:\/\/carleton.ca\/rangifercentral\/barrenlands-prehistory\/references\/bibliography-links\/#breadcrumb\",\"itemListElement\":[{\"@type\":\"ListItem\",\"position\":1,\"name\":\"Home\",\"item\":\"https:\/\/carleton.ca\/rangifercentral\/\"},{\"@type\":\"ListItem\",\"position\":2,\"name\":\"Barrenlands Prehistory\",\"item\":\"https:\/\/carleton.ca\/rangifercentral\/barrenlands-prehistory\/\"},{\"@type\":\"ListItem\",\"position\":3,\"name\":\"References\",\"item\":\"https:\/\/carleton.ca\/rangifercentral\/barrenlands-prehistory\/references\/\"},{\"@type\":\"ListItem\",\"position\":4,\"name\":\"Bibliography &#038; Links\"}]},{\"@type\":\"WebSite\",\"@id\":\"https:\/\/carleton.ca\/rangifercentral\/#website\",\"url\":\"https:\/\/carleton.ca\/rangifercentral\/\",\"name\":\"Rangifer Central\",\"description\":\"Carleton University\",\"potentialAction\":[{\"@type\":\"SearchAction\",\"target\":{\"@type\":\"EntryPoint\",\"urlTemplate\":\"https:\/\/carleton.ca\/rangifercentral\/?s={search_term_string}\"},\"query-input\":\"required name=search_term_string\"}],\"inLanguage\":\"en-US\"}]}<\/script>\n<!-- \/ Yoast SEO plugin. -->","yoast_head_json":{"title":"Bibliography & Links - Rangifer Central","description":"Gordon, Bryan C. 1996 People of Sunlight; People of Starlight: Barrenland Archaeology in the Northwest Territories of Canada. Archaeological Survey of","robots":{"index":"index","follow":"follow","max-snippet":"max-snippet:-1","max-image-preview":"max-image-preview:large","max-video-preview":"max-video-preview:-1"},"canonical":"https:\/\/carleton.ca\/rangifercentral\/barrenlands-prehistory\/references\/bibliography-links\/","twitter_misc":{"Est. reading time":"4 minutes"},"schema":{"@context":"https:\/\/schema.org","@graph":[{"@type":"WebPage","@id":"https:\/\/carleton.ca\/rangifercentral\/barrenlands-prehistory\/references\/bibliography-links\/","url":"https:\/\/carleton.ca\/rangifercentral\/barrenlands-prehistory\/references\/bibliography-links\/","name":"Bibliography & Links - Rangifer Central","isPartOf":{"@id":"https:\/\/carleton.ca\/rangifercentral\/#website"},"datePublished":"2017-06-30T20:19:13+00:00","dateModified":"2017-07-23T13:26:44+00:00","description":"Gordon, Bryan C. 1996 People of Sunlight; People of Starlight: Barrenland Archaeology in the Northwest Territories of Canada. Archaeological Survey of","breadcrumb":{"@id":"https:\/\/carleton.ca\/rangifercentral\/barrenlands-prehistory\/references\/bibliography-links\/#breadcrumb"},"inLanguage":"en-US","potentialAction":[{"@type":"ReadAction","target":["https:\/\/carleton.ca\/rangifercentral\/barrenlands-prehistory\/references\/bibliography-links\/"]}]},{"@type":"BreadcrumbList","@id":"https:\/\/carleton.ca\/rangifercentral\/barrenlands-prehistory\/references\/bibliography-links\/#breadcrumb","itemListElement":[{"@type":"ListItem","position":1,"name":"Home","item":"https:\/\/carleton.ca\/rangifercentral\/"},{"@type":"ListItem","position":2,"name":"Barrenlands Prehistory","item":"https:\/\/carleton.ca\/rangifercentral\/barrenlands-prehistory\/"},{"@type":"ListItem","position":3,"name":"References","item":"https:\/\/carleton.ca\/rangifercentral\/barrenlands-prehistory\/references\/"},{"@type":"ListItem","position":4,"name":"Bibliography &#038; Links"}]},{"@type":"WebSite","@id":"https:\/\/carleton.ca\/rangifercentral\/#website","url":"https:\/\/carleton.ca\/rangifercentral\/","name":"Rangifer Central","description":"Carleton University","potentialAction":[{"@type":"SearchAction","target":{"@type":"EntryPoint","urlTemplate":"https:\/\/carleton.ca\/rangifercentral\/?s={search_term_string}"},"query-input":"required name=search_term_string"}],"inLanguage":"en-US"}]}},"acf":{"banner_image_type":"none"},"_links":{"self":[{"href":"https:\/\/carleton.ca\/rangifercentral\/wp-json\/wp\/v2\/pages\/662"}],"collection":[{"href":"https:\/\/carleton.ca\/rangifercentral\/wp-json\/wp\/v2\/pages"}],"about":[{"href":"https:\/\/carleton.ca\/rangifercentral\/wp-json\/wp\/v2\/types\/page"}],"author":[{"embeddable":true,"href":"https:\/\/carleton.ca\/rangifercentral\/wp-json\/wp\/v2\/users\/5"}],"replies":[{"embeddable":true,"href":"https:\/\/carleton.ca\/rangifercentral\/wp-json\/wp\/v2\/comments?post=662"}],"version-history":[{"count":3,"href":"https:\/\/carleton.ca\/rangifercentral\/wp-json\/wp\/v2\/pages\/662\/revisions"}],"predecessor-version":[{"id":1224,"href":"https:\/\/carleton.ca\/rangifercentral\/wp-json\/wp\/v2\/pages\/662\/revisions\/1224"}],"up":[{"embeddable":true,"href":"https:\/\/carleton.ca\/rangifercentral\/wp-json\/wp\/v2\/pages\/653"}],"wp:attachment":[{"href":"https:\/\/carleton.ca\/rangifercentral\/wp-json\/wp\/v2\/media?parent=662"}],"curies":[{"name":"wp","href":"https:\/\/api.w.org\/{rel}","templated":true}]}}