{"id":47,"date":"2020-09-29T13:22:08","date_gmt":"2020-09-29T17:22:08","guid":{"rendered":"https:\/\/carleton.ca\/reputation\/?page_id=47"},"modified":"2020-09-29T15:30:50","modified_gmt":"2020-09-29T19:30:50","slug":"meet-banfield","status":"publish","type":"page","link":"https:\/\/carleton.ca\/reputation\/meet-banfield\/","title":{"rendered":"Meet Banfield"},"content":{"rendered":"<p><img decoding=\"async\" loading=\"lazy\" src=\"https:\/\/carleton.ca\/reputation\/wp-content\/uploads\/banfield-agency-header-1600w-1c.jpg\" alt=\"Banfield Agency logo\" width=\"800\" height=\"250\" class=\"aligncenter size-full wp-image-76\" srcset=\"https:\/\/carleton.ca\/reputation\/wp-content\/uploads\/banfield-agency-header-1600w-1c.jpg 800w, https:\/\/carleton.ca\/reputation\/wp-content\/uploads\/banfield-agency-header-1600w-1c-240x75.jpg 240w, https:\/\/carleton.ca\/reputation\/wp-content\/uploads\/banfield-agency-header-1600w-1c-400x125.jpg 400w, https:\/\/carleton.ca\/reputation\/wp-content\/uploads\/banfield-agency-header-1600w-1c-160x50.jpg 160w, https:\/\/carleton.ca\/reputation\/wp-content\/uploads\/banfield-agency-header-1600w-1c-768x240.jpg 768w, https:\/\/carleton.ca\/reputation\/wp-content\/uploads\/banfield-agency-header-1600w-1c-360x113.jpg 360w\" sizes=\"(max-width: 800px) 100vw, 800px\" \/><\/p>\n<div class=\"slideme\"><dl class=\"slideme__list\"><dt class=\"slideme__term\"><a href=\"#slideme-timothy-jones-president-and-creative-director\" aria-expanded=\"false\" aria-controls=\"slideme-timothy-jones-president-and-creative-director\" class=\"slideme__heading slideme__trigger\">Timothy Jones | President and Creative Director<\/a><\/dt><dd class=\"slideme__description\" id=\"slideme-timothy-jones-president-and-creative-director\" aria-hidden=\"true\"><p><\/p>\n<h2>Timothy Jones<\/h2>\n<h3>President and Creative Director<\/h3>\n<p><img decoding=\"async\" loading=\"lazy\" src=\"https:\/\/carleton.ca\/reputation\/wp-content\/uploads\/headshot-1-250w-1b.jpg\" alt=\"Timothy Jones\" width=\"250\" height=\"286\" class=\"alignright size-full wp-image-67\" srcset=\"https:\/\/carleton.ca\/reputation\/wp-content\/uploads\/headshot-1-250w-1b.jpg 250w, https:\/\/carleton.ca\/reputation\/wp-content\/uploads\/headshot-1-250w-1b-240x275.jpg 240w, https:\/\/carleton.ca\/reputation\/wp-content\/uploads\/headshot-1-250w-1b-160x183.jpg 160w\" sizes=\"(max-width: 250px) 100vw, 250px\" \/>Timothy is President and Creative Director at Banfield, a leading bilingual, Ottawa-based creative marketing communications agency. Through his foundation in design psychology, eye for artistic quality and relentless work-ethic, Timothy has helped build an agency that reflects his personal values of passion, honesty, integrity and accountability. A mainstay of the Banfield team since joining in 2002, Timothy continues to be incredibly hands-on, playing a critical role in creative direction, development, and execution for the agency\u2019s diverse roster of local, national and global clients. He applies an impressive skillset, eye for artistic quality and focused intelligence to delivering highly effective and beautifully designed creative brand and marketing communications solutions.<\/p>\n<p>As a creative professional and business leader, Timothy balances instinct and introspection with the strengths and perspectives of others, encouraging the best ideas to come forward. He leads by example, and strives to instill a sense of purpose in others and the work. His people-first approach fosters genuine relationships with clients and colleagues alike, translating into award-winning creative that speaks to audiences world-wide.<\/p>\n<p>Timothy is fully bilingual and holds a Graphic Design diploma from Dawson College and is certified with the Association of Registered Graphic Designers.<\/p>\n<p><\/p><\/dd><dl><\/div>\n<div class=\"slideme\"><dl class=\"slideme__list\"><dt class=\"slideme__term\"><a href=\"#slideme-veronique-gravel-director-of-client-services-and-partner\" aria-expanded=\"false\" aria-controls=\"slideme-veronique-gravel-director-of-client-services-and-partner\" class=\"slideme__heading slideme__trigger\">V\u00e9ronique Gravel | Director of Client Services and Partner<\/a><\/dt><dd class=\"slideme__description\" id=\"slideme-veronique-gravel-director-of-client-services-and-partner\" aria-hidden=\"true\"><p><\/p>\n<h2>V\u00e9ronique Gravel<\/h2>\n<h3>Director of Client Services and Partner<\/h3>\n<p><img decoding=\"async\" loading=\"lazy\" src=\"https:\/\/carleton.ca\/reputation\/wp-content\/uploads\/headshot-2-250w-1.jpg\" alt=\"V\u00e9ronique Gravel\" width=\"250\" height=\"286\" class=\"alignright size-full wp-image-69\" srcset=\"https:\/\/carleton.ca\/reputation\/wp-content\/uploads\/headshot-2-250w-1.jpg 250w, https:\/\/carleton.ca\/reputation\/wp-content\/uploads\/headshot-2-250w-1-240x275.jpg 240w, https:\/\/carleton.ca\/reputation\/wp-content\/uploads\/headshot-2-250w-1-160x183.jpg 160w\" sizes=\"(max-width: 250px) 100vw, 250px\" \/>V\u00e9ronique brings enthusiasm, flair and a wealth of experience in project management to her role as Director of Client Services and Partner at Banfield, a leading bilingual, Ottawa-based creative marketing communications agency.<\/p>\n<p>Fluently bilingual, V\u00e9ronique draws on her degree in business and her strong interpersonal skills to find innovative solutions for her clients. She excels at developing sincere, authentic and strong collaborative relationships built on trust with both clients and the Banfield team. She is responsible for managing a variety of client accounts across all sectors and providing direction and a global vision for all projects, ensuring that all branding and marketing communications deliverables are firmly grounded in a strategically sound understanding of her client\u2019s business \u2014 and deliver on their business objectives.<\/p>\n<p>V\u00e9ronique is fascinated by the forces that drive consumer behaviour, is passionate about building brands and crafting the right message to connect with people, and places an unwavering focus on collaboration and results for Banfield\u2019s local, national and global clients.<\/p>\n<p>V\u00e9ronique holds a Bachelor of Business Administration from Universit\u00e9 de Montr\u00e9al \u2013 HEC Montr\u00e9al.<\/p>\n<p><\/p><\/dd><dl><\/div>\n<div class=\"slideme\"><dl class=\"slideme__list\"><dt class=\"slideme__term\"><a href=\"#slideme-lindsay-gavey-strategy-director\" aria-expanded=\"false\" aria-controls=\"slideme-lindsay-gavey-strategy-director\" class=\"slideme__heading slideme__trigger\">Lindsay Gavey | Strategy Director<\/a><\/dt><dd class=\"slideme__description\" id=\"slideme-lindsay-gavey-strategy-director\" aria-hidden=\"true\"><p><\/p>\n<h2>Lindsay Gavey<\/h2>\n<h3>Strategy Director<\/h3>\n<p><img decoding=\"async\" loading=\"lazy\" src=\"https:\/\/carleton.ca\/reputation\/wp-content\/uploads\/headshot-3-250w-1.jpg\" alt=\"Lindsay Gavey\" width=\"250\" height=\"286\" class=\"alignright size-full wp-image-70\" srcset=\"https:\/\/carleton.ca\/reputation\/wp-content\/uploads\/headshot-3-250w-1.jpg 250w, https:\/\/carleton.ca\/reputation\/wp-content\/uploads\/headshot-3-250w-1-240x275.jpg 240w, https:\/\/carleton.ca\/reputation\/wp-content\/uploads\/headshot-3-250w-1-160x183.jpg 160w\" sizes=\"(max-width: 250px) 100vw, 250px\" \/>Lindsay is Director of Strategy at Banfield, a leading bilingual, Ottawa-based creative marketing communications agency.<\/p>\n<p>When it comes to brand development, the process is just as important as the end product. Throughout any project, Lindsay works in consultation with key stakeholders to uncover insights and ensure her client\u2019s culture and values are considered and well represented in the resulting brand work.<\/p>\n<p>Lindsay brings extensive brand experience from her work within creative agencies, national corporations and start-up companies. She has a talent for quickly grasping the big picture business context and uncovering key insights to drive brand, marketing and creative strategies that deliver measurable results. Lindsay applies her critical thinking skills, collaborative approach, decisiveness and innate curiosity to tackle complex challenges and build brands for impact and longevity.<\/p>\n<p>Since joining Banfield, Lindsay has provided strategic direction \u2013 including brand repositioning and development \u2013 for high-profile clients across a broad range of sectors and industries, including higher education, as well as government and non-profit.<\/p>\n<p>Lindsay holds a Bachelor of Arts with Honours in Philosophy from Queen\u2019s University as well as a Marketing diploma from the International Academy of Design.<\/p>\n<p><\/p><\/dd><dl><\/div>\n<div class=\"slideme\"><dl class=\"slideme__list\"><dt class=\"slideme__term\"><a href=\"#slideme-craig-lobban-creative-director-content\" aria-expanded=\"false\" aria-controls=\"slideme-craig-lobban-creative-director-content\" class=\"slideme__heading slideme__trigger\">Craig Lobban | Creative Director, Content<\/a><\/dt><dd class=\"slideme__description\" id=\"slideme-craig-lobban-creative-director-content\" aria-hidden=\"true\"><p><\/p>\n<p><img decoding=\"async\" loading=\"lazy\" src=\"https:\/\/carleton.ca\/reputation\/wp-content\/uploads\/headshot-4-250w-1.jpg\" alt=\"Craig Lobban\" width=\"250\" height=\"286\" class=\"alignright size-full wp-image-71\" srcset=\"https:\/\/carleton.ca\/reputation\/wp-content\/uploads\/headshot-4-250w-1.jpg 250w, https:\/\/carleton.ca\/reputation\/wp-content\/uploads\/headshot-4-250w-1-240x275.jpg 240w, https:\/\/carleton.ca\/reputation\/wp-content\/uploads\/headshot-4-250w-1-160x183.jpg 160w\" sizes=\"(max-width: 250px) 100vw, 250px\" \/>Craig is a Creative Director and leads content development at Banfield, a leading bilingual, Ottawa-based creative marketing communications agency. He is incredibly focused on doing good work.<\/p>\n<p>Craig has a passion for big ideas and a discerning eye for executing work with the highest level of craft.<\/p>\n<p>Craig plays a critical role in creative problem solving, concept development, and content execution at Banfield. He fully immerses himself in a client\u2019s business in order to provide strategic advice, creative direction and writing that are highly aligned with their business objectives.<\/p>\n<p>Craig has extensive experience with clients across sectors and industries, from global Fortune 500 enterprises to local not-for-profit organizations. His work has received national and international recognition.<\/p>\n<p>Craig holds a Bachelor of Humanities degree from Carleton University as well as an Advertising Copywriting certificate from Humber College, and has honed his craft at other well-regarded shops including Leo Burnett and john st.<\/p>\n<p><\/p><\/dd><dl><\/div>\n","protected":false},"excerpt":{"rendered":"","protected":false},"author":8,"featured_media":0,"parent":0,"menu_order":0,"comment_status":"closed","ping_status":"closed","template":"","meta":{"_relevanssi_hide_post":"","_relevanssi_hide_content":"","_relevanssi_pin_for_all":"","_relevanssi_pin_keywords":"","_relevanssi_unpin_keywords":"","_relevanssi_related_keywords":"","_relevanssi_related_include_ids":"","_relevanssi_related_exclude_ids":"","_relevanssi_related_no_append":"","_relevanssi_related_not_related":"","_relevanssi_related_posts":"","_relevanssi_noindex_reason":"","_mi_skip_tracking":false,"_exactmetrics_sitenote_active":false,"_exactmetrics_sitenote_note":"","_exactmetrics_sitenote_category":0,"footnotes":"","_links_to":"","_links_to_target":""},"yoast_head":"<!-- This site is optimized with the Yoast SEO plugin v21.2 - https:\/\/yoast.com\/wordpress\/plugins\/seo\/ -->\n<title>Meet Banfield - Reputation Enhancement Project<\/title>\n<meta name=\"robots\" content=\"index, follow, max-snippet:-1, max-image-preview:large, max-video-preview:-1\" \/>\n<link rel=\"canonical\" href=\"https:\/\/carleton.ca\/reputation\/meet-banfield\/\" \/>\n<meta name=\"twitter:label1\" content=\"Est. reading time\" \/>\n\t<meta name=\"twitter:data1\" content=\"4 minutes\" \/>\n<script type=\"application\/ld+json\" class=\"yoast-schema-graph\">{\"@context\":\"https:\/\/schema.org\",\"@graph\":[{\"@type\":\"WebPage\",\"@id\":\"https:\/\/carleton.ca\/reputation\/meet-banfield\/\",\"url\":\"https:\/\/carleton.ca\/reputation\/meet-banfield\/\",\"name\":\"Meet Banfield - Reputation Enhancement Project\",\"isPartOf\":{\"@id\":\"https:\/\/carleton.ca\/reputation\/#website\"},\"datePublished\":\"2020-09-29T17:22:08+00:00\",\"dateModified\":\"2020-09-29T19:30:50+00:00\",\"breadcrumb\":{\"@id\":\"https:\/\/carleton.ca\/reputation\/meet-banfield\/#breadcrumb\"},\"inLanguage\":\"en-US\",\"potentialAction\":[{\"@type\":\"ReadAction\",\"target\":[\"https:\/\/carleton.ca\/reputation\/meet-banfield\/\"]}]},{\"@type\":\"BreadcrumbList\",\"@id\":\"https:\/\/carleton.ca\/reputation\/meet-banfield\/#breadcrumb\",\"itemListElement\":[{\"@type\":\"ListItem\",\"position\":1,\"name\":\"Home\",\"item\":\"https:\/\/carleton.ca\/reputation\/\"},{\"@type\":\"ListItem\",\"position\":2,\"name\":\"Meet Banfield\"}]},{\"@type\":\"WebSite\",\"@id\":\"https:\/\/carleton.ca\/reputation\/#website\",\"url\":\"https:\/\/carleton.ca\/reputation\/\",\"name\":\"Reputation Enhancement Project\",\"description\":\"Carleton University\",\"potentialAction\":[{\"@type\":\"SearchAction\",\"target\":{\"@type\":\"EntryPoint\",\"urlTemplate\":\"https:\/\/carleton.ca\/reputation\/?s={search_term_string}\"},\"query-input\":\"required name=search_term_string\"}],\"inLanguage\":\"en-US\"}]}<\/script>\n<!-- \/ Yoast SEO plugin. -->","yoast_head_json":{"title":"Meet Banfield - Reputation Enhancement Project","robots":{"index":"index","follow":"follow","max-snippet":"max-snippet:-1","max-image-preview":"max-image-preview:large","max-video-preview":"max-video-preview:-1"},"canonical":"https:\/\/carleton.ca\/reputation\/meet-banfield\/","twitter_misc":{"Est. reading time":"4 minutes"},"schema":{"@context":"https:\/\/schema.org","@graph":[{"@type":"WebPage","@id":"https:\/\/carleton.ca\/reputation\/meet-banfield\/","url":"https:\/\/carleton.ca\/reputation\/meet-banfield\/","name":"Meet Banfield - Reputation Enhancement Project","isPartOf":{"@id":"https:\/\/carleton.ca\/reputation\/#website"},"datePublished":"2020-09-29T17:22:08+00:00","dateModified":"2020-09-29T19:30:50+00:00","breadcrumb":{"@id":"https:\/\/carleton.ca\/reputation\/meet-banfield\/#breadcrumb"},"inLanguage":"en-US","potentialAction":[{"@type":"ReadAction","target":["https:\/\/carleton.ca\/reputation\/meet-banfield\/"]}]},{"@type":"BreadcrumbList","@id":"https:\/\/carleton.ca\/reputation\/meet-banfield\/#breadcrumb","itemListElement":[{"@type":"ListItem","position":1,"name":"Home","item":"https:\/\/carleton.ca\/reputation\/"},{"@type":"ListItem","position":2,"name":"Meet Banfield"}]},{"@type":"WebSite","@id":"https:\/\/carleton.ca\/reputation\/#website","url":"https:\/\/carleton.ca\/reputation\/","name":"Reputation Enhancement Project","description":"Carleton University","potentialAction":[{"@type":"SearchAction","target":{"@type":"EntryPoint","urlTemplate":"https:\/\/carleton.ca\/reputation\/?s={search_term_string}"},"query-input":"required name=search_term_string"}],"inLanguage":"en-US"}]}},"acf":{"banner_image_type":"upload","banner_button":"no","banner_uploaded_image":{"ID":75,"id":75,"title":"banfield-agency-header-1600w-2","filename":"banfield-agency-header-1600w-2.jpg","filesize":358216,"url":"https:\/\/carleton.ca\/reputation\/wp-content\/uploads\/banfield-agency-header-1600w-2.jpg","link":"https:\/\/carleton.ca\/reputation\/meet-banfield\/banfield-agency-header-1600w-2\/","alt":"","author":"8","description":"","caption":"","name":"banfield-agency-header-1600w-2","status":"inherit","uploaded_to":47,"date":"2020-09-29 18:19:32","modified":"2020-09-29 18:19:32","menu_order":0,"mime_type":"image\/jpeg","type":"image","subtype":"jpeg","icon":"https:\/\/carleton.ca\/reputation\/wp\/wp-includes\/images\/media\/default.png","width":1600,"height":700,"sizes":{"thumbnail":"https:\/\/carleton.ca\/reputation\/wp-content\/uploads\/banfield-agency-header-1600w-2-160x70.jpg","thumbnail-width":160,"thumbnail-height":70,"medium":"https:\/\/carleton.ca\/reputation\/wp-content\/uploads\/banfield-agency-header-1600w-2-240x105.jpg","medium-width":240,"medium-height":105,"medium_large":"https:\/\/carleton.ca\/reputation\/wp-content\/uploads\/banfield-agency-header-1600w-2-768x336.jpg","medium_large-width":768,"medium_large-height":336,"large":"https:\/\/carleton.ca\/reputation\/wp-content\/uploads\/banfield-agency-header-1600w-2-400x175.jpg","large-width":400,"large-height":175,"gallery-thumb":"https:\/\/carleton.ca\/reputation\/wp-content\/uploads\/banfield-agency-header-1600w-2-300x230.jpg","gallery-thumb-width":300,"gallery-thumb-height":230,"1536x1536":"https:\/\/carleton.ca\/reputation\/wp-content\/uploads\/banfield-agency-header-1600w-2-1536x672.jpg","1536x1536-width":1536,"1536x1536-height":672,"2048x2048":"https:\/\/carleton.ca\/reputation\/wp-content\/uploads\/banfield-agency-header-1600w-2.jpg","2048x2048-width":1600,"2048x2048-height":700,"banner":"https:\/\/carleton.ca\/reputation\/wp-content\/uploads\/banfield-agency-header-1600w-2.jpg","banner-width":1600,"banner-height":700,"people":"https:\/\/carleton.ca\/reputation\/wp-content\/uploads\/banfield-agency-header-1600w-2-200x200.jpg","people-width":200,"people-height":200,"post-thumb":"https:\/\/carleton.ca\/reputation\/wp-content\/uploads\/banfield-agency-header-1600w-2-300x230.jpg","post-thumb-width":300,"post-thumb-height":230,"rotator-image":"https:\/\/carleton.ca\/reputation\/wp-content\/uploads\/banfield-agency-header-1600w-2-800x600.jpg","rotator-image-width":800,"rotator-image-height":600,"video-thumb":"https:\/\/carleton.ca\/reputation\/wp-content\/uploads\/banfield-agency-header-1600w-2-360x158.jpg","video-thumb-width":360,"video-thumb-height":158}},"banner_opacity":"darker"},"_links":{"self":[{"href":"https:\/\/carleton.ca\/reputation\/wp-json\/wp\/v2\/pages\/47"}],"collection":[{"href":"https:\/\/carleton.ca\/reputation\/wp-json\/wp\/v2\/pages"}],"about":[{"href":"https:\/\/carleton.ca\/reputation\/wp-json\/wp\/v2\/types\/page"}],"author":[{"embeddable":true,"href":"https:\/\/carleton.ca\/reputation\/wp-json\/wp\/v2\/users\/8"}],"replies":[{"embeddable":true,"href":"https:\/\/carleton.ca\/reputation\/wp-json\/wp\/v2\/comments?post=47"}],"version-history":[{"count":3,"href":"https:\/\/carleton.ca\/reputation\/wp-json\/wp\/v2\/pages\/47\/revisions"}],"predecessor-version":[{"id":84,"href":"https:\/\/carleton.ca\/reputation\/wp-json\/wp\/v2\/pages\/47\/revisions\/84"}],"wp:attachment":[{"href":"https:\/\/carleton.ca\/reputation\/wp-json\/wp\/v2\/media?parent=47"}],"curies":[{"name":"wp","href":"https:\/\/api.w.org\/{rel}","templated":true}]}}