{"id":1944,"date":"2021-01-20T20:23:27","date_gmt":"2021-01-21T01:23:27","guid":{"rendered":"https:\/\/carleton.ca\/rgi\/?page_id=1944"},"modified":"2026-03-17T09:11:09","modified_gmt":"2026-03-17T13:11:09","slug":"capstone-projects","status":"publish","type":"page","link":"https:\/\/carleton.ca\/rgi\/publications\/capstone-projects\/","title":{"rendered":"Capstone Projects"},"content":{"rendered":"\n<section class=\"w-screen px-6 cu-section cu-section--white ml-offset-center md:px-8 lg:px-14\">\n    <div class=\"space-y-6 cu-max-w-child-5xl  md:space-y-10 cu-prose-first-last\">\n\n            <div class=\"cu-textmedia flex flex-col lg:flex-row mx-auto gap-6 md:gap-10 my-6 md:my-12 first:mt-0 max-w-5xl\">\n        <div class=\"justify-start cu-textmedia-content cu-prose-first-last\" style=\"flex: 0 0 100%;\">\n            <header class=\"font-light prose-xl cu-pageheader md:prose-2xl cu-component-updated cu-prose-first-last\">\n                                    <h1 class=\"cu-prose-first-last font-semibold !mt-2 mb-4 md:mb-6 relative after:absolute after:h-px after:bottom-0 after:bg-cu-red after:left-px text-3xl md:text-4xl lg:text-5xl lg:leading-[3.5rem] pb-5 after:w-10 text-cu-black-700 not-prose\">\n                        Capstone Projects\n                    <\/h1>\n                \n                                \n                            <\/header>\n\n                    <\/div>\n\n            <\/div>\n\n    <\/div>\n<\/section>\n\n\n\n<h2 id=\"capstone-projects\" class=\"wp-block-heading\">Capstone Projects<\/h2>\n\n\n\n<p>As part of the Career Development for Regulatory Professionals <a href=\"https:\/\/carleton.ca\/rgi\/education\/career-development-for-regulatory-professionals\/\">Certificate Program.<\/a><\/p>\n\n\n\n<p>&nbsp;<\/p>\n\n\n\n<h3 id=\"proposed-regulations-amending-the-canada-occupational-health-and-safety-regulations-sound-pressure-level-2025\" class=\"wp-block-heading\">Proposed Regulations Amending the Canada Occupational Health and Safety Regulations \u2013 Sound Pressure Level (2025)<\/h3>\n\n\n\n<p>Presented by: Derick Crabbe, Deborah Edward, Nancy Girardot, Elizabeth Grilo and Cydney Link-Melnyk<\/p>\n\n\n\n<p><a href=\"https:\/\/pdflink.to\/cdrpbriefingnnote2025\/\" target=\"_blank\" rel=\"noopener\">Briefing Note<\/a><\/p>\n\n\n\n<p><a href=\"https:\/\/pdflink.to\/cdrppresentation2025\/\" target=\"_blank\" rel=\"noopener\">Presentation<\/a><\/p>\n\n\n\n<p><a href=\"https:\/\/pdflink.to\/cdrppresentationbrief2025\/\" target=\"_blank\" rel=\"noopener\">Brief<\/a> (presentation narrative)<\/p>\n\n\n\n<p><span style=\"text-decoration: underline;\">&nbsp; &nbsp; &nbsp; &nbsp; &nbsp; &nbsp; &nbsp; &nbsp; &nbsp; &nbsp; &nbsp; &nbsp; &nbsp; &nbsp; &nbsp; &nbsp; &nbsp; &nbsp; &nbsp; &nbsp; &nbsp; &nbsp; &nbsp; &nbsp; &nbsp; &nbsp; &nbsp; &nbsp; &nbsp; &nbsp; &nbsp; &nbsp; &nbsp; &nbsp; &nbsp; &nbsp; &nbsp; &nbsp; &nbsp; &nbsp; &nbsp; &nbsp; &nbsp; &nbsp; &nbsp; &nbsp; &nbsp; &nbsp; &nbsp; &nbsp; &nbsp; &nbsp; &nbsp; &nbsp; &nbsp; &nbsp; &nbsp; &nbsp; &nbsp; &nbsp; &nbsp; &nbsp;&nbsp;<\/span><\/p>\n\n\n\n<h4 id=\"rail-safety-fatigue-management-regulations-inspection-compliance-and-enforcement-2024\" class=\"wp-block-heading\">Rail Safety Fatigue Management Regulations: Inspection, Compliance and Enforcement (2024)<\/h4>\n\n\n\n<p>Presented by: Liam Callaghan, Jonathan C\u00f4t\u00e9, Kevin Dulhanty, Edith Gagnon and Jos\u00e9e Laframboise<\/p>\n\n\n\n<p><a href=\"https:\/\/carleton.ca\/rgi\/wp-content\/uploads\/sites\/220\/C7-Capstone-Rail-Safety-Briefing-Note.pdf\" target=\"_blank\" rel=\"noopener noreferrer\">Briefing Note<\/a><\/p>\n\n\n\n<p><a href=\"https:\/\/carleton.ca\/rgi\/wp-content\/uploads\/sites\/220\/Presentation.pdf\" target=\"_blank\" rel=\"noopener noreferrer\">Presentation<\/a><\/p>\n\n\n\n<p><a href=\"https:\/\/carleton.ca\/rgi\/wp-content\/uploads\/sites\/220\/C7-Capstone-Rail-Safety-Presentation-Narrative.pdf\" target=\"_blank\" rel=\"noopener noreferrer\">Brief (Presentation Narrative)<\/a><\/p>\n\n\n\n<p class=\"has-text-align-center\"><span style=\"text-decoration: underline;\">&nbsp; &nbsp; &nbsp; &nbsp; &nbsp; &nbsp; &nbsp; &nbsp; &nbsp; &nbsp; &nbsp; &nbsp; &nbsp; &nbsp; &nbsp; &nbsp; &nbsp; &nbsp; &nbsp; &nbsp; &nbsp; &nbsp; &nbsp; &nbsp; &nbsp; &nbsp; &nbsp; &nbsp; &nbsp; &nbsp; &nbsp; &nbsp; &nbsp; &nbsp; &nbsp; &nbsp; &nbsp; &nbsp; &nbsp; &nbsp; &nbsp; &nbsp; &nbsp; &nbsp; &nbsp; &nbsp; &nbsp; &nbsp; &nbsp; &nbsp; &nbsp; &nbsp; &nbsp; &nbsp; &nbsp; &nbsp; &nbsp; &nbsp; &nbsp; &nbsp; &nbsp;&nbsp;<\/span><\/p>\n\n\n\n<h4 id=\"improving-stakeholder-engagement-during-the-implementation-of-small-nuclear-reactors-2023\" class=\"wp-block-heading\">Improving stakeholder Engagement During the Implementation of Small Nuclear Reactors (2023)<\/h4>\n\n\n\n<p>Presented by: Lorraine Brown, Aleksandar Despotovic, Roozbeh Hosseini, Todd Johnston &amp; Alyssa Kirlin<\/p>\n\n\n\n<p><a href=\"https:\/\/carleton.ca\/rgi\/wp-content\/uploads\/sites\/220\/C6-Capstone-SMRs-Briefing-Note-Annex.pdf\">Briefing Note &amp; Annex<\/a><\/p>\n\n\n\n<p><a href=\"https:\/\/carleton.ca\/rgi\/wp-content\/uploads\/sites\/220\/C6-Capstone-SMRs-Ministerial-Briefing-deck.pdf\">Presentation<\/a><\/p>\n\n\n\n<p class=\"has-text-align-center\"><span style=\"text-decoration: underline;\">&nbsp; &nbsp; &nbsp; &nbsp; &nbsp; &nbsp; &nbsp; &nbsp; &nbsp; &nbsp; &nbsp; &nbsp; &nbsp; &nbsp; &nbsp; &nbsp; &nbsp; &nbsp; &nbsp; &nbsp; &nbsp; &nbsp; &nbsp; &nbsp; &nbsp; &nbsp; &nbsp; &nbsp; &nbsp; &nbsp; &nbsp; &nbsp; &nbsp; &nbsp; &nbsp; &nbsp; &nbsp; &nbsp; &nbsp; &nbsp; &nbsp; &nbsp; &nbsp; &nbsp; &nbsp; &nbsp; &nbsp; &nbsp; &nbsp; &nbsp; &nbsp; &nbsp; &nbsp; &nbsp; &nbsp; &nbsp; &nbsp; &nbsp; &nbsp; &nbsp; &nbsp;&nbsp;<\/span><\/p>\n\n\n\n<h4 id=\"transportation-of-dangerous-goods-optimization-of-virtual-versus-on-site-inspections-2022\" class=\"wp-block-heading\">Transportation of Dangerous Goods: Optimization of Virtual versus On Site Inspections (2022)<\/h4>\n\n\n\n<p>Presented by: Tracy Boudreau, Mari\u00e8ve Desbiens, Christy Hitchcock, Julie Kisch, Bartek Rzentkowski &amp; Elise Wohlbold<\/p>\n\n\n\n<p><a href=\"https:\/\/carleton.ca\/rgi\/wp-content\/uploads\/sites\/220\/C5-Capstone-TDG-Inspections-Briefing-Note.pdf\">Briefing Note<\/a><\/p>\n\n\n\n<p><a href=\"https:\/\/carleton.ca\/rgi\/wp-content\/uploads\/sites\/220\/C5-Capstone-TDG-Inspections-Presentation.pdf\">Presentation<\/a><\/p>\n\n\n\n<p><a href=\"https:\/\/carleton.ca\/rgi\/wp-content\/uploads\/sites\/220\/C5-Capstone-TDG-Inspections-Brief.pdf\">Brief<\/a> (presentation narrative)<\/p>\n\n\n\n<p class=\"has-text-align-center\"><span style=\"text-decoration: underline;\">&nbsp; &nbsp; &nbsp; &nbsp; &nbsp; &nbsp; &nbsp; &nbsp; &nbsp; &nbsp; &nbsp; &nbsp; &nbsp; &nbsp; &nbsp; &nbsp; &nbsp; &nbsp; &nbsp; &nbsp; &nbsp; &nbsp; &nbsp; &nbsp; &nbsp; &nbsp; &nbsp; &nbsp; &nbsp; &nbsp; &nbsp; &nbsp; &nbsp; &nbsp; &nbsp; &nbsp; &nbsp; &nbsp; &nbsp; &nbsp; &nbsp; &nbsp; &nbsp; &nbsp; &nbsp; &nbsp; &nbsp; &nbsp; &nbsp; &nbsp; &nbsp; &nbsp; &nbsp; &nbsp; &nbsp; &nbsp; &nbsp; &nbsp; &nbsp; &nbsp; &nbsp;&nbsp;<\/span><\/p>\n\n\n\n<h4 id=\"modernizing-canadas-radioactive-waste-management-regime-2021\" class=\"wp-block-heading\">Modernizing Canada&#8217;s Radioactive Waste Management Regime (2021)<\/h4>\n\n\n\n<p>Presented by: Claudine Bradley, Jeremy Brady, Mathieu DesRoches, Olivia Kwik, Timur Sharapov and Andra Taylor<\/p>\n\n\n\n<p><a href=\"https:\/\/carleton.ca\/rgi\/wp-content\/uploads\/sites\/220\/C4-Capstone-Nuclear-Waste-Management-Briefing-Note.pdf\" target=\"_blank\" rel=\"noopener noreferrer\">Briefing Note<\/a><\/p>\n\n\n\n<p><a href=\"https:\/\/carleton.ca\/rgi\/wp-content\/uploads\/sites\/220\/C4-Capstone-Nuclear-Waste-Management-Presentation.pdf\" target=\"_blank\" rel=\"noopener noreferrer\">Presentation<\/a><\/p>\n\n\n\n<p><a href=\"https:\/\/carleton.ca\/rgi\/wp-content\/uploads\/sites\/220\/C4-Capstone-Nuclear-Waste-Management-Brief.pdf\" target=\"_blank\" rel=\"noopener noreferrer\">Brief<\/a>&nbsp; (presentation narrative)<\/p>\n\n\n\n<p class=\"has-text-align-center\"><span style=\"text-decoration: underline;\">&nbsp; &nbsp; &nbsp; &nbsp; &nbsp; &nbsp; &nbsp; &nbsp; &nbsp; &nbsp; &nbsp; &nbsp; &nbsp; &nbsp; &nbsp; &nbsp; &nbsp; &nbsp; &nbsp; &nbsp; &nbsp; &nbsp; &nbsp; &nbsp; &nbsp; &nbsp; &nbsp; &nbsp; &nbsp; &nbsp; &nbsp; &nbsp; &nbsp; &nbsp; &nbsp; &nbsp; &nbsp; &nbsp; &nbsp; &nbsp; &nbsp; &nbsp; &nbsp; &nbsp; &nbsp; &nbsp; &nbsp; &nbsp; &nbsp; &nbsp; &nbsp; &nbsp; &nbsp; &nbsp; &nbsp; &nbsp; &nbsp; &nbsp; &nbsp; &nbsp; &nbsp;&nbsp;<\/span><\/p>\n\n\n\n<h4 id=\"floods-considerations-for-policymaking-2020\" class=\"wp-block-heading\">Floods: Considerations for Policymaking (2020)<\/h4>\n\n\n\n<p>Presented by: St\u00e9phanie Anctil, Vanessa Bissonnette, Elizabeth Clarke, Steven Jones, Andr\u00e9e Mongeon and Kevin Woodley<\/p>\n\n\n\n<p><a href=\"https:\/\/carleton.ca\/rgi\/wp-content\/uploads\/sites\/220\/C3-Capstone-Floods-briefing-note.pdf\">Briefing Note<\/a><\/p>\n\n\n\n<p><a href=\"https:\/\/carleton.ca\/rgi\/wp-content\/uploads\/sites\/220\/C3-Capstone-Floods-Presentation.pdf\">Presentation<\/a><\/p>\n\n\n\n<p><a href=\"https:\/\/carleton.ca\/rgi\/wp-content\/uploads\/sites\/220\/C3-Capstone-Floods-brief.pdf\">Brief<\/a>&nbsp; (presentation narrative)<\/p>\n","protected":false},"excerpt":{"rendered":"<p>Capstone Projects As part of the Career Development for Regulatory Professionals Certificate Program. &nbsp; Proposed Regulations Amending the Canada Occupational Health and Safety Regulations \u2013 Sound Pressure Level (2025) Presented by: Derick Crabbe, Deborah Edward, Nancy Girardot, Elizabeth Grilo and Cydney Link-Melnyk Briefing Note Presentation Brief (presentation narrative) &nbsp; &nbsp; &nbsp; &nbsp; &nbsp; &nbsp; &nbsp; [&hellip;]<\/p>\n","protected":false},"author":2,"featured_media":0,"parent":55,"menu_order":0,"comment_status":"closed","ping_status":"closed","template":"","meta":{"_acf_changed":false,"_cu_dining_location_slug":"","footnotes":"","_links_to":"","_links_to_target":""},"cu_page_type":[],"class_list":["post-1944","page","type-page","status-publish","hentry"],"acf":{"cu_post_thumbnail":""},"_links":{"self":[{"href":"https:\/\/carleton.ca\/rgi\/wp-json\/wp\/v2\/pages\/1944","targetHints":{"allow":["GET"]}}],"collection":[{"href":"https:\/\/carleton.ca\/rgi\/wp-json\/wp\/v2\/pages"}],"about":[{"href":"https:\/\/carleton.ca\/rgi\/wp-json\/wp\/v2\/types\/page"}],"author":[{"embeddable":true,"href":"https:\/\/carleton.ca\/rgi\/wp-json\/wp\/v2\/users\/2"}],"replies":[{"embeddable":true,"href":"https:\/\/carleton.ca\/rgi\/wp-json\/wp\/v2\/comments?post=1944"}],"version-history":[{"count":3,"href":"https:\/\/carleton.ca\/rgi\/wp-json\/wp\/v2\/pages\/1944\/revisions"}],"predecessor-version":[{"id":2277,"href":"https:\/\/carleton.ca\/rgi\/wp-json\/wp\/v2\/pages\/1944\/revisions\/2277"}],"up":[{"embeddable":true,"href":"https:\/\/carleton.ca\/rgi\/wp-json\/wp\/v2\/pages\/55"}],"wp:attachment":[{"href":"https:\/\/carleton.ca\/rgi\/wp-json\/wp\/v2\/media?parent=1944"}],"wp:term":[{"taxonomy":"cu_page_type","embeddable":true,"href":"https:\/\/carleton.ca\/rgi\/wp-json\/wp\/v2\/cu_page_type?post=1944"}],"curies":[{"name":"wp","href":"https:\/\/api.w.org\/{rel}","templated":true}]}}