{"id":11760,"date":"2024-01-19T15:29:03","date_gmt":"2024-01-19T20:29:03","guid":{"rendered":"https:\/\/carleton.ca\/senate\/?page_id=11760"},"modified":"2025-10-14T14:50:17","modified_gmt":"2025-10-14T18:50:17","slug":"louise-penny","status":"publish","type":"page","link":"https:\/\/carleton.ca\/senate\/honorary-degree-guidelines-and-nominations\/louise-penny\/","title":{"rendered":"Louise Penny"},"content":{"rendered":"\n<section class=\"w-screen px-6 cu-section cu-section--white ml-offset-center md:px-8 lg:px-14\">\n    <div class=\"space-y-6 cu-max-w-child-5xl  md:space-y-10 cu-prose-first-last\">\n\n            <div class=\"cu-textmedia flex flex-col lg:flex-row mx-auto gap-6 md:gap-10 my-6 md:my-12 first:mt-0 max-w-5xl\">\n        <div class=\"justify-start cu-textmedia-content cu-prose-first-last\" style=\"flex: 0 0 100%;\">\n            <header class=\"font-light prose-xl cu-pageheader md:prose-2xl cu-component-updated cu-prose-first-last\">\n                                    <h1 class=\"cu-prose-first-last font-semibold !mt-2 mb-4 md:mb-6 relative after:absolute after:h-px after:bottom-0 after:bg-cu-red after:left-px text-3xl md:text-4xl lg:text-5xl lg:leading-[3.5rem] pb-5 after:w-10 text-cu-black-700 not-prose\">\n                        Louise Penny\n                    <\/h1>\n                \n                                \n                            <\/header>\n\n                    <\/div>\n\n            <\/div>\n\n    <\/div>\n<\/section>\n\n\n\n<figure class=\"wp-block-image alignright\"><img loading=\"lazy\" decoding=\"async\" width=\"160\" height=\"213\" src=\"https:\/\/carleton.ca\/senate\/wp-content\/uploads\/sites\/187\/Louise-Penny-modified-160x213.png\" alt=\"\" class=\"wp-image-12242\" srcset=\"https:\/\/carleton.ca\/senate\/wp-content\/uploads\/sites\/187\/Louise-Penny-modified-160x213.png 160w, https:\/\/carleton.ca\/senate\/wp-content\/uploads\/sites\/187\/Louise-Penny-modified-240x319.png 240w, https:\/\/carleton.ca\/senate\/wp-content\/uploads\/sites\/187\/Louise-Penny-modified-200x266.png 200w, https:\/\/carleton.ca\/senate\/wp-content\/uploads\/sites\/187\/Louise-Penny-modified.png 263w\" sizes=\"auto, (max-width: 160px) 100vw, 160px\" \/><\/figure>\n\n\n\n<p>Louise Penny was awarded the degree of Doctor of Literature, honoris causa, at the 2:00 p.m. ceremony on Friday, June 16, \u201cin recognition of her career as an award winning broadcaster and detective fiction author.\u201d<br>\n<\/p>\n\n\n\n<p>Born in Toronto in 1958, Louise Penny became a journalist with CBC Radio, specializing in hard news and current affairs. She left CBC Radio Montreal&#8217;s noon program in order to focus on writing with the support of her husband V. Michael Whitehead.<\/p>\n\n\n\n<p>Since then, Penny has written 12 books in a mystery series set around the life of Armand Gamache, fictional Chief Inspector of the S\u00fbret\u00e9 du Qu\u00e9bec. The first, Still Life, was published in 2005. Translated into 23 languages, the novels have won or been shortlisted for most of the major crime fiction awards, including the American Edgars and Agathas, the United Kingdom Gold Dagger and the Canadian Arthur Ellis.<\/p>\n\n\n\n<p>Penny and her husband founded a Canadian literary prize aimed at encouraging emerging writers. Her novels are international bestsellers topping, among others, the New York Times and Globe and Mail lists.<\/p>\n\n\n\n<div class=\"wp-block-buttons is-layout-flex wp-block-buttons-is-layout-flex\">\n<div class=\"wp-block-button\"><a class=\"wp-block-button__link wp-element-button\" href=\"https:\/\/www.youtube.com\/watch?v=VaemG4JgJdY\" target=\"_blank\" rel=\"noreferrer noopener\">WATCH THE AWARD CEREMONY OF Louise Penny<\/a><\/div>\n<\/div>\n","protected":false},"excerpt":{"rendered":"<p>Louise Penny was awarded the degree of Doctor of Literature, honoris causa, at the 2:00 p.m. ceremony on Friday, June 16, \u201cin recognition of her career as an award winning broadcaster and detective fiction author.\u201d Born in Toronto in 1958, Louise Penny became a journalist with CBC Radio, specializing in hard news and current affairs. [&hellip;]<\/p>\n","protected":false},"author":2,"featured_media":0,"parent":340,"menu_order":0,"comment_status":"closed","ping_status":"closed","template":"","meta":{"_acf_changed":false,"_cu_dining_location_slug":"","footnotes":"","_links_to":"","_links_to_target":""},"cu_page_type":[],"class_list":["post-11760","page","type-page","status-publish","hentry"],"acf":{"cu_post_thumbnail":""},"_links":{"self":[{"href":"https:\/\/carleton.ca\/senate\/wp-json\/wp\/v2\/pages\/11760","targetHints":{"allow":["GET"]}}],"collection":[{"href":"https:\/\/carleton.ca\/senate\/wp-json\/wp\/v2\/pages"}],"about":[{"href":"https:\/\/carleton.ca\/senate\/wp-json\/wp\/v2\/types\/page"}],"author":[{"embeddable":true,"href":"https:\/\/carleton.ca\/senate\/wp-json\/wp\/v2\/users\/2"}],"replies":[{"embeddable":true,"href":"https:\/\/carleton.ca\/senate\/wp-json\/wp\/v2\/comments?post=11760"}],"version-history":[{"count":3,"href":"https:\/\/carleton.ca\/senate\/wp-json\/wp\/v2\/pages\/11760\/revisions"}],"predecessor-version":[{"id":13531,"href":"https:\/\/carleton.ca\/senate\/wp-json\/wp\/v2\/pages\/11760\/revisions\/13531"}],"up":[{"embeddable":true,"href":"https:\/\/carleton.ca\/senate\/wp-json\/wp\/v2\/pages\/340"}],"wp:attachment":[{"href":"https:\/\/carleton.ca\/senate\/wp-json\/wp\/v2\/media?parent=11760"}],"wp:term":[{"taxonomy":"cu_page_type","embeddable":true,"href":"https:\/\/carleton.ca\/senate\/wp-json\/wp\/v2\/cu_page_type?post=11760"}],"curies":[{"name":"wp","href":"https:\/\/api.w.org\/{rel}","templated":true}]}}