{"id":12069,"date":"2024-02-26T14:22:39","date_gmt":"2024-02-26T19:22:39","guid":{"rendered":"https:\/\/carleton.ca\/senate\/?page_id=12069"},"modified":"2025-10-14T10:26:09","modified_gmt":"2025-10-14T14:26:09","slug":"the-right-honourable-michaelle-jean","status":"publish","type":"page","link":"https:\/\/carleton.ca\/senate\/honorary-degree-guidelines-and-nominations\/the-right-honourable-michaelle-jean\/","title":{"rendered":"The Right Honourable Micha\u00eblle Jean"},"content":{"rendered":"\n<section class=\"w-screen px-6 cu-section cu-section--white ml-offset-center md:px-8 lg:px-14\">\n    <div class=\"space-y-6 cu-max-w-child-5xl  md:space-y-10 cu-prose-first-last\">\n\n            <div class=\"cu-textmedia flex flex-col lg:flex-row mx-auto gap-6 md:gap-10 my-6 md:my-12 first:mt-0 max-w-5xl\">\n        <div class=\"justify-start cu-textmedia-content cu-prose-first-last\" style=\"flex: 0 0 100%;\">\n            <header class=\"font-light prose-xl cu-pageheader md:prose-2xl cu-component-updated cu-prose-first-last\">\n                                    <h1 class=\"cu-prose-first-last font-semibold !mt-2 mb-4 md:mb-6 relative after:absolute after:h-px after:bottom-0 after:bg-cu-red after:left-px text-3xl md:text-4xl lg:text-5xl lg:leading-[3.5rem] pb-5 after:w-10 text-cu-black-700 not-prose\">\n                        The Right Honourable Micha\u00eblle Jean\n                    <\/h1>\n                \n                                \n                            <\/header>\n\n                    <\/div>\n\n            <\/div>\n\n    <\/div>\n<\/section>\n\n\n\n<figure class=\"wp-block-image alignright\"><img loading=\"lazy\" decoding=\"async\" width=\"160\" height=\"194\" src=\"https:\/\/carleton.ca\/senate\/wp-content\/uploads\/sites\/187\/Micha\u00eblle-Jean-160x194.png\" alt=\"\" class=\"wp-image-12070\" srcset=\"https:\/\/carleton.ca\/senate\/wp-content\/uploads\/sites\/187\/Micha\u00eblle-Jean-160x194.png 160w, https:\/\/carleton.ca\/senate\/wp-content\/uploads\/sites\/187\/Micha\u00eblle-Jean.png 195w\" sizes=\"auto, (max-width: 160px) 100vw, 160px\" \/><\/figure>\n\n\n\n<p>The Right Honourable Micha\u00eblle Jean was awarded the degree of Doctor of Laws, honoris causa, in recognition of outstanding contribution to journalism.<br>\n<\/p>\n\n\n\n<p>The Right Honourable Micha\u00eblle Jean was born in Port-au-Prince, Haiti. After fleeing the brutal regime of Francois \u201cPapa Doc\u201d Duvalier, she arrived in Canada with her family as a refugee in 1968.&nbsp; She became an award-winning journalist and anchor of news programs at Radio-Canada and the CBC. She also took part in several documentary films produced by her husband, filmmaker Jean-Daniel Lafond.<\/p>\n\n\n\n<p>She was the first black reporter on French TV news in Canada. From 1991 to 1992, she hosted Virages. And for three years, starting in 1992, she appeared on the national and international news program Le Point. In<br>\n1995, she began working as a host\/reporter on many RDI programs such as Le Monde ce soir, L&#8217;\u00c9dition qu\u00e9b\u00e9coise, Horizons francophones, le Journal RDI and RDI \u00e0 l&#8217;\u00e9coute. In 2004. she began hosting her own show, a current affairs program on RDI named Micha\u00eblle. She won many awards for her journalism, including a Gemini in 2001.<\/p>\n\n\n\n<p>In 2005, she became Canada\u2019s 27th Governor General and Commander-in-Chief. Throughout her mandate, she promoted dialogue and community engagement among citizens, with particular emphasis on empowering youth. A fervent practitioner of cultural\\diplomacy, she led 40 missions and state visits in Afghanistan and China, as well as across Africa, the Americas and Europe.<\/p>\n\n\n\n<p>She is now co-president of the Micha\u00eblle Jean Foundation, UNESCO Special Envoy for Haiti and Chancellor of the University of Ottawa. She was Grand T\u00e9moin de la Francophonie for the London 2012 Olympic Games.<\/p>\n\n\n\n<div class=\"wp-block-buttons is-layout-flex wp-block-buttons-is-layout-flex\">\n<div class=\"wp-block-button\"><a class=\"wp-block-button__link wp-element-button\" href=\"https:\/\/www.youtube.com\/watch?v=GvOpHzhwB5U\" target=\"_blank\" rel=\"noreferrer noopener\">WATCH THE AWARD CEREMONY OF The Right Honourable Micha\u00eblle Jean<\/a><\/div>\n<\/div>\n","protected":false},"excerpt":{"rendered":"<p>The Right Honourable Micha\u00eblle Jean was awarded the degree of Doctor of Laws, honoris causa, in recognition of outstanding contribution to journalism. The Right Honourable Micha\u00eblle Jean was born in Port-au-Prince, Haiti. After fleeing the brutal regime of Francois \u201cPapa Doc\u201d Duvalier, she arrived in Canada with her family as a refugee in 1968.&nbsp; She [&hellip;]<\/p>\n","protected":false},"author":2,"featured_media":0,"parent":340,"menu_order":0,"comment_status":"closed","ping_status":"closed","template":"","meta":{"_acf_changed":false,"_cu_dining_location_slug":"","footnotes":"","_links_to":"","_links_to_target":""},"cu_page_type":[],"class_list":["post-12069","page","type-page","status-publish","hentry"],"acf":{"cu_post_thumbnail":""},"_links":{"self":[{"href":"https:\/\/carleton.ca\/senate\/wp-json\/wp\/v2\/pages\/12069","targetHints":{"allow":["GET"]}}],"collection":[{"href":"https:\/\/carleton.ca\/senate\/wp-json\/wp\/v2\/pages"}],"about":[{"href":"https:\/\/carleton.ca\/senate\/wp-json\/wp\/v2\/types\/page"}],"author":[{"embeddable":true,"href":"https:\/\/carleton.ca\/senate\/wp-json\/wp\/v2\/users\/2"}],"replies":[{"embeddable":true,"href":"https:\/\/carleton.ca\/senate\/wp-json\/wp\/v2\/comments?post=12069"}],"version-history":[{"count":3,"href":"https:\/\/carleton.ca\/senate\/wp-json\/wp\/v2\/pages\/12069\/revisions"}],"predecessor-version":[{"id":13394,"href":"https:\/\/carleton.ca\/senate\/wp-json\/wp\/v2\/pages\/12069\/revisions\/13394"}],"up":[{"embeddable":true,"href":"https:\/\/carleton.ca\/senate\/wp-json\/wp\/v2\/pages\/340"}],"wp:attachment":[{"href":"https:\/\/carleton.ca\/senate\/wp-json\/wp\/v2\/media?parent=12069"}],"wp:term":[{"taxonomy":"cu_page_type","embeddable":true,"href":"https:\/\/carleton.ca\/senate\/wp-json\/wp\/v2\/cu_page_type?post=12069"}],"curies":[{"name":"wp","href":"https:\/\/api.w.org\/{rel}","templated":true}]}}