{"id":126,"date":"2017-02-07T13:15:17","date_gmt":"2017-02-07T18:15:17","guid":{"rendered":"http:\/\/carleton.ca\/tkaa\/?page_id=126"},"modified":"2017-06-13T14:39:19","modified_gmt":"2017-06-13T18:39:19","slug":"news","status":"publish","type":"page","link":"https:\/\/carleton.ca\/tkaa\/news\/","title":{"rendered":"News"},"content":{"rendered":"<section class=\"content-wrapper content-wrapper--shortcode\"><div class=\"u-post-reload\"><div class=\"news news--archive u-width-limited\"><a class=\"news__link  news__link--archive\" href=\"https:\/\/carleton.ca\/tkaa\/2022\/tdkra-project-released-final-report\/\"><p class=\"news__date news__date--archive\">Friday, October 7, 2022<\/p><h3 class=\"news__heading u-hide-in-toc news__heading--archive\" rel=\"bookmark\">TDKRA project &#8211; Final report released<\/h3><p class=\"news__excerpt news__excerpt--archive\">October 11th, 2022 Ottawa, ON \u2013 Today, on the International Day of the Girl Child, The Transforming Disability Knowledge, Research and Activism (TDKRA) project released its final report. The project aimed to address the gap in knowledge about the situation of women and girls with disabilities in three disadvantaged communities in Vietnam and to... <span class=\"news__more-link\">More<\/span><\/p><\/a><\/div><div class=\"news news--archive u-width-limited\"><a class=\"news__link  news__link--archive\" href=\"https:\/\/carleton.ca\/tkaa\/2021\/828\/\"><p class=\"news__date news__date--archive\">Thursday, December 2, 2021<\/p><h3 class=\"news__heading u-hide-in-toc news__heading--archive\" rel=\"bookmark\">The ENGAGE project launch<\/h3><p class=\"news__excerpt news__excerpt--archive\">For Immediate Release December 3rd, 2021 Ottawa, ON\u00a0\u2013 Today, on the International Day of Persons with Disabilities, the \u201cOrganization\u201d and the Decolonial Disability Studies Collective based at Carleton University are excited to launch the ENGAGE project, a research and leadership-building project aimed at engaging girls and young women with... <span class=\"news__more-link\">More<\/span><\/p><\/a><\/div><div class=\"news news--archive u-width-limited\"><a class=\"news__link  news__link--archive\" href=\"https:\/\/carleton.ca\/tkaa\/2021\/recruitment-research-assistant-position-for-the-engage-project\/\"><p class=\"news__date news__date--archive\">Tuesday, August 3, 2021<\/p><h3 class=\"news__heading u-hide-in-toc news__heading--archive\" rel=\"bookmark\">Research Assistant Position for the ENGAGE project<\/h3><p class=\"news__excerpt news__excerpt--archive\">Research Assistant (RA) Position &nbsp; The Learning with and from the Global South: Opportunities for Engaging Girls and Young Women with Disabilities Across Southern Spaces (ENGAGE) project invites applications for 1 Research Assistant at Carleton University in Canada. Funded by the Social Sciences and Humanities Research Council of Canada... <span class=\"news__more-link\">More<\/span><\/p><\/a><\/div><div class=\"news news--archive u-width-limited\"><a class=\"news__link  news__link--archive\" href=\"https:\/\/carleton.ca\/tkaa\/2021\/recruitment_research-assistant-position_edid-vietnam\/\"><p class=\"news__date news__date--archive\">Thursday, May 6, 2021<\/p><h3 class=\"news__heading u-hide-in-toc news__heading--archive\" rel=\"bookmark\">Recruitment: Research Assistant Position for the EDID Vietnam project<\/h3><p class=\"news__excerpt news__excerpt--archive\">Research Assistant (RA) Position &nbsp; The Engendering Disability Inclusive Development (EDID) Partnership Project invites applications for a Research Assistant (RA) position at Carleton University in Canada. Funded by the Social Sciences and Humanities Research Council of Canada (2020-27), EDID brings together researchers, decision-makers and... <span class=\"news__more-link\">More<\/span><\/p><\/a><\/div><div class=\"news news--archive u-width-limited\"><a class=\"news__link  news__link--archive\" href=\"https:\/\/carleton.ca\/tkaa\/2021\/phd-fellowship-in-critical-disability-studies\/\"><p class=\"news__date news__date--archive\">Wednesday, March 24, 2021<\/p><h3 class=\"news__heading u-hide-in-toc news__heading--archive\" rel=\"bookmark\">PhD fellowship in Critical Disability Studies<\/h3><p class=\"news__excerpt news__excerpt--archive\">\u00a0 \u00a0 \u00a0 \u00a0 \u00a0 \u00a0 \u00a0 \u00a0 \u00a0 \u00a0 \u00a0 \u00a0 \u00a0 \u00a0 \u00a0 \u00a0 \u00a0 \u00a0 \u00a0 \u00a0 \u00a0 \u00a0 \u00a0 \u00a0 \u00a0 \u00a0 \u00a0 \u00a0 \u00a0 \u00a0 \u00a0 \u00a0 \u00a0 \u00a0 \u00a0 \u00a0 \u00a0 \u00a0 \u00a0 \u00a0 \u00a0 \u00a0 \u00a0 \u00a0 \u00a0 \u00a0 \u00a0 \u00a0 \u00a0 \u00a0 \u00a0 \u00a0 \u00a0 \u00a0... <span class=\"news__more-link\">More<\/span><\/p><\/a><\/div><div class=\"news news--archive u-width-limited\"><a class=\"news__link  news__link--archive\" href=\"https:\/\/carleton.ca\/tkaa\/2019\/a-snapshot-of-our-july-2019-fieldwork\/\"><p class=\"news__date news__date--archive\">Monday, September 2, 2019<\/p><h3 class=\"news__heading u-hide-in-toc news__heading--archive\" rel=\"bookmark\">A Snapshot of Our July 2019 Fieldwork<\/h3><p class=\"news__excerpt news__excerpt--archive\">Objectives: The overall objective of this year\u2019s fieldwork is to mobilize the knowledge produced by the women and girls with disabilities in the TDKRA project to their local and transnational communities. Our specific objectives included: To engage women and girls with disabilities in the three piloted areas in mobilizing their knowledge on... <span class=\"news__more-link\">More<\/span><\/p><\/a><\/div><div class=\"news news--archive u-width-limited\"><a class=\"news__link  news__link--archive\" href=\"https:\/\/carleton.ca\/tkaa\/2019\/in-a-luoi-2019\/\"><p class=\"news__date news__date--archive\">Tuesday, August 13, 2019<\/p><h3 class=\"news__heading u-hide-in-toc news__heading--archive\" rel=\"bookmark\">In A Luoi 2019!<\/h3><p class=\"news__excerpt news__excerpt--archive\">Community engagement and exhibition in A Luoi for our fieldwork in 2019! &nbsp; &nbsp;... <span class=\"news__more-link\">More<\/span><\/p><\/a><\/div><div class=\"news news--archive u-width-limited\"><a class=\"news__link  news__link--archive\" href=\"https:\/\/carleton.ca\/tkaa\/2019\/in-can-tho-for-july-2019-fieldwork\/\"><p class=\"news__date news__date--archive\">Friday, July 19, 2019<\/p><h3 class=\"news__heading u-hide-in-toc news__heading--archive\" rel=\"bookmark\">In Can Tho for July 2019 Fieldwork<\/h3><p class=\"news__excerpt news__excerpt--archive\">Our exhibition space and community engagement event in Can Tho! &nbsp; &nbsp; &nbsp;... <span class=\"news__more-link\">More<\/span><\/p><\/a><\/div><div class=\"news news--archive u-width-limited\"><a class=\"news__link  news__link--archive\" href=\"https:\/\/carleton.ca\/tkaa\/2019\/snapshot-of-workshop-march-2019\/\"><p class=\"news__date news__date--archive\">Friday, March 15, 2019<\/p><h3 class=\"news__heading u-hide-in-toc news__heading--archive\" rel=\"bookmark\">Snapshot of Workshop &#8211; March 2019<\/h3><p class=\"news__excerpt news__excerpt--archive\">On March 2, 2019, together with Can Tho DPO partner, we held a \u201cWorkshop of Participatory film making with Women and Girls with disabilities\u201d at the Hall 1 of Can Tho Association of People with Disabilities, one of three TDKRA research locals. The workshop was successfully facilitated by Ms. Nhung Huynh \u2013 one of... <span class=\"news__more-link\">More<\/span><\/p><\/a><\/div><div class=\"news news--archive u-width-limited\"><a class=\"news__link  news__link--archive\" href=\"https:\/\/carleton.ca\/tkaa\/2018\/a-snapshot-of-our-july-2018-fieldwork\/\"><p class=\"news__date news__date--archive\">Friday, September 7, 2018<\/p><h3 class=\"news__heading u-hide-in-toc news__heading--archive\" rel=\"bookmark\">A Snapshot of our July 2018 Fieldwork<\/h3><p class=\"news__excerpt news__excerpt--archive\">Our most recent TDKRA fieldwork took place from July 4-17 in\u00a0Can Tho, Hanoi, and Thua Thien Hue Provinces of Vietnam. Here is a snapshot of what took place. \u00a0 Objectives: The main objectives of the July fieldwork were: 1) To engage participants in reflexive practices on their participation through participatory analysis and filmmaking; 2)... <span class=\"news__more-link\">More<\/span><\/p><\/a><\/div><div class=\"news news--archive u-width-limited\"><a class=\"news__link  news__link--archive\" href=\"https:\/\/carleton.ca\/tkaa\/2017\/knowabilities-tuyen-nguoi-tham-gia-du-an\/\"><p class=\"news__date news__date--archive\">Tuesday, June 13, 2017<\/p><h3 class=\"news__heading u-hide-in-toc news__heading--archive\" rel=\"bookmark\">TDKRA tuy\u1ec3n ng\u01b0\u1eddi tham gia d\u1ef1 \u00e1n.<\/h3><p class=\"news__excerpt news__excerpt--archive\">Tuy\u1ec3n ng\u01b0\u1eddi tham gia d\u1ef1 \u00e1n \u201cThay \u0111\u1ed5i nh\u1eadn th\u1ee9c v\u00e0 h\u00e0nh \u0111\u1ed9ng v\u1ec1 h\u00f2a nh\u1eadp th\u00f4ng qua ph\u01b0\u01a1ng ph\u00e1p tham gia cho tr\u1ebb em g\u00e1i v\u00e0 ph\u1ee5 n\u1eef khuy\u1ebft t\u1eadt t\u1ea1i Vi\u1ec7t Nam\u201d C\u00e1c b\u1ea1n th\u00e2n m\u1ebfn, \u201cThay \u0111\u1ed5i nh\u1eadn th\u1ee9c v\u00e0 h\u00e0nh \u0111\u1ed9ng v\u1ec1 h\u00f2a nh\u1eadp th\u00f4ng qua ph\u01b0\u01a1ng ph\u00e1p tham gia... <span class=\"news__more-link\">More<\/span><\/p><\/a><\/div><div class=\"news news--archive u-width-limited\"><a class=\"news__link  news__link--archive\" href=\"https:\/\/carleton.ca\/tkaa\/2017\/knowabilities-is-recruiting-participants\/\"><p class=\"news__date news__date--archive\">Tuesday, June 13, 2017<\/p><h3 class=\"news__heading u-hide-in-toc news__heading--archive\" rel=\"bookmark\">TDKRA is Recruiting Participants<\/h3><p class=\"news__excerpt news__excerpt--archive\">&nbsp; &nbsp; &nbsp; Recruiting participants for the project \u201cTransforming knowledge and activism for inclusion through engaging women and girls with disabilities in Vietnam in participatory research\u201d\u00a0 Dear friends, &quot;Transforming knowledge and activism for inclusion through engaging women and girls with disabilities in Vietnam in... <span class=\"news__more-link\">More<\/span><\/p><\/a><\/div><div class=\"news news--archive u-width-limited\"><a class=\"news__link  news__link--archive\" href=\"https:\/\/carleton.ca\/tkaa\/2017\/recent-activities-in-spring-2017\/\"><p class=\"news__date news__date--archive\">Monday, June 5, 2017<\/p><h3 class=\"news__heading u-hide-in-toc news__heading--archive\" rel=\"bookmark\">Recent Activities in Spring 2017<\/h3><p class=\"news__excerpt news__excerpt--archive\">illiterate &nbsp; This past March and April, the TDKRA research team worked in collaboration with our local partners in Hanoi, Thua Thien Hue, and Can Tho City, and\u00a0organized three information sessions. Our objectives for these sessions were: To disseminate information regarding the TDKRA project to local communities (i.e: DPOs, parents of... <span class=\"news__more-link\">More<\/span><\/p><\/a><\/div><\/div><div class=\"pagination u-clearfix\"><\/div><\/section>\n","protected":false},"excerpt":{"rendered":"","protected":false},"author":4,"featured_media":0,"parent":0,"menu_order":0,"comment_status":"closed","ping_status":"closed","template":"","meta":{"_relevanssi_hide_post":"","_relevanssi_hide_content":"","_relevanssi_pin_for_all":"","_relevanssi_pin_keywords":"","_relevanssi_unpin_keywords":"","_relevanssi_related_keywords":"","_relevanssi_related_include_ids":"","_relevanssi_related_exclude_ids":"","_relevanssi_related_no_append":"","_relevanssi_related_not_related":"","_relevanssi_related_posts":"","_relevanssi_noindex_reason":"","_mi_skip_tracking":false,"_exactmetrics_sitenote_active":false,"_exactmetrics_sitenote_note":"","_exactmetrics_sitenote_category":0,"footnotes":"","_links_to":"","_links_to_target":""},"yoast_head":"<!-- This site is optimized with the Yoast SEO plugin v21.2 - https:\/\/yoast.com\/wordpress\/plugins\/seo\/ -->\n<title>News - Transforming Disability Knowledge, Research, and Activism<\/title>\n<meta name=\"robots\" content=\"index, follow, max-snippet:-1, max-image-preview:large, max-video-preview:-1\" \/>\n<link rel=\"canonical\" href=\"https:\/\/carleton.ca\/tkaa\/news\/\" \/>\n<script type=\"application\/ld+json\" class=\"yoast-schema-graph\">{\"@context\":\"https:\/\/schema.org\",\"@graph\":[{\"@type\":\"WebPage\",\"@id\":\"https:\/\/carleton.ca\/tkaa\/news\/\",\"url\":\"https:\/\/carleton.ca\/tkaa\/news\/\",\"name\":\"News - Transforming Disability Knowledge, Research, and Activism\",\"isPartOf\":{\"@id\":\"https:\/\/carleton.ca\/tkaa\/#website\"},\"datePublished\":\"2017-02-07T18:15:17+00:00\",\"dateModified\":\"2017-06-13T18:39:19+00:00\",\"breadcrumb\":{\"@id\":\"https:\/\/carleton.ca\/tkaa\/news\/#breadcrumb\"},\"inLanguage\":\"en-US\",\"potentialAction\":[{\"@type\":\"ReadAction\",\"target\":[\"https:\/\/carleton.ca\/tkaa\/news\/\"]}]},{\"@type\":\"BreadcrumbList\",\"@id\":\"https:\/\/carleton.ca\/tkaa\/news\/#breadcrumb\",\"itemListElement\":[{\"@type\":\"ListItem\",\"position\":1,\"name\":\"Home\",\"item\":\"https:\/\/carleton.ca\/tkaa\/\"},{\"@type\":\"ListItem\",\"position\":2,\"name\":\"News\"}]},{\"@type\":\"WebSite\",\"@id\":\"https:\/\/carleton.ca\/tkaa\/#website\",\"url\":\"https:\/\/carleton.ca\/tkaa\/\",\"name\":\"Transforming Disability Knowledge, Research, and Activism\",\"description\":\"Carleton University\",\"potentialAction\":[{\"@type\":\"SearchAction\",\"target\":{\"@type\":\"EntryPoint\",\"urlTemplate\":\"https:\/\/carleton.ca\/tkaa\/?s={search_term_string}\"},\"query-input\":\"required name=search_term_string\"}],\"inLanguage\":\"en-US\"}]}<\/script>\n<!-- \/ Yoast SEO plugin. -->","yoast_head_json":{"title":"News - Transforming Disability Knowledge, Research, and Activism","robots":{"index":"index","follow":"follow","max-snippet":"max-snippet:-1","max-image-preview":"max-image-preview:large","max-video-preview":"max-video-preview:-1"},"canonical":"https:\/\/carleton.ca\/tkaa\/news\/","schema":{"@context":"https:\/\/schema.org","@graph":[{"@type":"WebPage","@id":"https:\/\/carleton.ca\/tkaa\/news\/","url":"https:\/\/carleton.ca\/tkaa\/news\/","name":"News - Transforming Disability Knowledge, Research, and Activism","isPartOf":{"@id":"https:\/\/carleton.ca\/tkaa\/#website"},"datePublished":"2017-02-07T18:15:17+00:00","dateModified":"2017-06-13T18:39:19+00:00","breadcrumb":{"@id":"https:\/\/carleton.ca\/tkaa\/news\/#breadcrumb"},"inLanguage":"en-US","potentialAction":[{"@type":"ReadAction","target":["https:\/\/carleton.ca\/tkaa\/news\/"]}]},{"@type":"BreadcrumbList","@id":"https:\/\/carleton.ca\/tkaa\/news\/#breadcrumb","itemListElement":[{"@type":"ListItem","position":1,"name":"Home","item":"https:\/\/carleton.ca\/tkaa\/"},{"@type":"ListItem","position":2,"name":"News"}]},{"@type":"WebSite","@id":"https:\/\/carleton.ca\/tkaa\/#website","url":"https:\/\/carleton.ca\/tkaa\/","name":"Transforming Disability Knowledge, Research, and Activism","description":"Carleton University","potentialAction":[{"@type":"SearchAction","target":{"@type":"EntryPoint","urlTemplate":"https:\/\/carleton.ca\/tkaa\/?s={search_term_string}"},"query-input":"required name=search_term_string"}],"inLanguage":"en-US"}]}},"acf":{"banner_image_type":"none"},"_links":{"self":[{"href":"https:\/\/carleton.ca\/tkaa\/wp-json\/wp\/v2\/pages\/126"}],"collection":[{"href":"https:\/\/carleton.ca\/tkaa\/wp-json\/wp\/v2\/pages"}],"about":[{"href":"https:\/\/carleton.ca\/tkaa\/wp-json\/wp\/v2\/types\/page"}],"author":[{"embeddable":true,"href":"https:\/\/carleton.ca\/tkaa\/wp-json\/wp\/v2\/users\/4"}],"replies":[{"embeddable":true,"href":"https:\/\/carleton.ca\/tkaa\/wp-json\/wp\/v2\/comments?post=126"}],"version-history":[{"count":2,"href":"https:\/\/carleton.ca\/tkaa\/wp-json\/wp\/v2\/pages\/126\/revisions"}],"predecessor-version":[{"id":352,"href":"https:\/\/carleton.ca\/tkaa\/wp-json\/wp\/v2\/pages\/126\/revisions\/352"}],"wp:attachment":[{"href":"https:\/\/carleton.ca\/tkaa\/wp-json\/wp\/v2\/media?parent=126"}],"curies":[{"name":"wp","href":"https:\/\/api.w.org\/{rel}","templated":true}]}}