{"id":200,"date":"2020-10-30T09:52:52","date_gmt":"2020-10-30T13:52:52","guid":{"rendered":"https:\/\/carleton.ca\/tradenetwork\/?page_id=200"},"modified":"2024-08-07T14:01:52","modified_gmt":"2024-08-07T18:01:52","slug":"transatlantic-trade-multi-media-library-2-2","status":"publish","type":"page","link":"https:\/\/carleton.ca\/tradenetwork\/transatlantic-trade-multi-media-library-2-2\/","title":{"rendered":"Multi-Media Library"},"content":{"rendered":"<h3>TRANSATLANTIC TRADE VIDEOS<\/h3>\n<p><a href=\"https:\/\/www.ivr.uzh.ch\/en\/institutsmitglieder\/oesch\/team\/lecturers\/charlotte-sieber-gasser\/\">Charlotte Sieber-Gasser<\/a>, Senior Researcher with the Geneva Graduate Institute and Assistant Professor with the Zurich Law School, and Lecturer, at the University of Zurich, discusses how the European Union addresses services in trade agreements.<\/td>\n<td style=\"width: 38.2546%; height: 354px;\">\n<div class=\"content__video\"><iframe loading=\"lazy\" title=\"Transatlantic Trade Video, interview with Charlotte Sieber-Gasser, University of Zurich\" width=\"500\" height=\"281\" src=\"https:\/\/www.youtube.com\/embed\/LgP-AZk-Ch0?feature=oembed\" frameborder=\"0\" allow=\"accelerometer; autoplay; clipboard-write; encrypted-media; gyroscope; picture-in-picture; web-share\" referrerpolicy=\"strict-origin-when-cross-origin\" allowfullscreen><\/iframe><\/div>\n<p><a href=\"https:\/\/www.plus.ac.at\/political-science\/department\/personnel\/hee-stefan\/?lang=en\/\">Stefan Hee<\/a>, doctoral candidate at the Paris Lodron University of Salzburg, discusses the distributional effects of trade agreements.<\/td>\n<tr style=\"width: 38.2546%; height: 354px;\">\n<div class=\"content__video\"><iframe loading=\"lazy\" title=\"Transatlantic Trade Video, interview with Stefan Hee, University of Salzburg\" width=\"500\" height=\"281\" src=\"https:\/\/www.youtube.com\/embed\/2m7NKZbWyEk?feature=oembed\" frameborder=\"0\" allow=\"accelerometer; autoplay; clipboard-write; encrypted-media; gyroscope; picture-in-picture; web-share\" referrerpolicy=\"strict-origin-when-cross-origin\" allowfullscreen><\/iframe><\/div>\n<p><a href=\"https:\/\/www.uantwerpen.be\/en\/staff\/scott-hamilton\/\">Scott Hamilton<\/a>, doctoral candidate at the University of Antwerp, discusses key theoretical concepts of contestation of political agreements by civil society organizations.<\/td>\n<td style=\"width: 38.2546%; height: 354px;\">\n<div class=\"content__video\"><iframe loading=\"lazy\" title=\"Transatlantic Trade Videos, Interview with Andrea Bianculli, Institut Barcelona d&#039;Estudis Interna...\" width=\"500\" height=\"281\" src=\"https:\/\/www.youtube.com\/embed\/iaek6YCqi24?feature=oembed\" frameborder=\"0\" allow=\"accelerometer; autoplay; clipboard-write; encrypted-media; gyroscope; picture-in-picture; web-share\" referrerpolicy=\"strict-origin-when-cross-origin\" allowfullscreen><\/iframe><\/div>\n<p><a href=\"https:\/\/www.ibei.org\/en\/andrea-c-bianculli_14301\">Andrea Bianculli<\/a>, Assistant Professor at the Institut Barcelona d&#8217;Estudis Internacionals in Spain, discusses EU-MERCOSUR trade negotiations and the EU\u2019s attempts to export some of its own definitional, normative, or regulatory standards through trade agreements.<\/td>\n<tr style=\"width: 38.2546%; height: 354px;\">\n<div class=\"content__video\"><iframe loading=\"lazy\" title=\"Transatlantic Trade Videos, Interview with Gerry Alons, Radboud University\" width=\"500\" height=\"281\" src=\"https:\/\/www.youtube.com\/embed\/eDjxzi5-qc8?feature=oembed\" frameborder=\"0\" allow=\"accelerometer; autoplay; clipboard-write; encrypted-media; gyroscope; picture-in-picture; web-share\" referrerpolicy=\"strict-origin-when-cross-origin\" allowfullscreen><\/iframe><\/div>\n<p><a href=\"https:\/\/www.ru.nl\/en\/people\/kamp-alons-g-van-der\">Gerry Alons<\/a>, Associate Professor of Sustainable Agri-Food Governance at Radboud University in the Netherlands, discusses standardization in the agricultural chapters of trade agreements, and food safety standards in the EU and their trading partners.<\/td>\n<td style=\"width: 38.2546%; height: 354px;\">\n<div class=\"content__video\"><iframe loading=\"lazy\" title=\"Transatlantic Trade Videos, Interview with Elena Escalante Block, University of Antwerp\" width=\"500\" height=\"281\" src=\"https:\/\/www.youtube.com\/embed\/r-HMliA8tJU?feature=oembed\" frameborder=\"0\" allow=\"accelerometer; autoplay; clipboard-write; encrypted-media; gyroscope; picture-in-picture; web-share\" referrerpolicy=\"strict-origin-when-cross-origin\" allowfullscreen><\/iframe><\/div>\n<p><a href=\"https:\/\/www.uantwerpen.be\/en\/staff\/elena-escalante-block\/\">Elena Escalante Block<\/a>, Postdoctoral Researcher at the University of Antwerp, Belgium, discusses the Apple state aid case, the related politicization of the EU, and the consequences of EU involvement in Irish tax law.<\/p>\n<p><\/p>\n<table style=\"border-collapse: collapse; width: 100%;\">\n<tbody>\n<tr>\n<td style=\"width: 16.5414%; height: 354px;\"><iframe loading=\"lazy\" title=\"YouTube video player\" src=\"https:\/\/www.youtube.com\/embed\/HNQ4Lm8rhwE\" width=\"320\" height=\"180\" frameborder=\"0\" allowfullscreen=\"allowfullscreen\"><span data-mce-type=\"bookmark\" style=\"display: inline-block; width: 0px; overflow: hidden; line-height: 0;\" class=\"mce_SELRES_start\">\ufeff<\/span><\/iframe><\/p>\n<p><a href=\"https:\/\/www.youtube.com\/watch?v=HNQ4Lm8rhwE\">J\u00f6rg Broschek<\/a>, Canada Research Chair in Comparative Federalism and Multilevel Governance and associate professor at Wilfrid Laurier University, discuss regional actors in European Union trade policy.<\/td>\n<td style=\"width: 38.2546%; height: 354px;\">\n<div class=\"content__video\"><iframe loading=\"lazy\" title=\"Transatlantic Trade Videos, Interview with Tamara Kay and Susan Osterman, University of Notre Dame\" width=\"500\" height=\"281\" src=\"https:\/\/www.youtube.com\/embed\/tF2G8ym0OPQ?feature=oembed\" frameborder=\"0\" allow=\"accelerometer; autoplay; clipboard-write; encrypted-media; gyroscope; picture-in-picture; web-share\" referrerpolicy=\"strict-origin-when-cross-origin\" allowfullscreen><\/iframe><\/div>\n<p><a href=\"https:\/\/sociology.nd.edu\/people\/tamara-kay\/\">Tamara Kay<\/a>, professor and <a href=\"https:\/\/politicalscience.nd.edu\/people\/susan-ostermann\/\">Susan Osterman<\/a>, assistant professor of global affairs in the Keough School of Global Affairs at the University of Notre Dame discuss European Union trade policy and Covid-19 vaccine access.<\/td>\n<\/tr>\n<\/tbody>\n<\/table>\n<table style=\"border-collapse: collapse; width: 99.4286%; height: 1991px;\">\n<tbody>\n<tr style=\"height: 354px;\">\n<td style=\"width: 6.11521%; height: 354px;\"><iframe loading=\"lazy\" title=\"YouTube video player\" src=\"https:\/\/www.youtube.com\/embed\/XgoxvSVmIdw\" width=\"320\" height=\"180\" frameborder=\"0\" allowfullscreen=\"allowfullscreen\" data-mce-fragment=\"1\"><\/iframe><\/p>\n<p><a href=\"https:\/\/www.queensu.ca\/ensc\/kyla-tienhaara\">Kyla Tienhaara<\/a>, of Queen&#8217;s University, discusses the challenges of the Investor-State Dispute Settlement (ISDS) mechanisms in trade agreements. She offers a critical analysis of the impact of ISDS on the efforts by states to regulate in the interest of the public good, particularly in relation to the environment and climate change. For more information, see <a href=\"https:\/\/carleton.ca\/tradenetwork\/2022\/transatlantic-trade-video-interview-with-dr-kyla-tienhaara-on-investor-state-dispute-settlement-in-trade-agreements-and-investment-and-its-impact-on-international-trade-policy\/\">the original announcement<\/a>.<\/td>\n<td style=\"width: 27.398%; height: 354px;\"><iframe loading=\"lazy\" src=\"https:\/\/www.youtube.com\/embed\/BzjuA0lbjAU\" width=\"320\" height=\"180\" frameborder=\"0\" allowfullscreen=\"allowfullscreen\" data-mce-fragment=\"1\"><span data-mce-type=\"bookmark\" style=\"display: inline-block; width: 0px; overflow: hidden; line-height: 0;\" class=\"mce_SELRES_start\">\ufeff<\/span><span data-mce-type=\"bookmark\" style=\"display: inline-block; width: 0px; overflow: hidden; line-height: 0;\" class=\"mce_SELRES_start\">\ufeff<\/span><\/iframe><\/p>\n<p><a href=\"https:\/\/carleton.ca\/tradenetwork\/people\/elvire-fabry\/\">Elvire Fabry<\/a>, of the University of Antwerp team, discusses the strategy used by European Union negotiator Michel Barnier to maintain bloc unity during the Brexit talks, and how this could be applied to the various other challenges the Union is facing &#8211; particularly regarding China. For more information, see <a href=\"https:\/\/carleton.ca\/tradenetwork\/2021\/transatlantic-trade-video-interview-with-professor-fabry-on-negotiating-and-trade-strategy-of-european-union\/\">the original announcement<\/a>.<\/td>\n<\/tr>\n<tr style=\"height: 380px;\">\n<td style=\"width: 6.11521%; height: 380px;\"><iframe loading=\"lazy\" src=\"https:\/\/www.youtube.com\/embed\/W0-meJ5igbg\" width=\"320\" height=\"180\" frameborder=\"0\" allowfullscreen=\"allowfullscreen\" data-mce-fragment=\"1\"><span data-mce-type=\"bookmark\" style=\"display: inline-block; width: 0px; overflow: hidden; line-height: 0;\" class=\"mce_SELRES_start\">\ufeff<\/span><\/iframe><\/p>\n<p><a href=\"https:\/\/carleton.ca\/tradenetwork\/people\/crina-viju-miljusevic\/\">Crina Viju-Miljusevic<\/a>, of Carleton University, discusses the impact of international trade deals on food (in)security, as well as how the European Union&#8217;s food standards affect, and are affected by, its trading partners. For more information, see <a href=\"https:\/\/carleton.ca\/tradenetwork\/2021\/transatlantic-trade-video-interview-with-professor-viju-miljusevic-on-international-trade-deals-food-standards-and-food-security\/\">the original announcement<\/a>.<\/td>\n<td style=\"width: 27.398%; height: 380px;\"><iframe loading=\"lazy\" src=\"https:\/\/www.youtube.com\/embed\/bXMyzplXY_A\" width=\"320\" height=\"180\" frameborder=\"0\" allowfullscreen=\"allowfullscreen\" data-mce-fragment=\"1\"><span data-mce-type=\"bookmark\" style=\"display: inline-block; width: 0px; overflow: hidden; line-height: 0;\" class=\"mce_SELRES_start\">\ufeff<\/span><\/iframe><\/p>\n<p><a href=\"https:\/\/carleton.ca\/tradenetwork\/people\/gabriele-spilker\/\">Gabriele Spilker<\/a>, of the Paris Lodron University of Salzburg, discusses popular opinion regarding trade liberalization, and how opinion-updating amongst the public occurs in Europe, North America, and elsewhere. For more information, see <a href=\"https:\/\/carleton.ca\/tradenetwork\/2021\/transatlantic-trade-video-interview-with-professor-spilker-on-international-trade-and-changes-in-public-opinion\/\">the original announcement<\/a>.<\/td>\n<\/tr>\n<tr style=\"height: 422px;\">\n<td style=\"width: 6.11521%; height: 422px;\"><iframe loading=\"lazy\" src=\"https:\/\/www.youtube.com\/embed\/BQNYa2lT4Co\" width=\"320\" height=\"180\" frameborder=\"0\" allowfullscreen=\"allowfullscreen\" data-mce-fragment=\"1\"><\/iframe><\/p>\n<p><a href=\"https:\/\/carleton.ca\/tradenetwork\/people\/andreas-dur\/\">Andreas D\u00fcr<\/a>, of the Paris Lodron University of Salzburg, discusses the impact of interest groups and economic dynamics on the politicization of trade deals. For more information, see <a href=\"https:\/\/carleton.ca\/tradenetwork\/2021\/interview-with-professor-dur-on-the-politicization-of-trade-deals-by-interest-groups\/\">the original announcement<\/a>.<\/td>\n<td style=\"width: 27.398%; height: 422px;\"><iframe loading=\"lazy\" src=\"https:\/\/www.youtube.com\/embed\/zaElPDIabnw\" width=\"320\" height=\"180\" frameborder=\"0\" allowfullscreen=\"allowfullscreen\" data-mce-fragment=\"1\"><\/iframe><\/p>\n<p><a href=\"https:\/\/carleton.ca\/tradenetwork\/people\/dirk-de-bievre\/\">Dirk De Bi\u00e8vre<\/a>, of the University of Antwerp, discusses the selective politicization of trade, American trade policies during the Trump presidency, and the trade politics in the European Union. For more information, see <a href=\"https:\/\/carleton.ca\/tradenetwork\/2020\/interview-with-professor-de-bievre\/\">the original announcement<\/a>.<\/p>\n<p><\/td>\n<\/tr>\n<tr style=\"height: 431px;\">\n<td style=\"width: 6.11521%; height: 431px;\"><iframe loading=\"lazy\" src=\"https:\/\/www.youtube.com\/embed\/YDrV-Vf3W_o\" width=\"320\" height=\"180\" frameborder=\"0\" allowfullscreen=\"allowfullscreen\" data-mce-fragment=\"1\"><\/iframe><\/p>\n<p><a href=\"https:\/\/carleton.ca\/tradenetwork\/people\/ozlem-atikcan\/\">\u00d6zlem Atikcan<\/a>, of the University of Warwick, discusses the importance of issue framing in referendums on complex topics \u2014 including EU Treaty reforms, international trade agreements, and Brexit. For more information, see <a href=\"https:\/\/carleton.ca\/tradenetwork\/2020\/interview-with-professor-atikcan\/\">the original announcement<\/a>.<\/td>\n<td style=\"width: 27.398%; height: 431px;\"><iframe loading=\"lazy\" src=\"https:\/\/www.youtube.com\/embed\/bCntzmrmVJ8\" width=\"320\" height=\"180\" frameborder=\"0\" allowfullscreen=\"allowfullscreen\" data-mce-fragment=\"1\"><\/iframe><\/p>\n<p><a href=\"https:\/\/carleton.ca\/tradenetwork\/people\/gabriel-siles-brugge\/\">Gabriel Siles-Br\u00fcgge<\/a>, of the University of Warwick, discusses the debate over the UK\u2019s post-Brexit trade strategy, the realities of post-truth politics, and the use of expertise and emotion on both sides. For more information, see <a href=\"https:\/\/carleton.ca\/tradenetwork\/2020\/interview-with-professor-siles-brugge\/\">the original announcement<\/a>.<\/td>\n<\/tr>\n<tr style=\"height: 404px;\">\n<td style=\"width: 6.11521%; height: 404px;\"><iframe loading=\"lazy\" src=\"https:\/\/www.youtube.com\/embed\/5NwDzzUjLRE\" width=\"320\" height=\"180\" frameborder=\"0\" allowfullscreen=\"allowfullscreen\" data-mce-fragment=\"1\"><\/iframe><\/p>\n<p><a href=\"https:\/\/carleton.ca\/tradenetwork\/people\/francesco-duina\/\">Francesco Duina<\/a>, of Bates College, discusses different kinds of regional trade agreements as well as their relationship to each other. The interview also addresses political controversies about the EU-Canada Comprehensive Economic and Trade Agreement (CETA) and the EU-US Transatlantic Trade and Investment Partnership (TTIP). For more information, see <a href=\"https:\/\/carleton.ca\/tradenetwork\/2020\/interview-with-professor-duina\/\">the original announcement<\/a>.<\/td>\n<td style=\"width: 27.398%; height: 404px;\"><iframe loading=\"lazy\" src=\"https:\/\/www.youtube.com\/embed\/pKO48VusO-E\" width=\"320\" height=\"180\" frameborder=\"0\" allowfullscreen=\"allowfullscreen\" data-mce-fragment=\"1\"><span data-mce-type=\"bookmark\" style=\"display: inline-block; width: 0px; overflow: hidden; line-height: 0;\" class=\"mce_SELRES_start\">\ufeff<\/span><\/iframe><\/p>\n<p><a href=\"https:\/\/carleton.ca\/tradenetwork\/people\/achim-hurrelmann\/\">Achim Hurrelmann<\/a>, of Carleton University, discusses the consequences of Brexit on Canada&#8217;s trade relationship with the United Kingdom and the European Union, as well as its implication for Canada&#8217;s broader identity and foreign policy orientation. For more information, see <a href=\"https:\/\/carleton.ca\/tradenetwork\/2020\/interview-with-professor-hurrelmann\/\">the original announcement<\/a>.<\/p>\n<p><\/td>\n<\/tr>\n<\/tbody>\n<\/table>\n<h3><\/h3>\n<h3>JEAN MONNET NETWORK EVENTS<\/h3>\n<p>In October 2021, the Jean Monnet Network on Transatlantic Trade Politics hosted a research workshop on &#8220;Transatlantic Trade Policy, Environmental Issues, and Climate Change&#8221;. Recordings of the three workshop panels are available below.<\/p>\n<table style=\"border-collapse: collapse; width: 100%; height: 168px;\">\n<tbody>\n<tr style=\"height: 74px;\">\n<td style=\"width: 50%; height: 74px;\"><iframe loading=\"lazy\" title=\"YouTube video player\" src=\"https:\/\/www.youtube.com\/embed\/oJjX_U2bV2k\" width=\"320\" height=\"180\" frameborder=\"0\" allowfullscreen=\"allowfullscreen\" data-mce-fragment=\"1\"><\/iframe><\/p>\n<p>Panel 1: &#8220;The impact of domestic environmental and climate policies on cross-border competitiveness and trade agreement.&#8221; The panel was chaired by Joan DeBardeleben, with presentations by David Blair, Susanne Dr\u00f6ge, and Jean-Fr\u00e9d\u00e9ric Morin. Gabriele Spilker was the discussant. <a href=\"https:\/\/carleton.ca\/tradenetwork\/cu-events\/research-workshop-transatlantic-trade-policy-environmental-issues-and-climate-change\/\">See original announcement.<\/a><\/td>\n<td style=\"width: 50%; height: 74px;\"><iframe loading=\"lazy\" title=\"YouTube video player\" src=\"https:\/\/www.youtube.com\/embed\/XnqqnVwHxCE\" width=\"320\" height=\"180\" frameborder=\"0\" allowfullscreen=\"allowfullscreen\" data-mce-fragment=\"1\"><\/iframe>Panel 2: &#8220;The WTO and dispute settlement: Is there is a clash between environmental and trade law?&#8221; This panel was chaired by Crina Viju-Miljusevic, with presentations by Steve Charnovitz, Christian H\u00e4berli and Kya Tienhaara. Dirk De Bi\u00e8vre was the discussant. <a href=\"https:\/\/carleton.ca\/tradenetwork\/cu-events\/research-workshop-transatlantic-trade-policy-environmental-issues-and-climate-change\/\">See original announcement.<\/a><\/td>\n<\/tr>\n<tr style=\"height: 94px;\">\n<td style=\"width: 50%; height: 94px;\"><iframe loading=\"lazy\" title=\"YouTube video player\" src=\"https:\/\/www.youtube.com\/embed\/OYfkw5cNUTs\" width=\"320\" height=\"180\" frameborder=\"0\" allowfullscreen=\"allowfullscreen\" data-mce-fragment=\"1\"><\/iframe><\/p>\n<p>Panel 3: &#8220;The role of political activism: Addressing concerns about trade agreements and the role of environmental resilience\/sustainability.&#8221; This panel was chaired by Achim Hurrelmann, with presentations by Kathryn Harrison, Tamara Kay, and Gabriele Spilker. Gabriel Siles-Br\u00fcgge was the discussant. <a href=\"https:\/\/carleton.ca\/tradenetwork\/cu-events\/research-workshop-transatlantic-trade-policy-environmental-issues-and-climate-change\/\">See original announcement.<\/a><\/td>\n<td style=\"width: 50%; height: 94px;\"><\/td>\n<\/tr>\n<\/tbody>\n<\/table>\n<p><em>The European Commission&#8217;s support for the production of the Transatlantic Trade Videos does not constitute an endorsement of the contents, which reflect the views only of the authors, and the Commission cannot be held responsible for any use which may be made of the information contained therein.<\/em><\/p>\n<p><img decoding=\"async\" src=\"https:\/\/carleton.ca\/tradenetwork\/wp-content\/uploads\/ErasmusSupport-400x82.jpg\" alt=\"With the support of the Erasmus+ Programme of the European Union\" \/><\/p>\n","protected":false},"excerpt":{"rendered":"<p>TRANSATLANTIC TRADE VIDEOS Charlotte Sieber-Gasser, Senior Researcher with the Geneva Graduate Institute and Assistant Professor with the Zurich Law School, and Lecturer, at the University of Zurich, discusses how the European Union addresses services in trade agreements. Stefan Hee, doctoral candidate at the Paris Lodron University of Salzburg, discusses the distributional effects of trade agreements. [&hellip;]<\/p>\n","protected":false},"author":8,"featured_media":0,"parent":0,"menu_order":0,"comment_status":"closed","ping_status":"closed","template":"","meta":{"_relevanssi_hide_post":"","_relevanssi_hide_content":"","_relevanssi_pin_for_all":"","_relevanssi_pin_keywords":"","_relevanssi_unpin_keywords":"","_relevanssi_related_keywords":"","_relevanssi_related_include_ids":"","_relevanssi_related_exclude_ids":"","_relevanssi_related_no_append":"","_relevanssi_related_not_related":"","_relevanssi_related_posts":"","_relevanssi_noindex_reason":"","_mi_skip_tracking":false,"_exactmetrics_sitenote_active":false,"_exactmetrics_sitenote_note":"","_exactmetrics_sitenote_category":0,"_monsterinsights_sitenote_active":false,"_monsterinsights_sitenote_note":"","_monsterinsights_sitenote_category":0,"footnotes":"","_links_to":"","_links_to_target":""},"yoast_head":"<!-- This site is optimized with the Yoast SEO plugin v21.2 - https:\/\/yoast.com\/wordpress\/plugins\/seo\/ -->\n<title>Multi-Media Library - Jean Monnet Network on Transatlantic Trade Politics<\/title>\n<meta name=\"description\" content=\"TRANSATLANTIC TRADE VIDEOS Charlotte Sieber-Gasser, Senior Researcher with the Geneva Graduate Institute and Assistant Professor with the Zurich Law\" \/>\n<meta name=\"robots\" content=\"index, follow, max-snippet:-1, max-image-preview:large, max-video-preview:-1\" \/>\n<link rel=\"canonical\" href=\"https:\/\/carleton.ca\/tradenetwork\/transatlantic-trade-multi-media-library-2-2\/\" \/>\n<meta name=\"twitter:label1\" content=\"Est. reading time\" \/>\n\t<meta name=\"twitter:data1\" content=\"5 minutes\" \/>\n<script type=\"application\/ld+json\" class=\"yoast-schema-graph\">{\"@context\":\"https:\/\/schema.org\",\"@graph\":[{\"@type\":\"WebPage\",\"@id\":\"https:\/\/carleton.ca\/tradenetwork\/transatlantic-trade-multi-media-library-2-2\/\",\"url\":\"https:\/\/carleton.ca\/tradenetwork\/transatlantic-trade-multi-media-library-2-2\/\",\"name\":\"Multi-Media Library - Jean Monnet Network on Transatlantic Trade Politics\",\"isPartOf\":{\"@id\":\"https:\/\/carleton.ca\/tradenetwork\/#website\"},\"datePublished\":\"2020-10-30T13:52:52+00:00\",\"dateModified\":\"2024-08-07T18:01:52+00:00\",\"description\":\"TRANSATLANTIC TRADE VIDEOS Charlotte Sieber-Gasser, Senior Researcher with the Geneva Graduate Institute and Assistant Professor with the Zurich Law\",\"breadcrumb\":{\"@id\":\"https:\/\/carleton.ca\/tradenetwork\/transatlantic-trade-multi-media-library-2-2\/#breadcrumb\"},\"inLanguage\":\"en-US\",\"potentialAction\":[{\"@type\":\"ReadAction\",\"target\":[\"https:\/\/carleton.ca\/tradenetwork\/transatlantic-trade-multi-media-library-2-2\/\"]}]},{\"@type\":\"BreadcrumbList\",\"@id\":\"https:\/\/carleton.ca\/tradenetwork\/transatlantic-trade-multi-media-library-2-2\/#breadcrumb\",\"itemListElement\":[{\"@type\":\"ListItem\",\"position\":1,\"name\":\"Home\",\"item\":\"https:\/\/carleton.ca\/tradenetwork\/\"},{\"@type\":\"ListItem\",\"position\":2,\"name\":\"Multi-Media Library\"}]},{\"@type\":\"WebSite\",\"@id\":\"https:\/\/carleton.ca\/tradenetwork\/#website\",\"url\":\"https:\/\/carleton.ca\/tradenetwork\/\",\"name\":\"Jean Monnet Network on Transatlantic Trade Politics\",\"description\":\"Carleton University\",\"potentialAction\":[{\"@type\":\"SearchAction\",\"target\":{\"@type\":\"EntryPoint\",\"urlTemplate\":\"https:\/\/carleton.ca\/tradenetwork\/?s={search_term_string}\"},\"query-input\":\"required name=search_term_string\"}],\"inLanguage\":\"en-US\"}]}<\/script>\n<!-- \/ Yoast SEO plugin. -->","yoast_head_json":{"title":"Multi-Media Library - Jean Monnet Network on Transatlantic Trade Politics","description":"TRANSATLANTIC TRADE VIDEOS Charlotte Sieber-Gasser, Senior Researcher with the Geneva Graduate Institute and Assistant Professor with the Zurich Law","robots":{"index":"index","follow":"follow","max-snippet":"max-snippet:-1","max-image-preview":"max-image-preview:large","max-video-preview":"max-video-preview:-1"},"canonical":"https:\/\/carleton.ca\/tradenetwork\/transatlantic-trade-multi-media-library-2-2\/","twitter_misc":{"Est. reading time":"5 minutes"},"schema":{"@context":"https:\/\/schema.org","@graph":[{"@type":"WebPage","@id":"https:\/\/carleton.ca\/tradenetwork\/transatlantic-trade-multi-media-library-2-2\/","url":"https:\/\/carleton.ca\/tradenetwork\/transatlantic-trade-multi-media-library-2-2\/","name":"Multi-Media Library - Jean Monnet Network on Transatlantic Trade Politics","isPartOf":{"@id":"https:\/\/carleton.ca\/tradenetwork\/#website"},"datePublished":"2020-10-30T13:52:52+00:00","dateModified":"2024-08-07T18:01:52+00:00","description":"TRANSATLANTIC TRADE VIDEOS Charlotte Sieber-Gasser, Senior Researcher with the Geneva Graduate Institute and Assistant Professor with the Zurich Law","breadcrumb":{"@id":"https:\/\/carleton.ca\/tradenetwork\/transatlantic-trade-multi-media-library-2-2\/#breadcrumb"},"inLanguage":"en-US","potentialAction":[{"@type":"ReadAction","target":["https:\/\/carleton.ca\/tradenetwork\/transatlantic-trade-multi-media-library-2-2\/"]}]},{"@type":"BreadcrumbList","@id":"https:\/\/carleton.ca\/tradenetwork\/transatlantic-trade-multi-media-library-2-2\/#breadcrumb","itemListElement":[{"@type":"ListItem","position":1,"name":"Home","item":"https:\/\/carleton.ca\/tradenetwork\/"},{"@type":"ListItem","position":2,"name":"Multi-Media Library"}]},{"@type":"WebSite","@id":"https:\/\/carleton.ca\/tradenetwork\/#website","url":"https:\/\/carleton.ca\/tradenetwork\/","name":"Jean Monnet Network on Transatlantic Trade Politics","description":"Carleton University","potentialAction":[{"@type":"SearchAction","target":{"@type":"EntryPoint","urlTemplate":"https:\/\/carleton.ca\/tradenetwork\/?s={search_term_string}"},"query-input":"required name=search_term_string"}],"inLanguage":"en-US"}]}},"acf":{"banner_image_type":"none","banner_button":"no"},"_links":{"self":[{"href":"https:\/\/carleton.ca\/tradenetwork\/wp-json\/wp\/v2\/pages\/200"}],"collection":[{"href":"https:\/\/carleton.ca\/tradenetwork\/wp-json\/wp\/v2\/pages"}],"about":[{"href":"https:\/\/carleton.ca\/tradenetwork\/wp-json\/wp\/v2\/types\/page"}],"author":[{"embeddable":true,"href":"https:\/\/carleton.ca\/tradenetwork\/wp-json\/wp\/v2\/users\/8"}],"replies":[{"embeddable":true,"href":"https:\/\/carleton.ca\/tradenetwork\/wp-json\/wp\/v2\/comments?post=200"}],"version-history":[{"count":7,"href":"https:\/\/carleton.ca\/tradenetwork\/wp-json\/wp\/v2\/pages\/200\/revisions"}],"predecessor-version":[{"id":2356,"href":"https:\/\/carleton.ca\/tradenetwork\/wp-json\/wp\/v2\/pages\/200\/revisions\/2356"}],"wp:attachment":[{"href":"https:\/\/carleton.ca\/tradenetwork\/wp-json\/wp\/v2\/media?parent=200"}],"curies":[{"name":"wp","href":"https:\/\/api.w.org\/{rel}","templated":true}]}}