{"id":1037,"date":"2023-03-13T14:27:49","date_gmt":"2023-03-13T18:27:49","guid":{"rendered":"https:\/\/carleton.ca\/utili\/?page_id=1037"},"modified":"2023-05-10T13:53:21","modified_gmt":"2023-05-10T17:53:21","slug":"publications","status":"publish","type":"page","link":"https:\/\/carleton.ca\/utili\/publications\/","title":{"rendered":"Publications"},"content":{"rendered":"<table>\n<tbody>\n<tr>\n<td><\/td>\n<td style=\"text-align: right;\"><em>Published on 29-Mar-23 at 18:01 | Last updated 10-May-23 at 13:54<br \/>\n<\/em><\/td>\n<\/tr>\n<\/tbody>\n<\/table>\n<h2>Student Theses<\/h2>\n<p><strong>A. Costa, <\/strong><em>Deep Learning and Synthetic Imagery for Migratory Bird Species Identification Using Drones, <\/em>Mechanical Engineering, December 2022. (Lalibert\u00e9) <a href=\"https:\/\/curve.carleton.ca\/3e12aad0-68b0-4eb9-af59-884923e1d2d2\">https:\/\/curve.carleton.ca\/3e12aad0-68b0-4eb9-af59-884923e1d2d2<\/a><\/p>\n<p><strong>M. Palmer,<\/strong> <em>Assessing Non-Planar Slicing and Carbon Fibre Filament Additives as Steps Towards 3D-Printed Drone Propellers, <\/em>Aerospace Engineering, Carleton University, November 2022. (Lalibert\u00e9) <a href=\"https:\/\/curve.carleton.ca\/0a6636ed-9347-4734-90ca-60b8d5867254\">https:\/\/curve.carleton.ca\/0a6636ed-9347-4734-90ca-60b8d5867254<\/a><\/p>\n<p><strong>S. Longtin-Martel,<\/strong> <em>Optimisation et simulation de l\u2019aile de l\u2019UAS-S45 de Hydra Technologies, ainsi que le d\u00e9veloppement du simulateur de vol du Raptor de Tristar Multicopters, <\/em>Master\u2019s Thesis, Aerospace Engineering, \u00c9cole de technologie sup\u00e9rieure, October 2022. (Botez) <a href=\"https:\/\/espace.etsmtl.ca\/id\/eprint\/3087\/\">https:\/\/espace.etsmtl.ca\/id\/eprint\/3087\/<\/a><\/p>\n<p><strong>S. Moses,<\/strong> <em>Small Light Weight LiDAR Systems with Remotely Piloted Aircraft for Powerline Detection, <\/em>Master\u2019s Thesis, Aerospace Engineering, Carleton University, September 2022. (Lalibert\u00e9) <a href=\"https:\/\/curve.carleton.ca\/bc3e734f-55a5-4678-864d-6f56b3c50a0e\">https:\/\/curve.carleton.ca\/bc3e734f-55a5-4678-864d-6f56b3c50a0e<\/a><\/p>\n<p><strong>M. Segui,<\/strong> <em>CRJ700 regional aircraft performances optimization using adaptive winglet systems,<\/em> PhD Thesis, Aerospace Engineering, \u00c9cole de technologie sup\u00e9rieure, August 2022. (Botez) <a href=\"https:\/\/espace.etsmtl.ca\/id\/eprint\/3046\/\">https:\/\/espace.etsmtl.ca\/id\/eprint\/3046\/<\/a><\/p>\n<p><strong>M. Kanevsky,<\/strong> <em>Improving Quality of 3D Printed Components for Remotely Piloted Aircraft Systems with Curved Layer Fused Filament Fabrication, <\/em>Master\u2019s Thesis, Aerospace Engineering, Carleton University, May 2022. (Lalibert\u00e9) <a href=\"https:\/\/curve.carleton.ca\/58dec2cd-4b7d-496b-8af2-b83edb1cd5c5\">https:\/\/curve.carleton.ca\/58dec2cd-4b7d-496b-8af2-b83edb1cd5c5<\/a><\/p>\n<p><strong>D. Dozois,<\/strong> <em>D\u00e9veloppement de technologies utilisant un algorithme de cartographie et localisation simultan\u00e9es et utilisant un algorithme de champ de potentiel permettant l\u2019\u00e9vitement d\u2019obstacles lors du pilotage d\u2019un drone dans un chantier minier, <\/em>Master\u2019s Thesis, Electrical Engineering, Universit\u00e9 de Sherbrooke, January 2022. (Desbiens) <a href=\"https:\/\/savoirs.usherbrooke.ca\/handle\/11143\/19024?show=full\">https:\/\/savoirs.usherbrooke.ca\/handle\/11143\/19024?show=full<\/a><\/p>\n<p><strong>P. Meyran,<\/strong> <em>Conception d\u2019une ailette adaptative pour l\u2019optimisation des performances a\u00e9rodynamiques de l\u2019avion CRJ-700,<\/em> Master\u2019s Thesis, Aerospace Engineering, \u00c9cole de technologie sup\u00e9rieure, January 2022. (Botez) <a href=\"https:\/\/espace.etsmtl.ca\/id\/eprint\/2819\/\">https:\/\/espace.etsmtl.ca\/id\/eprint\/2819\/<\/a><\/p>\n<p><strong>F. Atarita,<\/strong> <em>Hyperspectral Imaging Simulator and Applications for Unmanned Aerial Vehicles, <\/em>Master\u2019s Thesis, Geological Sciences and Engineering, Queen\u2019s University, September 2021. (Braun) <a href=\"http:\/\/hdl.handle.net\/1974\/29458\">http:\/\/hdl.handle.net\/1974\/29458<\/a><\/p>\n<p><strong>F. Faraj,<\/strong> <em>Object Detection and Patern of Life Analysis from Remotely Piloted Aircraft System Acquired Full Motion Video,<\/em> Master\u2019s Thesis, Geological Sciences and Engineering, Queen\u2019s University, June 2021. (Braun) <a href=\"http:\/\/hdl.handle.net\/1974\/28947\">http:\/\/hdl.handle.net\/1974\/28947<\/a><\/p>\n<p><strong>G. Tuta Navajas,<\/strong> <em>Modelling and Pitch Control of a Re-Configurable Unmanned Airship<\/em>, Master\u2019s Thesis, Mechanical Engineering, University of Ottawa, April 2021. (Lanteigne) <a href=\"https:\/\/ruor.uottawa.ca\/handle\/10393\/41998\">https:\/\/ruor.uottawa.ca\/handle\/10393\/41998<\/a><\/p>\n<p><strong>J. Bass,<\/strong> <em>Utilisation de la pouss\u00e9e r\u00e9versible pour faciliter les atterrissage de quadrirotors sur des surfaces inclin\u00e9es, <\/em>Master\u2019s Thesis, Aerospace Engineering, Universit\u00e9 de Sherbrooke, March 2020. (Desbiens) <a href=\"https:\/\/savoirs.usherbrooke.ca\/handle\/11143\/17176\">https:\/\/savoirs.usherbrooke.ca\/handle\/11143\/17176<\/a><\/p>\n<p><\/p>\n<h2>Journal Publications<\/h2>\n<p><strong>M.H. Negahban, M. Bashir, <\/strong>R. Botez, Free-Form Deformation Parameterization on the Aerodynamic Optimization of Morphing Trailing Edge, <em>Applied Mechanics, <\/em>February 2023. <a href=\"https:\/\/doi.org\/10.3390\/applmech4010017\">https:\/\/doi.org\/10.3390\/applmech4010017<\/a><\/p>\n<p><strong>M. Bashir, <\/strong>N. Zonzini, R. Botez, A. Ceruti, T. Wong, Flow Control around the UAS-S45 Pitching Airfoil Using a Dynamically Morphing Leading Edge (DMLE): A Numerical Study, <em>Biomimetics, <\/em>January 2023. <a href=\"https:\/\/doi.org\/10.3390\/biomimetics8010051\">https:\/\/doi.org\/10.3390\/biomimetics8010051<\/a><\/p>\n<p><strong>M. Bashir, <\/strong>N. Zonzini, R. Botez, A. Ceruti, T. Wong, Numerical Investigation of a Dynamically Morphing UAS-S45 Wing Airfoil at moderate Reynolds number, <em>AIAA SCITECH 2023 Forum, <\/em>January 2023. <a href=\"https:\/\/doi.org\/10.2514\/6.2023-1585\">https:\/\/doi.org\/10.2514\/6.2023-1585<\/a><\/p>\n<p><strong>M. Bashir, S. Longtin-Martel,<\/strong> R. Botez, T. Wong, Design of a Variable Camber Morphing Winglet with Composite Lamination Structural Analysis and Failure Analysis \u2013 Application to the UAS-S45, <em>AIAA SCITECH 2023 Forum, <\/em>January 2023. <a href=\"https:\/\/doi.org\/10.2514\/6.2023-1584\">https:\/\/doi.org\/10.2514\/6.2023-1584<\/a><\/p>\n<p><strong>M.H. Negahban, M. Bashir, <\/strong>R. Botez, Aerodynamic Optimization of a Novel Synthetic Trailing Edge and Chord Elongation Morphing: Application to the UAS-S45 Airfoil, <em>AIAA SCITECH 2023 Forum, <\/em>January 2023. <a href=\"https:\/\/doi.org\/10.2514\/6.2023-1582\">https:\/\/doi.org\/10.2514\/6.2023-1582<\/a><\/p>\n<p><strong>S. Longtin-Martel, M. Bashir, <\/strong>R. Botez, T. Wong, A Pareto Multi-Objective Optimization of a Camber Morphing Airfoil using Non-Dominated Sorting Genetic Algorithm, <em>AIAA SCITECH 2023 Forum, <\/em>January 2023. <a href=\"https:\/\/doi.org\/10.2514\/6.2023-1583\">https:\/\/doi.org\/10.2514\/6.2023-1583<\/a><\/p>\n<p><strong>M. Bashir, S. Longtin-Martel, <\/strong>N. Zonzini, R. Botez, A. Ceruti, T. Wong, Optimization and Design of a Flexible Droop Nose Leading Edge Morphing Wing Based on a Novel Black Widow Optimization (BWO) Algorithm \u2013 Part II, <em>Designs, <\/em>November 2022. <a href=\"https:\/\/doi.org\/10.3390\/designs6060102\">https:\/\/doi.org\/10.3390\/designs6060102<\/a><\/p>\n<p><strong>L. Catar, <\/strong>I. Tabiai, D. St-Onge, Additive Manufacturing Strategy for Ultra-Lightweight High Value-Added Components, <em>The American Society of Mechanical Engineers, <\/em>November 2022. <a href=\"https:\/\/doi.org\/10.1115\/DETC2022-88458\">https:\/\/doi.org\/10.1115\/DETC2022-88458<\/a><\/p>\n<p><strong>G. Tuta Navajas<\/strong>, E. Lanteigne, Modelling and Pitch Control of a Re-Configurable Unmanned Airship, <em>Drone Systems and Applications,<\/em> February 2022. <a href=\"https:\/\/can01.safelinks.protection.outlook.com\/?url=https%3A%2F%2Fdoi.org%2F10.1139%2Fdsa-2021-0017&amp;data=05%7C01%7CSalmanShafi%40cmail.carleton.ca%7C8832bef52d3840594a2d08db2a686f64%7C6ad91895de06485ebc51fce126cc8530%7C0%7C0%7C638150400269038710%7CUnknown%7CTWFpbGZsb3d8eyJWIjoiMC4wLjAwMDAiLCJQIjoiV2luMzIiLCJBTiI6Ik1haWwiLCJXVCI6Mn0%3D%7C3000%7C%7C%7C&amp;sdata=%2FffuvoSUBX%2F89PDGo50XxvFkPdJ08eQ4BrC6VjxV7S8%3D&amp;reserved=0\">https:\/\/doi.org\/10.1139\/dsa-2021-0017<\/a><\/p>\n<p><strong>M. Bashir, S. Longtin-Martel,<\/strong> R. Botez, A. Ceruti, T. Wong, Optimization and Design of a Flexible Droop-Nose Leading-Edge Morphing Wing Based on a Novel Black Widow Optimization Algorithm \u2013 Part I, <em>Designs, <\/em>January 2022. <a href=\"https:\/\/doi.org\/10.3390\/designs6010010\">https:\/\/doi.org\/10.3390\/designs6010010<\/a><\/p>\n<p><strong>M. Bashir, S. Longtin-Martel,<\/strong> R. Botez, T. Wong, Aerodynamic Design and Performance Optimization of Camber Adaptive Winglet for the UAS-S45, <em>AIAA SCITECH 2022 Forum,<\/em> December 2021. <a href=\"https:\/\/doi.org\/10.2514\/6.2022-1041\">https:\/\/doi.org\/10.2514\/6.2022-1041<\/a><\/p>\n<p><strong>M. Bashir, S. Longtin-Martel,<\/strong> R. Botez, T. Wong, Aerodynamic Shape Optimization of Camber Morphing Airfoil based on Black Widow Optimization, <em>AIAA SCITECH 2022 Forum,<\/em> December 2021. <a href=\"https:\/\/doi.org\/10.2514\/6.2022-2575\">https:\/\/doi.org\/10.2514\/6.2022-2575<\/a><\/p>\n<p><strong>P. Meyran,<\/strong> H. Pain, R. Botez, J. Laliberte, Structural Design of a Morphing Winglet to optimize the Aerodynamic Performance of the CRJ-700 Aircraft, <em>AIAA SCITECH 2022 Forum,<\/em> December 2021. <a href=\"https:\/\/doi.org\/10.2514\/6.2022-1040\">https:\/\/doi.org\/10.2514\/6.2022-1040<\/a><\/p>\n<p><strong>Y. Tondji, <\/strong>G. Ghazi, R. Botez, CRJ 700 Aerodynamic Coefficients Identification in Dynamic Stall Conditions using Neural Networks, <em>AIAA SCITECH 2022 Forum,<\/em> December 2021. <a href=\"https:\/\/doi.org\/10.2514\/6.2022-2577\">https:\/\/doi.org\/10.2514\/6.2022-2577<\/a><\/p>\n<p><strong>M. Bashir, S. Longtin-Martel,<\/strong> R. Botez, T. Wong, Aerodynamic Design Optimization of a Morphing Leading Edge and Trailing Edge Airfoil \u2013 Application on the UAS-S45, <em>Applied Sciences,<\/em> February 2021. <a href=\"https:\/\/doi.org\/10.3390\/app11041664\">https:\/\/doi.org\/10.3390\/app11041664<\/a><\/p>\n<p><\/p>\n<h2>Conference Proceedings<\/h2>\n<p><strong>T. Krings, <\/strong>J. Lalibert\u00e9, I. Borshchova, \u201cCanadian Airspace Modeling\u201d <em>Aerial Evolution Association of Canada 2022 Conference &amp; Exhibition, <\/em>Calgary AB, November 2022. <strong><em>Winner of Best Student Paper.<\/em><\/strong><\/p>\n<p><strong>M. Palmer, <\/strong>J. Lalibert\u00e9, \u201cEffects of Non-Planar Slicing Techniques and Carbon Fibre Material Additives on Mechanical Properties of 3D-Printed Drone Propellers\u201d, <em>Aerial Evolution Association of Canada 2022 Conference &amp; Exhibition, <\/em>Calgary AB, November 2022. <strong><em>Winner of Best Student Presentation.<\/em><\/strong><\/p>\n<p><strong>B. Zhou, <\/strong>J. Lalibert\u00e9, \u201cA Novel Flapping Mechanism Design for a Hoverable Flapping Wing Micro Air Vehicle\u201d, <em>Aerial Evolution Association of Canada 2022 Conference &amp; Exhibition, <\/em>Calgary AB, November 2022.<\/p>\n<p><strong>L. Catar,<\/strong> I. Tabiai, D. St-Onge, &#8220;Additive Manufacturing Strategy for Ultra-Lightweight High Value-Added Components\u201d, <em>ASME 2022 International Design Engineering Technical Conferences and Computers and Information in Engineering Conference, <\/em>St-Louis MO, August 2022.<\/p>\n<p>M. Trott, B. Saddia, C. Pilsworth, <strong>R. Al Wardah,<\/strong> A. Surrette, A. Luthfian, T. Packulak,\u00a0<strong>N. Nainwal,<\/strong> S. Mkhonto, M. Leybourne, R. Tinnion, K. Leseane, J. Kidder, R. Bowell, \u201cWhen all&#8217;s Sed and Dune: Multidisciplinary Exploration Targeting in Ngamiland, Bostwana\u201d, <em>The Prospectors &amp; Developers Association of Canada \u2013 Next Generation Explorers Award, <\/em>Toronto ON, June 2022.<\/p>\n<p>A.F. Canales, <strong>R. Al Wardah, <\/strong>A. Braun, B. Vasily \u201cConstraining the Folding Geometry and Structural Control of Saint Lawrence Deposit using DC Resistivity, EM Surveys and LiDAR Imagery\u201d, <em>The Prospectors &amp; Developers Association of Canada \u2013 Society of Economic Geologists, <\/em>Toronto ON, June 2022.<\/p>\n<p><strong>R. Al Wardah,<\/strong> M. Trott, B. Saddia, C. Pilsworth,\u00a0A. Surrette, A. Luthfian, T. Packulak,\u00a0<strong>N. Nainwal,<\/strong> S. Mkhonto, M. Leybourne, R. Tinnion, K. Leseane, J. Kidder, R. Bowell, \u201cSeeing below the sand: Integrated Sed-Cu targeting in Ngamiland, Botswana\u201d, <em>The Prospectors &amp; Developers Association of Canada \u2013 Society of Economic Geologists, <\/em>Toronto ON, June 2022.<\/p>\n<p><strong>L. Catar, <\/strong>I. Tabiai, D. St-Onge, \u201cTowards the Characterisation of Microlattices Additive Manufacturing Techniques For Versatile Aerospace Structure Design\u201d, <em>International Conference on Advanced Manufacturing for Air, Space and Land Transportation, <\/em>Noordwijk, Netherlands, March 2022.<\/p>\n<p><strong>M. Bashir, S. Longtin-Martel, <\/strong>R. Botez, T. Wong, \u201cAerodynamic design and shape optimization of the UAS-S45 camber adaptive winglet\u201d, <em>AIAA Aviation Forum and Exposition 2022, <\/em>San Diego, CA, January 2022.<\/p>\n<p><strong>M. Bashir, S. Longtin-Martel, <\/strong>R. Botez, T. Wong, \u201cAerodynamic Shape Optimization of Camber Morphing Airfoil based on Black Widow Optimization\u201d, <em>AIAA Aviation Forum and Exposition 2022, <\/em>San Diego, CA, January 2022.<\/p>\n<p><strong>M. Bashir, S. Longtin-Martel, <\/strong>R. Botez, T. Wong, \u201cAerodynamic Design and Performance Optimization of Camber Adaptive Winglet for the UAS-S45\u201d, <em>AIAA Aviation Forum and Exposition 2022, <\/em>San Diego, CA, January 2022.<\/p>\n<p><strong>R.P. Andrianantara, <\/strong>R. Botez, \u201cAircraft Engine Performance Model Identification using Artificial Neural Networks\u201d, <em>AIAA Aviation Forum and Exposition 2021, <\/em>Montreal QC, August 2021.<\/p>\n<p><strong>M. Bashir, S. Longtin-Martel, <\/strong>R. Botez, \u201cNumerical Study of the Boundary Layer Behavior on Morphing Trailing Edge Wing using intermittency Transition model\u201d, <em>AIAA Aviation Forum and Exposition 2021, <\/em>Montreal QC, August 2021.<\/p>\n<p><strong>M. Segui, <\/strong>R. Botez, \u201cElectric Motor Modeling using Artificial Neural Networks: Application for Drones\u201d, <em>AIAA Aviation Forum and Exposition 2021, <\/em>Montreal QC, August 2021.<\/p>\n<p><strong>R.P. Andrianantara, <\/strong>R. Botez, \u201cGeneral Electric CF34-8C5B1 Turbofan Parameter Estimation New Approach using Flight Tests and Artificial Neural Networks\u201d, <em>Canadian Aeronautics and Space Institute, <\/em>Ottawa ON, June 2021.<\/p>\n<p><strong>M. Bashir, S. Longtin-Martel, <\/strong>R. Botez, \u201cAn extended assessment of camber morphing analysis for the aerodynamic performance of the UAS-S45 airfoil\u201d, <em>Canadian Aeronautics and Space Institute, <\/em>Ottawa ON, June 2021.<\/p>\n<p><strong>M. Segui, <\/strong>R. Botez, \u201cImprovement of the regional jet CRJ700 winglet design based on morphing wing principles\u201d, <em>Canadian Aeronautics and Space Institute, <\/em>Ottawa ON, June 2021.<\/p>\n<p><strong>S.M. Hashemi, <\/strong>R. Botez, \u201cUAS-S4 Flight Dynamics Model Predictions based on Data Augmentation and Support Vector Regression\u201d, <em>Canadian Aeronautics and Space Institute, <\/em>Ottawa ON, June 2021.<\/p>\n<p><strong>Y. Tondji, <\/strong>R. Botez, \u201cCRJ-700 Stall Dynamics Identification using Neural Networks\u201d, <em>Canadian Aeronautics and Space Institute, <\/em>Ottawa ON, June 2021.<\/p>\n<p><strong>Y. Tondji, <\/strong>R. Botez, \u201cStall Dynamics Identification using Neural Networks for the CRJ-700\u201d, <em>MobiliT.AI Forum, <\/em>Montreal QC, May 2021.<\/p>\n<p>A. Stewart, <strong>F. Faraj,<\/strong> H. You, J. Plante, M. Lim, K. Kasa, A. Beauchamp, A. Webster, L. Martin-Boyd, K. Wong, A. Braun, A.J. Macdonald, \u201cA modular system for behaviour analytics from airborne full-motion video\u201d, <em>International Society for Optics and Photonics, <\/em>San Diego CA, April 2021.<\/p>\n<p><strong>M. Heath, <\/strong>D. St-Onge, \u201cFrom bees to drones\u201d, <em>IEEE Women in Engineering International Leadership Conference, <\/em>Ottawa ON, June 2020.<\/p>\n<p>M.H. Trad, <strong>M. Segui, <\/strong>R. Botez, \u201cAirfoils Generation Using Neural Networks, CST Curves and Aerodynamic Coefficients\u201d, <em>AIAA Aviation Forum and Exposition 2020, <\/em>Orlando FL, June 2020.<\/p>\n<p><strong>M. Segui, <\/strong>R. Botez, A. Ceruti, \u201cCessna Citation X Static Cruise Improvement using Morphing Wing Application on its Horizontal Tail\u201d, <em>8th European Conference for Aeronautics and Space Sciences (EUCASS), <\/em>Madrid ES-MD, July 2019.<\/p>\n<p><strong>J. Bass,<\/strong> A.L. Desbiens, \u201cPreliminary Design of a Highly Efficient VTOL System Based on Tethered Fixed-Wing Aircraft\u201d, <em>75<sup>th<\/sup> Forum of The Vertical Flight Society &amp; Technology Display, <\/em>Philadelphia PA, May 2019. <strong><em>Runner-up of Design Competition.<\/em><\/strong><\/p>\n","protected":false},"excerpt":{"rendered":"<p>Published on 29-Mar-23 at 18:01 | Last updated 10-May-23 at 13:54 Student Theses A. Costa, Deep Learning and Synthetic Imagery for Migratory Bird Species Identification Using Drones, Mechanical Engineering, December 2022. (Lalibert\u00e9) https:\/\/curve.carleton.ca\/3e12aad0-68b0-4eb9-af59-884923e1d2d2 M. Palmer, Assessing Non-Planar Slicing and Carbon Fibre Filament Additives as Steps Towards 3D-Printed Drone Propellers, Aerospace Engineering, Carleton University, November 2022. [&hellip;]<\/p>\n","protected":false},"author":7,"featured_media":0,"parent":0,"menu_order":0,"comment_status":"closed","ping_status":"closed","template":"","meta":{"_relevanssi_hide_post":"","_relevanssi_hide_content":"","_relevanssi_pin_for_all":"","_relevanssi_pin_keywords":"","_relevanssi_unpin_keywords":"","_relevanssi_related_keywords":"","_relevanssi_related_include_ids":"","_relevanssi_related_exclude_ids":"","_relevanssi_related_no_append":"","_relevanssi_related_not_related":"","_relevanssi_related_posts":"","_relevanssi_noindex_reason":"","_mi_skip_tracking":false,"_exactmetrics_sitenote_active":false,"_exactmetrics_sitenote_note":"","_exactmetrics_sitenote_category":0,"footnotes":"","_links_to":"","_links_to_target":""},"yoast_head":"<!-- This site is optimized with the Yoast SEO plugin v21.2 - https:\/\/yoast.com\/wordpress\/plugins\/seo\/ -->\n<title>Publications - UTILI<\/title>\n<meta name=\"description\" content=\"Published on 29-Mar-23 at 18:01 | Last updated 10-May-23 at 13:54 Student Theses A. Costa, Deep Learning and Synthetic Imagery for Migratory Bird Species\" \/>\n<meta name=\"robots\" content=\"index, follow, max-snippet:-1, max-image-preview:large, max-video-preview:-1\" \/>\n<link rel=\"canonical\" href=\"https:\/\/carleton.ca\/utili\/publications\/\" \/>\n<meta name=\"twitter:label1\" content=\"Est. reading time\" \/>\n\t<meta name=\"twitter:data1\" content=\"8 minutes\" \/>\n<script type=\"application\/ld+json\" class=\"yoast-schema-graph\">{\"@context\":\"https:\/\/schema.org\",\"@graph\":[{\"@type\":\"WebPage\",\"@id\":\"https:\/\/carleton.ca\/utili\/publications\/\",\"url\":\"https:\/\/carleton.ca\/utili\/publications\/\",\"name\":\"Publications - UTILI\",\"isPartOf\":{\"@id\":\"https:\/\/carleton.ca\/utili\/#website\"},\"datePublished\":\"2023-03-13T18:27:49+00:00\",\"dateModified\":\"2023-05-10T17:53:21+00:00\",\"description\":\"Published on 29-Mar-23 at 18:01 | Last updated 10-May-23 at 13:54 Student Theses A. Costa, Deep Learning and Synthetic Imagery for Migratory Bird Species\",\"breadcrumb\":{\"@id\":\"https:\/\/carleton.ca\/utili\/publications\/#breadcrumb\"},\"inLanguage\":\"en-US\",\"potentialAction\":[{\"@type\":\"ReadAction\",\"target\":[\"https:\/\/carleton.ca\/utili\/publications\/\"]}]},{\"@type\":\"BreadcrumbList\",\"@id\":\"https:\/\/carleton.ca\/utili\/publications\/#breadcrumb\",\"itemListElement\":[{\"@type\":\"ListItem\",\"position\":1,\"name\":\"Home\",\"item\":\"https:\/\/carleton.ca\/utili\/\"},{\"@type\":\"ListItem\",\"position\":2,\"name\":\"Publications\"}]},{\"@type\":\"WebSite\",\"@id\":\"https:\/\/carleton.ca\/utili\/#website\",\"url\":\"https:\/\/carleton.ca\/utili\/\",\"name\":\"UTILI\",\"description\":\"Carleton University\",\"potentialAction\":[{\"@type\":\"SearchAction\",\"target\":{\"@type\":\"EntryPoint\",\"urlTemplate\":\"https:\/\/carleton.ca\/utili\/?s={search_term_string}\"},\"query-input\":\"required name=search_term_string\"}],\"inLanguage\":\"en-US\"}]}<\/script>\n<!-- \/ Yoast SEO plugin. -->","yoast_head_json":{"title":"Publications - UTILI","description":"Published on 29-Mar-23 at 18:01 | Last updated 10-May-23 at 13:54 Student Theses A. Costa, Deep Learning and Synthetic Imagery for Migratory Bird Species","robots":{"index":"index","follow":"follow","max-snippet":"max-snippet:-1","max-image-preview":"max-image-preview:large","max-video-preview":"max-video-preview:-1"},"canonical":"https:\/\/carleton.ca\/utili\/publications\/","twitter_misc":{"Est. reading time":"8 minutes"},"schema":{"@context":"https:\/\/schema.org","@graph":[{"@type":"WebPage","@id":"https:\/\/carleton.ca\/utili\/publications\/","url":"https:\/\/carleton.ca\/utili\/publications\/","name":"Publications - UTILI","isPartOf":{"@id":"https:\/\/carleton.ca\/utili\/#website"},"datePublished":"2023-03-13T18:27:49+00:00","dateModified":"2023-05-10T17:53:21+00:00","description":"Published on 29-Mar-23 at 18:01 | Last updated 10-May-23 at 13:54 Student Theses A. Costa, Deep Learning and Synthetic Imagery for Migratory Bird Species","breadcrumb":{"@id":"https:\/\/carleton.ca\/utili\/publications\/#breadcrumb"},"inLanguage":"en-US","potentialAction":[{"@type":"ReadAction","target":["https:\/\/carleton.ca\/utili\/publications\/"]}]},{"@type":"BreadcrumbList","@id":"https:\/\/carleton.ca\/utili\/publications\/#breadcrumb","itemListElement":[{"@type":"ListItem","position":1,"name":"Home","item":"https:\/\/carleton.ca\/utili\/"},{"@type":"ListItem","position":2,"name":"Publications"}]},{"@type":"WebSite","@id":"https:\/\/carleton.ca\/utili\/#website","url":"https:\/\/carleton.ca\/utili\/","name":"UTILI","description":"Carleton University","potentialAction":[{"@type":"SearchAction","target":{"@type":"EntryPoint","urlTemplate":"https:\/\/carleton.ca\/utili\/?s={search_term_string}"},"query-input":"required name=search_term_string"}],"inLanguage":"en-US"}]}},"acf":{"banner_image_type":"none","banner_button":"no"},"_links":{"self":[{"href":"https:\/\/carleton.ca\/utili\/wp-json\/wp\/v2\/pages\/1037"}],"collection":[{"href":"https:\/\/carleton.ca\/utili\/wp-json\/wp\/v2\/pages"}],"about":[{"href":"https:\/\/carleton.ca\/utili\/wp-json\/wp\/v2\/types\/page"}],"author":[{"embeddable":true,"href":"https:\/\/carleton.ca\/utili\/wp-json\/wp\/v2\/users\/7"}],"replies":[{"embeddable":true,"href":"https:\/\/carleton.ca\/utili\/wp-json\/wp\/v2\/comments?post=1037"}],"version-history":[{"count":3,"href":"https:\/\/carleton.ca\/utili\/wp-json\/wp\/v2\/pages\/1037\/revisions"}],"predecessor-version":[{"id":1099,"href":"https:\/\/carleton.ca\/utili\/wp-json\/wp\/v2\/pages\/1037\/revisions\/1099"}],"wp:attachment":[{"href":"https:\/\/carleton.ca\/utili\/wp-json\/wp\/v2\/media?parent=1037"}],"curies":[{"name":"wp","href":"https:\/\/api.w.org\/{rel}","templated":true}]}}