{"id":1137,"date":"2024-03-27T14:37:49","date_gmt":"2024-03-27T18:37:49","guid":{"rendered":"https:\/\/carleton.ca\/utili\/?page_id=1137"},"modified":"2024-03-27T14:37:49","modified_gmt":"2024-03-27T18:37:49","slug":"raphael-desbiens","status":"publish","type":"page","link":"https:\/\/carleton.ca\/utili\/raphael-desbiens\/","title":{"rendered":"Raphael Desbiens"},"content":{"rendered":"<h2 style=\"padding-left: 40px;\">Student Bio<\/h2>\n<p>Raphael Desbiens is a master&#8217;s student with a strong passion for mechatronics and automation. He possesses a diverse educational background, including a college diploma in engineering physics and a bachelor&#8217;s degree in automated manufacturing engineering. His college program introduced him to the fascinating fields of electronics and programming, which directed his interest towards robotics to maintain this spirit of versatility.<\/p>\n<p>During his professional experience in co-op work-study programs, Raphael worked with companies of various sizes and areas of expertise. Among these professional projects, he was involved in the design of measurement systems, PCBs and robotic systems.<\/p>\n<p>Among the numerous branches within the field of robotics, it was mobile robotics that hooked Raphael. He was particularly drawn to the embedded systems of these robots, which, due to their limited computational resources, demanded meticulous attention to the performance of the developed code.<\/p>\n<p>Since September 2023, Raphael has embarked on a master&#8217;s program in automated manufacturing engineering at \u00c9cole de Technologie Sup\u00e9rieure (\u00c9TS) in Montreal. Under the supervision of Dr. David St-Onge at the INIT Robots laboratory, Raphael Desbiens collaborates with a team on a project related to localization and trajectory generation for the exploration of caves using micro aerial vehicles\u00a0equipped with limited sensors.<\/p>\n","protected":false},"excerpt":{"rendered":"<p>Student Bio Raphael Desbiens is a master&#8217;s student with a strong passion for mechatronics and automation. He possesses a diverse educational background, including a college diploma in engineering physics and a bachelor&#8217;s degree in automated manufacturing engineering. His college program introduced him to the fascinating fields of electronics and programming, which directed his interest towards [&hellip;]<\/p>\n","protected":false},"author":7,"featured_media":0,"parent":0,"menu_order":0,"comment_status":"closed","ping_status":"closed","template":"","meta":{"_relevanssi_hide_post":"","_relevanssi_hide_content":"","_relevanssi_pin_for_all":"","_relevanssi_pin_keywords":"","_relevanssi_unpin_keywords":"","_relevanssi_related_keywords":"","_relevanssi_related_include_ids":"","_relevanssi_related_exclude_ids":"","_relevanssi_related_no_append":"","_relevanssi_related_not_related":"","_relevanssi_related_posts":"","_relevanssi_noindex_reason":"","_mi_skip_tracking":false,"_exactmetrics_sitenote_active":false,"_exactmetrics_sitenote_note":"","_exactmetrics_sitenote_category":0,"footnotes":"","_links_to":"","_links_to_target":""},"yoast_head":"<!-- This site is optimized with the Yoast SEO plugin v21.2 - https:\/\/yoast.com\/wordpress\/plugins\/seo\/ -->\n<title>Raphael Desbiens - UTILI<\/title>\n<meta name=\"description\" content=\"Student Bio Raphael Desbiens is a master&#039;s student with a strong passion for mechatronics and automation. He possesses a diverse educational background,\" \/>\n<meta name=\"robots\" content=\"index, follow, max-snippet:-1, max-image-preview:large, max-video-preview:-1\" \/>\n<link rel=\"canonical\" href=\"https:\/\/carleton.ca\/utili\/raphael-desbiens\/\" \/>\n<meta name=\"twitter:label1\" content=\"Est. reading time\" \/>\n\t<meta name=\"twitter:data1\" content=\"1 minute\" \/>\n<script type=\"application\/ld+json\" class=\"yoast-schema-graph\">{\"@context\":\"https:\/\/schema.org\",\"@graph\":[{\"@type\":\"WebPage\",\"@id\":\"https:\/\/carleton.ca\/utili\/raphael-desbiens\/\",\"url\":\"https:\/\/carleton.ca\/utili\/raphael-desbiens\/\",\"name\":\"Raphael Desbiens - UTILI\",\"isPartOf\":{\"@id\":\"https:\/\/carleton.ca\/utili\/#website\"},\"datePublished\":\"2024-03-27T18:37:49+00:00\",\"dateModified\":\"2024-03-27T18:37:49+00:00\",\"description\":\"Student Bio Raphael Desbiens is a master's student with a strong passion for mechatronics and automation. He possesses a diverse educational background,\",\"breadcrumb\":{\"@id\":\"https:\/\/carleton.ca\/utili\/raphael-desbiens\/#breadcrumb\"},\"inLanguage\":\"en-US\",\"potentialAction\":[{\"@type\":\"ReadAction\",\"target\":[\"https:\/\/carleton.ca\/utili\/raphael-desbiens\/\"]}]},{\"@type\":\"BreadcrumbList\",\"@id\":\"https:\/\/carleton.ca\/utili\/raphael-desbiens\/#breadcrumb\",\"itemListElement\":[{\"@type\":\"ListItem\",\"position\":1,\"name\":\"Home\",\"item\":\"https:\/\/carleton.ca\/utili\/\"},{\"@type\":\"ListItem\",\"position\":2,\"name\":\"Raphael Desbiens\"}]},{\"@type\":\"WebSite\",\"@id\":\"https:\/\/carleton.ca\/utili\/#website\",\"url\":\"https:\/\/carleton.ca\/utili\/\",\"name\":\"UTILI\",\"description\":\"Carleton University\",\"potentialAction\":[{\"@type\":\"SearchAction\",\"target\":{\"@type\":\"EntryPoint\",\"urlTemplate\":\"https:\/\/carleton.ca\/utili\/?s={search_term_string}\"},\"query-input\":\"required name=search_term_string\"}],\"inLanguage\":\"en-US\"}]}<\/script>\n<!-- \/ Yoast SEO plugin. -->","yoast_head_json":{"title":"Raphael Desbiens - UTILI","description":"Student Bio Raphael Desbiens is a master's student with a strong passion for mechatronics and automation. He possesses a diverse educational background,","robots":{"index":"index","follow":"follow","max-snippet":"max-snippet:-1","max-image-preview":"max-image-preview:large","max-video-preview":"max-video-preview:-1"},"canonical":"https:\/\/carleton.ca\/utili\/raphael-desbiens\/","twitter_misc":{"Est. reading time":"1 minute"},"schema":{"@context":"https:\/\/schema.org","@graph":[{"@type":"WebPage","@id":"https:\/\/carleton.ca\/utili\/raphael-desbiens\/","url":"https:\/\/carleton.ca\/utili\/raphael-desbiens\/","name":"Raphael Desbiens - UTILI","isPartOf":{"@id":"https:\/\/carleton.ca\/utili\/#website"},"datePublished":"2024-03-27T18:37:49+00:00","dateModified":"2024-03-27T18:37:49+00:00","description":"Student Bio Raphael Desbiens is a master's student with a strong passion for mechatronics and automation. He possesses a diverse educational background,","breadcrumb":{"@id":"https:\/\/carleton.ca\/utili\/raphael-desbiens\/#breadcrumb"},"inLanguage":"en-US","potentialAction":[{"@type":"ReadAction","target":["https:\/\/carleton.ca\/utili\/raphael-desbiens\/"]}]},{"@type":"BreadcrumbList","@id":"https:\/\/carleton.ca\/utili\/raphael-desbiens\/#breadcrumb","itemListElement":[{"@type":"ListItem","position":1,"name":"Home","item":"https:\/\/carleton.ca\/utili\/"},{"@type":"ListItem","position":2,"name":"Raphael Desbiens"}]},{"@type":"WebSite","@id":"https:\/\/carleton.ca\/utili\/#website","url":"https:\/\/carleton.ca\/utili\/","name":"UTILI","description":"Carleton University","potentialAction":[{"@type":"SearchAction","target":{"@type":"EntryPoint","urlTemplate":"https:\/\/carleton.ca\/utili\/?s={search_term_string}"},"query-input":"required name=search_term_string"}],"inLanguage":"en-US"}]}},"acf":{"banner_image_type":"none","banner_button":"no"},"_links":{"self":[{"href":"https:\/\/carleton.ca\/utili\/wp-json\/wp\/v2\/pages\/1137"}],"collection":[{"href":"https:\/\/carleton.ca\/utili\/wp-json\/wp\/v2\/pages"}],"about":[{"href":"https:\/\/carleton.ca\/utili\/wp-json\/wp\/v2\/types\/page"}],"author":[{"embeddable":true,"href":"https:\/\/carleton.ca\/utili\/wp-json\/wp\/v2\/users\/7"}],"replies":[{"embeddable":true,"href":"https:\/\/carleton.ca\/utili\/wp-json\/wp\/v2\/comments?post=1137"}],"version-history":[{"count":1,"href":"https:\/\/carleton.ca\/utili\/wp-json\/wp\/v2\/pages\/1137\/revisions"}],"predecessor-version":[{"id":1138,"href":"https:\/\/carleton.ca\/utili\/wp-json\/wp\/v2\/pages\/1137\/revisions\/1138"}],"wp:attachment":[{"href":"https:\/\/carleton.ca\/utili\/wp-json\/wp\/v2\/media?parent=1137"}],"curies":[{"name":"wp","href":"https:\/\/api.w.org\/{rel}","templated":true}]}}