{"id":128,"date":"2019-05-23T15:39:32","date_gmt":"2019-05-23T19:39:32","guid":{"rendered":"https:\/\/carleton.ca\/utili\/?page_id=128"},"modified":"2019-07-18T14:46:00","modified_gmt":"2019-07-18T18:46:00","slug":"news","status":"publish","type":"page","link":"https:\/\/carleton.ca\/utili\/news\/","title":{"rendered":"News"},"content":{"rendered":"<section class=\"content-wrapper content-wrapper--shortcode\"><div class=\"u-post-reload\"><div class=\"news news--archive u-width-limited\"><a class=\"news__link  news__link--archive\" href=\"https:\/\/carleton.ca\/utili\/2023\/review-published-in-the-prestigious-journal-progress-in-aerospace-sciences-by-a-carleton-led-team\/\"><p class=\"news__date news__date--archive\">Tuesday, April 18, 2023<\/p><h3 class=\"news__heading u-hide-in-toc news__heading--archive\" rel=\"bookmark\">Review Published in the Prestigious Journal Progress in Aerospace Sciences by a Carleton-led Team<\/h3><p class=\"news__excerpt news__excerpt--archive\">&nbsp; A review article, \u201cPublic perception of advanced aviation technologies: A review and roadmap to acceptance,\u201d published in the prestigious journal Progress in Aerospace Sciences examines the advancements made toward the adoption of advanced aviation technologies such as drones and air taxis. The review, authored by Dr. Nick Tepylo, Dr.... <span class=\"news__more-link\">More<\/span><\/p><\/a><\/div><div class=\"news news--archive u-width-limited\"><a class=\"news__link  news__link--archive\" href=\"https:\/\/carleton.ca\/utili\/2022\/webinar-public-perception-of-advanced-aviation-technologies-part-2-by-nick-tepylo\/\"><p class=\"news__date news__date--archive\">Thursday, October 13, 2022<\/p><h3 class=\"news__heading u-hide-in-toc news__heading--archive\" rel=\"bookmark\">Webinar: Public Perception of Advanced Aviation Technologies Part 2 by Nick Tepylo<\/h3><p class=\"news__excerpt news__excerpt--archive\">The modern aviation field has seen a lot of change since its beginning approximately 120 years ago. With a shift towards higher levels of automation, advanced aviation technologies such as remotely piloted aircraft systems (RPAS) \u201cdrones\u201d and urban air mobility have received a lot of recent interest. Public perception of these technologies has... <span class=\"news__more-link\">More<\/span><\/p><\/a><\/div><div class=\"news news--archive u-width-limited\"><a class=\"news__link  news__link--archive\" href=\"https:\/\/carleton.ca\/utili\/2022\/webinar-public-perception-of-advanced-aviation-technologies-by-nick-tepylo\/\"><p class=\"news__date news__date--archive\">Monday, March 28, 2022<\/p><h3 class=\"news__heading u-hide-in-toc news__heading--archive\" rel=\"bookmark\">Webinar: Public Perception of Advanced Aviation Technologies by Nick Tepylo<\/h3><p class=\"news__excerpt news__excerpt--archive\">Published on 28-Mar-22 at 14:11 | Last updated on 2-May-22 at 13:09 The modern aviation field has seen a lot of change since its beginning approximately 120 years ago. Advancements such as transatlantic flight and the development of avionics technologies and composite materials have changed how we think about aviation and how we envision... <span class=\"news__more-link\">More<\/span><\/p><\/a><\/div><div class=\"news news--archive u-width-limited\"><a class=\"news__link  news__link--archive\" href=\"https:\/\/carleton.ca\/utili\/2022\/2021-mark-cuss-memorial-scholarship-recipient\/\"><p class=\"news__date news__date--archive\">Thursday, February 10, 2022<\/p><h3 class=\"news__heading u-hide-in-toc news__heading--archive\" rel=\"bookmark\">2021 Mark Cuss Memorial Scholarship Recipient<\/h3><p class=\"news__excerpt news__excerpt--archive\">The NSERC CREATE UTILI Program is proud to announce that this year&#039;s winner of the 2021 Mark Cuss Memorial Scholarship is Samuel Nadler. Samuel is enrolled in his fourth year of a Bachelor of Engineering in Aerospace at Carleton University. He is a strong student and will be pursuing graduate studies within the UTILI... <span class=\"news__more-link\">More<\/span><\/p><\/a><\/div><div class=\"news news--archive u-width-limited\"><a class=\"news__link  news__link--archive\" href=\"https:\/\/carleton.ca\/utili\/2021\/launch-of-the-technological-university-of-the-shannon-midlands-midwest\/\"><p class=\"news__date news__date--archive\">Monday, October 4, 2021<\/p><h3 class=\"news__heading u-hide-in-toc news__heading--archive\" rel=\"bookmark\">Launch of the Technological University of the Shannon: Midlands Midwest<\/h3><p class=\"news__excerpt news__excerpt--archive\">The NSERC CREATE UTILI Program is happy to announce that on October 1st, 2021, our academic partner, the Limerick Institute of Technology (LIT) in partnership with the Athlone Institute of Technology (AIT), declared the formal commencement of their new university, the Technological University of the Shannon: Midlands Midwest (TUS). What were... <span class=\"news__more-link\">More<\/span><\/p><\/a><\/div><div class=\"news news--archive u-width-limited\"><a class=\"news__link  news__link--archive\" href=\"https:\/\/carleton.ca\/engineering-design\/story\/ottawa-l5-drone-decontamination-research-and-uav-training-program\/\"><p class=\"news__date news__date--archive\">Wednesday, October 7, 2020<\/p><h3 class=\"news__heading u-hide-in-toc news__heading--archive\" rel=\"bookmark\">Carleton Drone Decontamination Research, UAV Training Program to Take Flight at Ottawa L5<\/h3><p class=\"news__excerpt news__excerpt--archive\">From safely delivering vital supplies to remote communities using large-scale drones, to training the next generation of unmanned aerial vehicle (UAV) experts, two Carleton initiatives funded by the Natural Sciences and Engineering Research Council (NSERC) will soon take to the skies at the Ottawa L5 connected and autonomous vehicle (CAV) test... <span class=\"news__more-link\">More<\/span><\/p><\/a><\/div><div class=\"news news--archive u-width-limited\"><a class=\"news__link  news__link--archive\" href=\"https:\/\/carleton.ca\/utili\/2020\/covid-19\/\"><p class=\"news__date news__date--archive\">Tuesday, June 23, 2020<\/p><h3 class=\"news__heading u-hide-in-toc news__heading--archive\" rel=\"bookmark\">COVID-19<\/h3><p class=\"news__excerpt news__excerpt--archive\">The Uninhabited aircraft systems Training, Innovation, and Leadership Initiative (UTILI) CREATE Program is following the advice of Carleton University, the Ottawa Public Health, the Ontario Ministry of Health, Public Health Ontario, and the Public Health Agency of Canada for the latest information about COVID-19 and recommendations for preventing... <span class=\"news__more-link\">More<\/span><\/p><\/a><\/div><div class=\"news news--archive u-width-limited\"><a class=\"news__link  news__link--archive\" href=\"https:\/\/carleton.ca\/utili\/2020\/welcoming-professor-david-st-onge\/\"><p class=\"news__date news__date--archive\">Tuesday, June 23, 2020<\/p><h3 class=\"news__heading u-hide-in-toc news__heading--archive\" rel=\"bookmark\">Welcoming Professor David St-Onge<\/h3><p class=\"news__excerpt news__excerpt--archive\">The Uninhabited aircraft systems Training, Innovation, and Leadership Initiative (UTILI) CREATE Program is happy to welcome Professor David St-Onge from \u00c9cole de technologie sup\u00e9rieure (\u00c9TS). His area of interest and research includes the ergonomics of remotely piloted aircraft system (RPAS) pilot training, motion-based teleoperation of RPAS in... <span class=\"news__more-link\">More<\/span><\/p><\/a><\/div><div class=\"news news--archive u-width-limited\"><a class=\"news__link  news__link--archive\" href=\"https:\/\/carleton.ca\/utili\/2020\/welcoming-uqo\/\"><p class=\"news__date news__date--archive\">Tuesday, June 23, 2020<\/p><h3 class=\"news__heading u-hide-in-toc news__heading--archive\" rel=\"bookmark\">Welcoming UQO<\/h3><p class=\"news__excerpt news__excerpt--archive\">The Uninhabited aircraft systems Training, Innovation, and Leadership Initiative\u00a0(UTILI) CREATE Program is happy to announce the addition of the Universit\u00e9 du Qu\u00e9bec en Outaouais (UQO) as the newest and sixth Canadian institution to join the program. Under this new partnership, Professor Ana-Marie Cretu from the Department of Computer Science... <span class=\"news__more-link\">More<\/span><\/p><\/a><\/div><div class=\"news news--archive u-width-limited\"><a class=\"news__link  news__link--archive\" href=\"https:\/\/carleton.ca\/utili\/2019\/hands-on-experience-with-uavs-offer-graduate-students-internships-with-industry-partners\/\"><p class=\"news__date news__date--archive\">Tuesday, December 10, 2019<\/p><h3 class=\"news__heading u-hide-in-toc news__heading--archive\" rel=\"bookmark\">Hands-on Experience with UAVs Offer Graduate Students Internships with Industry Partners<\/h3><p class=\"news__excerpt news__excerpt--archive\">&quot;Drones are our eyes in the sky, and they give us novel ways of understanding what\u2019s happening on the ground. Drone-mounted sensors and cameras can help identify hot spots that can cause potential forest fires, inspect aging infrastructure, and identify the impact of climate change and extreme weather events. And they take a pretty... <span class=\"news__more-link\">More<\/span><\/p><\/a><\/div><div class=\"news news--archive u-width-limited\"><a class=\"news__link  news__link--archive\" href=\"https:\/\/carleton.ca\/utili\/2019\/utili_announcement\/\"><p class=\"news__date news__date--archive\">Wednesday, July 17, 2019<\/p><h3 class=\"news__heading u-hide-in-toc news__heading--archive\" rel=\"bookmark\">Carleton and Partners Receive NSERC Funding for Uninhabited Aircraft Training<\/h3><p class=\"news__excerpt news__excerpt--archive\">Carleton University\u2019s Jeremy Lalibert\u00e9 and partners from four other universities (\u00c9cole de technologie sup\u00e9rieure, Universit\u00e9 de Sherbrooke, University of Ottawa and Queen\u2019s University) have received $1.65 million in funding from the Natural Sciences and Engineering Research Council of Canada (NSERC) Collaborative Research and Training... <span class=\"news__more-link\">More<\/span><\/p><\/a><\/div><\/div><div class=\"pagination u-clearfix\"><\/div><\/section>\n","protected":false},"excerpt":{"rendered":"","protected":false},"author":6,"featured_media":0,"parent":0,"menu_order":0,"comment_status":"closed","ping_status":"closed","template":"","meta":{"_relevanssi_hide_post":"","_relevanssi_hide_content":"","_relevanssi_pin_for_all":"","_relevanssi_pin_keywords":"","_relevanssi_unpin_keywords":"","_relevanssi_related_keywords":"","_relevanssi_related_include_ids":"","_relevanssi_related_exclude_ids":"","_relevanssi_related_no_append":"","_relevanssi_related_not_related":"","_relevanssi_related_posts":"","_relevanssi_noindex_reason":"","_mi_skip_tracking":false,"_exactmetrics_sitenote_active":false,"_exactmetrics_sitenote_note":"","_exactmetrics_sitenote_category":0,"footnotes":"","_links_to":"","_links_to_target":""},"yoast_head":"<!-- This site is optimized with the Yoast SEO plugin v21.2 - https:\/\/yoast.com\/wordpress\/plugins\/seo\/ -->\n<title>News - UTILI<\/title>\n<meta name=\"robots\" content=\"index, follow, max-snippet:-1, max-image-preview:large, max-video-preview:-1\" \/>\n<link rel=\"canonical\" href=\"https:\/\/carleton.ca\/utili\/news\/\" \/>\n<script type=\"application\/ld+json\" class=\"yoast-schema-graph\">{\"@context\":\"https:\/\/schema.org\",\"@graph\":[{\"@type\":\"WebPage\",\"@id\":\"https:\/\/carleton.ca\/utili\/news\/\",\"url\":\"https:\/\/carleton.ca\/utili\/news\/\",\"name\":\"News - UTILI\",\"isPartOf\":{\"@id\":\"https:\/\/carleton.ca\/utili\/#website\"},\"datePublished\":\"2019-05-23T19:39:32+00:00\",\"dateModified\":\"2019-07-18T18:46:00+00:00\",\"breadcrumb\":{\"@id\":\"https:\/\/carleton.ca\/utili\/news\/#breadcrumb\"},\"inLanguage\":\"en-US\",\"potentialAction\":[{\"@type\":\"ReadAction\",\"target\":[\"https:\/\/carleton.ca\/utili\/news\/\"]}]},{\"@type\":\"BreadcrumbList\",\"@id\":\"https:\/\/carleton.ca\/utili\/news\/#breadcrumb\",\"itemListElement\":[{\"@type\":\"ListItem\",\"position\":1,\"name\":\"Home\",\"item\":\"https:\/\/carleton.ca\/utili\/\"},{\"@type\":\"ListItem\",\"position\":2,\"name\":\"News\"}]},{\"@type\":\"WebSite\",\"@id\":\"https:\/\/carleton.ca\/utili\/#website\",\"url\":\"https:\/\/carleton.ca\/utili\/\",\"name\":\"UTILI\",\"description\":\"Carleton University\",\"potentialAction\":[{\"@type\":\"SearchAction\",\"target\":{\"@type\":\"EntryPoint\",\"urlTemplate\":\"https:\/\/carleton.ca\/utili\/?s={search_term_string}\"},\"query-input\":\"required name=search_term_string\"}],\"inLanguage\":\"en-US\"}]}<\/script>\n<!-- \/ Yoast SEO plugin. -->","yoast_head_json":{"title":"News - UTILI","robots":{"index":"index","follow":"follow","max-snippet":"max-snippet:-1","max-image-preview":"max-image-preview:large","max-video-preview":"max-video-preview:-1"},"canonical":"https:\/\/carleton.ca\/utili\/news\/","schema":{"@context":"https:\/\/schema.org","@graph":[{"@type":"WebPage","@id":"https:\/\/carleton.ca\/utili\/news\/","url":"https:\/\/carleton.ca\/utili\/news\/","name":"News - UTILI","isPartOf":{"@id":"https:\/\/carleton.ca\/utili\/#website"},"datePublished":"2019-05-23T19:39:32+00:00","dateModified":"2019-07-18T18:46:00+00:00","breadcrumb":{"@id":"https:\/\/carleton.ca\/utili\/news\/#breadcrumb"},"inLanguage":"en-US","potentialAction":[{"@type":"ReadAction","target":["https:\/\/carleton.ca\/utili\/news\/"]}]},{"@type":"BreadcrumbList","@id":"https:\/\/carleton.ca\/utili\/news\/#breadcrumb","itemListElement":[{"@type":"ListItem","position":1,"name":"Home","item":"https:\/\/carleton.ca\/utili\/"},{"@type":"ListItem","position":2,"name":"News"}]},{"@type":"WebSite","@id":"https:\/\/carleton.ca\/utili\/#website","url":"https:\/\/carleton.ca\/utili\/","name":"UTILI","description":"Carleton University","potentialAction":[{"@type":"SearchAction","target":{"@type":"EntryPoint","urlTemplate":"https:\/\/carleton.ca\/utili\/?s={search_term_string}"},"query-input":"required name=search_term_string"}],"inLanguage":"en-US"}]}},"acf":{"banner_image_type":"hosted","banner_button":"no","banner_hosted_image":"aerial","banner_opacity":"default"},"_links":{"self":[{"href":"https:\/\/carleton.ca\/utili\/wp-json\/wp\/v2\/pages\/128"}],"collection":[{"href":"https:\/\/carleton.ca\/utili\/wp-json\/wp\/v2\/pages"}],"about":[{"href":"https:\/\/carleton.ca\/utili\/wp-json\/wp\/v2\/types\/page"}],"author":[{"embeddable":true,"href":"https:\/\/carleton.ca\/utili\/wp-json\/wp\/v2\/users\/6"}],"replies":[{"embeddable":true,"href":"https:\/\/carleton.ca\/utili\/wp-json\/wp\/v2\/comments?post=128"}],"version-history":[{"count":2,"href":"https:\/\/carleton.ca\/utili\/wp-json\/wp\/v2\/pages\/128\/revisions"}],"predecessor-version":[{"id":232,"href":"https:\/\/carleton.ca\/utili\/wp-json\/wp\/v2\/pages\/128\/revisions\/232"}],"wp:attachment":[{"href":"https:\/\/carleton.ca\/utili\/wp-json\/wp\/v2\/media?parent=128"}],"curies":[{"name":"wp","href":"https:\/\/api.w.org\/{rel}","templated":true}]}}