{"id":143,"date":"2019-05-24T10:19:32","date_gmt":"2019-05-24T14:19:32","guid":{"rendered":"https:\/\/carleton.ca\/utili\/?page_id=143"},"modified":"2022-05-02T12:52:17","modified_gmt":"2022-05-02T16:52:17","slug":"partners","status":"publish","type":"page","link":"https:\/\/carleton.ca\/utili\/partners\/","title":{"rendered":"Co-Applicants"},"content":{"rendered":"<table>\n<tbody>\n<tr>\n<td><\/td>\n<td style=\"text-align: right;\"><em>Published on 24-May-19 at 10:19 | Last updated on 27-Sep-21 at 13:35<\/em><\/td>\n<\/tr>\n<\/tbody>\n<\/table>\n<h4>Carleton University &#8211; Program lead institution<\/h4>\n<ul>\n<li><a href=\"http:\/\/laliberte.mae.carleton.ca\/\">Dr. Jeremy Laliberte<\/a> <strong>(Program Director)<\/strong><\/li>\n<li><a href=\"https:\/\/carleton.ca\/cee\/people\/kenny-shawn\/\">Dr. Shawn Kenny<\/a><\/li>\n<li><a href=\"https:\/\/carleton.ca\/geography\/people\/richardson-murray\/\">Dr. Murray Richardson<\/a><\/li>\n<\/ul>\n<h4>\u00c9cole de technologie sup\u00e9rieure<\/h4>\n<ul>\n<li><a href=\"https:\/\/www.etsmtl.ca\/recherche\/professeurs-chercheurs\/dastonge\/\">Dr. David St-Onge<\/a><\/li>\n<li><a href=\"https:\/\/www.etsmtl.ca\/en\/research\/professors\/rbotez\">Dr. Ruxandra Botez<\/a><\/li>\n<\/ul>\n<h4>Universit\u00e9 de Sherbrooke<\/h4>\n<ul>\n<li><a href=\"https:\/\/www.usherbrooke.ca\/gmecanique\/departement\/corps-professoral\/david-rancourt\/\">Dr. David Rancourt<\/a><\/li>\n<li><a href=\"https:\/\/www.usherbrooke.ca\/gmecanique\/departement\/corps-professoral\/alexis-lussier-desbiens\/\">Dr. Alexis Lussier Desbiens<\/a><\/li>\n<\/ul>\n<h4>University of Ottawa<\/h4>\n<ul>\n<li><a href=\"https:\/\/engineering.uottawa.ca\/people\/lanteigne-eric\">Dr. Eric Lanteigne<\/a><\/li>\n<\/ul>\n<h4>Queen&#8217;s University<\/h4>\n<ul>\n<li><a href=\"http:\/\/www.queensu.ca\/geol\/braun\">Dr. Alexander Braun<\/a><\/li>\n<\/ul>\n<h4>Universit\u00e9 de Qu\u00e9bec en Outaouais<\/h4>\n<ul>\n<li><a href=\"http:\/\/w3.uqo.ca\/cretan02\/\">Dr. Ana-Maria Cretu<\/a><\/li>\n<\/ul>\n","protected":false},"excerpt":{"rendered":"<p>Published on 24-May-19 at 10:19 | Last updated on 27-Sep-21 at 13:35 Carleton University &#8211; Program lead institution Dr. Jeremy Laliberte (Program Director) Dr. Shawn Kenny Dr. Murray Richardson \u00c9cole de technologie sup\u00e9rieure Dr. David St-Onge Dr. Ruxandra Botez Universit\u00e9 de Sherbrooke Dr. David Rancourt Dr. Alexis Lussier Desbiens University of Ottawa Dr. Eric Lanteigne [&hellip;]<\/p>\n","protected":false},"author":6,"featured_media":0,"parent":0,"menu_order":0,"comment_status":"closed","ping_status":"closed","template":"","meta":{"_relevanssi_hide_post":"","_relevanssi_hide_content":"","_relevanssi_pin_for_all":"","_relevanssi_pin_keywords":"","_relevanssi_unpin_keywords":"","_relevanssi_related_keywords":"","_relevanssi_related_include_ids":"","_relevanssi_related_exclude_ids":"","_relevanssi_related_no_append":"","_relevanssi_related_not_related":"","_relevanssi_related_posts":"","_relevanssi_noindex_reason":"","_mi_skip_tracking":false,"_exactmetrics_sitenote_active":false,"_exactmetrics_sitenote_note":"","_exactmetrics_sitenote_category":0,"footnotes":"","_links_to":"","_links_to_target":""},"yoast_head":"<!-- This site is optimized with the Yoast SEO plugin v21.2 - https:\/\/yoast.com\/wordpress\/plugins\/seo\/ -->\n<title>Co-Applicants - UTILI<\/title>\n<meta name=\"description\" content=\"Published on 24-May-19 at 10:19 | Last updated on 27-Sep-21 at 13:35 Carleton University - Program lead institution Dr. Jeremy Laliberte (Program\" \/>\n<meta name=\"robots\" content=\"index, follow, max-snippet:-1, max-image-preview:large, max-video-preview:-1\" \/>\n<link rel=\"canonical\" href=\"https:\/\/carleton.ca\/utili\/partners\/\" \/>\n<script type=\"application\/ld+json\" class=\"yoast-schema-graph\">{\"@context\":\"https:\/\/schema.org\",\"@graph\":[{\"@type\":\"WebPage\",\"@id\":\"https:\/\/carleton.ca\/utili\/partners\/\",\"url\":\"https:\/\/carleton.ca\/utili\/partners\/\",\"name\":\"Co-Applicants - UTILI\",\"isPartOf\":{\"@id\":\"https:\/\/carleton.ca\/utili\/#website\"},\"datePublished\":\"2019-05-24T14:19:32+00:00\",\"dateModified\":\"2022-05-02T16:52:17+00:00\",\"description\":\"Published on 24-May-19 at 10:19 | Last updated on 27-Sep-21 at 13:35 Carleton University - Program lead institution Dr. Jeremy Laliberte (Program\",\"breadcrumb\":{\"@id\":\"https:\/\/carleton.ca\/utili\/partners\/#breadcrumb\"},\"inLanguage\":\"en-US\",\"potentialAction\":[{\"@type\":\"ReadAction\",\"target\":[\"https:\/\/carleton.ca\/utili\/partners\/\"]}]},{\"@type\":\"BreadcrumbList\",\"@id\":\"https:\/\/carleton.ca\/utili\/partners\/#breadcrumb\",\"itemListElement\":[{\"@type\":\"ListItem\",\"position\":1,\"name\":\"Home\",\"item\":\"https:\/\/carleton.ca\/utili\/\"},{\"@type\":\"ListItem\",\"position\":2,\"name\":\"Co-Applicants\"}]},{\"@type\":\"WebSite\",\"@id\":\"https:\/\/carleton.ca\/utili\/#website\",\"url\":\"https:\/\/carleton.ca\/utili\/\",\"name\":\"UTILI\",\"description\":\"Carleton University\",\"potentialAction\":[{\"@type\":\"SearchAction\",\"target\":{\"@type\":\"EntryPoint\",\"urlTemplate\":\"https:\/\/carleton.ca\/utili\/?s={search_term_string}\"},\"query-input\":\"required name=search_term_string\"}],\"inLanguage\":\"en-US\"}]}<\/script>\n<!-- \/ Yoast SEO plugin. -->","yoast_head_json":{"title":"Co-Applicants - UTILI","description":"Published on 24-May-19 at 10:19 | Last updated on 27-Sep-21 at 13:35 Carleton University - Program lead institution Dr. Jeremy Laliberte (Program","robots":{"index":"index","follow":"follow","max-snippet":"max-snippet:-1","max-image-preview":"max-image-preview:large","max-video-preview":"max-video-preview:-1"},"canonical":"https:\/\/carleton.ca\/utili\/partners\/","schema":{"@context":"https:\/\/schema.org","@graph":[{"@type":"WebPage","@id":"https:\/\/carleton.ca\/utili\/partners\/","url":"https:\/\/carleton.ca\/utili\/partners\/","name":"Co-Applicants - UTILI","isPartOf":{"@id":"https:\/\/carleton.ca\/utili\/#website"},"datePublished":"2019-05-24T14:19:32+00:00","dateModified":"2022-05-02T16:52:17+00:00","description":"Published on 24-May-19 at 10:19 | Last updated on 27-Sep-21 at 13:35 Carleton University - Program lead institution Dr. Jeremy Laliberte (Program","breadcrumb":{"@id":"https:\/\/carleton.ca\/utili\/partners\/#breadcrumb"},"inLanguage":"en-US","potentialAction":[{"@type":"ReadAction","target":["https:\/\/carleton.ca\/utili\/partners\/"]}]},{"@type":"BreadcrumbList","@id":"https:\/\/carleton.ca\/utili\/partners\/#breadcrumb","itemListElement":[{"@type":"ListItem","position":1,"name":"Home","item":"https:\/\/carleton.ca\/utili\/"},{"@type":"ListItem","position":2,"name":"Co-Applicants"}]},{"@type":"WebSite","@id":"https:\/\/carleton.ca\/utili\/#website","url":"https:\/\/carleton.ca\/utili\/","name":"UTILI","description":"Carleton University","potentialAction":[{"@type":"SearchAction","target":{"@type":"EntryPoint","urlTemplate":"https:\/\/carleton.ca\/utili\/?s={search_term_string}"},"query-input":"required name=search_term_string"}],"inLanguage":"en-US"}]}},"acf":{"banner_image_type":"none","banner_button":"no"},"_links":{"self":[{"href":"https:\/\/carleton.ca\/utili\/wp-json\/wp\/v2\/pages\/143"}],"collection":[{"href":"https:\/\/carleton.ca\/utili\/wp-json\/wp\/v2\/pages"}],"about":[{"href":"https:\/\/carleton.ca\/utili\/wp-json\/wp\/v2\/types\/page"}],"author":[{"embeddable":true,"href":"https:\/\/carleton.ca\/utili\/wp-json\/wp\/v2\/users\/6"}],"replies":[{"embeddable":true,"href":"https:\/\/carleton.ca\/utili\/wp-json\/wp\/v2\/comments?post=143"}],"version-history":[{"count":5,"href":"https:\/\/carleton.ca\/utili\/wp-json\/wp\/v2\/pages\/143\/revisions"}],"predecessor-version":[{"id":943,"href":"https:\/\/carleton.ca\/utili\/wp-json\/wp\/v2\/pages\/143\/revisions\/943"}],"wp:attachment":[{"href":"https:\/\/carleton.ca\/utili\/wp-json\/wp\/v2\/media?parent=143"}],"curies":[{"name":"wp","href":"https:\/\/api.w.org\/{rel}","templated":true}]}}