{"id":269,"date":"2019-10-21T12:39:32","date_gmt":"2019-10-21T16:39:32","guid":{"rendered":"https:\/\/carleton.ca\/utili\/?page_id=269"},"modified":"2019-10-23T15:29:47","modified_gmt":"2019-10-23T19:29:47","slug":"kimberly-bernyk","status":"publish","type":"page","link":"https:\/\/carleton.ca\/utili\/kimberly-bernyk\/","title":{"rendered":"Kimberly Bernyk"},"content":{"rendered":"<h2 style=\"padding-left: 40px;\">Student Bio<\/h2>\n<p>Kimberly Bernyk is originally from Chatham, ON. She has lived in many different places, which include Guelph, ON, Niagara, ON, Grand Manan, NB \u2013 where she lived on a fishing boat surrounded by whales \u2013 and now she lives in Ottawa, ON.\u00a0 She received her bachelor\u2019s degree in Geography and Geomatics from the University of Guelph, and a post degree certification in GIS Spatial Management at Niagara College. She has had several unique career opportunities working as an Environmental Educational Instructor for a marine biology summer camp and research program. Here she studied whales and puffins in the Bay of Fundy, while educating high-school students on a variety of environmental subjects. After, she worked as a Junior GIS Technician for a utilities and engineering company. More recently, she worked at Bell Canada as a GIS Technician. Although these opportunities gave her a wealth of experience, she decided to go back to Carleton University as a Master of Science student.<\/p>\n<p>Kimberly\u2019s research aims to advance the science of invasive species distribution mapping and habitat modelling in wetland and peatland complexes across Ontario and Quebec. The focus will be on invasive species distribution in Lac-\u00e0-la-Tortue (Turtle lake) in Shawinigan, Quebec, in collaboration with Professor Julie Talbot at Universit\u00e9 de Montr\u00e9al. Using remotely piloted aircraft systems equipped with optical and multispectral cameras, high-resolution image analysis will be conducted to produce a species level classification of invasive plant species and ecosystem-scale mapping of their microhabitats.<\/p>\n","protected":false},"excerpt":{"rendered":"<p>Student Bio Kimberly Bernyk is originally from Chatham, ON. She has lived in many different places, which include Guelph, ON, Niagara, ON, Grand Manan, NB \u2013 where she lived on a fishing boat surrounded by whales \u2013 and now she lives in Ottawa, ON.\u00a0 She received her bachelor\u2019s degree in Geography and Geomatics from the [&hellip;]<\/p>\n","protected":false},"author":7,"featured_media":0,"parent":0,"menu_order":0,"comment_status":"closed","ping_status":"closed","template":"","meta":{"_relevanssi_hide_post":"","_relevanssi_hide_content":"","_relevanssi_pin_for_all":"","_relevanssi_pin_keywords":"","_relevanssi_unpin_keywords":"","_relevanssi_related_keywords":"","_relevanssi_related_include_ids":"","_relevanssi_related_exclude_ids":"","_relevanssi_related_no_append":"","_relevanssi_related_not_related":"","_relevanssi_related_posts":"","_relevanssi_noindex_reason":"","_mi_skip_tracking":false,"_exactmetrics_sitenote_active":false,"_exactmetrics_sitenote_note":"","_exactmetrics_sitenote_category":0,"footnotes":"","_links_to":"","_links_to_target":""},"yoast_head":"<!-- This site is optimized with the Yoast SEO plugin v21.2 - https:\/\/yoast.com\/wordpress\/plugins\/seo\/ -->\n<title>Kimberly Bernyk - UTILI<\/title>\n<meta name=\"description\" content=\"Student Bio Kimberly Bernyk is originally from Chatham, ON. She has lived in many different places, which include Guelph, ON, Niagara, ON, Grand Manan, NB\" \/>\n<meta name=\"robots\" content=\"index, follow, max-snippet:-1, max-image-preview:large, max-video-preview:-1\" \/>\n<link rel=\"canonical\" href=\"https:\/\/carleton.ca\/utili\/kimberly-bernyk\/\" \/>\n<meta name=\"twitter:label1\" content=\"Est. reading time\" \/>\n\t<meta name=\"twitter:data1\" content=\"1 minute\" \/>\n<script type=\"application\/ld+json\" class=\"yoast-schema-graph\">{\"@context\":\"https:\/\/schema.org\",\"@graph\":[{\"@type\":\"WebPage\",\"@id\":\"https:\/\/carleton.ca\/utili\/kimberly-bernyk\/\",\"url\":\"https:\/\/carleton.ca\/utili\/kimberly-bernyk\/\",\"name\":\"Kimberly Bernyk - UTILI\",\"isPartOf\":{\"@id\":\"https:\/\/carleton.ca\/utili\/#website\"},\"datePublished\":\"2019-10-21T16:39:32+00:00\",\"dateModified\":\"2019-10-23T19:29:47+00:00\",\"description\":\"Student Bio Kimberly Bernyk is originally from Chatham, ON. She has lived in many different places, which include Guelph, ON, Niagara, ON, Grand Manan, NB\",\"breadcrumb\":{\"@id\":\"https:\/\/carleton.ca\/utili\/kimberly-bernyk\/#breadcrumb\"},\"inLanguage\":\"en-US\",\"potentialAction\":[{\"@type\":\"ReadAction\",\"target\":[\"https:\/\/carleton.ca\/utili\/kimberly-bernyk\/\"]}]},{\"@type\":\"BreadcrumbList\",\"@id\":\"https:\/\/carleton.ca\/utili\/kimberly-bernyk\/#breadcrumb\",\"itemListElement\":[{\"@type\":\"ListItem\",\"position\":1,\"name\":\"Home\",\"item\":\"https:\/\/carleton.ca\/utili\/\"},{\"@type\":\"ListItem\",\"position\":2,\"name\":\"Kimberly Bernyk\"}]},{\"@type\":\"WebSite\",\"@id\":\"https:\/\/carleton.ca\/utili\/#website\",\"url\":\"https:\/\/carleton.ca\/utili\/\",\"name\":\"UTILI\",\"description\":\"Carleton University\",\"potentialAction\":[{\"@type\":\"SearchAction\",\"target\":{\"@type\":\"EntryPoint\",\"urlTemplate\":\"https:\/\/carleton.ca\/utili\/?s={search_term_string}\"},\"query-input\":\"required name=search_term_string\"}],\"inLanguage\":\"en-US\"}]}<\/script>\n<!-- \/ Yoast SEO plugin. -->","yoast_head_json":{"title":"Kimberly Bernyk - UTILI","description":"Student Bio Kimberly Bernyk is originally from Chatham, ON. She has lived in many different places, which include Guelph, ON, Niagara, ON, Grand Manan, NB","robots":{"index":"index","follow":"follow","max-snippet":"max-snippet:-1","max-image-preview":"max-image-preview:large","max-video-preview":"max-video-preview:-1"},"canonical":"https:\/\/carleton.ca\/utili\/kimberly-bernyk\/","twitter_misc":{"Est. reading time":"1 minute"},"schema":{"@context":"https:\/\/schema.org","@graph":[{"@type":"WebPage","@id":"https:\/\/carleton.ca\/utili\/kimberly-bernyk\/","url":"https:\/\/carleton.ca\/utili\/kimberly-bernyk\/","name":"Kimberly Bernyk - UTILI","isPartOf":{"@id":"https:\/\/carleton.ca\/utili\/#website"},"datePublished":"2019-10-21T16:39:32+00:00","dateModified":"2019-10-23T19:29:47+00:00","description":"Student Bio Kimberly Bernyk is originally from Chatham, ON. She has lived in many different places, which include Guelph, ON, Niagara, ON, Grand Manan, NB","breadcrumb":{"@id":"https:\/\/carleton.ca\/utili\/kimberly-bernyk\/#breadcrumb"},"inLanguage":"en-US","potentialAction":[{"@type":"ReadAction","target":["https:\/\/carleton.ca\/utili\/kimberly-bernyk\/"]}]},{"@type":"BreadcrumbList","@id":"https:\/\/carleton.ca\/utili\/kimberly-bernyk\/#breadcrumb","itemListElement":[{"@type":"ListItem","position":1,"name":"Home","item":"https:\/\/carleton.ca\/utili\/"},{"@type":"ListItem","position":2,"name":"Kimberly Bernyk"}]},{"@type":"WebSite","@id":"https:\/\/carleton.ca\/utili\/#website","url":"https:\/\/carleton.ca\/utili\/","name":"UTILI","description":"Carleton University","potentialAction":[{"@type":"SearchAction","target":{"@type":"EntryPoint","urlTemplate":"https:\/\/carleton.ca\/utili\/?s={search_term_string}"},"query-input":"required name=search_term_string"}],"inLanguage":"en-US"}]}},"acf":{"banner_image_type":"none","banner_button":"no"},"_links":{"self":[{"href":"https:\/\/carleton.ca\/utili\/wp-json\/wp\/v2\/pages\/269"}],"collection":[{"href":"https:\/\/carleton.ca\/utili\/wp-json\/wp\/v2\/pages"}],"about":[{"href":"https:\/\/carleton.ca\/utili\/wp-json\/wp\/v2\/types\/page"}],"author":[{"embeddable":true,"href":"https:\/\/carleton.ca\/utili\/wp-json\/wp\/v2\/users\/7"}],"replies":[{"embeddable":true,"href":"https:\/\/carleton.ca\/utili\/wp-json\/wp\/v2\/comments?post=269"}],"version-history":[{"count":3,"href":"https:\/\/carleton.ca\/utili\/wp-json\/wp\/v2\/pages\/269\/revisions"}],"predecessor-version":[{"id":300,"href":"https:\/\/carleton.ca\/utili\/wp-json\/wp\/v2\/pages\/269\/revisions\/300"}],"wp:attachment":[{"href":"https:\/\/carleton.ca\/utili\/wp-json\/wp\/v2\/media?parent=269"}],"curies":[{"name":"wp","href":"https:\/\/api.w.org\/{rel}","templated":true}]}}