{"id":272,"date":"2019-10-21T12:39:28","date_gmt":"2019-10-21T16:39:28","guid":{"rendered":"https:\/\/carleton.ca\/utili\/?page_id=272"},"modified":"2020-09-22T19:12:45","modified_gmt":"2020-09-22T23:12:45","slug":"simon-longtin-martel","status":"publish","type":"page","link":"https:\/\/carleton.ca\/utili\/simon-longtin-martel\/","title":{"rendered":"Simon Longtin-Martel"},"content":{"rendered":"<h2 style=\"padding-left: 40px;\">Student Bio<\/h2>\n<p>Simon Longtin-Martel is a Master of Applied Science Aerospace Engineering Candidate at \u00c9cole de Technologie Sup\u00e9rieure (\u00c9TS). His thesis research is on the application of morphing wing technology in flight simulators within the \u00c9TS LARCASE laboratory.<\/p>\n<p>Simon has a passion for aviation. He graduated from the \u00c9cole Nationale d\u2019A\u00e9rotechnique (\u00c9NA) in aircraft maintenance. At \u00c9NA, he participated in the SAE Aerodesign competition, coming in third place for his technical report, and he was a member of the Flight Simulator Student Club. Simon also was the president of the \u00c9NA\u2019s Aerodesign team when they won the Force Avenir (science and technical application) prize. Simon had two four-month internships with CAE as a CAD designer and a four-month internship with P&amp;W Canada in the customer engineering department, as well as a two-month internship for Tristar Multicopters. He is hardworking, dedicated, and can be relied upon.<\/p>\n<p>His hobbies include flight simulation and cycling.<\/p>\n<p><\/p>\n","protected":false},"excerpt":{"rendered":"<p>Student Bio Simon Longtin-Martel is a Master of Applied Science Aerospace Engineering Candidate at \u00c9cole de Technologie Sup\u00e9rieure (\u00c9TS). His thesis research is on the application of morphing wing technology in flight simulators within the \u00c9TS LARCASE laboratory. Simon has a passion for aviation. He graduated from the \u00c9cole Nationale d\u2019A\u00e9rotechnique (\u00c9NA) in aircraft maintenance. [&hellip;]<\/p>\n","protected":false},"author":7,"featured_media":0,"parent":0,"menu_order":0,"comment_status":"closed","ping_status":"closed","template":"","meta":{"_relevanssi_hide_post":"","_relevanssi_hide_content":"","_relevanssi_pin_for_all":"","_relevanssi_pin_keywords":"","_relevanssi_unpin_keywords":"","_relevanssi_related_keywords":"","_relevanssi_related_include_ids":"","_relevanssi_related_exclude_ids":"","_relevanssi_related_no_append":"","_relevanssi_related_not_related":"","_relevanssi_related_posts":"","_relevanssi_noindex_reason":"","_mi_skip_tracking":false,"_exactmetrics_sitenote_active":false,"_exactmetrics_sitenote_note":"","_exactmetrics_sitenote_category":0,"footnotes":"","_links_to":"","_links_to_target":""},"yoast_head":"<!-- This site is optimized with the Yoast SEO plugin v21.2 - https:\/\/yoast.com\/wordpress\/plugins\/seo\/ -->\n<title>Simon Longtin-Martel - UTILI<\/title>\n<meta name=\"description\" content=\"Student Bio Simon Longtin-Martel is a Master of Applied Science Aerospace Engineering Candidate at \u00c9cole de Technologie Sup\u00e9rieure (\u00c9TS). His thesis\" \/>\n<meta name=\"robots\" content=\"index, follow, max-snippet:-1, max-image-preview:large, max-video-preview:-1\" \/>\n<link rel=\"canonical\" href=\"https:\/\/carleton.ca\/utili\/simon-longtin-martel\/\" \/>\n<meta name=\"twitter:label1\" content=\"Est. reading time\" \/>\n\t<meta name=\"twitter:data1\" content=\"1 minute\" \/>\n<script type=\"application\/ld+json\" class=\"yoast-schema-graph\">{\"@context\":\"https:\/\/schema.org\",\"@graph\":[{\"@type\":\"WebPage\",\"@id\":\"https:\/\/carleton.ca\/utili\/simon-longtin-martel\/\",\"url\":\"https:\/\/carleton.ca\/utili\/simon-longtin-martel\/\",\"name\":\"Simon Longtin-Martel - UTILI\",\"isPartOf\":{\"@id\":\"https:\/\/carleton.ca\/utili\/#website\"},\"datePublished\":\"2019-10-21T16:39:28+00:00\",\"dateModified\":\"2020-09-22T23:12:45+00:00\",\"description\":\"Student Bio Simon Longtin-Martel is a Master of Applied Science Aerospace Engineering Candidate at \u00c9cole de Technologie Sup\u00e9rieure (\u00c9TS). His thesis\",\"breadcrumb\":{\"@id\":\"https:\/\/carleton.ca\/utili\/simon-longtin-martel\/#breadcrumb\"},\"inLanguage\":\"en-US\",\"potentialAction\":[{\"@type\":\"ReadAction\",\"target\":[\"https:\/\/carleton.ca\/utili\/simon-longtin-martel\/\"]}]},{\"@type\":\"BreadcrumbList\",\"@id\":\"https:\/\/carleton.ca\/utili\/simon-longtin-martel\/#breadcrumb\",\"itemListElement\":[{\"@type\":\"ListItem\",\"position\":1,\"name\":\"Home\",\"item\":\"https:\/\/carleton.ca\/utili\/\"},{\"@type\":\"ListItem\",\"position\":2,\"name\":\"Simon Longtin-Martel\"}]},{\"@type\":\"WebSite\",\"@id\":\"https:\/\/carleton.ca\/utili\/#website\",\"url\":\"https:\/\/carleton.ca\/utili\/\",\"name\":\"UTILI\",\"description\":\"Carleton University\",\"potentialAction\":[{\"@type\":\"SearchAction\",\"target\":{\"@type\":\"EntryPoint\",\"urlTemplate\":\"https:\/\/carleton.ca\/utili\/?s={search_term_string}\"},\"query-input\":\"required name=search_term_string\"}],\"inLanguage\":\"en-US\"}]}<\/script>\n<!-- \/ Yoast SEO plugin. -->","yoast_head_json":{"title":"Simon Longtin-Martel - UTILI","description":"Student Bio Simon Longtin-Martel is a Master of Applied Science Aerospace Engineering Candidate at \u00c9cole de Technologie Sup\u00e9rieure (\u00c9TS). His thesis","robots":{"index":"index","follow":"follow","max-snippet":"max-snippet:-1","max-image-preview":"max-image-preview:large","max-video-preview":"max-video-preview:-1"},"canonical":"https:\/\/carleton.ca\/utili\/simon-longtin-martel\/","twitter_misc":{"Est. reading time":"1 minute"},"schema":{"@context":"https:\/\/schema.org","@graph":[{"@type":"WebPage","@id":"https:\/\/carleton.ca\/utili\/simon-longtin-martel\/","url":"https:\/\/carleton.ca\/utili\/simon-longtin-martel\/","name":"Simon Longtin-Martel - UTILI","isPartOf":{"@id":"https:\/\/carleton.ca\/utili\/#website"},"datePublished":"2019-10-21T16:39:28+00:00","dateModified":"2020-09-22T23:12:45+00:00","description":"Student Bio Simon Longtin-Martel is a Master of Applied Science Aerospace Engineering Candidate at \u00c9cole de Technologie Sup\u00e9rieure (\u00c9TS). His thesis","breadcrumb":{"@id":"https:\/\/carleton.ca\/utili\/simon-longtin-martel\/#breadcrumb"},"inLanguage":"en-US","potentialAction":[{"@type":"ReadAction","target":["https:\/\/carleton.ca\/utili\/simon-longtin-martel\/"]}]},{"@type":"BreadcrumbList","@id":"https:\/\/carleton.ca\/utili\/simon-longtin-martel\/#breadcrumb","itemListElement":[{"@type":"ListItem","position":1,"name":"Home","item":"https:\/\/carleton.ca\/utili\/"},{"@type":"ListItem","position":2,"name":"Simon Longtin-Martel"}]},{"@type":"WebSite","@id":"https:\/\/carleton.ca\/utili\/#website","url":"https:\/\/carleton.ca\/utili\/","name":"UTILI","description":"Carleton University","potentialAction":[{"@type":"SearchAction","target":{"@type":"EntryPoint","urlTemplate":"https:\/\/carleton.ca\/utili\/?s={search_term_string}"},"query-input":"required name=search_term_string"}],"inLanguage":"en-US"}]}},"acf":{"banner_image_type":"none","banner_button":"no"},"_links":{"self":[{"href":"https:\/\/carleton.ca\/utili\/wp-json\/wp\/v2\/pages\/272"}],"collection":[{"href":"https:\/\/carleton.ca\/utili\/wp-json\/wp\/v2\/pages"}],"about":[{"href":"https:\/\/carleton.ca\/utili\/wp-json\/wp\/v2\/types\/page"}],"author":[{"embeddable":true,"href":"https:\/\/carleton.ca\/utili\/wp-json\/wp\/v2\/users\/7"}],"replies":[{"embeddable":true,"href":"https:\/\/carleton.ca\/utili\/wp-json\/wp\/v2\/comments?post=272"}],"version-history":[{"count":3,"href":"https:\/\/carleton.ca\/utili\/wp-json\/wp\/v2\/pages\/272\/revisions"}],"predecessor-version":[{"id":497,"href":"https:\/\/carleton.ca\/utili\/wp-json\/wp\/v2\/pages\/272\/revisions\/497"}],"wp:attachment":[{"href":"https:\/\/carleton.ca\/utili\/wp-json\/wp\/v2\/media?parent=272"}],"curies":[{"name":"wp","href":"https:\/\/api.w.org\/{rel}","templated":true}]}}