{"id":471,"date":"2020-09-11T14:29:39","date_gmt":"2020-09-11T18:29:39","guid":{"rendered":"https:\/\/carleton.ca\/utili\/?page_id=471"},"modified":"2021-02-05T13:41:36","modified_gmt":"2021-02-05T18:41:36","slug":"yvantondji","status":"publish","type":"page","link":"https:\/\/carleton.ca\/utili\/yvantondji\/","title":{"rendered":"Yvan Tondji"},"content":{"rendered":"<h2 style=\"padding-left: 40px;\">Student Bio<\/h2>\n<p>Yvan Wilfried Tondji Chendjou, is a first year doctoral student in engineering at \u00c9cole de technologie sup\u00e9rieure (\u00c9TS) in Montreal. He is studying at the Research Laboratory in Active Controls, Avionics and Aeroservoelasticity (LARCASE) and under the supervision of Professor Ruxandra Botez. His PhD research subject focuses on novel modeling methods for UAS-S4 flight Dynamics, including morphing wing technologies.<\/p>\n<p>After graduating from high school in Cameroon in 2010, he decided to study aeronautical engineering. His engineering studies included two years of preparatory school in Cameroon followed by three years of specialization at \u00c9cole d\u2019ing\u00e9nieur en France (\u00c9PF). During his third year of study in France, he had the opportunity to carry out a six-month engineering student internship at LARCASE, under the supervision of Professor Ruxandra Botez, from June to December 2013. His internship focused on numerical and experimental determination of the inertial properties of UAS-S4 from Hydra Technologies.<\/p>\n<p>In September 2014, he started a master&#8217;s research in aerospace at LARCASE, as part of the CRIAQ MDO 505 project in collaboration with Bombardier, Thales, \u00c9cole polytechnique de Montr\u00e9al and the National Research Council of Canada, on deformable wing technologies. This multidisciplinary project enabled him to acquire technical skills in various fields such as aerodynamics, flight mechanics, flight simulation, and programming. He has published some results of his research as conference papers.<\/p>\n<p>After obtaining his master&#8217;s degree in 2016, he worked as a programmer analyst at GIRO in Montreal for two years. He co-founded the \u201cSolutions Locales\u201d seminar which aims to propose issues related to health, agriculture and education. The first edition took place in Cameroon in August 2018. Although he learned a lot from his work experience with this dynamic GIRO team, his passion for research and teaching motivated him to enroll in PhD in April 2019. Professor Ruxandra Botez is willing to supervise him for this new adventure.<\/p>\n<h2 style=\"padding-left: 40px;\">Important Links<\/h2>\n<div class=\"columns\"><div class=\"columns__two\"><p><a href=\"https:\/\/carleton.ca\/utili\/wp-content\/uploads\/CV-Yvan-Tondji.pdf\">Curriculum Vitae (CV)<\/a><\/p><\/div>\n<div class=\"columns__two\"><p><a href=\"https:\/\/carleton.ca\/utili\/cu-videos\/yvan-tondji-video\/\">Video<\/a><\/p><\/div><\/div>\n","protected":false},"excerpt":{"rendered":"<p>Student Bio Yvan Wilfried Tondji Chendjou, is a first year doctoral student in engineering at \u00c9cole de technologie sup\u00e9rieure (\u00c9TS) in Montreal. He is studying at the Research Laboratory in Active Controls, Avionics and Aeroservoelasticity (LARCASE) and under the supervision of Professor Ruxandra Botez. His PhD research subject focuses on novel modeling methods for UAS-S4 [&hellip;]<\/p>\n","protected":false},"author":7,"featured_media":0,"parent":0,"menu_order":0,"comment_status":"closed","ping_status":"closed","template":"","meta":{"_relevanssi_hide_post":"","_relevanssi_hide_content":"","_relevanssi_pin_for_all":"","_relevanssi_pin_keywords":"","_relevanssi_unpin_keywords":"","_relevanssi_related_keywords":"","_relevanssi_related_include_ids":"","_relevanssi_related_exclude_ids":"","_relevanssi_related_no_append":"","_relevanssi_related_not_related":"","_relevanssi_related_posts":"","_relevanssi_noindex_reason":"","_mi_skip_tracking":false,"_exactmetrics_sitenote_active":false,"_exactmetrics_sitenote_note":"","_exactmetrics_sitenote_category":0,"footnotes":"","_links_to":"","_links_to_target":""},"yoast_head":"<!-- This site is optimized with the Yoast SEO plugin v21.2 - https:\/\/yoast.com\/wordpress\/plugins\/seo\/ -->\n<title>Yvan Tondji - UTILI<\/title>\n<meta name=\"description\" content=\"Student Bio Yvan Wilfried Tondji Chendjou, is a first year doctoral student in engineering at \u00c9cole de technologie sup\u00e9rieure (\u00c9TS) in Montreal. He is\" \/>\n<meta name=\"robots\" content=\"index, follow, max-snippet:-1, max-image-preview:large, max-video-preview:-1\" \/>\n<link rel=\"canonical\" href=\"https:\/\/carleton.ca\/utili\/yvantondji\/\" \/>\n<meta name=\"twitter:label1\" content=\"Est. reading time\" \/>\n\t<meta name=\"twitter:data1\" content=\"2 minutes\" \/>\n<script type=\"application\/ld+json\" class=\"yoast-schema-graph\">{\"@context\":\"https:\/\/schema.org\",\"@graph\":[{\"@type\":\"WebPage\",\"@id\":\"https:\/\/carleton.ca\/utili\/yvantondji\/\",\"url\":\"https:\/\/carleton.ca\/utili\/yvantondji\/\",\"name\":\"Yvan Tondji - UTILI\",\"isPartOf\":{\"@id\":\"https:\/\/carleton.ca\/utili\/#website\"},\"datePublished\":\"2020-09-11T18:29:39+00:00\",\"dateModified\":\"2021-02-05T18:41:36+00:00\",\"description\":\"Student Bio Yvan Wilfried Tondji Chendjou, is a first year doctoral student in engineering at \u00c9cole de technologie sup\u00e9rieure (\u00c9TS) in Montreal. He is\",\"breadcrumb\":{\"@id\":\"https:\/\/carleton.ca\/utili\/yvantondji\/#breadcrumb\"},\"inLanguage\":\"en-US\",\"potentialAction\":[{\"@type\":\"ReadAction\",\"target\":[\"https:\/\/carleton.ca\/utili\/yvantondji\/\"]}]},{\"@type\":\"BreadcrumbList\",\"@id\":\"https:\/\/carleton.ca\/utili\/yvantondji\/#breadcrumb\",\"itemListElement\":[{\"@type\":\"ListItem\",\"position\":1,\"name\":\"Home\",\"item\":\"https:\/\/carleton.ca\/utili\/\"},{\"@type\":\"ListItem\",\"position\":2,\"name\":\"Yvan Tondji\"}]},{\"@type\":\"WebSite\",\"@id\":\"https:\/\/carleton.ca\/utili\/#website\",\"url\":\"https:\/\/carleton.ca\/utili\/\",\"name\":\"UTILI\",\"description\":\"Carleton University\",\"potentialAction\":[{\"@type\":\"SearchAction\",\"target\":{\"@type\":\"EntryPoint\",\"urlTemplate\":\"https:\/\/carleton.ca\/utili\/?s={search_term_string}\"},\"query-input\":\"required name=search_term_string\"}],\"inLanguage\":\"en-US\"}]}<\/script>\n<!-- \/ Yoast SEO plugin. -->","yoast_head_json":{"title":"Yvan Tondji - UTILI","description":"Student Bio Yvan Wilfried Tondji Chendjou, is a first year doctoral student in engineering at \u00c9cole de technologie sup\u00e9rieure (\u00c9TS) in Montreal. He is","robots":{"index":"index","follow":"follow","max-snippet":"max-snippet:-1","max-image-preview":"max-image-preview:large","max-video-preview":"max-video-preview:-1"},"canonical":"https:\/\/carleton.ca\/utili\/yvantondji\/","twitter_misc":{"Est. reading time":"2 minutes"},"schema":{"@context":"https:\/\/schema.org","@graph":[{"@type":"WebPage","@id":"https:\/\/carleton.ca\/utili\/yvantondji\/","url":"https:\/\/carleton.ca\/utili\/yvantondji\/","name":"Yvan Tondji - UTILI","isPartOf":{"@id":"https:\/\/carleton.ca\/utili\/#website"},"datePublished":"2020-09-11T18:29:39+00:00","dateModified":"2021-02-05T18:41:36+00:00","description":"Student Bio Yvan Wilfried Tondji Chendjou, is a first year doctoral student in engineering at \u00c9cole de technologie sup\u00e9rieure (\u00c9TS) in Montreal. He is","breadcrumb":{"@id":"https:\/\/carleton.ca\/utili\/yvantondji\/#breadcrumb"},"inLanguage":"en-US","potentialAction":[{"@type":"ReadAction","target":["https:\/\/carleton.ca\/utili\/yvantondji\/"]}]},{"@type":"BreadcrumbList","@id":"https:\/\/carleton.ca\/utili\/yvantondji\/#breadcrumb","itemListElement":[{"@type":"ListItem","position":1,"name":"Home","item":"https:\/\/carleton.ca\/utili\/"},{"@type":"ListItem","position":2,"name":"Yvan Tondji"}]},{"@type":"WebSite","@id":"https:\/\/carleton.ca\/utili\/#website","url":"https:\/\/carleton.ca\/utili\/","name":"UTILI","description":"Carleton University","potentialAction":[{"@type":"SearchAction","target":{"@type":"EntryPoint","urlTemplate":"https:\/\/carleton.ca\/utili\/?s={search_term_string}"},"query-input":"required name=search_term_string"}],"inLanguage":"en-US"}]}},"acf":{"banner_image_type":"none","banner_button":"no"},"_links":{"self":[{"href":"https:\/\/carleton.ca\/utili\/wp-json\/wp\/v2\/pages\/471"}],"collection":[{"href":"https:\/\/carleton.ca\/utili\/wp-json\/wp\/v2\/pages"}],"about":[{"href":"https:\/\/carleton.ca\/utili\/wp-json\/wp\/v2\/types\/page"}],"author":[{"embeddable":true,"href":"https:\/\/carleton.ca\/utili\/wp-json\/wp\/v2\/users\/7"}],"replies":[{"embeddable":true,"href":"https:\/\/carleton.ca\/utili\/wp-json\/wp\/v2\/comments?post=471"}],"version-history":[{"count":3,"href":"https:\/\/carleton.ca\/utili\/wp-json\/wp\/v2\/pages\/471\/revisions"}],"predecessor-version":[{"id":726,"href":"https:\/\/carleton.ca\/utili\/wp-json\/wp\/v2\/pages\/471\/revisions\/726"}],"wp:attachment":[{"href":"https:\/\/carleton.ca\/utili\/wp-json\/wp\/v2\/media?parent=471"}],"curies":[{"name":"wp","href":"https:\/\/api.w.org\/{rel}","templated":true}]}}