{"id":671,"date":"2021-02-04T13:16:42","date_gmt":"2021-02-04T18:16:42","guid":{"rendered":"https:\/\/carleton.ca\/utili\/?page_id=671"},"modified":"2023-01-20T09:07:03","modified_gmt":"2023-01-20T14:07:03","slug":"paul-meyran","status":"publish","type":"page","link":"https:\/\/carleton.ca\/utili\/paul-meyran\/","title":{"rendered":"Paul Meyran"},"content":{"rendered":"<h2 style=\"padding-left: 40px;\">Student Bio<\/h2>\n<p>Paul Meyran is a master&#8217;s student in aerospace engineering at \u00c9cole de Technologie Sup\u00e9rieure (\u00c9TS) in Montreal under the supervision of Professor Ruxandra Botez. Coming from an industrial engineering background at INSA Centre Val de Loire, in France, he is currently completing a double degree at \u00c9TS which began in September 2019. He is pursuing a master in aerospace engineering and works at the LARCASE laboratory in Montreal. Based on aerodynamic studies, his research subject is to design a morphing winglet structure aimed at reducing fuel consumption in flight and increasing the manoeuvrability of aircraft. His vision of creating the future aerospace structures is close to his heart. Innovation is at the center of his passion for aerospace and he looks forward to furthering his career in this field. Paul is very involved in the aerospace student community, which allowed him to meet and discuss with many Canadian and international companies, particularly in connection with innovation, defense and space. Thanks to the UTILI CREATE program, Paul hopes to connect with companies related to the defense sector in Canada, it is an environment that he has always wanted to explore because innovation is essential.<\/p>\n<h2 style=\"padding-left: 40px;\">Important Links<\/h2>\n<div class=\"columns\"><div class=\"columns__three\"><p><a href=\"https:\/\/carleton.ca\/utili\/wp-content\/uploads\/CV-2021-en-Paul-Meyran.pdf\">Curriculum Vitae (CV)<\/a><\/p><\/div>\n<div class=\"columns__three\"><p><a href=\"https:\/\/www.linkedin.com\/in\/paul-meyran\/\">LinkedIn Profile<\/a><\/p><\/div>\n<div class=\"columns__three\"><p><a href=\"https:\/\/carleton.ca\/utili\/cu-videos\/video-paul-meyran\/\">Video<\/a><\/p><\/div>\n","protected":false},"excerpt":{"rendered":"<p>Student Bio Paul Meyran is a master&#8217;s student in aerospace engineering at \u00c9cole de Technologie Sup\u00e9rieure (\u00c9TS) in Montreal under the supervision of Professor Ruxandra Botez. Coming from an industrial engineering background at INSA Centre Val de Loire, in France, he is currently completing a double degree at \u00c9TS which began in September 2019. He [&hellip;]<\/p>\n","protected":false},"author":7,"featured_media":0,"parent":0,"menu_order":0,"comment_status":"closed","ping_status":"closed","template":"","meta":{"_relevanssi_hide_post":"","_relevanssi_hide_content":"","_relevanssi_pin_for_all":"","_relevanssi_pin_keywords":"","_relevanssi_unpin_keywords":"","_relevanssi_related_keywords":"","_relevanssi_related_include_ids":"","_relevanssi_related_exclude_ids":"","_relevanssi_related_no_append":"","_relevanssi_related_not_related":"","_relevanssi_related_posts":"","_relevanssi_noindex_reason":"","_mi_skip_tracking":false,"_exactmetrics_sitenote_active":false,"_exactmetrics_sitenote_note":"","_exactmetrics_sitenote_category":0,"footnotes":"","_links_to":"","_links_to_target":""},"yoast_head":"<!-- This site is optimized with the Yoast SEO plugin v21.2 - https:\/\/yoast.com\/wordpress\/plugins\/seo\/ -->\n<title>Paul Meyran - UTILI<\/title>\n<meta name=\"description\" content=\"Student Bio Paul Meyran is a master&#039;s student in aerospace engineering at \u00c9cole de Technologie Sup\u00e9rieure (\u00c9TS) in Montreal under the supervision of\" \/>\n<meta name=\"robots\" content=\"index, follow, max-snippet:-1, max-image-preview:large, max-video-preview:-1\" \/>\n<link rel=\"canonical\" href=\"https:\/\/carleton.ca\/utili\/paul-meyran\/\" \/>\n<meta name=\"twitter:label1\" content=\"Est. reading time\" \/>\n\t<meta name=\"twitter:data1\" content=\"1 minute\" \/>\n<script type=\"application\/ld+json\" class=\"yoast-schema-graph\">{\"@context\":\"https:\/\/schema.org\",\"@graph\":[{\"@type\":\"WebPage\",\"@id\":\"https:\/\/carleton.ca\/utili\/paul-meyran\/\",\"url\":\"https:\/\/carleton.ca\/utili\/paul-meyran\/\",\"name\":\"Paul Meyran - UTILI\",\"isPartOf\":{\"@id\":\"https:\/\/carleton.ca\/utili\/#website\"},\"datePublished\":\"2021-02-04T18:16:42+00:00\",\"dateModified\":\"2023-01-20T14:07:03+00:00\",\"description\":\"Student Bio Paul Meyran is a master's student in aerospace engineering at \u00c9cole de Technologie Sup\u00e9rieure (\u00c9TS) in Montreal under the supervision of\",\"breadcrumb\":{\"@id\":\"https:\/\/carleton.ca\/utili\/paul-meyran\/#breadcrumb\"},\"inLanguage\":\"en-US\",\"potentialAction\":[{\"@type\":\"ReadAction\",\"target\":[\"https:\/\/carleton.ca\/utili\/paul-meyran\/\"]}]},{\"@type\":\"BreadcrumbList\",\"@id\":\"https:\/\/carleton.ca\/utili\/paul-meyran\/#breadcrumb\",\"itemListElement\":[{\"@type\":\"ListItem\",\"position\":1,\"name\":\"Home\",\"item\":\"https:\/\/carleton.ca\/utili\/\"},{\"@type\":\"ListItem\",\"position\":2,\"name\":\"Paul Meyran\"}]},{\"@type\":\"WebSite\",\"@id\":\"https:\/\/carleton.ca\/utili\/#website\",\"url\":\"https:\/\/carleton.ca\/utili\/\",\"name\":\"UTILI\",\"description\":\"Carleton University\",\"potentialAction\":[{\"@type\":\"SearchAction\",\"target\":{\"@type\":\"EntryPoint\",\"urlTemplate\":\"https:\/\/carleton.ca\/utili\/?s={search_term_string}\"},\"query-input\":\"required name=search_term_string\"}],\"inLanguage\":\"en-US\"}]}<\/script>\n<!-- \/ Yoast SEO plugin. -->","yoast_head_json":{"title":"Paul Meyran - UTILI","description":"Student Bio Paul Meyran is a master's student in aerospace engineering at \u00c9cole de Technologie Sup\u00e9rieure (\u00c9TS) in Montreal under the supervision of","robots":{"index":"index","follow":"follow","max-snippet":"max-snippet:-1","max-image-preview":"max-image-preview:large","max-video-preview":"max-video-preview:-1"},"canonical":"https:\/\/carleton.ca\/utili\/paul-meyran\/","twitter_misc":{"Est. reading time":"1 minute"},"schema":{"@context":"https:\/\/schema.org","@graph":[{"@type":"WebPage","@id":"https:\/\/carleton.ca\/utili\/paul-meyran\/","url":"https:\/\/carleton.ca\/utili\/paul-meyran\/","name":"Paul Meyran - UTILI","isPartOf":{"@id":"https:\/\/carleton.ca\/utili\/#website"},"datePublished":"2021-02-04T18:16:42+00:00","dateModified":"2023-01-20T14:07:03+00:00","description":"Student Bio Paul Meyran is a master's student in aerospace engineering at \u00c9cole de Technologie Sup\u00e9rieure (\u00c9TS) in Montreal under the supervision of","breadcrumb":{"@id":"https:\/\/carleton.ca\/utili\/paul-meyran\/#breadcrumb"},"inLanguage":"en-US","potentialAction":[{"@type":"ReadAction","target":["https:\/\/carleton.ca\/utili\/paul-meyran\/"]}]},{"@type":"BreadcrumbList","@id":"https:\/\/carleton.ca\/utili\/paul-meyran\/#breadcrumb","itemListElement":[{"@type":"ListItem","position":1,"name":"Home","item":"https:\/\/carleton.ca\/utili\/"},{"@type":"ListItem","position":2,"name":"Paul Meyran"}]},{"@type":"WebSite","@id":"https:\/\/carleton.ca\/utili\/#website","url":"https:\/\/carleton.ca\/utili\/","name":"UTILI","description":"Carleton University","potentialAction":[{"@type":"SearchAction","target":{"@type":"EntryPoint","urlTemplate":"https:\/\/carleton.ca\/utili\/?s={search_term_string}"},"query-input":"required name=search_term_string"}],"inLanguage":"en-US"}]}},"acf":{"banner_image_type":"none","banner_button":"no"},"_links":{"self":[{"href":"https:\/\/carleton.ca\/utili\/wp-json\/wp\/v2\/pages\/671"}],"collection":[{"href":"https:\/\/carleton.ca\/utili\/wp-json\/wp\/v2\/pages"}],"about":[{"href":"https:\/\/carleton.ca\/utili\/wp-json\/wp\/v2\/types\/page"}],"author":[{"embeddable":true,"href":"https:\/\/carleton.ca\/utili\/wp-json\/wp\/v2\/users\/7"}],"replies":[{"embeddable":true,"href":"https:\/\/carleton.ca\/utili\/wp-json\/wp\/v2\/comments?post=671"}],"version-history":[{"count":3,"href":"https:\/\/carleton.ca\/utili\/wp-json\/wp\/v2\/pages\/671\/revisions"}],"predecessor-version":[{"id":1000,"href":"https:\/\/carleton.ca\/utili\/wp-json\/wp\/v2\/pages\/671\/revisions\/1000"}],"wp:attachment":[{"href":"https:\/\/carleton.ca\/utili\/wp-json\/wp\/v2\/media?parent=671"}],"curies":[{"name":"wp","href":"https:\/\/api.w.org\/{rel}","templated":true}]}}