{"id":679,"date":"2021-02-04T13:58:51","date_gmt":"2021-02-04T18:58:51","guid":{"rendered":"https:\/\/carleton.ca\/utili\/?page_id=679"},"modified":"2023-01-20T08:51:58","modified_gmt":"2023-01-20T13:51:58","slug":"louis-catar","status":"publish","type":"page","link":"https:\/\/carleton.ca\/utili\/louis-catar\/","title":{"rendered":"Louis Catar"},"content":{"rendered":"<h2 style=\"padding-left: 40px;\">Student Bio<\/h2>\n<p>Louis Catar is a French double-degree student. After two years of preparatory classes for the leading universities in mathematics, physics-chemistry and engineering sciences in Paris, he joined the \u00c9cole Nationale Sup\u00e9rieure des Arts et M\u00e9tiers ParisTech to follow general theoretical and applied studies (mechanical, industrial, and energy engineering).<\/p>\n<p>He has completed several internships in the defence industry and with the French Atomic Energy Commission. His multidisciplinary studies lead him to innovate and propose disruptive technical approaches.<\/p>\n<p>Since 2021, he has pursuing a PhD at \u00c9cole de Technologie Sup\u00e9rieure in Montreal. Passionate about complex systems, he develops his interest in aerospace by working on the combination of additive manufacturing techniques and aerostat UAVs in the INIT Robots laboratory under the co-supervision of Dr. David St-Onge and Dr. Ilyass Tabiai.<\/p>\n<p>As the aeronautical world is undergoing profound changes, this UTILI program and the meeting of a network of manufacturers around UAV technology is a real opportunity for him to think about future breakthrough technologies in this field, as well as the applications of these advances in the industrial landscape to come.<\/p>\n<h2 style=\"padding-left: 40px;\">Important Links<\/h2>\n<div class=\"columns\"><div class=\"columns__three\"><p><a href=\"https:\/\/carleton.ca\/utili\/wp-content\/uploads\/CV-Louis-CATAR-English-version.pdf\">Curriculum Vitae (CV)<\/a><\/p><\/div>\n<div class=\"columns__three\"><p><a href=\"https:\/\/www.linkedin.com\/in\/louis-catar\/\">LinkedIn Profile<\/a><\/p><\/div>\n<div class=\"columns__three\"><p><a href=\"https:\/\/www.researchgate.net\/profile\/Louis_Catar\">ResearchGate<\/a><\/p><\/div>\n","protected":false},"excerpt":{"rendered":"<p>Student Bio Louis Catar is a French double-degree student. After two years of preparatory classes for the leading universities in mathematics, physics-chemistry and engineering sciences in Paris, he joined the \u00c9cole Nationale Sup\u00e9rieure des Arts et M\u00e9tiers ParisTech to follow general theoretical and applied studies (mechanical, industrial, and energy engineering). He has completed several internships [&hellip;]<\/p>\n","protected":false},"author":7,"featured_media":0,"parent":0,"menu_order":0,"comment_status":"closed","ping_status":"closed","template":"","meta":{"_relevanssi_hide_post":"","_relevanssi_hide_content":"","_relevanssi_pin_for_all":"","_relevanssi_pin_keywords":"","_relevanssi_unpin_keywords":"","_relevanssi_related_keywords":"","_relevanssi_related_include_ids":"","_relevanssi_related_exclude_ids":"","_relevanssi_related_no_append":"","_relevanssi_related_not_related":"","_relevanssi_related_posts":"","_relevanssi_noindex_reason":"","_mi_skip_tracking":false,"_exactmetrics_sitenote_active":false,"_exactmetrics_sitenote_note":"","_exactmetrics_sitenote_category":0,"footnotes":"","_links_to":"","_links_to_target":""},"yoast_head":"<!-- This site is optimized with the Yoast SEO plugin v21.2 - https:\/\/yoast.com\/wordpress\/plugins\/seo\/ -->\n<title>Louis Catar - UTILI<\/title>\n<meta name=\"description\" content=\"Student Bio Louis Catar is a French double-degree student. After two years of preparatory classes for the leading universities in mathematics,\" \/>\n<meta name=\"robots\" content=\"index, follow, max-snippet:-1, max-image-preview:large, max-video-preview:-1\" \/>\n<link rel=\"canonical\" href=\"https:\/\/carleton.ca\/utili\/louis-catar\/\" \/>\n<meta name=\"twitter:label1\" content=\"Est. reading time\" \/>\n\t<meta name=\"twitter:data1\" content=\"1 minute\" \/>\n<script type=\"application\/ld+json\" class=\"yoast-schema-graph\">{\"@context\":\"https:\/\/schema.org\",\"@graph\":[{\"@type\":\"WebPage\",\"@id\":\"https:\/\/carleton.ca\/utili\/louis-catar\/\",\"url\":\"https:\/\/carleton.ca\/utili\/louis-catar\/\",\"name\":\"Louis Catar - UTILI\",\"isPartOf\":{\"@id\":\"https:\/\/carleton.ca\/utili\/#website\"},\"datePublished\":\"2021-02-04T18:58:51+00:00\",\"dateModified\":\"2023-01-20T13:51:58+00:00\",\"description\":\"Student Bio Louis Catar is a French double-degree student. After two years of preparatory classes for the leading universities in mathematics,\",\"breadcrumb\":{\"@id\":\"https:\/\/carleton.ca\/utili\/louis-catar\/#breadcrumb\"},\"inLanguage\":\"en-US\",\"potentialAction\":[{\"@type\":\"ReadAction\",\"target\":[\"https:\/\/carleton.ca\/utili\/louis-catar\/\"]}]},{\"@type\":\"BreadcrumbList\",\"@id\":\"https:\/\/carleton.ca\/utili\/louis-catar\/#breadcrumb\",\"itemListElement\":[{\"@type\":\"ListItem\",\"position\":1,\"name\":\"Home\",\"item\":\"https:\/\/carleton.ca\/utili\/\"},{\"@type\":\"ListItem\",\"position\":2,\"name\":\"Louis Catar\"}]},{\"@type\":\"WebSite\",\"@id\":\"https:\/\/carleton.ca\/utili\/#website\",\"url\":\"https:\/\/carleton.ca\/utili\/\",\"name\":\"UTILI\",\"description\":\"Carleton University\",\"potentialAction\":[{\"@type\":\"SearchAction\",\"target\":{\"@type\":\"EntryPoint\",\"urlTemplate\":\"https:\/\/carleton.ca\/utili\/?s={search_term_string}\"},\"query-input\":\"required name=search_term_string\"}],\"inLanguage\":\"en-US\"}]}<\/script>\n<!-- \/ Yoast SEO plugin. -->","yoast_head_json":{"title":"Louis Catar - UTILI","description":"Student Bio Louis Catar is a French double-degree student. After two years of preparatory classes for the leading universities in mathematics,","robots":{"index":"index","follow":"follow","max-snippet":"max-snippet:-1","max-image-preview":"max-image-preview:large","max-video-preview":"max-video-preview:-1"},"canonical":"https:\/\/carleton.ca\/utili\/louis-catar\/","twitter_misc":{"Est. reading time":"1 minute"},"schema":{"@context":"https:\/\/schema.org","@graph":[{"@type":"WebPage","@id":"https:\/\/carleton.ca\/utili\/louis-catar\/","url":"https:\/\/carleton.ca\/utili\/louis-catar\/","name":"Louis Catar - UTILI","isPartOf":{"@id":"https:\/\/carleton.ca\/utili\/#website"},"datePublished":"2021-02-04T18:58:51+00:00","dateModified":"2023-01-20T13:51:58+00:00","description":"Student Bio Louis Catar is a French double-degree student. After two years of preparatory classes for the leading universities in mathematics,","breadcrumb":{"@id":"https:\/\/carleton.ca\/utili\/louis-catar\/#breadcrumb"},"inLanguage":"en-US","potentialAction":[{"@type":"ReadAction","target":["https:\/\/carleton.ca\/utili\/louis-catar\/"]}]},{"@type":"BreadcrumbList","@id":"https:\/\/carleton.ca\/utili\/louis-catar\/#breadcrumb","itemListElement":[{"@type":"ListItem","position":1,"name":"Home","item":"https:\/\/carleton.ca\/utili\/"},{"@type":"ListItem","position":2,"name":"Louis Catar"}]},{"@type":"WebSite","@id":"https:\/\/carleton.ca\/utili\/#website","url":"https:\/\/carleton.ca\/utili\/","name":"UTILI","description":"Carleton University","potentialAction":[{"@type":"SearchAction","target":{"@type":"EntryPoint","urlTemplate":"https:\/\/carleton.ca\/utili\/?s={search_term_string}"},"query-input":"required name=search_term_string"}],"inLanguage":"en-US"}]}},"acf":{"banner_image_type":"none","banner_button":"no"},"_links":{"self":[{"href":"https:\/\/carleton.ca\/utili\/wp-json\/wp\/v2\/pages\/679"}],"collection":[{"href":"https:\/\/carleton.ca\/utili\/wp-json\/wp\/v2\/pages"}],"about":[{"href":"https:\/\/carleton.ca\/utili\/wp-json\/wp\/v2\/types\/page"}],"author":[{"embeddable":true,"href":"https:\/\/carleton.ca\/utili\/wp-json\/wp\/v2\/users\/7"}],"replies":[{"embeddable":true,"href":"https:\/\/carleton.ca\/utili\/wp-json\/wp\/v2\/comments?post=679"}],"version-history":[{"count":3,"href":"https:\/\/carleton.ca\/utili\/wp-json\/wp\/v2\/pages\/679\/revisions"}],"predecessor-version":[{"id":997,"href":"https:\/\/carleton.ca\/utili\/wp-json\/wp\/v2\/pages\/679\/revisions\/997"}],"wp:attachment":[{"href":"https:\/\/carleton.ca\/utili\/wp-json\/wp\/v2\/media?parent=679"}],"curies":[{"name":"wp","href":"https:\/\/api.w.org\/{rel}","templated":true}]}}