{"id":85,"date":"2023-03-11T19:59:04","date_gmt":"2023-03-12T00:59:04","guid":{"rendered":"https:\/\/carleton.ca\/viau\/?page_id=85"},"modified":"2026-01-24T09:44:00","modified_gmt":"2026-01-24T14:44:00","slug":"publications","status":"publish","type":"page","link":"https:\/\/carleton.ca\/viau\/publications\/","title":{"rendered":"Publications"},"content":{"rendered":"\n<section class=\"w-screen px-6 cu-section cu-section--white ml-offset-center md:px-8 lg:px-14\">\n    <div class=\"space-y-6 cu-max-w-child-5xl  md:space-y-10 cu-prose-first-last\">\n\n            <div class=\"cu-textmedia flex flex-col lg:flex-row mx-auto gap-6 md:gap-10 my-6 md:my-12 first:mt-0 max-w-5xl\">\n        <div class=\"justify-start cu-textmedia-content cu-prose-first-last\" style=\"flex: 0 0 100%;\">\n            <header class=\"font-light prose-xl cu-pageheader md:prose-2xl cu-component-updated cu-prose-first-last\">\n                                    <h1 class=\"cu-prose-first-last font-semibold !mt-2 mb-4 md:mb-6 relative after:absolute after:h-px after:bottom-0 after:bg-cu-red after:left-px text-3xl md:text-4xl lg:text-5xl lg:leading-[3.5rem] pb-5 after:w-10 text-cu-black-700 not-prose\">\n                        Publications\n                    <\/h1>\n                \n                                \n                                    \n\n<p>Publications can also be found on my&nbsp;<a href=\"https:\/\/www.researchgate.net\/profile\/Christian-Viau-2\" target=\"_blank\" rel=\"noreferrer noopener\">ResearchGate<\/a>&nbsp;and&nbsp;<a href=\"https:\/\/scholar.google.com\/citations?hl=en&amp;user=mEANx7EAAAAJ&amp;view_op=list_works&amp;sortby=pubdate\" target=\"_blank\" rel=\"noreferrer noopener\">Google Scholar<\/a>.&nbsp;Underlined&nbsp;names are student authors.<\/p>\n\n\n                            <\/header>\n\n                    <\/div>\n\n            <\/div>\n\n    <\/div>\n<\/section>\n\n\n\n<h2 id=\"journal-articles\" class=\"wp-block-heading\">Journal Articles<\/h2>\n\n\n\n<p>J17.\u00a0\u00a0<span style=\"text-decoration: underline\">Yinka-Adewale, O<\/span>. and <strong>Viau, C.<\/strong> (2026). \u201cBehavior of Nail-Laminated Timber Panels Subjected to Concentrated Loads.\u201d Journal of Structural Engineering, 152(4), 04026015. <a href=\"https:\/\/doi.org\/10.1061\/JSENDH.STENG-15501\" target=\"_blank\" rel=\"noreferrer noopener\">Link<\/a>.<\/p>\n\n\n\n<p>J16.&nbsp;&nbsp;<span style=\"text-decoration: underline\">Seyedrazavi, S<\/span>.<strong>&nbsp;<\/strong>and&nbsp;<strong>Viau, C.&nbsp;<\/strong>(2025). \u201cPost-Fire Structural Performance of Glued-Laminated Timber Columns Subjected to Real Fires.\u201d Structures, 75, 108772.&nbsp;<a href=\"https:\/\/doi.org\/10.1016\/j.istruc.2025.108772\" target=\"_blank\" rel=\"noreferrer noopener\">Link<\/a>.<\/p>\n\n\n\n<p>J15.&nbsp;&nbsp;&nbsp;<span style=\"text-decoration: underline\">Wight, N.<\/span>,&nbsp;<strong>Viau, C.,&nbsp;<\/strong>and Heffernan, P. J. (2025). \u201cCold Temperature Effects on the Impact Behaviour of Glued-Laminated Timber Beams.\u201d International Journal of Impact Engineering, 195, 105135.&nbsp;<a href=\"https:\/\/doi.org\/10.1016\/j.ijimpeng.2024.105135\" target=\"_blank\" rel=\"noreferrer noopener\">Link<\/a><\/p>\n\n\n\n<p>J14.&nbsp; <u>Baird, Z.<\/u>, Woods, J., <strong>Viau, C., <\/strong>and Doudak, G. (2024). \u201cCyclic Behaviour of Bolted Glued-Laminated Timber Brace Connections with Slotted-in Steel Plates.\u201d Journal of Structural Engineering, 150(7), 04024068. <a href=\"https:\/\/ascelibrary.org\/doi\/10.1061\/JSENDH.STENG-13012\" target=\"_blank\" rel=\"noopener noreferrer\">Link<\/a><\/p>\n\n\n\n<p>J13.&nbsp;&nbsp; <u>Wight, N.<\/u>, <strong>Viau, C., <\/strong>and Heffernan, P. J. (2024). \u201cBehaviour of glued-laminated timber beams under impact loading.&#8221; Canadian Journal of Civil Engineering, Special Issue on Advances in Mass Timber Research. <a href=\"https:\/\/doi.org\/10.1139\/cjce-2023-0298\" target=\"_blank\" rel=\"noopener noreferrer\">Link<\/a><\/p>\n\n\n\n<p>J12.&nbsp;&nbsp; <u>Oliveira, D.<\/u>,&nbsp;<strong>Viau, C.<\/strong>, and Doudak, G. (2023). \u201cModelling the behaviour of heavy and mass timber members subjected to blast loads.&#8221; Engineering Structures, 291(1), 116397. <a href=\"https:\/\/doi.org\/10.1016\/j.engstruct.2023.116397\" target=\"_blank\" rel=\"noopener noreferrer\">Link<\/a><\/p>\n\n\n\n<p>J11.&nbsp;&nbsp;&nbsp;<u>Oliveira, D.<\/u>,&nbsp;<strong>Viau, C.<\/strong>, and Doudak, G. (2023). \u201cBehaviour of Mass Timber Members Subjected to Consecutive Blast Loads.\u201d International Journal of Impact Engineering, 173(1), 104454. <a href=\"https:\/\/doi.org\/10.1016\/j.ijimpeng.2022.104454\" target=\"_blank\" rel=\"noopener noreferrer\">Link<\/a><\/p>\n\n\n\n<p>J10.&nbsp; Doudak, G.,&nbsp;<strong>Viau, C.<\/strong>, and Lacroix, D. N. (2022). \u201cProposed Design Methods for Timber Members Subjected to Blast Loads.\u201d Journal of Performance of Constructed Facilities, 36(3), 04022020. <a href=\"https:\/\/doi.org\/10.1061\/(ASCE)CF.1943-5509.0001723\" target=\"_blank\" rel=\"noopener noreferrer\">Link<\/a><\/p>\n\n\n\n<p>J9.&nbsp; &nbsp;Lacroix, D.,&nbsp;<strong>Viau, C.<\/strong>, Battelli, E., and Doudak, G. (2021). \u201cEnhancing the Performance of Light-Frame Stud Walls Subjected to Blast Loading Using FRP.\u201d Engineering Structures, 245(1), 112973. <a href=\"https:\/\/doi.org\/10.1016\/j.engstruct.2021.112973\" target=\"_blank\" rel=\"noopener noreferrer\">Link<\/a><\/p>\n\n\n\n<p>J8.&nbsp;&nbsp;&nbsp;<strong>Viau, C. <\/strong>and Doudak, G. (2021). \u201cDynamic Analysis Methods for Modelling Timber Assemblies Subjected to Blast Loading.\u201d Engineering Structures, 233(1), 111945. <a href=\"https:\/\/doi.org\/10.1016\/j.engstruct.2021.111945\" target=\"_blank\" rel=\"noopener noreferrer\">Link<\/a><\/p>\n\n\n\n<p>J7.&nbsp;&nbsp;&nbsp;<strong>Viau, C. <\/strong>and Doudak, G. (2021). \u201cEnergy-Absorbing Connection for Heavy-Timber Assemblies Subjected to Blast Loads \u2013 Concept Development and Application.\u201d Journal of Structural Engineering, 147(4), 04021027. <a href=\"https:\/\/doi.org\/10.1061\/(ASCE)ST.1943-541X.0002975\" target=\"_blank\" rel=\"noopener noreferrer\">Link<\/a><\/p>\n\n\n\n<p>J6.&nbsp;&nbsp;&nbsp;<strong>Viau, C. <\/strong>and Doudak, G. (2020). \u201cBehavior and Modeling of Glulam Beams with Bolted Connections Subjected to Shock Tube\u2013Simulated Blast Loads.\u201d Journal of Structural Engineering, 147(1), 04020305. <a href=\"https:\/\/doi.org\/10.1061\/(ASCE)ST.1943-541X.0002876\" target=\"_blank\" rel=\"noopener noreferrer\">Link<\/a><\/p>\n\n\n\n<p>J5.&nbsp;&nbsp;&nbsp;<strong>Viau, C. <\/strong>and Doudak, G. (2019). \u201cBehaviour and Modelling of Cross-Laminated Timber Panels with Boundary Connections Subjected to Blast Loads.\u201d Engineering Structures, 197(1), 109404. <a href=\"https:\/\/doi.org\/10.1016\/j.engstruct.2019.109404\" target=\"_blank\" rel=\"noopener noreferrer\">Link<\/a><\/p>\n\n\n\n<p>J4. &nbsp;&nbsp;Poulin, M.,&nbsp;<strong>Viau, C.<\/strong>, Lacroix, D.N., and Doudak, G. (2018). \u201cExperimental and Analytical Investigation of Cross-Laminated Timber Panels Subjected to Out-of-Plane Blast Loads.\u201d Journal of Structural Engineering, 144(2), 04017197. <a href=\"https:\/\/doi.org\/10.1061\/(ASCE)ST.1943-541X.0001915\" target=\"_blank\" rel=\"noopener noreferrer\">Link<\/a><\/p>\n\n\n\n<p>J3.&nbsp; &nbsp;<strong>Viau, C.<\/strong>, Lacroix, D.N., and Doudak, G. (2017). \u201cDamage level assessment of response limits in light-frame wood stud walls subjected to blast loading.\u201d Canadian Journal of Civil Engineering, 44(2), 106-116. <a href=\"https:\/\/doi.org\/10.1139\/cjce-2015-0418\" target=\"_blank\" rel=\"noopener noreferrer\">Link<\/a><\/p>\n\n\n\n<p>J2. &nbsp;&nbsp;<strong>Viau, C.<\/strong>&nbsp;and Doudak, G. (2016). \u201cInvestigating the Behavior of Light-Frame Wood Stud Walls Subjected to Severe Blast Loading.\u201d Journal of Structural Engineering, 142(12), 04016138. <a href=\"https:\/\/doi.org\/10.1061\/(ASCE)ST.1943-541X.0001622\" target=\"_blank\" rel=\"noopener noreferrer\">Link<\/a><\/p>\n\n\n\n<p>J1. &nbsp;&nbsp;<strong>Viau, C.<\/strong>&nbsp;and Doudak, G. (2016). \u201cInvestigating the behaviour of typical and designed wall-to-floor connections in light-frame wood stud wall structures subjected to blast loading.\u201d Canadian Journal of Civil Engineering, 43(6), 562-572. <a href=\"https:\/\/doi.org\/10.1139\/cjce-2015-0452\" target=\"_blank\" rel=\"noopener noreferrer\">Link<\/a><\/p>\n\n\n\n<h2 id=\"conference-publications\" class=\"wp-block-heading\">Conference Publications<\/h2>\n\n\n\n<p>C33.&nbsp; <u>Czorny, T.,<\/u> <u>Saloo, M.,<\/u> <strong>Viau, C.<\/strong>, and Helal, A. (2025). \u201cOverview on the Behaviour of Mass-Timber Members Subjected to Contact Charges and Near-field Blast Loads.\u201d Proceedings of the 2025 World Conference on Timber Engineering, Brisbane, Australia. <a href=\"https:\/\/doi.org\/10.52202\/080513-0062\" target=\"_blank\" rel=\"noopener\">Link<\/a>.<\/p>\n\n\n\n<p>C32.&nbsp; <u>Saloo, M.<\/u> and <strong>Viau, C.<\/strong> (2025). \u201cModelling of Cross-Laminated Timber Panels Subjected to Contact Charges and Near-Field Blast Loads.\u201d Proceedings of the 2025 World Conference on Timber Engineering, Brisbane, Australia. <a href=\"https:\/\/doi.org\/10.52202\/080513-0064\" target=\"_blank\" rel=\"noopener\">Link<\/a>.<\/p>\n\n\n\n<p>C31.&nbsp; <u>Saloo, M.<\/u>, <strong>Viau, C.<\/strong>, and Doudak, G. (2025). \u201cHigh-Fidelity Finite Element Modelling of Timber Members Subjected to Far-Field Blast Loads.\u201d Proceedings of the 2025 World Conference on Timber Engineering, Brisbane, Australia. <a href=\"https:\/\/doi.org\/10.52202\/080513-0063\" target=\"_blank\" rel=\"noopener\">Link<\/a>.<\/p>\n\n\n\n<p>C30.&nbsp; <u>Gholami, M.<\/u>, <strong>Viau, C.<\/strong>, and Doudak, G. (2025). \u201cSeismic Collapse Assessment of Timber Braced Frames with Friction Joints Using FEMA P695 Methodology.\u201d Proceedings of the 2025 World Conference on Timber Engineering, Brisbane, Australia. <a href=\"https:\/\/doi.org\/10.52202\/080513-0546\" target=\"_blank\" rel=\"noopener\">Link<\/a>.<\/p>\n\n\n\n<p>C29.&nbsp; <strong>Viau, C.<\/strong>, B\u00e9rub\u00e9, A., and Doudak, G. (2025). \u201cProposed Approach for the Design of Timber Connections Subjected to Blast Loading.\u201d Proceedings of the 2025 World Conference on Timber Engineering, Brisbane, Australia. <a href=\"http:\/\/dx.doi.org\/10.52202\/080513-0129\" target=\"_blank\" rel=\"noopener\">Link<\/a>.<\/p>\n\n\n\n<p>C28.&nbsp; <u>Yinka-Adewale, O.<\/u>&nbsp;and <strong>Viau, C.<\/strong> (2024). \u201cFlexural Performance of Mechanically Laminated Timber Panels Under Concentrated Forces.\u201d CSCE 2024 Annual Conference, Canadian Society for Civil Engineering, Niagara, ON, Canada. <a href=\"https:\/\/link.springer.com\/chapter\/10.1007\/978-3-031-95288-3_17\" target=\"_blank\" rel=\"noreferrer noopener\">Link<\/a>.<\/p>\n\n\n\n<p>C27.&nbsp; <u>Baird, Z.<\/u>, Woods, J., <strong>Viau, C., <\/strong>and Doudak, G. (2023). \u201cDesign Considerations of Braced Frame Bolted Glulam Timber Connections with Internal Steel Plates.\u201d Proceedings of the Canadian Conference &#8211; Pacific Conference on Earthquake Engineering, Vancouver, BC, Canada.<\/p>\n\n\n\n<p>C26.&nbsp; Fink, G., Jockwer, R., \u0160u\u0161ter\u0161i\u010d, I., Stepinac, M., Palma, P., Bedon, C., Casagrande, D., Franke, S., D\u2019Arenzo, G., Brandon, D., and <strong>Viau, C.<\/strong> (2023). \u201cHolistic Design of Taller Timber Buildings \u2013 COST Action HELEN (CA20139).\u201d Proceedings of the 2023 World Conference on Timber Engineering, Oslo, Norway.<\/p>\n\n\n\n<p>C25.&nbsp; <u>Baird, Z.<\/u>, Woods, J., <strong>Viau, C., <\/strong>and Doudak, G. (2023). \u201cSeismic Performance of Bolted Glulam Timber Brace Connections with Internal Steel Plates.\u201d Proceedings of the 2023 World Conference on Timber Engineering, Oslo, Norway.<\/p>\n\n\n\n<p>C24.&nbsp; <u>Wight, N.<\/u>, <strong>Viau, C., <\/strong>and Heffernan, P. J. (2023). \u201cGlued-Laminated Timber Under Extreme Cold Temperatures Subjected to Impact Loading.\u201d Proceedings of the 2023 World Conference on Timber Engineering, Oslo, Norway.<\/p>\n\n\n\n<p>C23.&nbsp; <u>Oliveira, D.<\/u>, <strong>Viau, C., <\/strong>and Doudak, G. (2023). \u201cPredictive Capabilities of Finite Element Modelling for Timber Members Subjected to Blast Loads.\u201d Proceedings of the 2023 World Conference on Timber Engineering, Oslo, Norway.<\/p>\n\n\n\n<p>C22.&nbsp; Doudak, G., <strong>Viau, C., <\/strong>and Lacroix, D. (2023). \u201cLessons Learned from a Decade of Research on Wood Assemblies Under Blast Loading.\u201d Proceedings of the 2023 World Conference on Timber Engineering, Oslo, Norway.<\/p>\n\n\n\n<p>C21.&nbsp; Doudak, G.,&nbsp;<strong>Viau, C.,&nbsp;<\/strong>and Lacroix, D. (2022). \u201d Proposed Design Methodologies for Timber Assemblies Subjected to Blast Loading.\u201d 9th Meeting of the International Network on Timber Engineering Research (INTER), Meeting 55, Bad Aibling, Germany.<\/p>\n\n\n\n<p>C20.&nbsp;&nbsp;<u>Wight, N.<\/u>,&nbsp;<strong>Viau, C.<\/strong>, and Heffernan, P. (2022). \u201cBehaviour and Resistance of Glued-Laminated Timber Subjected to Impact Loading.\u201d CSCE 2022 Annual Conference, Canadian Society for Civil Engineering, Whistler, BC, Canada.<\/p>\n\n\n\n<p>C19.&nbsp;&nbsp;<u>Oliveira, D.<\/u>,&nbsp;<strong>Viau, C.<\/strong>, and Doudak, G. (2022). \u201cBehaviour of Heavy Timber Members Subjected to Sequential Shocktube-Simulated Blast Loads.\u201d CSCE 2022 Annual Conference, Canadian Society for Civil Engineering, Whistler, BC, Canada.<\/p>\n\n\n\n<p>C18.&nbsp;&nbsp;<u>Oliveira, D.<\/u>,&nbsp;<strong>Viau, C.<\/strong>, and Doudak, G. (2022). \u201cModelling of Heavy Timber Members Subjected to Sequential Shocktube-Simulated Blast Loads.\u201d CSCE 2022 Annual Conference, Canadian Society for Civil Engineering, Whistler, BC, Canada.<\/p>\n\n\n\n<p>C17.&nbsp; B\u00e9rub\u00e9, A.,&nbsp;<strong>Viau, C.<\/strong>, and Doudak, G. (2022). \u201cStatic and Dynamic Characterization of Energy-Absorbing Connections Used in Timber Assemblies Subjected to Blast Loads.\u201d CSCE 2022 Annual Conference, Canadian Society for Civil Engineering, Whistler, BC, Canada.<\/p>\n\n\n\n<p>C16.&nbsp;&nbsp;&nbsp;<strong>Viau, C.,&nbsp;<\/strong>and Doudak, G. (2021). \u201cBlast Performance of Glulam Assemblies with Bolted End Connections.\u201d Proceedings of the 2021 World Conference on Timber Engineering, Santiago, Chile.<\/p>\n\n\n\n<p>C15.&nbsp;&nbsp;&nbsp;<strong>Viau, C.,&nbsp;<\/strong>and Doudak, G. (2021). \u201cEnhancing the Blast Performance of Heavy- and Mass-Timber Assemblies using Energy-Absorbing Connections.\u201d Proceedings of the 2021 World Conference on Timber Engineering, Santiago, Chile.<\/p>\n\n\n\n<p>C14.&nbsp; &nbsp;McGrath, A.,&nbsp;<strong>Viau, C.,&nbsp;<\/strong>and Doudak, G. (2021). \u201cEffects of Blast Loading on the Behaviour of Slender Bolted Timber Connections.\u201d Proceedings of the 2021 World Conference on Timber Engineering, Santiago, Chile.<\/p>\n\n\n\n<p>C13.&nbsp; &nbsp;Battelli, E., Lacroix, D.,&nbsp;<strong>Viau, C.,&nbsp;<\/strong>and Doudak, G. (2021). \u201cFRP-Retrofitted Light-Frame Wood Studs and Stud Walls Subjected to Simulated Blast Loading.\u201d Proceedings of the 2021 World Conference on Timber Engineering, Santiago, Chile.<\/p>\n\n\n\n<p>C12.&nbsp;<strong>Viau, C.<\/strong>, and Doudak, G. (2019). \u201cAnalytical Modelling of Heavy Timber Assemblies with Realistic Boundary Conditions Subjected to Blast Loading.\u201d CSCE 2019 Annual Conference, Canadian Society for Civil Engineering, Laval, QC, Canada.<\/p>\n\n\n\n<p>C11.&nbsp;<strong>Viau, C.<\/strong>, and Doudak, G. (2019). \u201cEffect of High Strain-Rates on Heavy Timber Connections.\u201d CSCE 2019 Annual Conference, Canadian Society for Civil Engineering, Laval, QC, Canada.<\/p>\n\n\n\n<p>C10. McGrath, A.,&nbsp;<strong>Viau, C.<\/strong>, and Doudak, G. (2019). \u201cInvestigating the Response of Bolted Wood Connections to the Effects of Blast Loading.\u201d CSCE 2019 Annual Conference, Canadian Society for Civil Engineering, Laval, QC, Canada.<\/p>\n\n\n\n<p>C9.&nbsp;&nbsp;&nbsp;<strong>Viau, C.<\/strong>, Lacroix, D., and Doudak, G.&nbsp; (2018). \u201cDesign Considerations for Cross-Laminated Timber Panels Subjected to Simulated Blast Loads.\u201d Proceedings of the CSCE 2018 Annual Conference, Canadian Society for Civil Engineering, Fredericton, NB, Canada.<\/p>\n\n\n\n<p>C8.&nbsp;&nbsp; C\u00f4t\u00e9, D.,&nbsp;<strong>Viau, C.<\/strong>, Lacroix, D., and Doudak, G.&nbsp; (2018). \u201cBlast Performance of Cross-Laminated Timber Panels with Realistic Boundary Conditions.\u201d Proceedings of the CSCE 2018 Annual Conference, Canadian Society for Civil Engineering, Fredericton, NB, Canada.<\/p>\n\n\n\n<p>C7.&nbsp;&nbsp; Lacroix, D.,&nbsp;<strong>Viau, C.<\/strong>, and Doudak, G.&nbsp; (2018). \u201cDesign Considerations for Glulam Beams and Columns Under High Strain-Rates.\u201d Proceedings of the CSCE 2018 Annual Conference, Canadian Society for Civil Engineering, Fredericton, NB, Canada.<\/p>\n\n\n\n<p>C6.&nbsp;&nbsp;&nbsp; Lacroix, D.,&nbsp;<strong>Viau, C.<\/strong>, C\u00f4t\u00e9, D., Poulin, M., Lopez, A., and Doudak, G. (2016). \u201cOverview on the structural performance of timber structures under the effects of blast loading \u2013 research and design considerations.\u201d Structures and Architecture, CRC Press, Guimar\u00e3es, Portugal, 67-74. <a href=\"https:\/\/doi.org\/10.1201\/b20891\" target=\"_blank\" rel=\"noopener noreferrer\">Link<\/a><\/p>\n\n\n\n<p>C5.&nbsp;&nbsp;&nbsp;<strong>Viau, C.<\/strong>, and Doudak, G. (2016). \u201cInvestigating the dynamic response of light-frame wood stud walls with various boundary connections when subjected to blast loads.\u201d Proceedings of the World Conference on Timber Engineering, Vienna, Austria.<\/p>\n\n\n\n<p>C4.&nbsp;&nbsp;&nbsp;<strong>Viau, C.<\/strong>, and Doudak, G. (2016). \u201cEstablishing the Failure Sequence of Light-Frame Wood Stud Walls Under the Effects of Blast Loads.\u201d Proceedings of the World Conference on Timber Engineering, Vienna, Austria.<\/p>\n\n\n\n<p>C3. &nbsp;&nbsp;<strong>Viau, C.<\/strong>, and Doudak, G. (2015). \u201cBehaviour and Retrofit Options for Light-Frame Wood Stud Walls Subjected to Blast Loads.\u201d Proceedings of the 11th International Conference on Shock and Impact Loads on Structures, CI-Premier Conference Organisation, Ottawa, ON, 363-371.<\/p>\n\n\n\n<p>C2. &nbsp;&nbsp;<strong>Viau, C.<\/strong>, Lacroix, D. N., and Doudak, G. (2015). \u201cProposed Damage Level Assessment of Response Limits in Light-Frame Wood Stud Walls Subjected to Blast Loading.\u201d Proceedings of the 11th International Conference on Shock and Impact Loads on Structures, CI-Premier Conference Organisation, Ottawa, ON, 373-382.<\/p>\n\n\n\n<p>C1. &nbsp;&nbsp;Lacroix, D. N.,&nbsp;<strong>Viau, C.<\/strong>, and Doudak, G. (2014). \u201cFlexural response of glued laminated (glulam) beams subjected to blast loads.\u201d Proceedings of the World Conference on Timber Engineering, Quebec City, QC, Canada.<\/p>\n\n\n\n<h2 id=\"book-chapters\" class=\"wp-block-heading\">Book Chapters<\/h2>\n\n\n\n<p><\/p>\n\n\n\n<p> <strong>Viau, C<\/strong>., Kaplan, O.,Krouma, A., Tamagnone, G., Brandon, D., Wiesner, F., Tatar, T., and Casagrande, D. (2025). \u201cTowards a multi-hazard framework for the design of taller timber structures.\u201d In G. Fink et al. (Eds.), <em>Holistic Design of Taller Timber Buildings.<\/em> Springer Tracts in Civil Engineering, Springer. <a href=\"https:\/\/doi.org\/10.1007\/978-3-032-02098-7_24\">Link.<\/a><\/p>\n\n\n\n<p><strong>Viau, C<\/strong>., Krouma, A.,and Doudak, G. (2025). \u201cDesign of timber structures subjected to blast loads.\u201d In G. Fink et al. (Eds.), <em>Holistic Design of Taller Timber Buildings.<\/em> Springer Tracts in Civil Engineering, Springer. <a href=\"https:\/\/doi.org\/10.1007\/978-3-032-02098-7_23\">Link.<\/a><\/p>\n\n\n\n<p>Casagrande D., Brandon D., D\u2019Arenzo G., <strong>Viau C.<\/strong>, and Barber D. (Eds.) (2022). \u201cDesign of taller timber buildings subjected to accidental loads: a state-of-the-art review.\u201d COST Action CA 20139 Holistic design of taller timber buildings (HELEN). <a href=\"https:\/\/cahelen.eu\/wp-content\/uploads\/2022\/12\/CA20139_STAR_FULL.pdf\" target=\"_blank\" rel=\"noopener\">Link<\/a>.<\/p>\n\n\n\n<h2 id=\"magazine-articles\" class=\"wp-block-heading\">Magazine Articles<\/h2>\n\n\n\n<p><strong>Viau, C.,&nbsp;<\/strong>and Doudak, G. (2024). \u201cHarnessing and Improving Upon the Strengths of Wood Against Blast Loads in Modern Mass-Timber Structures\u201d, in&nbsp;<em>Canadian Civil Engineer (CIVIL) &#8211; Spring\/Summer 2024 edition<\/em>, Canadian Society for Civil Engineering (CSCE), pp. 21-23.&nbsp;<a href=\"https:\/\/www.kelmanonline.com\/httpdocs\/files\/CSCE\/civilspring-summer2024\/index.html\" target=\"_blank\" rel=\"noopener noreferrer\">Link<\/a>.<\/p>\n","protected":false},"excerpt":{"rendered":"<p>Journal Articles J17.\u00a0\u00a0Yinka-Adewale, O. and Viau, C. (2026). \u201cBehavior of Nail-Laminated Timber Panels Subjected to Concentrated Loads.\u201d Journal of Structural Engineering, 152(4), 04026015. Link. J16.&nbsp;&nbsp;Seyedrazavi, S.&nbsp;and&nbsp;Viau, C.&nbsp;(2025). \u201cPost-Fire Structural Performance of Glued-Laminated Timber Columns Subjected to Real Fires.\u201d Structures, 75, 108772.&nbsp;Link. J15.&nbsp;&nbsp;&nbsp;Wight, N.,&nbsp;Viau, C.,&nbsp;and Heffernan, P. J. (2025). \u201cCold Temperature Effects on the Impact Behaviour [&hellip;]<\/p>\n","protected":false},"author":2,"featured_media":0,"parent":0,"menu_order":0,"comment_status":"closed","ping_status":"closed","template":"","meta":{"_acf_changed":false,"_cu_dining_location_slug":"","footnotes":"","_links_to":"","_links_to_target":""},"cu_page_type":[],"class_list":["post-85","page","type-page","status-publish","hentry"],"acf":{"cu_post_thumbnail":""},"_links":{"self":[{"href":"https:\/\/carleton.ca\/viau\/wp-json\/wp\/v2\/pages\/85","targetHints":{"allow":["GET"]}}],"collection":[{"href":"https:\/\/carleton.ca\/viau\/wp-json\/wp\/v2\/pages"}],"about":[{"href":"https:\/\/carleton.ca\/viau\/wp-json\/wp\/v2\/types\/page"}],"author":[{"embeddable":true,"href":"https:\/\/carleton.ca\/viau\/wp-json\/wp\/v2\/users\/2"}],"replies":[{"embeddable":true,"href":"https:\/\/carleton.ca\/viau\/wp-json\/wp\/v2\/comments?post=85"}],"version-history":[{"count":5,"href":"https:\/\/carleton.ca\/viau\/wp-json\/wp\/v2\/pages\/85\/revisions"}],"predecessor-version":[{"id":718,"href":"https:\/\/carleton.ca\/viau\/wp-json\/wp\/v2\/pages\/85\/revisions\/718"}],"wp:attachment":[{"href":"https:\/\/carleton.ca\/viau\/wp-json\/wp\/v2\/media?parent=85"}],"wp:term":[{"taxonomy":"cu_page_type","embeddable":true,"href":"https:\/\/carleton.ca\/viau\/wp-json\/wp\/v2\/cu_page_type?post=85"}],"curies":[{"name":"wp","href":"https:\/\/api.w.org\/{rel}","templated":true}]}}