{"id":332,"date":"2022-10-28T14:57:56","date_gmt":"2022-10-28T18:57:56","guid":{"rendered":"https:\/\/carleton.ca\/warinukraineobservatory\/warinukraineobservatory\/?page_id=332"},"modified":"2025-11-12T09:45:55","modified_gmt":"2025-11-12T14:45:55","slug":"ukraine-and-nato","status":"publish","type":"page","link":"https:\/\/carleton.ca\/warinukraineobservatory\/ukraine-and-nato\/","title":{"rendered":"Ukraine and NATO"},"content":{"rendered":"\n<section class=\"w-screen px-6 cu-section cu-section--white ml-offset-center md:px-8 lg:px-14\">\n    <div class=\"space-y-6 cu-max-w-child-5xl  md:space-y-10 cu-prose-first-last\">\n\n            <div class=\"cu-textmedia flex flex-col lg:flex-row mx-auto gap-6 md:gap-10 my-6 md:my-12 first:mt-0 max-w-5xl\">\n        <div class=\"justify-start cu-textmedia-content cu-prose-first-last\" style=\"flex: 0 0 100%;\">\n            <header class=\"font-light prose-xl cu-pageheader md:prose-2xl cu-component-updated cu-prose-first-last\">\n                                    <h1 class=\"cu-prose-first-last font-semibold !mt-2 mb-4 md:mb-6 relative after:absolute after:h-px after:bottom-0 after:bg-cu-red after:left-px text-3xl md:text-4xl lg:text-5xl lg:leading-[3.5rem] pb-5 after:w-10 text-cu-black-700 not-prose\">\n                        Ukraine and NATO\n                    <\/h1>\n                \n                                \n                            <\/header>\n\n                    <\/div>\n\n            <\/div>\n\n    <\/div>\n<\/section>\n\n\n\n<div class=\"cu-section cu-section--white w-screen ml-offset-center px-4 md:px-6 lg:px-12\"><div class=\"cu-max-w-child-5xl space-y-6 md:space-y-10   cu-prose-first-last\"><figure class=\"cu-figure not-prose  max-w-full\"><div class=\"not-prose overflow-hidden bg-white shadow-lg max-w-full rounded-none\"><div class=\"relative none overflow-hidden w-full pb-[56.25%] border border-cu-black-100\"><iframe title=\"Videos Embed\" src=\"https:\/\/www.youtube.com\/embed\/JCO5XF3ZgQM\" class=\"cu-embed-iframe\" allow=\"accelerometer; autoplay; clipboard-write; encrypted-media; gyroscope; picture-in-picture; web-share\" allowfullscreen><\/iframe><\/div><\/div><\/figure><\/div><\/div>\n\n\n\n<div class=\"cu-section cu-section--white w-screen ml-offset-center px-4 md:px-6 lg:px-12\"><div class=\"cu-max-w-child-5xl space-y-6 md:space-y-10   cu-prose-first-last\"><figure class=\"cu-figure not-prose  max-w-full\"><div class=\"not-prose overflow-hidden bg-white shadow-lg max-w-full rounded-none\"><div class=\"relative none overflow-hidden w-full pb-[56.25%] border border-cu-black-100\"><iframe title=\"Videos Embed\" src=\"https:\/\/www.youtube.com\/embed\/-wwG3yg5rI4\" class=\"cu-embed-iframe\" allow=\"accelerometer; autoplay; clipboard-write; encrypted-media; gyroscope; picture-in-picture; web-share\" allowfullscreen><\/iframe><\/div><\/div><\/figure><\/div><\/div>\n\n\n\n<div class=\"wp-block-buttons is-layout-flex wp-block-buttons-is-layout-flex\">\n<div class=\"wp-block-button\"><a class=\"wp-block-button__link wp-element-button\" href=\"https:\/\/carleton.ca\/warinukraineobservatory\/warinukraineobservatory\/transatlantic-cooperation\/\">Return to Transatlantic Cooperation<\/a><\/div>\n<\/div>\n\n\n\n<h3 id=\"natoacademic-resources\" class=\"wp-block-heading\">NATO<br>\nAcademic Resources<\/h3>\n\n\n\n<p>Cross, S. (2015). NATO-Russia security challenges in the aftermath of Ukraine conflict: Managing Black Sea security and beyond. <em>Journal of Southeast European and Black Sea Studies<\/em>, 15(2), 151\u2013177. <a href=\"https:\/\/doi.org\/10.1080\/14683857.2015.1060017\" target=\"_blank\" rel=\"noopener noreferrer\">https:\/\/doi.org\/10.1080\/14683857.2015.1060017<\/a><\/p>\n\n\n\n<p>Diesen, G. (2015). EU and NATO relations with Russia: After the collapse of the Soviet Union. New York: Routledge.<\/p>\n\n\n\n<p>Duke, S., &amp; Gebhard, C. (2017). The EU\u2019s and NATO\u2019s dilemmas with Russia and the prospects for deconfliction. <em>European Security<\/em>, 26(3), 379-397. <a href=\"https:\/\/doi.org\/10.1080\/09662839.2017.1352577\" target=\"_blank\" rel=\"noopener noreferrer\">https:\/\/doi.org\/10.1080\/09662839.2017.1352577<\/a><\/p>\n\n\n\n<p>Kamp, K.H. (2014). From Wales to Warsaw: NATO\u2019s Future beyond the Ukraine Crisis. <em>American Foreign Policy Interests<\/em>, 36(6), 361\u2013365. <a href=\"https:\/\/doi.org\/10.1080\/10803920.2014.995544\" target=\"_blank\" rel=\"noopener noreferrer\">https:\/\/doi.org\/10.1080\/10803920.2014.995544<\/a><\/p>\n\n\n\n<p>Magula, J., Rouland, M., &amp; Zwack, P. (2022). NATO and Russia: defense and deterrence in a time of conflict. <em>Defence Studies<\/em>, 22(3), 502\u2013509. <a href=\"https:\/\/doi.org\/10.1080\/14702436.2022.2082957\" target=\"_blank\" rel=\"noopener noreferrer\">https:\/\/doi.org\/10.1080\/14702436.2022.2082957<\/a><\/p>\n\n\n\n<p>Marten, K. Z. (2017). Reducing tensions between Russia and NATO. <em>Council on Foreign Relations<\/em>. Report #79.<br>\n<a href=\"https:\/\/www.cfr.org\/report\/reducing-tensions-between-russia-and-nato\" target=\"_blank\" rel=\"noopener noreferrer\">https:\/\/www.cfr.org\/report\/reducing-tensions-between-russia-and-nato<\/a><\/p>\n\n\n\n<p>Meyer, C. O., De Franco, C., &amp; Otto, F. (2019). &#8220;Warning within EU Institutions and the Ukrainian-Russian Conflict of 2013\u20132014.&#8221; In <em>Warning about War Conflict, Persuasion and Foreign Policy.<\/em> Cambridge University Press. pp. 238\u2013264. DOI: <a href=\"https:\/\/doi.org\/10.1017\/9781108644006.009\" target=\"_blank\" rel=\"noopener noreferrer\">https:\/\/doi.org\/10.1017\/9781108644006.009<\/a><\/p>\n\n\n\n<p>Oguz, S. (2015). NATO\u2019s Mistakes That Paved the Way for Russia-Ukraine Crisis. <em>Karaden\u012bz Ara\u015ft\u0131rmalar\u0131<\/em>, 12(45), 1\u201312. <a href=\"https:\/\/doi.org\/10.12787\/KARAM940\" target=\"_blank\" rel=\"noopener noreferrer\">https:\/\/doi.org\/10.12787\/KARAM940<\/a><\/p>\n\n\n\n<p>Staack, M. (2018). Russia, the European Union and NATO : Is a \u201cnew normal\u201d possible? Verlag Barbara Budrich (1st edition).<\/p>\n\n\n\n<p>Uwa, O. G., &amp; Ade-Ibijola, A. O. (2022). An Unnecessary War of Fame: The East and West NATO\u2019s Enlargement Strategies and the Geopolitics of<\/p>\n\n\n\n<p>Russo-Ukrainian Conflict. <em>European-American Journals<\/em>. 10(4), 1-20. <a href=\"https:\/\/doi.org\/10.37745\/gjpsa.2013\/vol10n4120\" target=\"_blank\" rel=\"noopener noreferrer\">https:\/\/doi.org\/10.37745\/gjpsa.2013\/vol10n4120<\/a><\/p>\n\n\n\n<p>Wolff, A. T. (2015). The future of NATO enlargement after the Ukraine crisis. <em>International Affairs (London)<\/em>, 91(5), 1103\u20131121. <a href=\"https:\/\/doi.org\/10.1111\/1468-2346.12400\" target=\"_blank\" rel=\"noopener noreferrer\">https:\/\/doi.org\/10.1111\/1468-2346.12400<\/a><\/p>\n\n\n\n<p>&nbsp;<\/p>\n\n\n\n<h3 id=\"natonews-resources\" class=\"wp-block-heading\">NATO<br>\nNews Resources<\/h3>\n\n\n\n<p><a href=\"https:\/\/theconversation.com\/sweden-has-broken-its-neutrality-convention-and-sided-with-ukraine-does-this-matter-189062\">https:\/\/theconversation.com\/sweden-has-broken-its-neutrality-convention-and-sided-with-ukraine-does-this-matter-189062<\/a><\/p>\n\n\n\n<p><a href=\"https:\/\/www.reuters.com\/world\/europe\/ukraine-says-it-nato-should-determine-membership-2022-02-15\">https:\/\/www.reuters.com\/world\/europe\/ukraine-says-it-nato-should-determine-membership-2022-02-15<\/a><\/p>\n\n\n\n<p><a href=\"https:\/\/www.cnn.com\/2022\/10\/16\/politics\/nato-russia-exercises\/index.html\">https:\/\/www.cnn.com\/2022\/10\/16\/politics\/nato-russia-exercises\/index.html<\/a><\/p>\n\n\n\n<p><a href=\"https:\/\/www.reuters.com\/world\/europe\/nato-relocates-ukraine-staff-lviv-brussels-safety-reasons-2022-02-19\">https:\/\/www.reuters.com\/world\/europe\/nato-relocates-ukraine-staff-lviv-brussels-safety-reasons-2022-02-19<\/a><\/p>\n\n\n\n<p>&nbsp;<\/p>\n\n\n\n<p><strong>Podcasts:<\/strong><\/p>\n\n\n\n<p><a href=\"https:\/\/www.npr.org\/2022\/02\/26\/1083283223\/what-is-natos-role-in-responding-to-the-russia-ukraine-conflict\">https:\/\/www.npr.org\/2022\/02\/26\/1083283223\/what-is-natos-role-in-responding-to-the-russia-ukraine-conflict<\/a><\/p>\n\n\n\n<p>&nbsp;<\/p>\n\n\n\n<section class=\"w-screen px-6 cu-section cu-section--white ml-offset-center md:px-8 lg:px-14\">\n    <div class=\"space-y-6 cu-max-w-child-7xl  md:space-y-10 cu-prose-first-last\">\n\n        \n    <div class=\"grid gap-6 mx-auto my-6 cu-column md:gap-10 lg:grid-cols-3 md:my-10 first:mt-0\">\n        \n<div class=\"cu-column-content\">\n    \n\n<p>&nbsp;<\/p>\n\n\n\n<figure class=\"wp-block-image alignright is-resized\"><img loading=\"lazy\" decoding=\"async\" width=\"400\" height=\"400\" src=\"https:\/\/carleton.ca\/warinukraineobservatory\/wp-content\/uploads\/sites\/190\/cc.xlarge-400x400.png\" alt=\"Creative Commons logo\" class=\"wp-image-413\" style=\"object-fit:cover;width:100px;height:100px\" srcset=\"https:\/\/carleton.ca\/warinukraineobservatory\/wp-content\/uploads\/sites\/190\/cc.xlarge-400x400.png 400w, https:\/\/carleton.ca\/warinukraineobservatory\/wp-content\/uploads\/sites\/190\/cc.xlarge-160x160.png 160w, https:\/\/carleton.ca\/warinukraineobservatory\/wp-content\/uploads\/sites\/190\/cc.xlarge-240x240.png 240w, https:\/\/carleton.ca\/warinukraineobservatory\/wp-content\/uploads\/sites\/190\/cc.xlarge-768x768.png 768w, https:\/\/carleton.ca\/warinukraineobservatory\/wp-content\/uploads\/sites\/190\/cc.xlarge-200x200.png 200w, https:\/\/carleton.ca\/warinukraineobservatory\/wp-content\/uploads\/sites\/190\/cc.xlarge-360x360.png 360w, https:\/\/carleton.ca\/warinukraineobservatory\/wp-content\/uploads\/sites\/190\/cc.xlarge.png 1024w\" sizes=\"auto, (max-width: 400px) 100vw, 400px\" \/><\/figure>\n\n\n\n<p><\/p>\n\n\n<\/div>\n\n\n<div class=\"cu-column-content\">\n    \n\n<p><i>Republish our articles for free, online or in print, under Creative Commons license.<\/i><\/p>\n\n\n<\/div>\n\n\n<div class=\"cu-column-content\">\n    \n\n<p><\/p>\n\n\n<\/div>\n\n\n    <\/div>\n\n\n    <\/div>\n<\/section>\n","protected":false},"excerpt":{"rendered":"<p>NATO Academic Resources Cross, S. (2015). NATO-Russia security challenges in the aftermath of Ukraine conflict: Managing Black Sea security and beyond. Journal of Southeast European and Black Sea Studies, 15(2), 151\u2013177. https:\/\/doi.org\/10.1080\/14683857.2015.1060017 Diesen, G. (2015). EU and NATO relations with Russia: After the collapse of the Soviet Union. New York: Routledge. Duke, S., &amp; Gebhard, [&hellip;]<\/p>\n","protected":false},"author":2,"featured_media":0,"parent":0,"menu_order":0,"comment_status":"closed","ping_status":"closed","template":"","meta":{"_acf_changed":false,"_cu_dining_location_slug":"","footnotes":"","_links_to":"","_links_to_target":""},"cu_page_type":[],"class_list":["post-332","page","type-page","status-publish","hentry"],"acf":{"cu_post_thumbnail":""},"_links":{"self":[{"href":"https:\/\/carleton.ca\/warinukraineobservatory\/wp-json\/wp\/v2\/pages\/332","targetHints":{"allow":["GET"]}}],"collection":[{"href":"https:\/\/carleton.ca\/warinukraineobservatory\/wp-json\/wp\/v2\/pages"}],"about":[{"href":"https:\/\/carleton.ca\/warinukraineobservatory\/wp-json\/wp\/v2\/types\/page"}],"author":[{"embeddable":true,"href":"https:\/\/carleton.ca\/warinukraineobservatory\/wp-json\/wp\/v2\/users\/2"}],"replies":[{"embeddable":true,"href":"https:\/\/carleton.ca\/warinukraineobservatory\/wp-json\/wp\/v2\/comments?post=332"}],"version-history":[{"count":5,"href":"https:\/\/carleton.ca\/warinukraineobservatory\/wp-json\/wp\/v2\/pages\/332\/revisions"}],"predecessor-version":[{"id":1079,"href":"https:\/\/carleton.ca\/warinukraineobservatory\/wp-json\/wp\/v2\/pages\/332\/revisions\/1079"}],"wp:attachment":[{"href":"https:\/\/carleton.ca\/warinukraineobservatory\/wp-json\/wp\/v2\/media?parent=332"}],"wp:term":[{"taxonomy":"cu_page_type","embeddable":true,"href":"https:\/\/carleton.ca\/warinukraineobservatory\/wp-json\/wp\/v2\/cu_page_type?post=332"}],"curies":[{"name":"wp","href":"https:\/\/api.w.org\/{rel}","templated":true}]}}